{"id":765,"date":"2022-08-08T16:39:24","date_gmt":"2022-08-08T19:39:24","guid":{"rendered":"https:\/\/eab-bue.infd.edu.ar\/sitio\/?page_id=765"},"modified":"2025-02-27T10:24:22","modified_gmt":"2025-02-27T13:24:22","slug":"contactos","status":"publish","type":"page","link":"https:\/\/eab-bue.infd.edu.ar\/sitio\/contactos\/","title":{"rendered":"CONTACTOS"},"content":{"rendered":"\n<p class=\"has-base-2-background-color has-background\"><strong>Direcci\u00f3n<\/strong><br>Av. Montevideo y 11<\/p>\n\n\n\n<p class=\"has-base-2-background-color has-background\"> <strong>Whatsapp<\/strong> (solo mensajes de texto)<br>221 200 -7895<\/p>\n\n\n\n<p><strong>correo electr\u00f3nico<\/strong><\/p>\n\n\n\n<p class=\"has-base-2-background-color has-background\"><strong>Docentes:<\/strong>&nbsp;<a href=\"mailto:escueladearteberisso@abc.gob.ar\" target=\"_blank\" rel=\"noreferrer noopener\">escueladearteberisso@abc.gob.ar<\/a><\/p>\n\n\n\n<p class=\"has-base-2-background-color has-background\"><strong>Estudiantes:<\/strong>&nbsp;estudiantesescueladearte@gmail.com<\/p>\n\n\n\n<p><strong>Preceptor\u00edas:<\/strong><br>\u00c1rea m\u00fasica:&nbsp;<a rel=\"noreferrer noopener\" href=\"mailto:preceptoriamusicaeab@gmail.com\" target=\"_blank\">preceptoriamusicaeab@gmail.com<\/a><\/p>\n\n\n\n<p>\u00c1rea visuales:&nbsp;<a rel=\"noreferrer noopener\" href=\"mailto:preceptoriapaveab@gmail.com\" target=\"_blank\">preceptoriapaveab@gmail.com<\/a><\/p>\n\n\n\n<p>\u00c1rea teatro:&nbsp;<a rel=\"noreferrer noopener\" href=\"mailto:preceptoriateatroeab@gmail.com\" target=\"_blank\">preceptoriateatroeab@gmail.com<\/a><\/p>\n\n\n\n<p class=\"has-base-2-background-color has-background\"><br><strong>Regencia:<\/strong>  regenciaeab@gmail.com <\/p>\n\n\n\n<p><strong>Jefaturas de \u00c1rea:<\/strong><\/p>\n\n\n\n<p><a href=\"mailto:jefaturavisualeseab@gmail.com\">jefaturavisualeseab@gmail.com<\/a><\/p>\n\n\n\n<p><a href=\"mailto:jefaturaeducacionmusicaleab@gmail.com\">jefaturaeducacionmusicaleab@gmail.com<\/a><\/p>\n\n\n\n<p><a href=\"mailto:jefaturainstrumentoeab@gmail.com\">jefaturainstrumentoeab@gmail.com<\/a><\/p>\n\n\n\n<p><a href=\"mailto:jefaturateatroeab@gmail.com\">jefaturateatroeab@gmail.com<\/a><\/p>\n\n\n\n<p class=\"has-base-background-color has-background\"><strong> Extensi\u00f3n a la Comunidad<\/strong> : <a href=\"mailto:extensioneab@gmail.com\">extensioneab@gmail.com<\/a><\/p>\n\n\n\n<p class=\"has-base-background-color has-background\"><strong>Biblioteca:<\/strong> <a href=\"mailto:bibliotecaeab1@gmail.com\">bibliotecaeab1@gmail.com<\/a><\/p>\n\n\n\n<p class=\"has-base-background-color has-background\"><strong>Departamento de Medios \/ Sala de Instrumento:<\/strong> <a href=\"mailto:encargadodemedioseab@gmail.com\">encargadodemedioseab@gmail.com<\/a><\/p>\n\n\n\n<p><\/p>\n\n\n\n<p><\/p>\n","protected":false},"excerpt":{"rendered":"<p>Direcci\u00f3nAv. Montevideo y 11 Whatsapp (solo mensajes de texto)221 200 -7895 correo electr\u00f3nico Docentes:&nbsp;escueladearteberisso@abc.gob.ar Estudiantes:&nbsp;estudiantesescueladearte@gmail.com Preceptor\u00edas:\u00c1rea m\u00fasica:&nbsp;preceptoriamusicaeab@gmail.com \u00c1rea visuales:&nbsp;preceptoriapaveab@gmail.com \u00c1rea teatro:&nbsp;preceptoriateatroeab@gmail.com Regencia: regenciaeab@gmail.com Jefaturas de \u00c1rea: jefaturavisualeseab@gmail.com jefaturaeducacionmusicaleab@gmail.com jefaturainstrumentoeab@gmail.com jefaturateatroeab@gmail.com Extensi\u00f3n a la Comunidad : extensioneab@gmail.com Biblioteca: bibliotecaeab1@gmail.com Departamento de Medios \/ Sala de Instrumento: encargadodemedioseab@gmail.com<\/p>\n","protected":false},"author":4,"featured_media":0,"parent":0,"menu_order":0,"comment_status":"closed","ping_status":"closed","template":"","meta":[],"acf":[],"_links":{"self":[{"href":"https:\/\/eab-bue.infd.edu.ar\/sitio\/wp-json\/wp\/v2\/pages\/765"}],"collection":[{"href":"https:\/\/eab-bue.infd.edu.ar\/sitio\/wp-json\/wp\/v2\/pages"}],"about":[{"href":"https:\/\/eab-bue.infd.edu.ar\/sitio\/wp-json\/wp\/v2\/types\/page"}],"author":[{"embeddable":true,"href":"https:\/\/eab-bue.infd.edu.ar\/sitio\/wp-json\/wp\/v2\/users\/4"}],"replies":[{"embeddable":true,"href":"https:\/\/eab-bue.infd.edu.ar\/sitio\/wp-json\/wp\/v2\/comments?post=765"}],"version-history":[{"count":15,"href":"https:\/\/eab-bue.infd.edu.ar\/sitio\/wp-json\/wp\/v2\/pages\/765\/revisions"}],"predecessor-version":[{"id":3212,"href":"https:\/\/eab-bue.infd.edu.ar\/sitio\/wp-json\/wp\/v2\/pages\/765\/revisions\/3212"}],"wp:attachment":[{"href":"https:\/\/eab-bue.infd.edu.ar\/sitio\/wp-json\/wp\/v2\/media?parent=765"}],"curies":[{"name":"wp","href":"https:\/\/api.w.org\/{rel}","templated":true}]}}