{"id":738,"date":"2022-08-08T13:56:35","date_gmt":"2022-08-08T16:56:35","guid":{"rendered":"https:\/\/eab-bue.infd.edu.ar\/sitio\/?page_id=738"},"modified":"2025-04-03T09:21:35","modified_gmt":"2025-04-03T12:21:35","slug":"equipo-de-conduccion","status":"publish","type":"page","link":"https:\/\/eab-bue.infd.edu.ar\/sitio\/equipo-de-conduccion\/","title":{"rendered":"Equipo de Conducci\u00f3n"},"content":{"rendered":"\n<p><strong>DIRECTOR:<\/strong> Prof. Mart\u00edn Retamosa<\/p>\n\n\n\n<p><strong>VICEDIRECTORA:<\/strong> Prof. Mar\u00eda Eugenia Hermanowyc<\/p>\n\n\n\n<p><strong>REGENTE:<\/strong> Prof. Evelina Bisotto<\/p>\n\n\n\n<p><strong>SECRETARIO<\/strong>: Prof. Adolfo Suarez<\/p>\n\n\n\n<p><strong> JEFE DE \u00c1REA M\u00daSICA\/INSTRUMENTO:<\/strong> Prof. Alejandro Pereira Ghiena<\/p>\n\n\n\n<p><strong>JEFE DE \u00c1REA M\u00daSICA\/EDUCACI\u00d3N:<\/strong> Prof. Laura Villasol<\/p>\n\n\n\n<p><strong>JEFE DE \u00c1REA VISUALES:<\/strong> Prof. Claudia Sastre<\/p>\n\n\n\n<p><strong>JEFE DE \u00c1REA TEATRO: <\/strong>Prof. Ren\u00e9e Zgainer<\/p>\n\n\n\n<p class=\"has-text-align-left has-pale-ocean-gradient-background has-background\"><strong>HORARIOS <\/strong>:<\/p>\n\n\n\n<p><a rel=\"noreferrer noopener\" href=\"https:\/\/docs.google.com\/spreadsheets\/d\/1Zw_mG8ofUHfIfNKGC9KiO19gnyVgKWHz\/edit?usp=sharing&amp;ouid=117652053914924440822&amp;rtpof=true&amp;sd=true\" target=\"_blank\">Horarios Equipo Directivo y de Conducci\u00f3n , Preceptoras, E.M.A.T.P, Biblioteca, Proy. Extensi\u00f3n<\/a><\/p>\n\n\n\n<p><\/p>\n\n\n\n<p><\/p>\n","protected":false},"excerpt":{"rendered":"<p>DIRECTOR: Prof. Mart\u00edn Retamosa VICEDIRECTORA: Prof. Mar\u00eda Eugenia Hermanowyc REGENTE: Prof. Evelina Bisotto SECRETARIO: Prof. Adolfo Suarez JEFE DE \u00c1REA M\u00daSICA\/INSTRUMENTO: Prof. Alejandro Pereira Ghiena JEFE DE \u00c1REA M\u00daSICA\/EDUCACI\u00d3N: Prof. Laura Villasol JEFE DE \u00c1REA VISUALES: Prof. Claudia Sastre JEFE DE \u00c1REA TEATRO: Prof. Ren\u00e9e Zgainer HORARIOS : Horarios Equipo Directivo y de Conducci\u00f3n , &#8230; <a title=\"Equipo de Conducci\u00f3n\" class=\"read-more\" href=\"https:\/\/eab-bue.infd.edu.ar\/sitio\/equipo-de-conduccion\/\" aria-label=\"More on Equipo de Conducci\u00f3n\">[+]<\/a><\/p>\n","protected":false},"author":4,"featured_media":0,"parent":0,"menu_order":0,"comment_status":"closed","ping_status":"closed","template":"","meta":[],"acf":[],"_links":{"self":[{"href":"https:\/\/eab-bue.infd.edu.ar\/sitio\/wp-json\/wp\/v2\/pages\/738"}],"collection":[{"href":"https:\/\/eab-bue.infd.edu.ar\/sitio\/wp-json\/wp\/v2\/pages"}],"about":[{"href":"https:\/\/eab-bue.infd.edu.ar\/sitio\/wp-json\/wp\/v2\/types\/page"}],"author":[{"embeddable":true,"href":"https:\/\/eab-bue.infd.edu.ar\/sitio\/wp-json\/wp\/v2\/users\/4"}],"replies":[{"embeddable":true,"href":"https:\/\/eab-bue.infd.edu.ar\/sitio\/wp-json\/wp\/v2\/comments?post=738"}],"version-history":[{"count":16,"href":"https:\/\/eab-bue.infd.edu.ar\/sitio\/wp-json\/wp\/v2\/pages\/738\/revisions"}],"predecessor-version":[{"id":3345,"href":"https:\/\/eab-bue.infd.edu.ar\/sitio\/wp-json\/wp\/v2\/pages\/738\/revisions\/3345"}],"wp:attachment":[{"href":"https:\/\/eab-bue.infd.edu.ar\/sitio\/wp-json\/wp\/v2\/media?parent=738"}],"curies":[{"name":"wp","href":"https:\/\/api.w.org\/{rel}","templated":true}]}}