{"id":735,"date":"2022-08-08T13:52:46","date_gmt":"2022-08-08T16:52:46","guid":{"rendered":"https:\/\/eab-bue.infd.edu.ar\/sitio\/?page_id=735"},"modified":"2025-03-14T14:50:30","modified_gmt":"2025-03-14T17:50:30","slug":"historia","status":"publish","type":"page","link":"https:\/\/eab-bue.infd.edu.ar\/sitio\/historia\/","title":{"rendered":"Historia"},"content":{"rendered":"\n<p>Fundada en el a\u00f1o 1973, La<strong> EAB<\/strong> es una instituci\u00f3n de Formaci\u00f3n Docente y T\u00e9cnica del Nivel Superior, dependiente de la Direcci\u00f3n General de Cultura y Educaci\u00f3n de la Provincia de Buenos Aires, a trav\u00e9s de la Direcci\u00f3n de Educaci\u00f3n Art\u00edstica e Inspecciones Regionales y Distritales. Pertenece al \u00e1mbito p\u00fablico, oficial y gratuito de la jurisdicci\u00f3n. Se propone cubrir las necesidades y atender aspiraciones art\u00edsticas del potencial creativo, laboral, socio cultural y de proyecci\u00f3n profesional, que se encuentran latentes, seg\u00fan las necesidades de la comunidad en la que se inserta.<\/p>\n\n\n\n<p>Si nos atenemos a la historia vale mencionar que la escuela cuenta con edificio propio a partir de su inauguraci\u00f3n en el a\u00f1o 1989 en el centro c\u00edvico de la ciudad de Berisso.&nbsp;<\/p>\n\n\n\n<p>Sentando sus bases sobre la construcci\u00f3n de un lazo social democr\u00e1tico&nbsp; con su comunidad y con un firme posicionamiento del Arte y la Educaci\u00f3n Art\u00edstica como campo de conocimiento.<\/p>\n\n\n\n<p>La Escuela otorga t\u00edtulos oficiales de validez provincial y nacional. Su incumbencia laboral abarca la Educaci\u00f3n Inicial, Primaria, Secundaria y las Formaciones B\u00e1sicas del Nivel Superior.<\/p>\n\n\n\n<p>Es pionera en su g\u00e9nero por la implementaci\u00f3n de especialidades y carreras \u00fanicas en la regi\u00f3n y, dada su proyecci\u00f3n socio comunitaria, se constituye como una de las instituciones referentes del quehacer art\u00edstico y cultural de la Provincia.<\/p>\n\n\n\n<p>Amparados en los ejes centrales del Plan estrat\u00e9gico Nacional y sus objetivos prioritarios, nuestra meta es<strong><em>&nbsp;fortalecer la educaci\u00f3n superior articulando con los sectores educativo, socio productivo, socio comunitario y art\u00edstico cultural.<\/em><\/strong><\/p>\n\n\n<div class=\"wp-block-image\">\n<figure class=\"aligncenter size-full is-resized\"><img decoding=\"async\" loading=\"lazy\" src=\"https:\/\/eab-bue.infd.edu.ar\/sitio\/wp-content\/uploads\/2023\/09\/foto-escuela-ok.jpg\" alt=\"\" class=\"wp-image-1938\" width=\"621\" height=\"462\"\/><\/figure><\/div>","protected":false},"excerpt":{"rendered":"<p>Fundada en el a\u00f1o 1973, La EAB es una instituci\u00f3n de Formaci\u00f3n Docente y T\u00e9cnica del Nivel Superior, dependiente de la Direcci\u00f3n General de Cultura y Educaci\u00f3n de la Provincia de Buenos Aires, a trav\u00e9s de la Direcci\u00f3n de Educaci\u00f3n Art\u00edstica e Inspecciones Regionales y Distritales. Pertenece al \u00e1mbito p\u00fablico, oficial y gratuito de la &#8230; <a title=\"Historia\" class=\"read-more\" href=\"https:\/\/eab-bue.infd.edu.ar\/sitio\/historia\/\" aria-label=\"More on Historia\">[+]<\/a><\/p>\n","protected":false},"author":24,"featured_media":0,"parent":0,"menu_order":0,"comment_status":"closed","ping_status":"closed","template":"","meta":[],"acf":[],"_links":{"self":[{"href":"https:\/\/eab-bue.infd.edu.ar\/sitio\/wp-json\/wp\/v2\/pages\/735"}],"collection":[{"href":"https:\/\/eab-bue.infd.edu.ar\/sitio\/wp-json\/wp\/v2\/pages"}],"about":[{"href":"https:\/\/eab-bue.infd.edu.ar\/sitio\/wp-json\/wp\/v2\/types\/page"}],"author":[{"embeddable":true,"href":"https:\/\/eab-bue.infd.edu.ar\/sitio\/wp-json\/wp\/v2\/users\/24"}],"replies":[{"embeddable":true,"href":"https:\/\/eab-bue.infd.edu.ar\/sitio\/wp-json\/wp\/v2\/comments?post=735"}],"version-history":[{"count":9,"href":"https:\/\/eab-bue.infd.edu.ar\/sitio\/wp-json\/wp\/v2\/pages\/735\/revisions"}],"predecessor-version":[{"id":3290,"href":"https:\/\/eab-bue.infd.edu.ar\/sitio\/wp-json\/wp\/v2\/pages\/735\/revisions\/3290"}],"wp:attachment":[{"href":"https:\/\/eab-bue.infd.edu.ar\/sitio\/wp-json\/wp\/v2\/media?parent=735"}],"curies":[{"name":"wp","href":"https:\/\/api.w.org\/{rel}","templated":true}]}}