{"id":721,"date":"2022-08-08T13:30:28","date_gmt":"2022-08-08T16:30:28","guid":{"rendered":"https:\/\/eab-bue.infd.edu.ar\/sitio\/?page_id=721"},"modified":"2025-07-15T11:00:30","modified_gmt":"2025-07-15T14:00:30","slug":"mesas-de-examen","status":"publish","type":"page","link":"https:\/\/eab-bue.infd.edu.ar\/sitio\/mesas-de-examen\/","title":{"rendered":"Cronograma mesas de examen 2025"},"content":{"rendered":"\n<p style=\"font-size:23px\"><strong>MESAS DE EXAMEN &#8211; 3er LLAMADO AGOSTO 2025<\/strong><\/p>\n\n\n\n<p>&#x1f449; <a rel=\"noreferrer noopener\" href=\"https:\/\/docs.google.com\/spreadsheets\/d\/1vInq-Cl_6xXloY_bQtrUTpM6NfdIP3Zyxc5uaOxQoeQ\/edit?usp=sharing\" target=\"_blank\">CRONOGRAMA MESAS DE EXAMEN 2025 &#8211; TEATRO<\/a><\/p>\n\n\n\n<p> &#x1f449;<a rel=\"noreferrer noopener\" href=\"https:\/\/docs.google.com\/spreadsheets\/d\/1KwkImI4IRbomUBoicEu3rR7MDFQGQgu07fd5dj0P-gc\/edit?usp=sharing\" target=\"_blank\">CRONOGRAMA MESAS DE EXAMEN 2025 &#8211; PAV TURNO MA\u00d1ANA<\/a><\/p>\n\n\n\n<p>&#x1f449;<a rel=\"noreferrer noopener\" href=\"https:\/\/docs.google.com\/spreadsheets\/d\/1QEcYUx1DH9JSVxj95CEfzf-7cnNasfe5GO57iBT50Us\/edit?usp=sharing\" target=\"_blank\">CRONOGRAMA MESAS DE EXAMEN 2025 &#8211; PAV TURNO TARDE<\/a> &#8211; T.V<\/p>\n\n\n\n<p>&#x1f449;<a href=\"https:\/\/docs.google.com\/spreadsheets\/d\/1-ta9yPMCKwC3QhquxjVDET5_rvWnhF4Kgvjj-Y1hf5A\/edit?usp=sharing\" target=\"_blank\" rel=\"noreferrer noopener\"> CRONOGRAMA MESAS DE EXAMEN CER\u00c1MICA &#8211; VITRAL<\/a><\/p>\n\n\n\n<p>&#x1f449;<a rel=\"noreferrer noopener\" href=\"https:\/\/docs.google.com\/spreadsheets\/d\/1yG3njjQsk4nS-IbDLajvGZ4VEPOoXemGjTHzAljJqlU\/edit?usp=sharing\" target=\"_blank\">CRONOGRAMA MESAS DE EXAMEN 2025 &#8211; DISE\u00d1O GR\u00c1FICO &#8211; ILUSTRACI\u00d3N<\/a><\/p>\n\n\n\n<p>&#x1f449;<a rel=\"noreferrer noopener\" href=\"https:\/\/docs.google.com\/spreadsheets\/d\/19Mu-7Jy7aFpGKVzedCvc21WJXUYb_qG97dtCruEyFcU\/edit?usp=sharing\" target=\"_blank\">CRONOGRAMA  MESAS DE EXAMEN  2025 &#8211; INSTRUMENTOS &#8211; INST. ARMONICO &#8211; REPERTORIO <\/a><\/p>\n\n\n\n<p>&#x1f449; <a rel=\"noreferrer noopener\" href=\"https:\/\/docs.google.com\/spreadsheets\/d\/19PvO63QrKo6YBdVDPHZ51HQLmnIQOfpZ\/edit?usp=sharing&amp;ouid=117652053914924440822&amp;rtpof=true&amp;sd=true\" target=\"_blank\">CRONOGRAMA MESAS DE EXAMEN 2025 &#8211; Ed. MUSICAL &#8211; M\u00daSICA &#8211; M\u00daSICA POPULAR<\/a><\/p>\n\n\n\n<p>&#x1f449;<a rel=\"noreferrer noopener\" href=\"https:\/\/docs.google.com\/spreadsheets\/d\/10cMqYuq1W-KuTjoO1jqpA_G9r1FlWMSl78arwVSswjw\/edit?usp=sharing\" target=\"_blank\">CRONOGRAMA MESAS DE EXAMEN  2025 &#8211; FOBA M\u00daSICA<\/a><\/p>\n\n\n\n<p><\/p>\n\n\n\n<p><\/p>\n\n\n\n<p><\/p>\n\n\n\n<p><\/p>\n\n\n\n<p><\/p>\n\n\n\n<p><\/p>\n\n\n\n<p><\/p>\n","protected":false},"excerpt":{"rendered":"<p>MESAS DE EXAMEN &#8211; 3er LLAMADO AGOSTO 2025 &#x1f449; CRONOGRAMA MESAS DE EXAMEN 2025 &#8211; TEATRO &#x1f449;CRONOGRAMA MESAS DE EXAMEN 2025 &#8211; PAV TURNO MA\u00d1ANA &#x1f449;CRONOGRAMA MESAS DE EXAMEN 2025 &#8211; PAV TURNO TARDE &#8211; T.V &#x1f449; CRONOGRAMA MESAS DE EXAMEN CER\u00c1MICA &#8211; VITRAL &#x1f449;CRONOGRAMA MESAS DE EXAMEN 2025 &#8211; DISE\u00d1O GR\u00c1FICO &#8211; ILUSTRACI\u00d3N &#x1f449;CRONOGRAMA &#8230; <a title=\"Cronograma mesas de examen 2025\" class=\"read-more\" href=\"https:\/\/eab-bue.infd.edu.ar\/sitio\/mesas-de-examen\/\" aria-label=\"More on Cronograma mesas de examen 2025\">[+]<\/a><\/p>\n","protected":false},"author":4,"featured_media":0,"parent":0,"menu_order":0,"comment_status":"closed","ping_status":"closed","template":"","meta":[],"acf":[],"_links":{"self":[{"href":"https:\/\/eab-bue.infd.edu.ar\/sitio\/wp-json\/wp\/v2\/pages\/721"}],"collection":[{"href":"https:\/\/eab-bue.infd.edu.ar\/sitio\/wp-json\/wp\/v2\/pages"}],"about":[{"href":"https:\/\/eab-bue.infd.edu.ar\/sitio\/wp-json\/wp\/v2\/types\/page"}],"author":[{"embeddable":true,"href":"https:\/\/eab-bue.infd.edu.ar\/sitio\/wp-json\/wp\/v2\/users\/4"}],"replies":[{"embeddable":true,"href":"https:\/\/eab-bue.infd.edu.ar\/sitio\/wp-json\/wp\/v2\/comments?post=721"}],"version-history":[{"count":60,"href":"https:\/\/eab-bue.infd.edu.ar\/sitio\/wp-json\/wp\/v2\/pages\/721\/revisions"}],"predecessor-version":[{"id":3539,"href":"https:\/\/eab-bue.infd.edu.ar\/sitio\/wp-json\/wp\/v2\/pages\/721\/revisions\/3539"}],"wp:attachment":[{"href":"https:\/\/eab-bue.infd.edu.ar\/sitio\/wp-json\/wp\/v2\/media?parent=721"}],"curies":[{"name":"wp","href":"https:\/\/api.w.org\/{rel}","templated":true}]}}