{"id":715,"date":"2022-08-08T13:19:45","date_gmt":"2022-08-08T16:19:45","guid":{"rendered":"https:\/\/eab-bue.infd.edu.ar\/sitio\/?page_id=715"},"modified":"2025-02-28T15:09:07","modified_gmt":"2025-02-28T18:09:07","slug":"horarios-de-cursada-2022","status":"publish","type":"page","link":"https:\/\/eab-bue.infd.edu.ar\/sitio\/horarios-de-cursada-2022\/","title":{"rendered":"Horarios de cursada 2025"},"content":{"rendered":"\n<p><\/p>\n\n\n\n<p class=\"has-very-light-gray-to-cyan-bluish-gray-gradient-background has-background\"><strong>TECNICATURAS:<\/strong><\/p>\n\n\n\n<ul>\n<li><a rel=\"noreferrer noopener\" href=\"https:\/\/docs.google.com\/spreadsheets\/d\/1wD32kmfxtLPxpqCMu8cEW3nb5RI_EBaC\/edit?usp=sharing&amp;ouid=117652053914924440822&amp;rtpof=true&amp;sd=true\" target=\"_blank\">Tecnicatura en Vitral<\/a><\/li>\n\n\n\n<li><a rel=\"noreferrer noopener\" href=\"https:\/\/docs.google.com\/spreadsheets\/d\/1FHEh0KPdtQKrTrAumGTGvA8TebiOSkjG\/edit?usp=sharing&amp;ouid=117652053914924440822&amp;rtpof=true&amp;sd=true\" target=\"_blank\">Tecnicatura en Ilustraci\u00f3n<\/a><\/li>\n\n\n\n<li><a rel=\"noreferrer noopener\" href=\"https:\/\/docs.google.com\/spreadsheets\/d\/1H6zXQc2DfKZTO5IuV0b5aTTaMSlxX5ms\/edit?usp=sharing&amp;ouid=117652053914924440822&amp;rtpof=true&amp;sd=true\" target=\"_blank\">Tecnicatura en Dise\u00f1o Gr\u00e1fico<\/a><\/li>\n\n\n\n<li><a rel=\"noreferrer noopener\" href=\"https:\/\/docs.google.com\/spreadsheets\/d\/1RJirLqLiiK9hnY0l7mF-w8BFVQ8OfG1T\/edit?usp=sharing&amp;ouid=117652053914924440822&amp;rtpof=true&amp;sd=true\" target=\"_blank\">Tecnicatura en Capacitaci\u00f3n Instrumental<\/a><\/li>\n<\/ul>\n\n\n\n<p class=\"has-very-light-gray-to-cyan-bluish-gray-gradient-background has-background\"><strong>F.O.B.A:<\/strong><\/p>\n\n\n\n<ul>\n<li><a rel=\"noreferrer noopener\" href=\"https:\/\/docs.google.com\/spreadsheets\/d\/14pH5yveaK9GIdmURkHM-C4CCjfyuLB4U\/edit?usp=sharing&amp;ouid=117652053914924440822&amp;rtpof=true&amp;sd=true\" target=\"_blank\">FOBA Instrumento Popular<\/a><\/li>\n\n\n\n<li><a rel=\"noreferrer noopener\" href=\"https:\/\/docs.google.com\/spreadsheets\/d\/1Xwg04pONL6ZK-GRdvxpMiZZ4nM-aGEpg\/edit?usp=sharing&amp;ouid=117652053914924440822&amp;rtpof=true&amp;sd=true\" target=\"_blank\">FOBA Instrumento Acad\u00e9mico<\/a><\/li>\n\n\n\n<li><a rel=\"noreferrer noopener\" href=\"https:\/\/docs.google.com\/spreadsheets\/d\/11O92hmFBAkr0IU7EPXq7s7wN3QDGfWiA\/edit?usp=sharing&amp;ouid=117652053914924440822&amp;rtpof=true&amp;sd=true\" target=\"_blank\">FOBA Canto Popular<\/a><\/li>\n\n\n\n<li><a rel=\"noreferrer noopener\" href=\"https:\/\/docs.google.com\/spreadsheets\/d\/1qjZMMC6j166hU19KjChpn4z0qi-e4Nrx\/edit?usp=sharing&amp;ouid=117652053914924440822&amp;rtpof=true&amp;sd=true\" target=\"_blank\">FOBA Canto L\u00edrico<\/a><\/li>\n\n\n\n<li><a rel=\"noreferrer noopener\" href=\"https:\/\/docs.google.com\/spreadsheets\/d\/1iR5S7AFRwraEV8sA_9DrfytEGv4rv1_K\/edit?usp=sharing&amp;ouid=117652053914924440822&amp;rtpof=true&amp;sd=true\" target=\"_blank\">FOBA Educaci\u00f3n Musical<\/a><\/li>\n\n\n\n<li><a rel=\"noreferrer noopener\" href=\"https:\/\/docs.google.com\/spreadsheets\/d\/1KI0kCoVa1R3KkrrWRjmUd5hiU38MJ9gi\/edit?usp=sharing&amp;ouid=117652053914924440822&amp;rtpof=true&amp;sd=true\" target=\"_blank\">Iniciaci\u00f3n y Ciclo Medio<\/a><\/li>\n<\/ul>\n\n\n\n<p class=\"has-very-light-gray-to-cyan-bluish-gray-gradient-background has-background\"><strong>PROFESORADOS:<\/strong><\/p>\n\n\n\n<ul>\n<li><a rel=\"noreferrer noopener\" href=\"https:\/\/docs.google.com\/spreadsheets\/d\/1Nc1zavo6tRjeZfqT86JJeDSn3UQ7mlLF\/edit?usp=sharing&amp;ouid=117652053914924440822&amp;rtpof=true&amp;sd=true\" target=\"_blank\">Profesorado en Instrumento &#8211; Canto Popular<\/a><\/li>\n\n\n\n<li><a rel=\"noreferrer noopener\" href=\"https:\/\/docs.google.com\/spreadsheets\/d\/1fOo1Z5pcIzM-_Ie2pcK7vO8HJn2V5HUL\/edit?usp=sharing&amp;ouid=117652053914924440822&amp;rtpof=true&amp;sd=true\" target=\"_blank\">Profesorado en Instrumento Acad\u00e9mico<\/a><\/li>\n\n\n\n<li><a rel=\"noreferrer noopener\" href=\"https:\/\/docs.google.com\/spreadsheets\/d\/1-iUAShJfvgXje807zIHDw01fkvgQBjYD\/edit?usp=sharing&amp;ouid=117652053914924440822&amp;rtpof=true&amp;sd=true\" target=\"_blank\">Profesorado en Educaci\u00f3n Musical<\/a><\/li>\n\n\n\n<li><a rel=\"noreferrer noopener\" href=\"https:\/\/docs.google.com\/spreadsheets\/d\/1ZBCXEc7rEI8dd68c9vjmueFtb49ROcRL\/edit?usp=sharing&amp;ouid=117652053914924440822&amp;rtpof=true&amp;sd=true\" target=\"_blank\">Profesorado en Cer\u00e1mica<\/a><\/li>\n\n\n\n<li><a rel=\"noreferrer noopener\" href=\"https:\/\/docs.google.com\/spreadsheets\/d\/1FMr4oXjC4wjIvUm_U5c1QBSFWFONBpjG\/edit?usp=sharing&amp;ouid=117652053914924440822&amp;rtpof=true&amp;sd=true\" target=\"_blank\">Profesorado en Artes Visuales Turno Ma\u00f1ana<\/a><\/li>\n\n\n\n<li><a rel=\"noreferrer noopener\" href=\"https:\/\/docs.google.com\/spreadsheets\/d\/1PzSOdtANWJf-R3fKLRs7O9w60PCtbPsP\/edit?usp=sharing&amp;ouid=117652053914924440822&amp;rtpof=true&amp;sd=true\" target=\"_blank\">Profesorado en Artes Visuales Turno Tarde\/Vespertino<\/a><\/li>\n\n\n\n<li><a rel=\"noreferrer noopener\" href=\"https:\/\/docs.google.com\/spreadsheets\/d\/1l-5whsfEQu8A4xJWgUy6Ks8I4gIMkbgC\/edit?usp=sharing&amp;ouid=117652053914924440822&amp;rtpof=true&amp;sd=true\" target=\"_blank\">Profesorado de Teatro<\/a><\/li>\n<\/ul>\n\n\n\n<p class=\"has-very-light-gray-to-cyan-bluish-gray-gradient-background has-background\"><strong>HORARIOS de E.D.I &#8211; E.I <\/strong>(todas las carreras)<\/p>\n\n\n\n<p><a href=\"https:\/\/docs.google.com\/document\/d\/13O5cdZf80KymeG3rVtW450kJOWDQd4Z5\/edit?usp=sharing&amp;ouid=117652053914924440822&amp;rtpof=true&amp;sd=true\" target=\"_blank\" rel=\"noreferrer noopener\">Horarios de E.D.I &#8211; E.I<\/a><\/p>\n\n\n\n<p class=\"has-very-light-gray-to-cyan-bluish-gray-gradient-background has-background\"><strong>EQUIPO DIRECTIVO, PRECEPTORAS, E.M.A.T.P, BIBLIOTECA, EXTENSI\u00d3N:<\/strong><\/p>\n\n\n\n<p><a rel=\"noreferrer noopener\" href=\"https:\/\/docs.google.com\/spreadsheets\/d\/1Zw_mG8ofUHfIfNKGC9KiO19gnyVgKWHz\/edit?usp=sharing&amp;ouid=117652053914924440822&amp;rtpof=true&amp;sd=true\" target=\"_blank\">Horarios Equipo Directivo y de Conducci\u00f3n , Preceptoras, E.M.A.T.P, Biblioteca, Proy. Extensi\u00f3n<\/a><\/p>\n\n\n\n<p class=\"has-very-light-gray-to-cyan-bluish-gray-gradient-background has-background\"><strong>HORARIOS PROFESORES<\/strong><\/p>\n\n\n\n<p><a rel=\"noreferrer noopener\" href=\"https:\/\/docs.google.com\/spreadsheets\/d\/14S_GivFrHMNO5Aq_P6dVGKQSIi6NpehM\/edit?usp=sharing&amp;ouid=117652053914924440822&amp;rtpof=true&amp;sd=true\" target=\"_blank\">Profesores de Instrumentos<\/a><\/p>\n","protected":false},"excerpt":{"rendered":"<p>TECNICATURAS: F.O.B.A: PROFESORADOS: HORARIOS de E.D.I &#8211; E.I (todas las carreras) Horarios de E.D.I &#8211; E.I EQUIPO DIRECTIVO, PRECEPTORAS, E.M.A.T.P, BIBLIOTECA, EXTENSI\u00d3N: Horarios Equipo Directivo y de Conducci\u00f3n , Preceptoras, E.M.A.T.P, Biblioteca, Proy. Extensi\u00f3n HORARIOS PROFESORES Profesores de Instrumentos<\/p>\n","protected":false},"author":4,"featured_media":0,"parent":0,"menu_order":0,"comment_status":"closed","ping_status":"closed","template":"","meta":[],"acf":[],"_links":{"self":[{"href":"https:\/\/eab-bue.infd.edu.ar\/sitio\/wp-json\/wp\/v2\/pages\/715"}],"collection":[{"href":"https:\/\/eab-bue.infd.edu.ar\/sitio\/wp-json\/wp\/v2\/pages"}],"about":[{"href":"https:\/\/eab-bue.infd.edu.ar\/sitio\/wp-json\/wp\/v2\/types\/page"}],"author":[{"embeddable":true,"href":"https:\/\/eab-bue.infd.edu.ar\/sitio\/wp-json\/wp\/v2\/users\/4"}],"replies":[{"embeddable":true,"href":"https:\/\/eab-bue.infd.edu.ar\/sitio\/wp-json\/wp\/v2\/comments?post=715"}],"version-history":[{"count":15,"href":"https:\/\/eab-bue.infd.edu.ar\/sitio\/wp-json\/wp\/v2\/pages\/715\/revisions"}],"predecessor-version":[{"id":3234,"href":"https:\/\/eab-bue.infd.edu.ar\/sitio\/wp-json\/wp\/v2\/pages\/715\/revisions\/3234"}],"wp:attachment":[{"href":"https:\/\/eab-bue.infd.edu.ar\/sitio\/wp-json\/wp\/v2\/media?parent=715"}],"curies":[{"name":"wp","href":"https:\/\/api.w.org\/{rel}","templated":true}]}}