{"id":3841,"date":"2025-12-17T16:05:06","date_gmt":"2025-12-17T19:05:06","guid":{"rendered":"https:\/\/eab-bue.infd.edu.ar\/sitio\/?page_id=3841"},"modified":"2026-03-22T12:42:32","modified_gmt":"2026-03-22T15:42:32","slug":"diciembre-2026","status":"publish","type":"page","link":"https:\/\/eab-bue.infd.edu.ar\/sitio\/diciembre-2026\/","title":{"rendered":"Diciembre 2026"},"content":{"rendered":"\n<figure class=\"wp-block-embed is-type-video is-provider-youtube wp-block-embed-youtube wp-embed-aspect-16-9 wp-has-aspect-ratio\"><div class=\"wp-block-embed__wrapper\">\n<iframe loading=\"lazy\" title=\"Diciembre 2026. Oye mis cantares (Rumba cubana)\" width=\"1200\" height=\"675\" src=\"https:\/\/www.youtube.com\/embed\/-p3BWJwISmU?feature=oembed\" frameborder=\"0\" allow=\"accelerometer; autoplay; clipboard-write; encrypted-media; gyroscope; picture-in-picture; web-share\" referrerpolicy=\"strict-origin-when-cross-origin\" allowfullscreen><\/iframe>\n<\/div><\/figure>\n\n\n\n<h5 class=\"wp-block-heading\"><strong>Calendario Multidisciplinar 2026:<em>\u00a0Bit\u00e1cora de un viaje por el arte americano<\/em><br>Escuela de Arte de Berisso<\/strong><\/h5>\n\n\n\n<p><strong>Coordinadores:<\/strong>&nbsp;profesores Paula Pellegrino y Alejandro Pereira Ghiena<\/p>\n\n\n\n<h5 class=\"wp-block-heading\"><em>Bit\u00e1cora<\/em><\/h5>\n\n\n\n<blockquote class=\"wp-block-quote\">\n<p><em>La Habana, Cuba, 20 de diciembre de 2026<\/em><\/p>\n\n\n\n<p><em>Hab\u00eda sido un sue\u00f1o compartido durante varios a\u00f1os viajar a Cuba, est\u00e1bamos ansiosos por conocer el arte cubano en todas sus manifestaciones.&nbsp;<\/em><\/p>\n\n\n\n<p><em>El vibrante sol del mediod\u00eda promet\u00eda un domingo lleno de color y alegr\u00eda.<\/em><\/p>\n\n\n\n<p><em>Record\u00e9 salir con mis acuarelas por si se presentaba la ocasi\u00f3n de pintar algunos retratos. Parte del viaje lo hab\u00edamos financiado vendiendo mis obras y otra parte trabajando de lo que sea; Leo tuvo la oportunidad de dar algunos talleres de luther\u00eda, e hicimos muchos amigos en este largo recorrido que nos brindaron su hogar.<\/em><\/p>\n\n\n\n<p><em>Nos dimos cuenta que est\u00e1bamos cerca del Callej\u00f3n de Hamel cuando escuchamos la rumba en el aire. Era una verdadera galer\u00eda de arte a cielo abierto. Sus muros convocaban deidades afrocubanas; tambi\u00e9n vimos esculturas hechas con objetos recuperados como ba\u00f1eras, bombas de mano y viejas bicicletas.<\/em><\/p>\n\n\n\n<p><em>En este colorido escenario un grupo de m\u00fasicos locales tocaban la rumba \u201cOye mis cantares\u201d mientras parejas de bailarines recorr\u00edan el espacio con pasos cargados de ritmo y sensualidad. Conmovida por tan fabulosa experiencia, me sent\u00e9 en el umbral de una casa y quise esbozar la escena con trazos r\u00e1pidos y vitales captando la cultura cubana en movimiento. Leo se anim\u00f3 a bailar disfrutando de tan m\u00e1gico momento.&nbsp;<\/em><\/p>\n\n\n\n<p><em>Ambos sab\u00edamos que pronto volver\u00edamos a nuestro amado pa\u00eds, impregnados de paisajes, amigos, arte, culturas; siendo otros.<\/em><\/p>\n<cite>Constanza<\/cite><\/blockquote>\n\n\n\n<p><strong>Oye mis cantares (Rumba cubana)<\/strong><br>M\u00fasica y letra: Cancionero tradicional de Cuba<\/p>\n\n\n\n<p><strong>Participantes:<\/strong><\/p>\n\n\n\n<p><strong>M\u00fasica:<\/strong> Monteadentro <br>M\u00fasicxs:<br>Voz y tumbadoras: Dami\u00e1n Jori <br>Claves y coros: Omar G\u00f3mez <br>Percusi\u00f3n y coros: Juani Mosquera <br>Percusi\u00f3n: Belmiro Lopes de Oliveira <\/p>\n\n\n\n<p><strong>Ilustraci\u00f3n:<\/strong>\u00a0Luc\u00eda Gransella <br>Taller de Ilustraci\u00f3n III. Profesora Paula Pellegrino.<br>Tecnicatura en Ilustraci\u00f3n.<\/p>\n\n\n\n<p><strong>Actuaci\u00f3n<\/strong>: Ankudowicz, Azul <\/p>\n\n\n\n<p><strong>Danza:\u00a0<\/strong><br>Int\u00e9rpretes:\u00a0Juana Molina y Darwin Aristigueta <\/p>\n\n\n\n<p><strong>Dise\u00f1o:<\/strong>\u00a0Jos\u00e9 Grosso<br>Proyecto de Extensi\u00f3n Taller de Producci\u00f3n Gr\u00e1fica y Multimedia.<\/p>\n\n\n\n<p><strong>Grabaci\u00f3n<\/strong>: Tecnicatura en Sonido y Grabaci\u00f3n de la Facultad de Artes UNLP:\u00a0<br>Profesor Pablo Balut <\/p>\n\n\n\n<p><strong>Mezcla<\/strong>: Tecnicatura en Sonido y Grabaci\u00f3n de la Facultad de Artes UNLP:<br>Profesor Santiago \u00c1vila <\/p>\n\n\n\n<p><strong>Locaci\u00f3n:<\/strong> Escuela de Educaci\u00f3n Art\u00edstica \u00abEl Infinito\u00bb (Berisso)<\/p>\n\n\n\n<p><strong>Producci\u00f3n audiovisual: <\/strong>Alejandro Pereira Ghiena y Paula Pellegrino<\/p>\n\n\n\n<figure class=\"wp-block-image size-full\"><img decoding=\"async\" loading=\"lazy\" width=\"1701\" height=\"1890\" src=\"https:\/\/eab-bue.infd.edu.ar\/sitio\/wp-content\/uploads\/2026\/03\/12-DICIEMBRE.png\" alt=\"\" class=\"wp-image-4080\" srcset=\"https:\/\/eab-bue.infd.edu.ar\/sitio\/wp-content\/uploads\/2026\/03\/12-DICIEMBRE.png 1701w, https:\/\/eab-bue.infd.edu.ar\/sitio\/wp-content\/uploads\/2026\/03\/12-DICIEMBRE-900x1000.png 900w, https:\/\/eab-bue.infd.edu.ar\/sitio\/wp-content\/uploads\/2026\/03\/12-DICIEMBRE-768x853.png 768w, https:\/\/eab-bue.infd.edu.ar\/sitio\/wp-content\/uploads\/2026\/03\/12-DICIEMBRE-1382x1536.png 1382w\" sizes=\"(max-width: 1701px) 100vw, 1701px\" \/><\/figure>\n\n\n\n<h5 class=\"wp-block-heading\">Rumba cubana al estilo de Amelia Pel\u00e1ez<\/h5>\n\n\n\n<blockquote class=\"wp-block-quote\">\n<p><em>Hacer esta ilustraci\u00f3n fue un desaf\u00edo que disfrut\u00e9 mucho, sobre todo porque me toc\u00f3 trabajar con un pa\u00eds que no conoc\u00eda a sus artistas visuales. Tener que representar el Callej\u00f3n de Hamel usando la est\u00e9tica de Amelia Pel\u00e1ez me oblig\u00f3 a investigar mucho y a encontrar una forma propia de unir ambos mundos.<\/em><\/p>\n\n\n\n<p><em>Lo primero que me atrap\u00f3 de Pel\u00e1ez fue su manera de trabajar los colores y las formas decorativas. Sus obras tienen una fuerza visual muy marcada, con contornos gruesos y composiciones casi arquitect\u00f3nicas. Por eso decid\u00ed llevar esos rasgos a mi ilustraci\u00f3n: l\u00edneas negras firmes con una paleta intensa que respetara ese estilo tan caracter\u00edstico de ella.<\/em><\/p>\n\n\n\n<p><em>La historia transcurre en el Callej\u00f3n de Hamel durante una escena cargada de m\u00fasica y baile de rumba. Por eso incorpor\u00e9 elementos t\u00edpicos del lugar: el auto, los colores, la energ\u00eda afrocubana plasmada en los instrumentos y la sensaci\u00f3n de movimiento de los bailarines y m\u00fasicos. Trat\u00e9 de que todo eso se integrara de una manera natural dentro del lenguaje visual inspirado en Pel\u00e1ez.<\/em><\/p>\n\n\n\n<p><em>Aunque fue un proceso de muchas pruebas y ajustes, qued\u00e9 muy conforme con el resultado. Siento que pude combinar la esencia de Cuba con la mirada de Amelia Pel\u00e1ez y, al mismo tiempo, dejar una marca personal en la ilustraci\u00f3n.<\/em><\/p>\n<cite>Luc\u00eda Gransella<\/cite><\/blockquote>\n\n\n\n<p class=\"has-text-align-center\"><strong><a href=\"https:\/\/eab-bue.infd.edu.ar\/sitio\/calendario-2026\/\">Volver a la p\u00e1gina principal del Calendario 2026<\/a><\/strong><\/p>\n","protected":false},"excerpt":{"rendered":"<p>Calendario Multidisciplinar 2026:\u00a0Bit\u00e1cora de un viaje por el arte americanoEscuela de Arte de Berisso Coordinadores:&nbsp;profesores Paula Pellegrino y Alejandro Pereira Ghiena Bit\u00e1cora La Habana, Cuba, 20 de diciembre de 2026 Hab\u00eda sido un sue\u00f1o compartido durante varios a\u00f1os viajar a Cuba, est\u00e1bamos ansiosos por conocer el arte cubano en todas sus manifestaciones.&nbsp; El vibrante sol &#8230; <a title=\"Diciembre 2026\" class=\"read-more\" href=\"https:\/\/eab-bue.infd.edu.ar\/sitio\/diciembre-2026\/\" aria-label=\"More on Diciembre 2026\">[+]<\/a><\/p>\n","protected":false},"author":24,"featured_media":0,"parent":0,"menu_order":0,"comment_status":"closed","ping_status":"closed","template":"","meta":[],"acf":[],"_links":{"self":[{"href":"https:\/\/eab-bue.infd.edu.ar\/sitio\/wp-json\/wp\/v2\/pages\/3841"}],"collection":[{"href":"https:\/\/eab-bue.infd.edu.ar\/sitio\/wp-json\/wp\/v2\/pages"}],"about":[{"href":"https:\/\/eab-bue.infd.edu.ar\/sitio\/wp-json\/wp\/v2\/types\/page"}],"author":[{"embeddable":true,"href":"https:\/\/eab-bue.infd.edu.ar\/sitio\/wp-json\/wp\/v2\/users\/24"}],"replies":[{"embeddable":true,"href":"https:\/\/eab-bue.infd.edu.ar\/sitio\/wp-json\/wp\/v2\/comments?post=3841"}],"version-history":[{"count":3,"href":"https:\/\/eab-bue.infd.edu.ar\/sitio\/wp-json\/wp\/v2\/pages\/3841\/revisions"}],"predecessor-version":[{"id":4081,"href":"https:\/\/eab-bue.infd.edu.ar\/sitio\/wp-json\/wp\/v2\/pages\/3841\/revisions\/4081"}],"wp:attachment":[{"href":"https:\/\/eab-bue.infd.edu.ar\/sitio\/wp-json\/wp\/v2\/media?parent=3841"}],"curies":[{"name":"wp","href":"https:\/\/api.w.org\/{rel}","templated":true}]}}