{"id":3838,"date":"2025-12-17T16:04:26","date_gmt":"2025-12-17T19:04:26","guid":{"rendered":"https:\/\/eab-bue.infd.edu.ar\/sitio\/?page_id=3838"},"modified":"2026-03-22T18:38:04","modified_gmt":"2026-03-22T21:38:04","slug":"noviembre-2026","status":"publish","type":"page","link":"https:\/\/eab-bue.infd.edu.ar\/sitio\/noviembre-2026\/","title":{"rendered":"Noviembre 2026"},"content":{"rendered":"\n<figure class=\"wp-block-embed is-type-video is-provider-youtube wp-block-embed-youtube wp-embed-aspect-16-9 wp-has-aspect-ratio\"><div class=\"wp-block-embed__wrapper\">\n<iframe loading=\"lazy\" title=\"Noviembre 2026. Ruby my dear (Jazz estadounidense)\" width=\"1200\" height=\"675\" src=\"https:\/\/www.youtube.com\/embed\/Ee4qU09hbpw?feature=oembed\" frameborder=\"0\" allow=\"accelerometer; autoplay; clipboard-write; encrypted-media; gyroscope; picture-in-picture; web-share\" referrerpolicy=\"strict-origin-when-cross-origin\" allowfullscreen><\/iframe>\n<\/div><\/figure>\n\n\n\n<h5 class=\"wp-block-heading\"><strong>Calendario Multidisciplinar 2026:<em>&nbsp;Bit\u00e1cora de un viaje por el arte americano<\/em><br>Escuela de Arte de Berisso<\/strong><\/h5>\n\n\n\n<p><strong>Coordinadores:<\/strong>&nbsp;profesores Paula Pellegrino y Alejandro Pereira Ghiena<\/p>\n\n\n\n<h5 class=\"wp-block-heading\"><em>Bit\u00e1cora<\/em><\/h5>\n\n\n\n<blockquote class=\"wp-block-quote\">\n<p><em>Nueva Orleans, Estados Unidos, 19 de noviembre de 2026<\/em><\/p>\n\n\n\n<p><em>Llegamos de madrugada a la casa de Katherine, ella nos esperaba ansiosa por el reencuentro que tanto anhel\u00e1bamos desde ni\u00f1as. Nos abrazamos fuerte y sostenido con mi prima, y no paramos de charlar hasta el mediod\u00eda. Leo estaba feliz de conocerla y de que hablara \u201cespa\u00f1ol\u201d.&nbsp;<\/em><\/p>\n\n\n\n<p><em>Cuando Leo le cont\u00f3 a Kathy que se hab\u00eda recibido de profesor de guitarra el\u00e9ctrica con orientaci\u00f3n jazz, enseguida mi prima sac\u00f3 las entradas para ir esa misma noche al emblem\u00e1tico Preservation Hall, en el Barrio Franc\u00e9s. Le dijo que tendr\u00eda muchas posibilidades de tocar en la jam session.&nbsp;Si bien Leo se hab\u00eda formado durante muchos a\u00f1os esperando que se presentara una oportunidad como esta, estaba aterrado de exponerse ante tantos maestros locales; finalmente pudo armarse de valor y acompa\u00f1ar con su guitarra a la banda anfitriona en una canci\u00f3n.<\/em><\/p>\n\n\n\n<p><em>Antes de irnos pasamos por la tienda de mercanc\u00edas y revolviendo apresuradamente encontr\u00e9 un vinilo que marc\u00f3 el \u00faltimo destino del viaje antes de regresar a Argentina: \u201cUna tuba a Cuba\u201d.&nbsp;&nbsp;&nbsp;<\/em><\/p>\n<cite><em>Constanza<\/em><\/cite><\/blockquote>\n\n\n\n<p><strong>Ruby my dear (Jazz estadounidense)<\/strong><br>M\u00fasica y letra: Thelonious Monk<\/p>\n\n\n\n<p><strong>Participantes:<\/strong><\/p>\n\n\n\n<p><strong>M\u00fasica:<\/strong> Pr\u00e1ctica de Conjunto del G\u00e9nero III<br>Profesor Ignacio Casagrande<\/p>\n\n\n\n<p>M\u00fasicxs:<br>Voz y piano: Charo Albamonte <br>Guitarra el\u00e9ctrica: Juliana P\u00e9rez Wilson <br>Voz y bajo: Ismael Bozok <\/p>\n\n\n\n<p><strong>Ilustraci\u00f3n:<\/strong>&nbsp;Joaqu\u00edn Guti\u00e9rrez <br>Taller de Ilustraci\u00f3n III. Profesora Paula Pellegrino.<br>Tecnicatura en Ilustraci\u00f3n.<\/p>\n\n\n\n<p><strong>Teatro<\/strong>: Patricio Montagnoli <br>Profesorado de Teatro, Escuela de Arte de Berisso.<br>Invitada: Melina Albiac <\/p>\n\n\n\n<p><strong>Dise\u00f1o:<\/strong>&nbsp;Jos\u00e9 Grosso <br>Proyecto de Extensi\u00f3n Taller de Producci\u00f3n Gr\u00e1fica y Multimedia.<\/p>\n\n\n\n<p><strong>Grabaci\u00f3n<\/strong>: Tecnicatura en Sonido y Grabaci\u00f3n de la Facultad de Artes UNLP:&nbsp;<br>Profesor Pablo Balut <\/p>\n\n\n\n<p><strong>Mezcla<\/strong>: Tecnicatura en Sonido y Grabaci\u00f3n de la Facultad de Artes UNLP:<br>Profesor Santiago \u00c1vila<\/p>\n\n\n\n<p><strong>Locaci\u00f3n:<\/strong> Conservatorio de M\u00fasica Gilardo Gilardi <\/p>\n\n\n\n<p><strong>Producci\u00f3n audiovisual: <\/strong>Alejandro Pereira Ghiena y Paula Pellegrino<\/p>\n\n\n\n<p><\/p>\n\n\n\n<figure class=\"wp-block-image size-full\"><img decoding=\"async\" loading=\"lazy\" width=\"1701\" height=\"1890\" src=\"https:\/\/eab-bue.infd.edu.ar\/sitio\/wp-content\/uploads\/2026\/03\/11-NOVIEMBRE.jpg\" alt=\"\" class=\"wp-image-4075\" srcset=\"https:\/\/eab-bue.infd.edu.ar\/sitio\/wp-content\/uploads\/2026\/03\/11-NOVIEMBRE.jpg 1701w, https:\/\/eab-bue.infd.edu.ar\/sitio\/wp-content\/uploads\/2026\/03\/11-NOVIEMBRE-900x1000.jpg 900w, https:\/\/eab-bue.infd.edu.ar\/sitio\/wp-content\/uploads\/2026\/03\/11-NOVIEMBRE-768x853.jpg 768w, https:\/\/eab-bue.infd.edu.ar\/sitio\/wp-content\/uploads\/2026\/03\/11-NOVIEMBRE-1382x1536.jpg 1382w\" sizes=\"(max-width: 1701px) 100vw, 1701px\" \/><\/figure>\n\n\n\n<h5 class=\"wp-block-heading\">Jazz estadounidense al estilo de Jim Flora<\/h5>\n\n\n\n<blockquote class=\"wp-block-quote\">\n<p><em>Para mi ilustraci\u00f3n del calendario tom\u00e9 de referencia el estilo del artista estadounidense Jim Flora. \u00c9ste particip\u00f3 y fue influyente en portadas de discos e ilustraciones referentes al Jazz, estilo musical que me toc\u00f3 representar.<br>Tom\u00e9 su estilo medio caricaturesco, minimalista y geom\u00e9trico para representar la escena donde Leo toca en el reconocido Preservation Hall en New Orleans (cuna del Jazz), en su paso por los Estados Unidos.<br>Tambi\u00e9n se puede observar que junto a los protagonistas hay dos m\u00fasicos, uno tocando el contrabajo y otro el piano, los cuales tom\u00e9 de referencia de la portada del EP de 1955 que el artista realiz\u00f3 para el Pete Jolly Duo.<\/em><\/p>\n<cite>Joaqu\u00edn Guti\u00e9rrez<\/cite><\/blockquote>\n\n\n\n<p class=\"has-text-align-center\"><strong><a href=\"https:\/\/eab-bue.infd.edu.ar\/sitio\/calendario-2026\/\">Volver a la p\u00e1gina principal del Calendario 2026<\/a><\/strong><\/p>\n","protected":false},"excerpt":{"rendered":"<p>Calendario Multidisciplinar 2026:&nbsp;Bit\u00e1cora de un viaje por el arte americanoEscuela de Arte de Berisso Coordinadores:&nbsp;profesores Paula Pellegrino y Alejandro Pereira Ghiena Bit\u00e1cora Nueva Orleans, Estados Unidos, 19 de noviembre de 2026 Llegamos de madrugada a la casa de Katherine, ella nos esperaba ansiosa por el reencuentro que tanto anhel\u00e1bamos desde ni\u00f1as. Nos abrazamos fuerte y &#8230; <a title=\"Noviembre 2026\" class=\"read-more\" href=\"https:\/\/eab-bue.infd.edu.ar\/sitio\/noviembre-2026\/\" aria-label=\"More on Noviembre 2026\">[+]<\/a><\/p>\n","protected":false},"author":24,"featured_media":0,"parent":0,"menu_order":0,"comment_status":"closed","ping_status":"closed","template":"","meta":[],"acf":[],"_links":{"self":[{"href":"https:\/\/eab-bue.infd.edu.ar\/sitio\/wp-json\/wp\/v2\/pages\/3838"}],"collection":[{"href":"https:\/\/eab-bue.infd.edu.ar\/sitio\/wp-json\/wp\/v2\/pages"}],"about":[{"href":"https:\/\/eab-bue.infd.edu.ar\/sitio\/wp-json\/wp\/v2\/types\/page"}],"author":[{"embeddable":true,"href":"https:\/\/eab-bue.infd.edu.ar\/sitio\/wp-json\/wp\/v2\/users\/24"}],"replies":[{"embeddable":true,"href":"https:\/\/eab-bue.infd.edu.ar\/sitio\/wp-json\/wp\/v2\/comments?post=3838"}],"version-history":[{"count":4,"href":"https:\/\/eab-bue.infd.edu.ar\/sitio\/wp-json\/wp\/v2\/pages\/3838\/revisions"}],"predecessor-version":[{"id":4085,"href":"https:\/\/eab-bue.infd.edu.ar\/sitio\/wp-json\/wp\/v2\/pages\/3838\/revisions\/4085"}],"wp:attachment":[{"href":"https:\/\/eab-bue.infd.edu.ar\/sitio\/wp-json\/wp\/v2\/media?parent=3838"}],"curies":[{"name":"wp","href":"https:\/\/api.w.org\/{rel}","templated":true}]}}