{"id":3832,"date":"2025-12-17T16:02:55","date_gmt":"2025-12-17T19:02:55","guid":{"rendered":"https:\/\/eab-bue.infd.edu.ar\/sitio\/?page_id=3832"},"modified":"2026-03-22T11:42:14","modified_gmt":"2026-03-22T14:42:14","slug":"septiembre-2026","status":"publish","type":"page","link":"https:\/\/eab-bue.infd.edu.ar\/sitio\/septiembre-2026\/","title":{"rendered":"Septiembre 2026"},"content":{"rendered":"\n<figure class=\"wp-block-embed is-type-video is-provider-youtube wp-block-embed-youtube wp-embed-aspect-16-9 wp-has-aspect-ratio\"><div class=\"wp-block-embed__wrapper\">\n<iframe loading=\"lazy\" title=\"Septiembre 2026. Luna de Xelaj\u00fa (Marimba guatemalteca)\" width=\"1200\" height=\"675\" src=\"https:\/\/www.youtube.com\/embed\/O2dFVB5ncmc?feature=oembed\" frameborder=\"0\" allow=\"accelerometer; autoplay; clipboard-write; encrypted-media; gyroscope; picture-in-picture; web-share\" referrerpolicy=\"strict-origin-when-cross-origin\" allowfullscreen><\/iframe>\n<\/div><\/figure>\n\n\n\n<h5 class=\"wp-block-heading\"><strong>Calendario Multidisciplinar 2026:<em>&nbsp;Bit\u00e1cora de un viaje por el arte americano<\/em><br>Escuela de Arte de Berisso<\/strong><\/h5>\n\n\n\n<p><strong>Coordinadores:<\/strong>&nbsp;profesores Paula Pellegrino y Alejandro Pereira Ghiena<\/p>\n\n\n\n<h5 class=\"wp-block-heading\"><em>Bit\u00e1cora<\/em><\/h5>\n\n\n\n<blockquote class=\"wp-block-quote\">\n<p><em>Ciudad de Guatemala, Guatemala, 20 de septiembre de 2026<\/em><\/p>\n\n\n\n<p><em>Con los tickets en mano corrimos las \u00faltimas cuadras cuesta arriba para llegar a tiempo al Festival de Marimba en el Teatro Nacional.<\/em> <em>A pesar del apuro, no pudimos pasar por alto el edificio, inspirado en la iconolog\u00eda maya e integrado al paisaje a trav\u00e9s de su techo. El dise\u00f1o arquitect\u00f3nico alude a las pir\u00e1mides, el perfil de un jaguar, monta\u00f1as y volcanes que pueden verse como la continuaci\u00f3n de los pliegues naturales del terreno.<\/em><\/p>\n\n\n\n<p><em>El concierto nos impact\u00f3 tanto como el lugar, sobre todo el ensamble de siete marimbas que interpretaron una gran variedad de estilos musicales, desde lo tradicional hasta lo contempor\u00e1neo.\u00a0Cerraron el evento con Luna de Xelaj\u00fa. Volvimos caminando a la posada, nos miramos un par de veces sin mediar palabras\u2026<\/em><\/p>\n<cite>Constanza<\/cite><\/blockquote>\n\n\n\n<p><strong>Luna de Xelaj\u00fa (Marimba Guatemalteca)<\/strong><br>M\u00fasica y letra: Paco P\u00e9rez<\/p>\n\n\n\n<p><strong>Participantes:<\/strong><\/p>\n\n\n\n<p><strong>M\u00fasica:<\/strong> <br>M\u00fasica Latinoamericana II.\u00a0Profesor Alejandro Pereira Ghiena<br>Ensamble de Percusi\u00f3n del Conservatorio de M\u00fasica Gilardo Gilardi. Director Profesor Sebasti\u00e1n Piatti <\/p>\n\n\n\n<p>M\u00fasicxs:<br>Voces: Charo Albamonte e Ismael Bozok <br>Guitarras: Javier Massera y Juliana P\u00e9rez Wilson <br>Marimba: Zoe Clemente, Franco Corigliano y Juan Sebasti\u00e1n Belgamo <br>Xilof\u00f3n: Sebasti\u00e1n Piatti<\/p>\n\n\n\n<p><strong>Ilustraci\u00f3n:<\/strong>\u00a0Lisandro Lencina <br>Taller de Ilustraci\u00f3n III. Profesora Paula Pellegrino.<br>Tecnicatura en Ilustraci\u00f3n.<\/p>\n\n\n\n<p><strong>Teatro<\/strong>: Patricio Montagnoli <br>Profesorado de Teatro, Escuela de Arte de Berisso.<br>Invitada: Melina Albiac <\/p>\n\n\n\n<p><strong>Dise\u00f1o:<\/strong>\u00a0Jos\u00e9 Grosso <br>Proyecto de Extensi\u00f3n Taller de Producci\u00f3n Gr\u00e1fica y Multimedia.<\/p>\n\n\n\n<p><strong>Grabaci\u00f3n<\/strong>: Tecnicatura en Sonido y Grabaci\u00f3n de la Facultad de Artes UNLP:\u00a0<br>Profesor Pablo Balut<\/p>\n\n\n\n<p><strong>Mezcla<\/strong>: Tecnicatura en Sonido y Grabaci\u00f3n de la Facultad de Artes UNLP:<br>Profesor Santiago \u00c1vila <\/p>\n\n\n\n<p><strong>Locaci\u00f3n:<\/strong> Conservatorio de M\u00fasica Gilardo Gilardi <\/p>\n\n\n\n<p><strong>Producci\u00f3n audiovisual: <\/strong>Alejandro Pereira Ghiena y Paula Pellegrino<\/p>\n\n\n\n<figure class=\"wp-block-image size-full\"><img decoding=\"async\" loading=\"lazy\" width=\"1701\" height=\"1890\" src=\"https:\/\/eab-bue.infd.edu.ar\/sitio\/wp-content\/uploads\/2026\/03\/09-SEPTIEMBRE.png\" alt=\"\" class=\"wp-image-4071\" srcset=\"https:\/\/eab-bue.infd.edu.ar\/sitio\/wp-content\/uploads\/2026\/03\/09-SEPTIEMBRE.png 1701w, https:\/\/eab-bue.infd.edu.ar\/sitio\/wp-content\/uploads\/2026\/03\/09-SEPTIEMBRE-900x1000.png 900w, https:\/\/eab-bue.infd.edu.ar\/sitio\/wp-content\/uploads\/2026\/03\/09-SEPTIEMBRE-768x853.png 768w, https:\/\/eab-bue.infd.edu.ar\/sitio\/wp-content\/uploads\/2026\/03\/09-SEPTIEMBRE-1382x1536.png 1382w\" sizes=\"(max-width: 1701px) 100vw, 1701px\" \/><\/figure>\n\n\n\n<h5 class=\"wp-block-heading\">Marimba guatemalteca al estilo de Carmen Lind Pettersen\u00a0<\/h5>\n\n\n\n<blockquote class=\"wp-block-quote\">\n<p><em>Para el momento de mi ilustraci\u00f3n, los personajes vuelven de noche despu\u00e9s de haber conocido una parte de la riqueza cultural y art\u00edstica de Guatemala, caminando por una calle tranquila y en actitud reflexiva. Remitiendo al estilo de la artista Carmen Lind Petersen, quise referenciar su manera de pintar paisajes, ambientes, colores y momentos, en una ilustraci\u00f3n que transporte al lugar c\u00e1lido y en calma por el que ellos volv\u00edan, acompa\u00f1\u00e1ndose en silencio y cruzando alguna mirada.<\/em><\/p>\n<cite>Lisandro Martin Lencina<\/cite><\/blockquote>\n\n\n\n<p class=\"has-text-align-center\"><strong><a href=\"https:\/\/eab-bue.infd.edu.ar\/sitio\/calendario-2026\/\">Volver a la p\u00e1gina principal del Calendario 2026<\/a><\/strong><\/p>\n","protected":false},"excerpt":{"rendered":"<p>Calendario Multidisciplinar 2026:&nbsp;Bit\u00e1cora de un viaje por el arte americanoEscuela de Arte de Berisso Coordinadores:&nbsp;profesores Paula Pellegrino y Alejandro Pereira Ghiena Bit\u00e1cora Ciudad de Guatemala, Guatemala, 20 de septiembre de 2026 Con los tickets en mano corrimos las \u00faltimas cuadras cuesta arriba para llegar a tiempo al Festival de Marimba en el Teatro Nacional. A &#8230; <a title=\"Septiembre 2026\" class=\"read-more\" href=\"https:\/\/eab-bue.infd.edu.ar\/sitio\/septiembre-2026\/\" aria-label=\"More on Septiembre 2026\">[+]<\/a><\/p>\n","protected":false},"author":24,"featured_media":0,"parent":0,"menu_order":0,"comment_status":"closed","ping_status":"closed","template":"","meta":[],"acf":[],"_links":{"self":[{"href":"https:\/\/eab-bue.infd.edu.ar\/sitio\/wp-json\/wp\/v2\/pages\/3832"}],"collection":[{"href":"https:\/\/eab-bue.infd.edu.ar\/sitio\/wp-json\/wp\/v2\/pages"}],"about":[{"href":"https:\/\/eab-bue.infd.edu.ar\/sitio\/wp-json\/wp\/v2\/types\/page"}],"author":[{"embeddable":true,"href":"https:\/\/eab-bue.infd.edu.ar\/sitio\/wp-json\/wp\/v2\/users\/24"}],"replies":[{"embeddable":true,"href":"https:\/\/eab-bue.infd.edu.ar\/sitio\/wp-json\/wp\/v2\/comments?post=3832"}],"version-history":[{"count":3,"href":"https:\/\/eab-bue.infd.edu.ar\/sitio\/wp-json\/wp\/v2\/pages\/3832\/revisions"}],"predecessor-version":[{"id":4073,"href":"https:\/\/eab-bue.infd.edu.ar\/sitio\/wp-json\/wp\/v2\/pages\/3832\/revisions\/4073"}],"wp:attachment":[{"href":"https:\/\/eab-bue.infd.edu.ar\/sitio\/wp-json\/wp\/v2\/media?parent=3832"}],"curies":[{"name":"wp","href":"https:\/\/api.w.org\/{rel}","templated":true}]}}