{"id":3825,"date":"2025-12-17T16:01:33","date_gmt":"2025-12-17T19:01:33","guid":{"rendered":"https:\/\/eab-bue.infd.edu.ar\/sitio\/?page_id=3825"},"modified":"2026-03-22T11:29:00","modified_gmt":"2026-03-22T14:29:00","slug":"julio-2026","status":"publish","type":"page","link":"https:\/\/eab-bue.infd.edu.ar\/sitio\/julio-2026\/","title":{"rendered":"Julio 2026"},"content":{"rendered":"\n<figure class=\"wp-block-embed is-type-video is-provider-youtube wp-block-embed-youtube wp-embed-aspect-16-9 wp-has-aspect-ratio\"><div class=\"wp-block-embed__wrapper\">\n<iframe loading=\"lazy\" title=\"Julio 2026. Caballo viejo (Joropo venezolano)\" width=\"1200\" height=\"675\" src=\"https:\/\/www.youtube.com\/embed\/VbGC_JSxBn4?feature=oembed\" frameborder=\"0\" allow=\"accelerometer; autoplay; clipboard-write; encrypted-media; gyroscope; picture-in-picture; web-share\" referrerpolicy=\"strict-origin-when-cross-origin\" allowfullscreen><\/iframe>\n<\/div><\/figure>\n\n\n\n<h5 class=\"wp-block-heading\"><strong>Calendario Multidisciplinar 2026:<em>&nbsp;Bit\u00e1cora de un viaje por el arte americano<\/em><br>Escuela de Arte de Berisso<\/strong><\/h5>\n\n\n\n<p><strong>Coordinadores:<\/strong>&nbsp;profesores Paula Pellegrino y Alejandro Pereira Ghiena<\/p>\n\n\n\n<h5 class=\"wp-block-heading\"><em>Bit\u00e1cora<\/em><\/h5>\n\n\n\n<blockquote class=\"wp-block-quote\">\n<p><em>M\u00e9rida, Venezuela, 24 de julio de 2026<\/em><\/p>\n\n\n\n<p><em>No quer\u00edamos irnos de Venezuela sin vivenciar el joropo, m\u00fasica tradicional de este pa\u00eds.<\/em> <em>La familia que nos hospedaba nos invit\u00f3 al parrando, una fiesta comunitaria en el Llano que ofrec\u00edan sus amigos como celebraci\u00f3n del natalicio de Sim\u00f3n Bol\u00edvar.<\/em><\/p>\n\n\n\n<p><em>Por el camino Leo record\u00f3 un cuadro que colgaba en la sala de estar de la casa donde estaba pintado un diablo junto a un hombre; le pregunt\u00f3 a los Parra por la tem\u00e1tica. Iraida nos cont\u00f3 la leyenda de Florentino y El Diablo: \u201cFlorentino&nbsp; era el mejor de los copleros. Infaltable en todos los joropos y fiestas del Llano, nadie pod\u00eda derrotarlo en sus contrapunteos. El propio diablo, envidioso de los triunfos de Florentino, decidi\u00f3 retarlo a un duelo de coplas &#8230;\u201d<\/em><\/p>\n<cite>Constanza<\/cite><\/blockquote>\n\n\n\n<p><strong>Caballo viejo (Joropo Venezolano)<\/strong><br>M\u00fasica y letra: Sim\u00f3n D\u00edaz<\/p>\n\n\n\n<p><strong>Participantes:<\/strong><\/p>\n\n\n\n<p><strong>M\u00fasica:<\/strong> M\u00fasica Latinoamericana II. Profesor Alejandro Pereira Ghiena<\/p>\n\n\n\n<p>M\u00fasicxs:<br>Voz: Ismael Bozok <br>Guitarras: Juliana Wilson y Javier Massera<\/p>\n\n\n\n<p><strong>Ilustraci\u00f3n:<\/strong>\u00a0Rosario Estefanell y Adriana Vallejos <br>Taller de Ilustraci\u00f3n II. Profesora Paula Pellegrino.<br>Tecnicatura en Ilustraci\u00f3n.<\/p>\n\n\n\n<p><strong>Actuaci\u00f3n<\/strong>: Azul Ankudowicz <\/p>\n\n\n\n<p><strong>Dise\u00f1o:<\/strong>\u00a0Jos\u00e9 Grosso <br>Proyecto de Extensi\u00f3n Taller de Producci\u00f3n Gr\u00e1fica y Multimedia.<\/p>\n\n\n\n<p><strong>Grabaci\u00f3n<\/strong>: Tecnicatura en Sonido y Grabaci\u00f3n de la Facultad de Artes UNLP:\u00a0<br>Profesor Pablo Balut @pablo_balut<\/p>\n\n\n\n<p><strong>Mezcla<\/strong>: Tecnicatura en Sonido y Grabaci\u00f3n de la Facultad de Artes:<br>Profesor Santiago \u00c1vila <\/p>\n\n\n\n<p><strong>Locaci\u00f3n: <\/strong>Los Talas, Berisso.<\/p>\n\n\n\n<p><strong>C\u00e1mara: <\/strong>Mauro Leal <\/p>\n\n\n\n<p><strong>Producci\u00f3n audiovisual: <\/strong>Alejandro Pereira Ghiena y Paula Pellegrino<\/p>\n\n\n\n<figure class=\"wp-block-image size-large\"><img decoding=\"async\" loading=\"lazy\" width=\"1710\" height=\"1900\" src=\"https:\/\/eab-bue.infd.edu.ar\/sitio\/wp-content\/uploads\/2026\/03\/07-JULIO-1710x1900.jpg\" alt=\"\" class=\"wp-image-4068\" srcset=\"https:\/\/eab-bue.infd.edu.ar\/sitio\/wp-content\/uploads\/2026\/03\/07-JULIO-1710x1900.jpg 1710w, https:\/\/eab-bue.infd.edu.ar\/sitio\/wp-content\/uploads\/2026\/03\/07-JULIO-900x1000.jpg 900w, https:\/\/eab-bue.infd.edu.ar\/sitio\/wp-content\/uploads\/2026\/03\/07-JULIO-768x853.jpg 768w, https:\/\/eab-bue.infd.edu.ar\/sitio\/wp-content\/uploads\/2026\/03\/07-JULIO-1382x1536.jpg 1382w, https:\/\/eab-bue.infd.edu.ar\/sitio\/wp-content\/uploads\/2026\/03\/07-JULIO-1843x2048.jpg 1843w\" sizes=\"(max-width: 1710px) 100vw, 1710px\" \/><\/figure>\n\n\n\n<h5 class=\"wp-block-heading\">Joropo venezolano al estilo de Dania Bucko<em>&nbsp;<\/em><\/h5>\n\n\n\n<blockquote class=\"wp-block-quote\">\n<p><em>En esta ilustraci\u00f3n, decidimos mostrar a los personajes viajeros del relato en el momento en el que conocen la historia de \u00abFlorentino y el diablo\u201d y se sumergen as\u00ed en sus historias, en la m\u00fasica, y en esta danza tan caracter\u00edstica. Decidimos representarlos en una especie de ceremonia m\u00e1gica, donde los personajes de la leyenda se les presentan a ellos como en una enso\u00f1aci\u00f3n que los envuelve y les adentra en lo profundo de la noche y sus misterios.<\/em><\/p>\n\n\n\n<p><em>Elegimos como referente a Dania Bucko: artista visual, artesana y muralista venezolana, conocida por explorar la identidad, las ra\u00edces y la esencia de la mujer afrocaribe\u00f1a, as\u00ed como la m\u00fasica de su pa\u00eds, la naturaleza y la uni\u00f3n del ser con el universo. Nos inspiramos en su uso de colores vibrantes, paisajes tropicales llenos de vida y personajes simples, pero de gran expresividad y calidez.<\/em><\/p>\n\n\n\n<p><em>Para empezar, hicimos bocetos en donde ubicamos a los personajes y su entorno. Cada una realiz\u00f3 tres personajes, bas\u00e1ndonos en obras de la artista antes mencionada. Para pintar nos fuimos turnando: unos d\u00edas trabaj\u00e1bamos los personajes y otros, el fondo y la vegetaci\u00f3n. Usamos<\/em> <em>una paleta c\u00e1lida con acentos fr\u00edos: naranjas, amarillos, rosas, rojos, verdes y azules intensos. Al final ajustamos la iluminaci\u00f3n y los detalles para que la ilustraci\u00f3n transmitiera la atm\u00f3sfera m\u00edstica del llano, el duelo de coplas de la leyenda y la presencia de los viajeros dentro de la escena.<\/em><\/p>\n<cite>Rosario Estefanell y Adriana Vallejos<\/cite><\/blockquote>\n\n\n\n<p class=\"has-text-align-center\"><strong><a href=\"https:\/\/eab-bue.infd.edu.ar\/sitio\/calendario-2026\/\">Volver a la p\u00e1gina principal del Calendario 2026<\/a><\/strong><\/p>\n","protected":false},"excerpt":{"rendered":"<p>Calendario Multidisciplinar 2026:&nbsp;Bit\u00e1cora de un viaje por el arte americanoEscuela de Arte de Berisso Coordinadores:&nbsp;profesores Paula Pellegrino y Alejandro Pereira Ghiena Bit\u00e1cora M\u00e9rida, Venezuela, 24 de julio de 2026 No quer\u00edamos irnos de Venezuela sin vivenciar el joropo, m\u00fasica tradicional de este pa\u00eds. La familia que nos hospedaba nos invit\u00f3 al parrando, una fiesta comunitaria &#8230; <a title=\"Julio 2026\" class=\"read-more\" href=\"https:\/\/eab-bue.infd.edu.ar\/sitio\/julio-2026\/\" aria-label=\"More on Julio 2026\">[+]<\/a><\/p>\n","protected":false},"author":24,"featured_media":0,"parent":0,"menu_order":0,"comment_status":"closed","ping_status":"closed","template":"","meta":[],"acf":[],"_links":{"self":[{"href":"https:\/\/eab-bue.infd.edu.ar\/sitio\/wp-json\/wp\/v2\/pages\/3825"}],"collection":[{"href":"https:\/\/eab-bue.infd.edu.ar\/sitio\/wp-json\/wp\/v2\/pages"}],"about":[{"href":"https:\/\/eab-bue.infd.edu.ar\/sitio\/wp-json\/wp\/v2\/types\/page"}],"author":[{"embeddable":true,"href":"https:\/\/eab-bue.infd.edu.ar\/sitio\/wp-json\/wp\/v2\/users\/24"}],"replies":[{"embeddable":true,"href":"https:\/\/eab-bue.infd.edu.ar\/sitio\/wp-json\/wp\/v2\/comments?post=3825"}],"version-history":[{"count":2,"href":"https:\/\/eab-bue.infd.edu.ar\/sitio\/wp-json\/wp\/v2\/pages\/3825\/revisions"}],"predecessor-version":[{"id":4069,"href":"https:\/\/eab-bue.infd.edu.ar\/sitio\/wp-json\/wp\/v2\/pages\/3825\/revisions\/4069"}],"wp:attachment":[{"href":"https:\/\/eab-bue.infd.edu.ar\/sitio\/wp-json\/wp\/v2\/media?parent=3825"}],"curies":[{"name":"wp","href":"https:\/\/api.w.org\/{rel}","templated":true}]}}