{"id":3822,"date":"2025-12-17T16:00:47","date_gmt":"2025-12-17T19:00:47","guid":{"rendered":"https:\/\/eab-bue.infd.edu.ar\/sitio\/?page_id=3822"},"modified":"2026-03-22T18:55:49","modified_gmt":"2026-03-22T21:55:49","slug":"junio-2026","status":"publish","type":"page","link":"https:\/\/eab-bue.infd.edu.ar\/sitio\/junio-2026\/","title":{"rendered":"Junio 2026"},"content":{"rendered":"\n<figure class=\"wp-block-image size-full is-resized\"><img decoding=\"async\" loading=\"lazy\" src=\"https:\/\/eab-bue.infd.edu.ar\/sitio\/wp-content\/uploads\/2025\/12\/mes6.jpg\" alt=\"\" class=\"wp-image-3823\" width=\"1020\" height=\"573\" srcset=\"https:\/\/eab-bue.infd.edu.ar\/sitio\/wp-content\/uploads\/2025\/12\/mes6.jpg 1892w, https:\/\/eab-bue.infd.edu.ar\/sitio\/wp-content\/uploads\/2025\/12\/mes6-1000x562.jpg 1000w, https:\/\/eab-bue.infd.edu.ar\/sitio\/wp-content\/uploads\/2025\/12\/mes6-768x431.jpg 768w, https:\/\/eab-bue.infd.edu.ar\/sitio\/wp-content\/uploads\/2025\/12\/mes6-1536x863.jpg 1536w\" sizes=\"(max-width: 1020px) 100vw, 1020px\" \/><\/figure>\n\n\n\n<p><em>Producci\u00f3n audiovisual disponible a partir de marzo de 2026<\/em><\/p>\n\n\n\n<h5 class=\"wp-block-heading\"><strong>Calendario Multidisciplinar 2026:<em>&nbsp;Bit\u00e1cora de un viaje por el arte americano<\/em><br>Escuela de Arte de Berisso<\/strong><\/h5>\n\n\n\n<p><strong>Coordinadores:<\/strong>&nbsp;profesores Paula Pellegrino y Alejandro Pereira Ghiena<\/p>\n\n\n\n<h5 class=\"wp-block-heading\"><em><strong>Bit\u00e1cora<\/strong><\/em><\/h5>\n\n\n\n<blockquote class=\"wp-block-quote\">\n<p><em>Olinda, Brasil, 17 de junio de 2026<\/em><\/p>\n\n\n\n<p><em>El tiempo se detuvo en el Mercado da Ribeira de Olinda, una bella ciudad colonial al nordeste de Brasil. Exploramos cada rinc\u00f3n en los talleres de grabadores, pintores y tallistas.<\/em><em><br><\/em><em>Hab\u00eda un clima festivo en el patio engalanado con banderines coloridos, m\u00fasica alegre y comidas tradicionales. En uno de&nbsp; los puestos probamos quent\u00e3o, un exquisito vino caliente hecho con jengibre, clavo de olor, canela, agua, az\u00facar y cachaza. Mientras ilustraba la receta, Jo\u00e3o nos invit\u00f3 a participar en la Festa Junina que se celebrar\u00eda ese fin de semana, una fiesta agraria donde se agradece la buena cosecha.&nbsp;<\/em><\/p>\n\n\n\n<p><em>Olinda, Brasil, 21 de junio de 2026<\/em><\/p>\n\n\n\n<p><em>El arraial estaba extensamente decorado, en uno de los escenarios los m\u00fasicos de forr\u00f3 tocaban \u201cFlor de flamboyant\u201d. Al finalizar, Leo se qued\u00f3 conversando con ellos.<\/em><em><br><\/em><em>Me sent\u00ed convocada por la fogata, desde ni\u00f1a me atrajo el fuego, as\u00ed que me acerqu\u00e9 a ella contemplando las llamas y deseando que el viaje nos siga sorprendiendo\u2026<\/em><\/p>\n<cite>Constanza<\/cite><\/blockquote>\n\n\n\n<p><strong>Flor de flamboyant (Forr\u00f3 Brasile\u00f1o)<br><\/strong>M\u00fasica y letra: Kara V\u00e9ia<\/p>\n\n\n\n<p><strong>Participantes:<\/strong><\/p>\n\n\n\n<p><strong>M\u00fasica:<\/strong> Belmiro Lopes de Oliveira y M\u00fasica Latinoamericana II<br>Profesor Alejandro Pereira Ghiena<\/p>\n\n\n\n<p>M\u00fasicxs:<br>Belmiro Lopes de Oliveira (voz y pandeiro) <br>Charo Albamonte (voz)<br>Nadia Sam\u00e1 (zabumba) <br>Ismael Bozok (tri\u00e1ngulo y coros) <br>Javier Massera (guitarra el\u00e9ctrica) <br>Juliana Wilson (guitarra el\u00e9ctrica) <br>Alejandro Pereira Ghiena (bajo)<\/p>\n\n\n\n<p><strong>Ilustraci\u00f3n:<\/strong>&nbsp;Helena Gatti <br>Taller de Ilustraci\u00f3n III. Profesora Paula Pellegrino.<br>Tecnicatura en Ilustraci\u00f3n.<\/p>\n\n\n\n<p><strong>Danza<\/strong>:<br>Int\u00e9rpretes:<br>Dai Herzfeld y Maia Vidal <\/p>\n\n\n\n<p><strong>Dise\u00f1o:<\/strong>&nbsp;Jos\u00e9 Grosso <br>Proyecto de Extensi\u00f3n Taller de Producci\u00f3n Gr\u00e1fica y Multimedia.<\/p>\n\n\n\n<p><strong>Grabaci\u00f3n<\/strong>: Tecnicatura en Sonido y Grabaci\u00f3n de la Facultad de Artes, UNLP:<br>Profesor Pablo Balut <\/p>\n\n\n\n<p><strong>Mezcla<\/strong>: Tecnicatura en Sonido y Grabaci\u00f3n de la Facultad de Artes, UNLP:<br>Profesor Santiago \u00c1vila <\/p>\n\n\n\n<p><strong>Locaci\u00f3n: <\/strong>Residencia Halecka, Gonnet.<\/p>\n\n\n\n<p><strong>Producci\u00f3n audiovisual: <\/strong>Alejandro Pereira Ghiena y Paula Pellegrino.<\/p>\n\n\n\n<figure class=\"wp-block-image size-full\"><img decoding=\"async\" loading=\"lazy\" width=\"1701\" height=\"1890\" src=\"https:\/\/eab-bue.infd.edu.ar\/sitio\/wp-content\/uploads\/2026\/02\/06-JUNIO.png\" alt=\"\" class=\"wp-image-3990\" srcset=\"https:\/\/eab-bue.infd.edu.ar\/sitio\/wp-content\/uploads\/2026\/02\/06-JUNIO.png 1701w, https:\/\/eab-bue.infd.edu.ar\/sitio\/wp-content\/uploads\/2026\/02\/06-JUNIO-900x1000.png 900w, https:\/\/eab-bue.infd.edu.ar\/sitio\/wp-content\/uploads\/2026\/02\/06-JUNIO-768x853.png 768w, https:\/\/eab-bue.infd.edu.ar\/sitio\/wp-content\/uploads\/2026\/02\/06-JUNIO-1382x1536.png 1382w\" sizes=\"(max-width: 1701px) 100vw, 1701px\" \/><\/figure>\n\n\n\n<h5 class=\"wp-block-heading\"><strong>Forr\u00f3 brasile\u00f1o al estilo de Antonio&nbsp;Jos\u00e9&nbsp;dos Santos<\/strong><\/h5>\n\n\n\n<blockquote class=\"wp-block-quote\">\n<p><em>Las casas en la lejan\u00eda y los colores que utilic\u00e9 fueron una cita directa a las obras de Antonio Jos\u00e9 Dos Santos, la aparici\u00f3n de multitudes es algo muy recurrente en sus obras y quer\u00eda plasmar esto en la ilustraci\u00f3n.&nbsp;<\/em><\/p>\n\n\n\n<p><em>El clima de la ilustraci\u00f3n es festivo y los personajes est\u00e1n en movimiento rodeando una fogata, en representaci\u00f3n a la Fiesta Junina, as\u00ed como tambi\u00e9n la ambientaci\u00f3n ic\u00f3nica con banderines y bandeirinhas que son decoraciones triangulares hechas de papeles de colores que se cuelgan en las calles y las plazas para celebrar la fiesta.&nbsp;<\/em><\/p>\n\n\n\n<p><em>Y tom\u00e9 del forr\u00f3 brasile\u00f1o, los instrumentos que utilizan los m\u00fasicos para incluirlos en la ilustraci\u00f3n.&nbsp;<\/em><\/p>\n\n\n\n<p>Helena Gatti<\/p>\n<\/blockquote>\n\n\n\n<p class=\"has-text-align-center\"><strong><a href=\"https:\/\/eab-bue.infd.edu.ar\/sitio\/calendario-2026\/\">Volver a la p\u00e1gina principal del Calendario 2026<\/a><\/strong><\/p>\n","protected":false},"excerpt":{"rendered":"<p>Producci\u00f3n audiovisual disponible a partir de marzo de 2026 Calendario Multidisciplinar 2026:&nbsp;Bit\u00e1cora de un viaje por el arte americanoEscuela de Arte de Berisso Coordinadores:&nbsp;profesores Paula Pellegrino y Alejandro Pereira Ghiena Bit\u00e1cora Olinda, Brasil, 17 de junio de 2026 El tiempo se detuvo en el Mercado da Ribeira de Olinda, una bella ciudad colonial al nordeste &#8230; <a title=\"Junio 2026\" class=\"read-more\" href=\"https:\/\/eab-bue.infd.edu.ar\/sitio\/junio-2026\/\" aria-label=\"More on Junio 2026\">[+]<\/a><\/p>\n","protected":false},"author":24,"featured_media":0,"parent":0,"menu_order":0,"comment_status":"closed","ping_status":"closed","template":"","meta":[],"acf":[],"_links":{"self":[{"href":"https:\/\/eab-bue.infd.edu.ar\/sitio\/wp-json\/wp\/v2\/pages\/3822"}],"collection":[{"href":"https:\/\/eab-bue.infd.edu.ar\/sitio\/wp-json\/wp\/v2\/pages"}],"about":[{"href":"https:\/\/eab-bue.infd.edu.ar\/sitio\/wp-json\/wp\/v2\/types\/page"}],"author":[{"embeddable":true,"href":"https:\/\/eab-bue.infd.edu.ar\/sitio\/wp-json\/wp\/v2\/users\/24"}],"replies":[{"embeddable":true,"href":"https:\/\/eab-bue.infd.edu.ar\/sitio\/wp-json\/wp\/v2\/comments?post=3822"}],"version-history":[{"count":5,"href":"https:\/\/eab-bue.infd.edu.ar\/sitio\/wp-json\/wp\/v2\/pages\/3822\/revisions"}],"predecessor-version":[{"id":4097,"href":"https:\/\/eab-bue.infd.edu.ar\/sitio\/wp-json\/wp\/v2\/pages\/3822\/revisions\/4097"}],"wp:attachment":[{"href":"https:\/\/eab-bue.infd.edu.ar\/sitio\/wp-json\/wp\/v2\/media?parent=3822"}],"curies":[{"name":"wp","href":"https:\/\/api.w.org\/{rel}","templated":true}]}}