{"id":3816,"date":"2025-12-17T15:59:12","date_gmt":"2025-12-17T18:59:12","guid":{"rendered":"https:\/\/eab-bue.infd.edu.ar\/sitio\/?page_id=3816"},"modified":"2026-03-22T12:48:21","modified_gmt":"2026-03-22T15:48:21","slug":"abril-2026","status":"publish","type":"page","link":"https:\/\/eab-bue.infd.edu.ar\/sitio\/abril-2026\/","title":{"rendered":"Abril 2026"},"content":{"rendered":"\n<figure class=\"wp-block-embed is-type-video is-provider-youtube wp-block-embed-youtube wp-embed-aspect-16-9 wp-has-aspect-ratio\"><div class=\"wp-block-embed__wrapper\">\n<iframe loading=\"lazy\" title=\"Abril 2026. Si yo fuera presidente (Saya afroboliviana)\" width=\"1200\" height=\"675\" src=\"https:\/\/www.youtube.com\/embed\/U3Q2xMbWLLQ?feature=oembed\" frameborder=\"0\" allow=\"accelerometer; autoplay; clipboard-write; encrypted-media; gyroscope; picture-in-picture; web-share\" referrerpolicy=\"strict-origin-when-cross-origin\" allowfullscreen><\/iframe>\n<\/div><\/figure>\n\n\n\n<h5 class=\"wp-block-heading\"><strong>Calendario Multidisciplinar 2026:<em>&nbsp;Bit\u00e1cora de un viaje por el arte americano<\/em><br>Escuela de Arte de Berisso<\/strong><\/h5>\n\n\n\n<p><strong>Coordinadores:<\/strong>&nbsp;profesores Paula Pellegrino y Alejandro Pereira Ghiena<\/p>\n\n\n\n<h5 class=\"wp-block-heading\"><em>Bit\u00e1cora<\/em><\/h5>\n\n\n\n<blockquote class=\"wp-block-quote\">\n<p><em>La Paz, Bolivia, 30 de abril de 2026<\/em><\/p>\n\n\n\n<p><em>Ten\u00edamos la direcci\u00f3n de Dani en el bolsillo de la campera que se hab\u00eda empapado en Montevideo. No sin esfuerzo llegamos a su casa en la Paz.&nbsp;<\/em><\/p>\n\n\n\n<p><em>Leo se reencontr\u00f3 con su amiga despu\u00e9s de cinco a\u00f1os. La acompa\u00f1amos al ensayo de danza y tuvimos el privilegio de conocer de cerca la saya: \u201clos pasos sonoros\u201d hacia la reivindicaci\u00f3n de la identidad afroboliviana.&nbsp;<\/em><\/p>\n\n\n\n<p><em>Qued\u00e9 tan fascinada con el vestuario que comenc\u00e9 a bocetarlo en la libreta.<\/em><\/p>\n\n\n\n<p><em>Leo se acerc\u00f3 t\u00edmidamente a los tambores; pas\u00f3 largo tiempo observando los golpes, hasta que lo invitaron a probar unos toques\u2026<\/em><\/p>\n<cite><em>Constanza<\/em><\/cite><\/blockquote>\n\n\n\n<p><strong>Si yo fuera presidente (Saya afroboliviana)<\/strong><br>Autor\u00eda popular<\/p>\n\n\n\n<p><strong>Participantes:<\/strong><\/p>\n\n\n\n<p><strong>M\u00fasica:<\/strong> M\u00fasica Latinoamericana II. Profesor Alejandro Pereira Ghiena<\/p>\n\n\n\n<p>M\u00fasicxs:<br>Tambor menor (cambiador) y voz: Javier Massera<br>Tambor menor (cambiador) y voz: Nadia Sam\u00e1 <br>Tambor mayor (bombo) y voz: Charo Albamonte <br>Tambor mayor (bombo): Juliana P\u00e9rez Wilson <br>Cuancha y voz: Ismael Bozok <\/p>\n\n\n\n<p><strong>Ilustraci\u00f3n:<\/strong>&nbsp;Morella Azul Galant<br>Taller de Ilustraci\u00f3n III. Profesora Paula Pellegrino.<br>Tecnicatura en Ilustraci\u00f3n.<\/p>\n\n\n\n<p><strong>Danza<\/strong>: Taller de Danzas Andinas La Salamanca<br>Profesora Daniela Torres &nbsp;<br>Int\u00e9rpretes:&nbsp;<br>Sabrina Alvarez <br>Paula Pellegrino <br>Oriana Tabarcache <br>Daniela Torres&nbsp;<\/p>\n\n\n\n<p><strong>Dise\u00f1o:<\/strong>&nbsp;Jos\u00e9 Grosso<br>Proyecto de Extensi\u00f3n Taller de Producci\u00f3n Gr\u00e1fica y Multimedia.<\/p>\n\n\n\n<p><strong>Grabaci\u00f3n<\/strong>: Tecnicatura en Sonido y Grabaci\u00f3n de la Facultad de Artes, UNLP:&nbsp;<br>Profesor Pablo Balut.<\/p>\n\n\n\n<p><strong>Mezcla<\/strong>: Tecnicatura en Sonido y Grabaci\u00f3n de la Facultad de Artes, UNLP:<br>Profesor Santiago \u00c1vila <\/p>\n\n\n\n<p><strong>Locaci\u00f3n:<\/strong> Escuela de Arte de Berisso, Avenida Montevideo y calle 11, Berisso.<\/p>\n\n\n\n<p><strong>Producci\u00f3n audiovisual: <\/strong>Alejandro Pereira Ghiena y Paula Pellegrino<\/p>\n\n\n\n<figure class=\"wp-block-image size-large\"><img decoding=\"async\" loading=\"lazy\" width=\"1867\" height=\"1900\" src=\"https:\/\/eab-bue.infd.edu.ar\/sitio\/wp-content\/uploads\/2026\/02\/04-ABRIL-1867x1900.jpg\" alt=\"\" class=\"wp-image-3897\" srcset=\"https:\/\/eab-bue.infd.edu.ar\/sitio\/wp-content\/uploads\/2026\/02\/04-ABRIL-1867x1900.jpg 1867w, https:\/\/eab-bue.infd.edu.ar\/sitio\/wp-content\/uploads\/2026\/02\/04-ABRIL-982x1000.jpg 982w, https:\/\/eab-bue.infd.edu.ar\/sitio\/wp-content\/uploads\/2026\/02\/04-ABRIL-768x782.jpg 768w, https:\/\/eab-bue.infd.edu.ar\/sitio\/wp-content\/uploads\/2026\/02\/04-ABRIL-1509x1536.jpg 1509w, https:\/\/eab-bue.infd.edu.ar\/sitio\/wp-content\/uploads\/2026\/02\/04-ABRIL-2012x2048.jpg 2012w, https:\/\/eab-bue.infd.edu.ar\/sitio\/wp-content\/uploads\/2026\/02\/04-ABRIL.jpg 2014w\" sizes=\"(max-width: 1867px) 100vw, 1867px\" \/><\/figure>\n\n\n\n<h5 class=\"wp-block-heading\">Saya afroboliviana al estilo de Carmen Angola<\/h5>\n\n\n\n<blockquote class=\"wp-block-quote\">\n<p><em>Carmen Roc\u00edo Angola Campos es una fot\u00f3grafa y artista afroboliviana, que busca a trav\u00e9s de su arte reflejar su mirada y sus cuestionamientos sobre la identidad y la pertenencia. Con su fotograf\u00eda busca poner en registro la historia y memoria de su comunidad.<\/em><\/p>\n\n\n\n<p><em>Con un tono sepia, de alto contraste y la utilizaci\u00f3n de primeros planos, con la figura humana siendo la modelo; sus fotograf\u00edas desprenden identidad y comunidad. Por esas razones se la eligi\u00f3 como inspiraci\u00f3n para representar la saya afroboliviana.<\/em><\/p>\n\n\n\n<p><em>Se tomaron los tonos sepia, el alto contraste, los motivos de identidad y comunidad, e incluso elementos fotogr\u00e1ficos, para crear una ilustraci\u00f3n que reforzara estos motivos. La ilustraci\u00f3n muestra a los protagonistas, junto con un grupo de amigos, reunidos en el parque \u201cMont\u00edculo\u201d, en La Paz. Se los muestra tocando m\u00fasica y danzando al ritmo de la saya, vestidos con las ropas tradicionales del g\u00e9nero.<\/em><\/p>\n\n\n\n<p><em>La ilustraci\u00f3n busca capturar la esencia de una foto, que congela un momento de alegr\u00eda y camarader\u00eda; recordando que una de las formas de crear identidad y comunidad, son tambi\u00e9n los momentos mundanos y felices entre amigos.<\/em><\/p>\n<cite>Morella Azul Galant<\/cite><\/blockquote>\n\n\n\n<p class=\"has-text-align-center\"><strong><a href=\"https:\/\/eab-bue.infd.edu.ar\/sitio\/calendario-2026\/\">Volver a la p\u00e1gina principal del Calendario 2026<\/a><\/strong><\/p>\n","protected":false},"excerpt":{"rendered":"<p>Calendario Multidisciplinar 2026:&nbsp;Bit\u00e1cora de un viaje por el arte americanoEscuela de Arte de Berisso Coordinadores:&nbsp;profesores Paula Pellegrino y Alejandro Pereira Ghiena Bit\u00e1cora La Paz, Bolivia, 30 de abril de 2026 Ten\u00edamos la direcci\u00f3n de Dani en el bolsillo de la campera que se hab\u00eda empapado en Montevideo. No sin esfuerzo llegamos a su casa en &#8230; <a title=\"Abril 2026\" class=\"read-more\" href=\"https:\/\/eab-bue.infd.edu.ar\/sitio\/abril-2026\/\" aria-label=\"More on Abril 2026\">[+]<\/a><\/p>\n","protected":false},"author":24,"featured_media":0,"parent":0,"menu_order":0,"comment_status":"closed","ping_status":"closed","template":"","meta":[],"acf":[],"_links":{"self":[{"href":"https:\/\/eab-bue.infd.edu.ar\/sitio\/wp-json\/wp\/v2\/pages\/3816"}],"collection":[{"href":"https:\/\/eab-bue.infd.edu.ar\/sitio\/wp-json\/wp\/v2\/pages"}],"about":[{"href":"https:\/\/eab-bue.infd.edu.ar\/sitio\/wp-json\/wp\/v2\/types\/page"}],"author":[{"embeddable":true,"href":"https:\/\/eab-bue.infd.edu.ar\/sitio\/wp-json\/wp\/v2\/users\/24"}],"replies":[{"embeddable":true,"href":"https:\/\/eab-bue.infd.edu.ar\/sitio\/wp-json\/wp\/v2\/comments?post=3816"}],"version-history":[{"count":5,"href":"https:\/\/eab-bue.infd.edu.ar\/sitio\/wp-json\/wp\/v2\/pages\/3816\/revisions"}],"predecessor-version":[{"id":4083,"href":"https:\/\/eab-bue.infd.edu.ar\/sitio\/wp-json\/wp\/v2\/pages\/3816\/revisions\/4083"}],"wp:attachment":[{"href":"https:\/\/eab-bue.infd.edu.ar\/sitio\/wp-json\/wp\/v2\/media?parent=3816"}],"curies":[{"name":"wp","href":"https:\/\/api.w.org\/{rel}","templated":true}]}}