{"id":3813,"date":"2025-12-17T15:58:21","date_gmt":"2025-12-17T18:58:21","guid":{"rendered":"https:\/\/eab-bue.infd.edu.ar\/sitio\/?page_id=3813"},"modified":"2026-02-19T10:57:17","modified_gmt":"2026-02-19T13:57:17","slug":"marzo-2026","status":"publish","type":"page","link":"https:\/\/eab-bue.infd.edu.ar\/sitio\/marzo-2026\/","title":{"rendered":"Marzo 2026"},"content":{"rendered":"\n<figure class=\"wp-block-embed is-type-video is-provider-youtube wp-block-embed-youtube wp-embed-aspect-16-9 wp-has-aspect-ratio\"><div class=\"wp-block-embed__wrapper\">\n<iframe loading=\"lazy\" title=\"Marzo 2026. Mi dicha lejana (Guarania paraguaya)\" width=\"1200\" height=\"675\" src=\"https:\/\/www.youtube.com\/embed\/VXB_oGX7ffM?feature=oembed\" frameborder=\"0\" allow=\"accelerometer; autoplay; clipboard-write; encrypted-media; gyroscope; picture-in-picture; web-share\" referrerpolicy=\"strict-origin-when-cross-origin\" allowfullscreen><\/iframe>\n<\/div><\/figure>\n\n\n\n<h5 class=\"wp-block-heading\"><strong>Calendario Multidisciplinar 2026:<em>&nbsp;Bit\u00e1cora de un viaje por el arte americano<\/em><br>Escuela de Arte de Berisso<\/strong><\/h5>\n\n\n\n<p><strong>Coordinadores:<\/strong>&nbsp;profesores Paula Pellegrino y Alejandro Pereira Ghiena<\/p>\n\n\n\n<h5 class=\"wp-block-heading\"><em>Bit\u00e1cora<\/em><\/h5>\n\n\n\n<blockquote class=\"wp-block-quote\">\n<p><em>Asunci\u00f3n, Paraguay, 13 de marzo de 2026<\/em><\/p>\n\n\n\n<p><em>No pod\u00eda m\u00e1s de felicidad por ver mi obra expuesta en la Feria de Arte del Centro Cultural del Puerto de Asunci\u00f3n. Meses atr\u00e1s, me inscrib\u00ed en la convocatoria y antes de partir de Argentina me lleg\u00f3 la notificaci\u00f3n de que hab\u00edan seleccionado mi obra.<\/em><\/p>\n\n\n\n<p><em>Faltaban m\u00e1s de dos horas para la inauguraci\u00f3n, as\u00ed que decidimos recorrer la Costanera de la ciudad. Nos llam\u00f3 poderosamente la atenci\u00f3n unos destellos met\u00e1licos que percibimos a lo lejos. Al acercarnos nos impact\u00f3 la instalaci\u00f3n Paseo de la Guarania: un instrumento monumental con forma de piano.<\/em><\/p>\n\n\n\n<p><em>Leo busc\u00f3 informaci\u00f3n y me cont\u00f3 que la guarania es un g\u00e9nero musical creado por el poeta y m\u00fasico Jos\u00e9 Asunci\u00f3n Flores como s\u00edmbolo de resiliencia y valores paraguayos.<\/em><\/p>\n\n\n\n<p><em>Cuando regresamos al Centro Cultural ya hab\u00eda comenzado el acto de apertura y estaban tocando en vivo la guarania \u201cMi dicha lejana\u201d.<\/em><\/p>\n<cite><em>Constanza<\/em><\/cite><\/blockquote>\n\n\n\n<p><strong>Mi dicha lejana<\/strong>&nbsp;<strong>(Guarania Paraguaya)<\/strong><br>M\u00fasica y letra: Emigdio Ayala B\u00e1ez&nbsp;<\/p>\n\n\n\n<p><strong>Participantes:<\/strong><\/p>\n\n\n\n<p><strong>M\u00fasica:<\/strong> Conjunto Sosa Ull\u00f3n <br>Arpa: Juan Manuel Sosa <br>Guitarra: Natanael Ull\u00f3n <br>Guitarra: Daniel Ull\u00f3n <\/p>\n\n\n\n<p><strong>Ilustraci\u00f3n:&nbsp;<\/strong>Rodrigo Mansilla<br>Taller de Ilustraci\u00f3n II. Profesora Paula Pellegrino.<br>Tecnicatura en Ilustraci\u00f3n.<\/p>\n\n\n\n<p><strong>Danza<\/strong>: Luana Navarro Ruiz<br>Colectividad Paraguaya Berisso<\/p>\n\n\n\n<p><strong>Actuaci\u00f3n<\/strong>: Azul Ankudowicz<\/p>\n\n\n\n<p><strong>Dise\u00f1o:<\/strong>&nbsp;Jos\u00e9 Grosso<br>Proyecto de Extensi\u00f3n Taller de Producci\u00f3n Gr\u00e1fica y Multimedia.<\/p>\n\n\n\n<p><strong>Grabaci\u00f3n<\/strong>: Tecnicatura en Sonido y Grabaci\u00f3n de la Facultad de Artes, UNLP:&nbsp;<br>Profesor Pablo Balut<\/p>\n\n\n\n<p><strong>Mezcla<\/strong>: Tecnicatura en Sonido y Grabaci\u00f3n de la Facultad de Artes, UNLP:<br>Profesor Santiago \u00c1vila <\/p>\n\n\n\n<p><strong>Locaci\u00f3n:<\/strong> Casa de Culturas Berisso, Avenida Montevideo 821, Berisso.<\/p>\n\n\n\n<p><strong>Producci\u00f3n audiovisual: <\/strong>Alejandro Pereira Ghiena y Paula Pellegrino<\/p>\n\n\n\n<figure class=\"wp-block-image size-full\"><img decoding=\"async\" loading=\"lazy\" width=\"1702\" height=\"1891\" src=\"https:\/\/eab-bue.infd.edu.ar\/sitio\/wp-content\/uploads\/2026\/02\/03-MARZO.png\" alt=\"\" class=\"wp-image-3888\" srcset=\"https:\/\/eab-bue.infd.edu.ar\/sitio\/wp-content\/uploads\/2026\/02\/03-MARZO.png 1702w, https:\/\/eab-bue.infd.edu.ar\/sitio\/wp-content\/uploads\/2026\/02\/03-MARZO-900x1000.png 900w, https:\/\/eab-bue.infd.edu.ar\/sitio\/wp-content\/uploads\/2026\/02\/03-MARZO-768x853.png 768w, https:\/\/eab-bue.infd.edu.ar\/sitio\/wp-content\/uploads\/2026\/02\/03-MARZO-1382x1536.png 1382w\" sizes=\"(max-width: 1702px) 100vw, 1702px\" \/><\/figure>\n\n\n\n<h5 class=\"wp-block-heading\">Guarania paraguaya al estilo de Dante Manfredi<\/h5>\n\n\n\n<blockquote class=\"wp-block-quote\">\n<p><em>La obra ilustrativa se desarrolla a partir de la representaci\u00f3n del \u201cPaseo de la Guarania\u201d, una instalaci\u00f3n que tiene como protagonista a un \u00f3rgano de agua creado por el m\u00fasico y arquitecto paraguayo Fernando \u201cAmber\u00e9\u201d Felici\u00e1ngeli,<\/em><em> <\/em><em>abord\u00e1ndola como s\u00edmbolo cultural y patrimonial. La composici\u00f3n se resolvi\u00f3 de manera ligeramente descentrada para generar dinamismo y reforzar la idea de movimiento, en sinton\u00eda con el ritmo y la energ\u00eda propios de la guarania.<\/em><\/p>\n\n\n\n<p><em>La elecci\u00f3n de una paleta crom\u00e1tica intensa y alegre busca transmitir sensaciones de celebraci\u00f3n, vitalidad y pertenencia. El color funciona como recurso expresivo principal, aportando fuerza visual y acompa\u00f1ando el car\u00e1cter festivo y comunitario de esta manifestaci\u00f3n cultural.<\/em><\/p>\n\n\n\n<p><em>Como referente se tom\u00f3 la obra de Dante Manfredi, de quien se retomaron elementos como el uso de patrones, figuras simb\u00f3licas y una est\u00e9tica vinculada a lo espiritual y lo popular. Estos recursos fueron reinterpretados desde una mirada personal, combinando lo nacional con lo simb\u00f3lico y manteniendo un lenguaje visual llamativo e identitario.<\/em><\/p>\n<cite>Rodrigo Mansilla<\/cite><\/blockquote>\n\n\n\n<p class=\"has-text-align-center\"><strong><a href=\"https:\/\/eab-bue.infd.edu.ar\/sitio\/calendario-2026\/\"><strong><\/strong><\/a><strong><a href=\"https:\/\/eab-bue.infd.edu.ar\/sitio\/calendario-2026\/\">Volver a la p\u00e1gina principal del Calendario 2026<\/a><\/strong><\/strong><\/p>\n","protected":false},"excerpt":{"rendered":"<p>Calendario Multidisciplinar 2026:&nbsp;Bit\u00e1cora de un viaje por el arte americanoEscuela de Arte de Berisso Coordinadores:&nbsp;profesores Paula Pellegrino y Alejandro Pereira Ghiena Bit\u00e1cora Asunci\u00f3n, Paraguay, 13 de marzo de 2026 No pod\u00eda m\u00e1s de felicidad por ver mi obra expuesta en la Feria de Arte del Centro Cultural del Puerto de Asunci\u00f3n. Meses atr\u00e1s, me inscrib\u00ed &#8230; <a title=\"Marzo 2026\" class=\"read-more\" href=\"https:\/\/eab-bue.infd.edu.ar\/sitio\/marzo-2026\/\" aria-label=\"More on Marzo 2026\">[+]<\/a><\/p>\n","protected":false},"author":24,"featured_media":0,"parent":0,"menu_order":0,"comment_status":"closed","ping_status":"closed","template":"","meta":[],"acf":[],"_links":{"self":[{"href":"https:\/\/eab-bue.infd.edu.ar\/sitio\/wp-json\/wp\/v2\/pages\/3813"}],"collection":[{"href":"https:\/\/eab-bue.infd.edu.ar\/sitio\/wp-json\/wp\/v2\/pages"}],"about":[{"href":"https:\/\/eab-bue.infd.edu.ar\/sitio\/wp-json\/wp\/v2\/types\/page"}],"author":[{"embeddable":true,"href":"https:\/\/eab-bue.infd.edu.ar\/sitio\/wp-json\/wp\/v2\/users\/24"}],"replies":[{"embeddable":true,"href":"https:\/\/eab-bue.infd.edu.ar\/sitio\/wp-json\/wp\/v2\/comments?post=3813"}],"version-history":[{"count":8,"href":"https:\/\/eab-bue.infd.edu.ar\/sitio\/wp-json\/wp\/v2\/pages\/3813\/revisions"}],"predecessor-version":[{"id":3950,"href":"https:\/\/eab-bue.infd.edu.ar\/sitio\/wp-json\/wp\/v2\/pages\/3813\/revisions\/3950"}],"wp:attachment":[{"href":"https:\/\/eab-bue.infd.edu.ar\/sitio\/wp-json\/wp\/v2\/media?parent=3813"}],"curies":[{"name":"wp","href":"https:\/\/api.w.org\/{rel}","templated":true}]}}