{"id":3810,"date":"2025-12-17T15:56:12","date_gmt":"2025-12-17T18:56:12","guid":{"rendered":"https:\/\/eab-bue.infd.edu.ar\/sitio\/?page_id=3810"},"modified":"2026-02-27T20:25:37","modified_gmt":"2026-02-27T23:25:37","slug":"febrero-2026","status":"publish","type":"page","link":"https:\/\/eab-bue.infd.edu.ar\/sitio\/febrero-2026\/","title":{"rendered":"Febrero 2026"},"content":{"rendered":"\n<figure class=\"wp-block-embed is-type-video is-provider-youtube wp-block-embed-youtube wp-embed-aspect-16-9 wp-has-aspect-ratio\"><div class=\"wp-block-embed__wrapper\">\n<iframe loading=\"lazy\" title=\"Febrero 2026. Se abre el port\u00f3n (Candombe uruguayo)\" width=\"1200\" height=\"675\" src=\"https:\/\/www.youtube.com\/embed\/5cNk8TVgpJw?feature=oembed\" frameborder=\"0\" allow=\"accelerometer; autoplay; clipboard-write; encrypted-media; gyroscope; picture-in-picture; web-share\" referrerpolicy=\"strict-origin-when-cross-origin\" allowfullscreen><\/iframe>\n<\/div><\/figure>\n\n\n\n<h5 class=\"wp-block-heading\"><strong>Calendario Multidisciplinar 2026:<\/strong><strong><em>&nbsp;Bit\u00e1cora de un viaje por el arte americano<\/em><\/strong><strong><br><\/strong><strong>Escuela de Arte de Berisso<\/strong><\/h5>\n\n\n\n<p><strong>Coordinadores:<\/strong>&nbsp;profesores Paula Pellegrino y Alejandro Pereira Ghiena<\/p>\n\n\n\n<h5 class=\"wp-block-heading\"><em>Bit\u00e1cora<\/em><\/h5>\n\n\n\n<blockquote class=\"wp-block-quote\">\n<p><em>Montevideo, Uruguay, 7 de febrero de 2026<\/em><br><em>Sentimos la incre\u00edble energ\u00eda de los tambores vibrar en el pecho. Al ritmo de chico, repique y piano, la luna y las estrellas desfilaron por la calle Isla de Flores en los barrios Sur y Palermo. Me despert\u00f3 mucha curiosidad ver a los personajes del Gramillero y la Mam\u00e1 Vieja con sus peculiares movimientos representados en todas las comparsas. Entre una comparsa y la otra Leo me record\u00f3, con una emoci\u00f3n indisimulable, algunos versos de la canci\u00f3n \u201cSe abre el port\u00f3n\u201d de Fattoruso:<\/em><\/p>\n\n\n\n<p class=\"has-text-align-center\"><em>\u201cY en su sonrisa<\/em><em><br><\/em><em>mi coraz\u00f3n<\/em><em><br><\/em><em>ritmo que hechiza<\/em><em><br><\/em><em>esta canci\u00f3n,<\/em><em><br><\/em><em>llega el candombe<\/em><em><br><\/em><em>abre el port\u00f3n\u201d<\/em><\/p>\n\n\n\n<p><em>Constanza<\/em><\/p>\n<\/blockquote>\n\n\n\n<p><strong>Se abre el port\u00f3n<\/strong>&nbsp;(<strong>Candombe Uruguayo<\/strong>)<br>M\u00fasica y letra: Hugo Fattoruso<\/p>\n\n\n\n<p><strong>Participantes:<\/strong><\/p>\n\n\n\n<p><strong>M\u00fasica:<\/strong> Pr\u00e1ctica de Conjunto Vocal e Instrumental.&nbsp;Profesor Ciro Morales&nbsp;<\/p>\n\n\n\n<p>M\u00fasicxs:<br>Marisol Gonz\u00e1lez (voz), <br>Mariana Alvarado Pellegrini (voz)<br>Agust\u00edn Marascio (voz)<br>Ana Delia Olave (voz)<br>Leonardo Di Croce (bajo)<br>Jos\u00e9 Mar\u00edn Iba\u00f1ez (piano)<br>Milena Ray\u00e9n Freyre\u00a0(tambor repique)<br>Guillermo Augusto Oppici\u00a0(tambor chico)<br>Ciro Morales (tambor piano)<br>Gustavo Gonz\u00e1lez (tambor piano)<\/p>\n\n\n\n<p><strong>Ilustraci\u00f3n:&nbsp;<\/strong>Azul Ankudowicz<br>Taller de Ilustraci\u00f3n III. Profesora Paula Pellegrino.<br>Tecnicatura en Ilustraci\u00f3n.<\/p>\n\n\n\n<p><strong>Danza<\/strong>: Candombe del Parque<br><strong>Int\u00e9rprete<\/strong>: Juana Molina<\/p>\n\n\n\n<p><strong>Dise\u00f1o Gr\u00e1fico:<\/strong>&nbsp;Jos\u00e9 Grosso<br>Proyecto de Extensi\u00f3n Taller de Producci\u00f3n Gr\u00e1fica y Multimedia.<\/p>\n\n\n\n<p><strong>Grabaci\u00f3n<\/strong>: Tecnicatura en Sonido y Grabaci\u00f3n de la Facultad de Arte, UNLP:&nbsp;<br>Profesor Pablo Balut<\/p>\n\n\n\n<p><strong>Mezcla<\/strong>: Tecnicatura en Sonido y Grabaci\u00f3n de la Facultad de Artes, UNLP: Profesor Santiago \u00c1vila<\/p>\n\n\n\n<p><strong>Locaci\u00f3n:<\/strong> Pizzeria Morocco\u2019s, calle Nueva York 4722, Berisso.<\/p>\n\n\n\n<p><strong>C\u00e1mara: <\/strong>Mauro Leal<br><strong>Producci\u00f3n audiovisual: <\/strong>Alejandro Pereira Ghiena y Paula Pellegrino<\/p>\n\n\n\n<figure class=\"wp-block-image size-large\"><img decoding=\"async\" loading=\"lazy\" width=\"1710\" height=\"1900\" src=\"https:\/\/eab-bue.infd.edu.ar\/sitio\/wp-content\/uploads\/2026\/01\/02-FEBRERO-1710x1900.jpg\" alt=\"\" class=\"wp-image-3870\" srcset=\"https:\/\/eab-bue.infd.edu.ar\/sitio\/wp-content\/uploads\/2026\/01\/02-FEBRERO-1710x1900.jpg 1710w, https:\/\/eab-bue.infd.edu.ar\/sitio\/wp-content\/uploads\/2026\/01\/02-FEBRERO-900x1000.jpg 900w, https:\/\/eab-bue.infd.edu.ar\/sitio\/wp-content\/uploads\/2026\/01\/02-FEBRERO-768x853.jpg 768w, https:\/\/eab-bue.infd.edu.ar\/sitio\/wp-content\/uploads\/2026\/01\/02-FEBRERO-1382x1536.jpg 1382w, https:\/\/eab-bue.infd.edu.ar\/sitio\/wp-content\/uploads\/2026\/01\/02-FEBRERO-1843x2048.jpg 1843w\" sizes=\"(max-width: 1710px) 100vw, 1710px\" \/><\/figure>\n\n\n\n<h5 class=\"wp-block-heading\">Candombe uruguayo al estilo de Carlos P\u00e1ez Vilar\u00f3<\/h5>\n\n\n\n<blockquote class=\"wp-block-quote\">\n<p><em>Para realizar la ilustraci\u00f3n con el estilo tan particular de Carlos Pa\u00e9z Vilar\u00f3, utilic\u00e9 colores vibrantes, una l\u00ednea gruesa negra, figuras org\u00e1nicas y abstractas, expresivas y variadas, influenciada por el g\u00e9nero musical \u201ccandombe\u201d, caracter\u00edstica de la cultura popular y tradiciones uruguayas.<\/em><\/p>\n\n\n\n<p><em>Retom\u00e9 la representaci\u00f3n de escenas relacionadas con el carnaval y la m\u00fasica, los instrumentos y accesorios t\u00edpicos. Hacia el fondo, evoqu\u00e9 su obra habitable Casapueblo, conectada con la naturaleza, su homenaje al sol y ofrenda a la mujer. <\/em><\/p>\n<cite>Azul Ankudowicz<\/cite><\/blockquote>\n\n\n\n<p class=\"has-text-align-center\"><strong><a href=\"https:\/\/eab-bue.infd.edu.ar\/sitio\/calendario-2026\/\">Volver a la p\u00e1gina principal del Calendario 2026<\/a><\/strong><\/p>\n","protected":false},"excerpt":{"rendered":"<p>Calendario Multidisciplinar 2026:&nbsp;Bit\u00e1cora de un viaje por el arte americanoEscuela de Arte de Berisso Coordinadores:&nbsp;profesores Paula Pellegrino y Alejandro Pereira Ghiena Bit\u00e1cora Montevideo, Uruguay, 7 de febrero de 2026Sentimos la incre\u00edble energ\u00eda de los tambores vibrar en el pecho. Al ritmo de chico, repique y piano, la luna y las estrellas desfilaron por la calle &#8230; <a title=\"Febrero 2026\" class=\"read-more\" href=\"https:\/\/eab-bue.infd.edu.ar\/sitio\/febrero-2026\/\" aria-label=\"More on Febrero 2026\">[+]<\/a><\/p>\n","protected":false},"author":24,"featured_media":0,"parent":0,"menu_order":0,"comment_status":"closed","ping_status":"closed","template":"","meta":[],"acf":[],"_links":{"self":[{"href":"https:\/\/eab-bue.infd.edu.ar\/sitio\/wp-json\/wp\/v2\/pages\/3810"}],"collection":[{"href":"https:\/\/eab-bue.infd.edu.ar\/sitio\/wp-json\/wp\/v2\/pages"}],"about":[{"href":"https:\/\/eab-bue.infd.edu.ar\/sitio\/wp-json\/wp\/v2\/types\/page"}],"author":[{"embeddable":true,"href":"https:\/\/eab-bue.infd.edu.ar\/sitio\/wp-json\/wp\/v2\/users\/24"}],"replies":[{"embeddable":true,"href":"https:\/\/eab-bue.infd.edu.ar\/sitio\/wp-json\/wp\/v2\/comments?post=3810"}],"version-history":[{"count":8,"href":"https:\/\/eab-bue.infd.edu.ar\/sitio\/wp-json\/wp\/v2\/pages\/3810\/revisions"}],"predecessor-version":[{"id":3987,"href":"https:\/\/eab-bue.infd.edu.ar\/sitio\/wp-json\/wp\/v2\/pages\/3810\/revisions\/3987"}],"wp:attachment":[{"href":"https:\/\/eab-bue.infd.edu.ar\/sitio\/wp-json\/wp\/v2\/media?parent=3810"}],"curies":[{"name":"wp","href":"https:\/\/api.w.org\/{rel}","templated":true}]}}