{"id":3792,"date":"2025-12-17T15:54:01","date_gmt":"2025-12-17T18:54:01","guid":{"rendered":"https:\/\/eab-bue.infd.edu.ar\/sitio\/?page_id=3792"},"modified":"2026-02-07T11:08:00","modified_gmt":"2026-02-07T14:08:00","slug":"enero-2026","status":"publish","type":"page","link":"https:\/\/eab-bue.infd.edu.ar\/sitio\/enero-2026\/","title":{"rendered":"Enero 2026"},"content":{"rendered":"\n<figure class=\"wp-block-embed is-type-video is-provider-youtube wp-block-embed-youtube wp-embed-aspect-16-9 wp-has-aspect-ratio\"><div class=\"wp-block-embed__wrapper\">\n<iframe loading=\"lazy\" title=\"Enero 2026. Milonguita popular (Milonga argentina)\" width=\"1200\" height=\"675\" src=\"https:\/\/www.youtube.com\/embed\/wmGseEUVD50?feature=oembed\" frameborder=\"0\" allow=\"accelerometer; autoplay; clipboard-write; encrypted-media; gyroscope; picture-in-picture; web-share\" referrerpolicy=\"strict-origin-when-cross-origin\" allowfullscreen><\/iframe>\n<\/div><\/figure>\n\n\n\n<h5 class=\"wp-block-heading has-contrast-2-color has-text-color\"><strong>Calendario <\/strong>Multidisciplinar<strong> 2026:<em>&nbsp;Bit\u00e1cora de un viaje por el arte americano<\/em><\/strong><br>Escuela de Arte de Berisso<\/h5>\n\n\n\n<p><\/p>\n\n\n\n<p><strong>Coordinadores:<\/strong>&nbsp;profesores Paula Pellegrino y Alejandro Pereira Ghiena<\/p>\n\n\n\n<h5 class=\"wp-block-heading has-contrast-2-color has-text-color\">Bit\u00e1cora<\/h5>\n\n\n\n<blockquote class=\"wp-block-quote has-contrast-2-color has-text-color\">\n<p class=\"has-contrast-2-color has-text-color\"><em>La Boca, Argentina, 23 de enero de 2026<br>Caminamos el barrio portuario de La Boca buscando el balc\u00f3n gris con ornamentos florales de la casa natal de mi abuela, te\u00f1ida de tantas historias que ella atesoraba con nostalgia hasta su despedida.<br>Nos conocimos con Leo en la Escuela de Arte de Berisso en la muestra final de c\u00e1tedras de nuestro primer a\u00f1o; \u00e9l se acerc\u00f3 a mis obras y mostr\u00f3 especial inter\u00e9s por la ilustraci\u00f3n de una ni\u00f1a jugando sola a la rayuela en un conventillo. Me cont\u00f3 que su familia viv\u00eda en la calle Nueva York de Berisso y nos pusimos a conversar largamente sobre los juegos de la infancia. Fue el comienzo de nuestra amistad.<br>Leo reconoci\u00f3 que sonaba una milonga; mientras nos acerc\u00e1bamos saqu\u00e9 la libreta para registrar este primer hallazgo: los m\u00fasicos tocando en la esquina bajo ese balc\u00f3n gris con ornamentos florales, como el de mi abuela.<\/em><\/p>\n<cite>Constanza<\/cite><\/blockquote>\n\n\n\n<p><\/p>\n\n\n\n<p><strong>Milonguita Popular<\/strong> (<strong>Milonga Argentina<\/strong>)<br>M\u00fasica y letra: Triana Redondel<\/p>\n\n\n\n<p><\/p>\n\n\n\n<p><strong>Participantes:<\/strong><\/p>\n\n\n\n<p><strong>M\u00fasica:<\/strong> Orquesta Ensamble de Tango de la EAB. Direcci\u00f3n: profesor Ricardo Zapiola.&nbsp;<br>Direcci\u00f3n Ricardo Zapiola @ricardozapiolapianotango<br>M\u00fasicxs:<br>Ricardo Zapiola (piano)&nbsp;<br>Mat\u00edas Sellanes (guitarra el\u00e9ctrica) <br>Fernando Pelaiz (bandone\u00f3n)<br>Karen Mamani (Saxo)<br>Fabio Lorente (clarinete)<br>Angel Soveron (viol\u00edn)<br>Ang\u00e9lica Chirinos (cello)<br>Mart\u00edn Davicino (bajo)<br>Fernanda Barboza (voz)<br>Triana Redondel (voz) <\/p>\n\n\n\n<p><strong>Ilustraci\u00f3n: <\/strong>Mariano S\u00e1nchez Melo y Mauro Leal. <br>Taller de Ilustraci\u00f3n II. Profesora Paula Pellegrino. <br>Tecnicatura en Ilustraci\u00f3n.<\/p>\n\n\n\n<p><strong>Danza<\/strong>: Escuela de Danzas Tradicionales Argentinas \u201cJose Hernandez\u201d <br>T\u00e9cnicas de Composici\u00f3n Coreogr\u00e1fica en Tango I, Profesor Rodrigo Calvete. <\/p>\n\n\n\n<p>Int\u00e9rpretes: <br>Micol Nahir Chied<br>Cristina Fanucchi<br>Sof\u00eda Lagos<br>Leonor Martorell<br>Daniela Moroni<br>Nicol\u00e1s Teggiacchi<br>Camila Tosti<br>Mayra Anal\u00eda Valor<\/p>\n\n\n\n<p><strong>Dise\u00f1o Gr\u00e1fico<\/strong>: Jos\u00e9 Grosso<br>Proyecto de Extensi\u00f3n Taller de Producci\u00f3n Gr\u00e1fica y Multimedia de la EAB.<\/p>\n\n\n\n<p><strong>Grabaci\u00f3n<\/strong>: Tecnicatura en Sonido y Grabaci\u00f3n de la Facultad de Artes, UNLP. Profesor Pablo Balut<\/p>\n\n\n\n<p><strong>Mezcla<\/strong>: Mat\u00edas Sellanes (EMATP EAB).<\/p>\n\n\n\n<p><strong>Locaci\u00f3n:<\/strong> 62 organizaciones sociales, calle Nueva York 4634, Berisso.<\/p>\n\n\n\n<p><strong>Producci\u00f3n audiovisual<\/strong>: Alejandro Pereira Ghiena y Paula Pellegrino.<\/p>\n\n\n\n<figure class=\"wp-block-image is-resized\"><img decoding=\"async\" loading=\"lazy\" src=\"https:\/\/eab-bue.infd.edu.ar\/sitio\/wp-content\/uploads\/2025\/12\/01-ENERO-1-1710x1900.jpg\" alt=\"\" class=\"wp-image-3850\" width=\"1019\" height=\"1132\" srcset=\"https:\/\/eab-bue.infd.edu.ar\/sitio\/wp-content\/uploads\/2025\/12\/01-ENERO-1-1710x1900.jpg 1710w, https:\/\/eab-bue.infd.edu.ar\/sitio\/wp-content\/uploads\/2025\/12\/01-ENERO-1-900x1000.jpg 900w, https:\/\/eab-bue.infd.edu.ar\/sitio\/wp-content\/uploads\/2025\/12\/01-ENERO-1-768x853.jpg 768w, https:\/\/eab-bue.infd.edu.ar\/sitio\/wp-content\/uploads\/2025\/12\/01-ENERO-1-1382x1536.jpg 1382w, https:\/\/eab-bue.infd.edu.ar\/sitio\/wp-content\/uploads\/2025\/12\/01-ENERO-1-1843x2048.jpg 1843w\" sizes=\"(max-width: 1019px) 100vw, 1019px\" \/><\/figure>\n\n\n\n<h5 class=\"wp-block-heading\">Milonga argentina al estilo de Diego Manuel Rodr\u00edguez<\/h5>\n\n\n\n<blockquote class=\"wp-block-quote\">\n<p><em>Enero en Caminito: Entre la Milonga y la S\u00edntesis Gr\u00e1fica<\/em><\/p>\n\n\n\n<p><em>Esta obra ilustrativa se cimenta en la est\u00e9tica y trayectoria de Diego Manuel Rodr\u00edguez, un artista nacido en La Plata en 1969, cuya obra es un puente entre la rigurosidad acad\u00e9mica y la narrativa popular argentina. Su traslado a Buenos Aires en 1996 fue el catalizador que volc\u00f3 su inter\u00e9s hacia el paisaje urbano y lo cotidiano, un estilo que tomamos como punto de partida para nuestra representaci\u00f3n visual.<\/em><\/p>\n\n\n\n<p><em>La pieza ilustra el mes de enero. El escenario elegido es Caminito, el coraz\u00f3n palpitante de La Boca, Buenos Aires. No se busca una representaci\u00f3n fotogr\u00e1fica, sino capturar la atm\u00f3sfera vibrante del verano porte\u00f1o.<\/em><\/p>\n\n\n\n<p><em>El concepto central es la musicalidad: la imagen respira al ritmo de una Milonga. Las figuras y el entorno se entrelazan buscando evocar el sonido del arrabal, el calor de enero y la identidad cultural del barrio, traduciendo la melod\u00eda en trazos y colores planos.<\/em><\/p>\n\n\n\n<p><em>La realizaci\u00f3n de la obra fue fruto de un proceso de divisi\u00f3n de labores meticulosamente orquestado, aprovechando las fortalezas individuales para emular el estilo del referente:<\/em><br><em>En la etapa inicial, Mariano S\u00e1nchez Melo se encarg\u00f3 de la arquitectura de la imagen. Diagram\u00f3 la composici\u00f3n y orden\u00f3 los elementos visuales en el espacio, asegurando que la narrativa de la milonga y el entorno de Caminito tuvieran una lectura clara y equilibrada.<br>Una vez definida la estructura, Mauro Lautaro Leal tom\u00f3 el relevo. Debido a que su estilo gr\u00e1fico personal posee una gran afinidad con el trazo de Diego Manuel Rodr\u00edguez, fue el encargado del plantado final y el entintado. Su labor consisti\u00f3 en sintetizar las formas, aportando esa l\u00ednea caracter\u00edstica que define la identidad visual de la obra.<\/em><br><em>Finalmente, la pieza regres\u00f3 a manos de Mariano para la etapa de cierre. A trav\u00e9s del color, termin\u00f3 de definir la atm\u00f3sfera c\u00e1lida de enero y la vibraci\u00f3n musical de la escena, completando el ciclo creativo.<\/em><\/p>\n<cite>Mariano S\u00e1nchez Melo y Mauro Leal<\/cite><\/blockquote>\n\n\n\n<p class=\"has-text-align-center\"><strong><a href=\"https:\/\/eab-bue.infd.edu.ar\/sitio\/calendario-2026\/\">Volver a la p\u00e1gina principal del Calendario 2026<\/a><\/strong><\/p>\n","protected":false},"excerpt":{"rendered":"<p>Calendario Multidisciplinar 2026:&nbsp;Bit\u00e1cora de un viaje por el arte americanoEscuela de Arte de Berisso Coordinadores:&nbsp;profesores Paula Pellegrino y Alejandro Pereira Ghiena Bit\u00e1cora La Boca, Argentina, 23 de enero de 2026Caminamos el barrio portuario de La Boca buscando el balc\u00f3n gris con ornamentos florales de la casa natal de mi abuela, te\u00f1ida de tantas historias que &#8230; <a title=\"Enero 2026\" class=\"read-more\" href=\"https:\/\/eab-bue.infd.edu.ar\/sitio\/enero-2026\/\" aria-label=\"More on Enero 2026\">[+]<\/a><\/p>\n","protected":false},"author":24,"featured_media":0,"parent":0,"menu_order":0,"comment_status":"closed","ping_status":"closed","template":"","meta":[],"acf":[],"_links":{"self":[{"href":"https:\/\/eab-bue.infd.edu.ar\/sitio\/wp-json\/wp\/v2\/pages\/3792"}],"collection":[{"href":"https:\/\/eab-bue.infd.edu.ar\/sitio\/wp-json\/wp\/v2\/pages"}],"about":[{"href":"https:\/\/eab-bue.infd.edu.ar\/sitio\/wp-json\/wp\/v2\/types\/page"}],"author":[{"embeddable":true,"href":"https:\/\/eab-bue.infd.edu.ar\/sitio\/wp-json\/wp\/v2\/users\/24"}],"replies":[{"embeddable":true,"href":"https:\/\/eab-bue.infd.edu.ar\/sitio\/wp-json\/wp\/v2\/comments?post=3792"}],"version-history":[{"count":17,"href":"https:\/\/eab-bue.infd.edu.ar\/sitio\/wp-json\/wp\/v2\/pages\/3792\/revisions"}],"predecessor-version":[{"id":3911,"href":"https:\/\/eab-bue.infd.edu.ar\/sitio\/wp-json\/wp\/v2\/pages\/3792\/revisions\/3911"}],"wp:attachment":[{"href":"https:\/\/eab-bue.infd.edu.ar\/sitio\/wp-json\/wp\/v2\/media?parent=3792"}],"curies":[{"name":"wp","href":"https:\/\/api.w.org\/{rel}","templated":true}]}}