{"id":3724,"date":"2025-11-13T19:22:12","date_gmt":"2025-11-13T22:22:12","guid":{"rendered":"https:\/\/eab-bue.infd.edu.ar\/sitio\/?page_id=3724"},"modified":"2026-03-22T18:51:45","modified_gmt":"2026-03-22T21:51:45","slug":"calendario-2026","status":"publish","type":"page","link":"https:\/\/eab-bue.infd.edu.ar\/sitio\/calendario-2026\/","title":{"rendered":"Calendario 2026"},"content":{"rendered":"\n<h3 class=\"wp-block-heading has-contrast-2-color has-text-color\">Bit\u00e1cora de un viaje por el arte americano<\/h3>\n\n\n\n<figure class=\"wp-block-embed is-type-video is-provider-youtube wp-block-embed-youtube wp-embed-aspect-16-9 wp-has-aspect-ratio\"><div class=\"wp-block-embed__wrapper\">\n<iframe loading=\"lazy\" title=\"PRESENTACION CALENDARIO 2026 Bit\u00e1cora de un viaje por el arte americano (Escuela de Arte de Berisso)\" width=\"1200\" height=\"675\" src=\"https:\/\/www.youtube.com\/embed\/Sv_JSfNc2mA?feature=oembed\" frameborder=\"0\" allow=\"accelerometer; autoplay; clipboard-write; encrypted-media; gyroscope; picture-in-picture; web-share\" referrerpolicy=\"strict-origin-when-cross-origin\" allowfullscreen><\/iframe>\n<\/div><\/figure>\n\n\n\n<p>En su 14\u00b0 edici\u00f3n, el Calendario Multidisciplinar 2026 de la Escuela de Arte de Berisso presenta <em>Bit\u00e1cora de un viaje por el arte americano, <\/em>un relato ficcional protagonizado por<em> <\/em>dos graduados de la Escuela de Arte, que nos adentra en la heterogeneidad del territorio americano desde una mirada decolonial atenta a la diversidad y al mestizaje cultural.&nbsp;&nbsp;<\/p>\n\n\n\n<p>Cada mes del calendario ilustra un tramo del recorrido proponiendo el cruce entre un g\u00e9nero musical y un artista visual, representativos del pa\u00eds visitado. La puesta en escena de teatro y danza enriquecen esta producci\u00f3n interdisciplinaria e interinstitucional.&nbsp;&nbsp;<\/p>\n\n\n\n<p><strong>Coordinadores del proyecto<\/strong>: profesores Paula Pellegrino y Alejandro Pereira Ghiena<\/p>\n\n\n\n<p><strong>Bit\u00e1cora<\/strong><\/p>\n\n\n\n<p><em>Desde ni\u00f1a sent\u00ed que el arte formaba parte de mi ser. Estudiar en la Escuela de Arte de Berisso potenci\u00f3 mi creatividad y mis ansias de continuar el camino art\u00edstico. Creo que la finalizaci\u00f3n de una carrera no representa el cierre de una etapa sino que habilita nuevos horizontes.&nbsp;<\/em><br><em>Nos recibimos en la Escuela de Arte, Leonel de Profesor de M\u00fasica- Guitarra y yo de Ilustradora Profesional; estaba por comenzar el acto de colaci\u00f3n cuando Leo retom\u00f3 la fascinante idea de emprender un viaje por Am\u00e9rica y vivenciar el arte en sus m\u00e1s diversas manifestaciones.&nbsp;<\/em><br><em>Tuvimos el apoyo de nuestras familias y por sobre todo de nuestros amigos, aunque no fue f\u00e1cil la despedida con tantos sentimientos encontrados.&nbsp;<\/em><br><em>La mitad de nuestro equipaje eran materiales de trabajo: Leo carg\u00f3 su guitarra y varias herramientas de luther\u00eda; arm\u00e9 el bolso con todo tipo de papeles, pinturas, y esta peque\u00f1a libreta que ser\u00e1 la memoria activa de las experiencias por vivir\u2026<\/em><\/p>\n\n\n\n<p><em>Constanza<\/em><\/p>\n\n\n\n<p><strong>Participantes:<\/strong><\/p>\n\n\n\n<p><strong>Ilustraci\u00f3n:<\/strong> Morella Galant.<br>Taller de Ilustraci\u00f3n III. Profesora Paula Pellegrino.<br>Tecnicatura en Ilustraci\u00f3n.<\/p>\n\n\n\n<p><strong>Dise\u00f1o:<\/strong> Jos\u00e9 Grosso.<br>Proyecto de Extensi\u00f3n Taller de Producci\u00f3n Gr\u00e1fica y Multimedia.<\/p>\n\n\n\n<p><strong>Teatro:<\/strong> Alma Chiappesoni y Leandro Dobarro.<br>Trabajo Vocal 2. Profesora Paola Naranjo.<br>Profesorado de Teatro.<\/p>\n\n\n\n<p><strong>Producci\u00f3n audiovisual:<\/strong> Alejandro Pereira Ghiena y Paula Pellegrino.<\/p>\n\n\n\n<p><em><strong>Clic\/tap en la imagen de cada mes para acceder a la producciones audiovisuales y a la informaci\u00f3n de la realizaciones art\u00edsticas<\/strong><\/em><\/p>\n\n\n\n<figure class=\"wp-block-image size-full\"><a href=\"https:\/\/eab-bue.infd.edu.ar\/sitio\/enero-2026\/\"><img decoding=\"async\" loading=\"lazy\" width=\"1893\" height=\"1063\" src=\"https:\/\/eab-bue.infd.edu.ar\/sitio\/wp-content\/uploads\/2026\/01\/mes1.jpg\" alt=\"\" class=\"wp-image-3878\" srcset=\"https:\/\/eab-bue.infd.edu.ar\/sitio\/wp-content\/uploads\/2026\/01\/mes1.jpg 1893w, https:\/\/eab-bue.infd.edu.ar\/sitio\/wp-content\/uploads\/2026\/01\/mes1-1000x562.jpg 1000w, https:\/\/eab-bue.infd.edu.ar\/sitio\/wp-content\/uploads\/2026\/01\/mes1-768x431.jpg 768w, https:\/\/eab-bue.infd.edu.ar\/sitio\/wp-content\/uploads\/2026\/01\/mes1-1536x863.jpg 1536w\" sizes=\"(max-width: 1893px) 100vw, 1893px\" \/><\/a><\/figure>\n\n\n\n<p class=\"has-text-align-center\"><em>Acced\u00e9 al video haciendo clic en la imagen<\/em><\/p>\n\n\n\n<figure class=\"wp-block-image size-full\"><a href=\"https:\/\/eab-bue.infd.edu.ar\/sitio\/febrero-2026\/\"><img decoding=\"async\" loading=\"lazy\" width=\"1892\" height=\"1064\" src=\"https:\/\/eab-bue.infd.edu.ar\/sitio\/wp-content\/uploads\/2026\/01\/mes2.jpg\" alt=\"\" class=\"wp-image-3879\" srcset=\"https:\/\/eab-bue.infd.edu.ar\/sitio\/wp-content\/uploads\/2026\/01\/mes2.jpg 1892w, https:\/\/eab-bue.infd.edu.ar\/sitio\/wp-content\/uploads\/2026\/01\/mes2-1000x562.jpg 1000w, https:\/\/eab-bue.infd.edu.ar\/sitio\/wp-content\/uploads\/2026\/01\/mes2-768x432.jpg 768w, https:\/\/eab-bue.infd.edu.ar\/sitio\/wp-content\/uploads\/2026\/01\/mes2-1536x864.jpg 1536w\" sizes=\"(max-width: 1892px) 100vw, 1892px\" \/><\/a><\/figure>\n\n\n\n<p class=\"has-text-align-center\"><em>Acced\u00e9 al video haciendo clic en la imagen<\/em><\/p>\n\n\n\n<figure class=\"wp-block-image size-full\"><a href=\"https:\/\/eab-bue.infd.edu.ar\/sitio\/marzo-2026\/\"><img decoding=\"async\" loading=\"lazy\" width=\"1892\" height=\"1063\" src=\"https:\/\/eab-bue.infd.edu.ar\/sitio\/wp-content\/uploads\/2026\/02\/mes3.jpg\" alt=\"\" class=\"wp-image-3905\" srcset=\"https:\/\/eab-bue.infd.edu.ar\/sitio\/wp-content\/uploads\/2026\/02\/mes3.jpg 1892w, https:\/\/eab-bue.infd.edu.ar\/sitio\/wp-content\/uploads\/2026\/02\/mes3-1000x562.jpg 1000w, https:\/\/eab-bue.infd.edu.ar\/sitio\/wp-content\/uploads\/2026\/02\/mes3-768x431.jpg 768w, https:\/\/eab-bue.infd.edu.ar\/sitio\/wp-content\/uploads\/2026\/02\/mes3-1536x863.jpg 1536w\" sizes=\"(max-width: 1892px) 100vw, 1892px\" \/><\/a><\/figure>\n\n\n\n<p class=\"has-text-align-center\"><em>Acced\u00e9 al video haciendo clic en la imagen<\/em><\/p>\n\n\n\n<figure class=\"wp-block-image size-full\"><a href=\"https:\/\/eab-bue.infd.edu.ar\/sitio\/abril-2026\/\"><img decoding=\"async\" loading=\"lazy\" width=\"1892\" height=\"1063\" src=\"https:\/\/eab-bue.infd.edu.ar\/sitio\/wp-content\/uploads\/2026\/02\/mes4.jpg\" alt=\"\" class=\"wp-image-3906\" srcset=\"https:\/\/eab-bue.infd.edu.ar\/sitio\/wp-content\/uploads\/2026\/02\/mes4.jpg 1892w, https:\/\/eab-bue.infd.edu.ar\/sitio\/wp-content\/uploads\/2026\/02\/mes4-1000x562.jpg 1000w, https:\/\/eab-bue.infd.edu.ar\/sitio\/wp-content\/uploads\/2026\/02\/mes4-768x431.jpg 768w, https:\/\/eab-bue.infd.edu.ar\/sitio\/wp-content\/uploads\/2026\/02\/mes4-1536x863.jpg 1536w\" sizes=\"(max-width: 1892px) 100vw, 1892px\" \/><\/a><\/figure>\n\n\n\n<p class=\"has-text-align-center\"><em>Acced\u00e9 al video haciendo clic en la imagen<\/em><\/p>\n\n\n\n<figure class=\"wp-block-image size-full\"><a href=\"https:\/\/eab-bue.infd.edu.ar\/sitio\/mayo-2026\/\"><img decoding=\"async\" loading=\"lazy\" width=\"1892\" height=\"1064\" src=\"https:\/\/eab-bue.infd.edu.ar\/sitio\/wp-content\/uploads\/2026\/02\/mes5.jpg\" alt=\"\" class=\"wp-image-3907\" srcset=\"https:\/\/eab-bue.infd.edu.ar\/sitio\/wp-content\/uploads\/2026\/02\/mes5.jpg 1892w, https:\/\/eab-bue.infd.edu.ar\/sitio\/wp-content\/uploads\/2026\/02\/mes5-1000x562.jpg 1000w, https:\/\/eab-bue.infd.edu.ar\/sitio\/wp-content\/uploads\/2026\/02\/mes5-768x432.jpg 768w, https:\/\/eab-bue.infd.edu.ar\/sitio\/wp-content\/uploads\/2026\/02\/mes5-1536x864.jpg 1536w\" sizes=\"(max-width: 1892px) 100vw, 1892px\" \/><\/a><\/figure>\n\n\n\n<p class=\"has-text-align-center\"><em>Acced\u00e9 al video haciendo clic en la imagen<\/em><\/p>\n\n\n\n<figure class=\"wp-block-image size-full\"><a href=\"https:\/\/eab-bue.infd.edu.ar\/sitio\/junio-2026\/\"><img decoding=\"async\" loading=\"lazy\" width=\"1892\" height=\"1063\" src=\"https:\/\/eab-bue.infd.edu.ar\/sitio\/wp-content\/uploads\/2026\/03\/mes6.jpg\" alt=\"\" class=\"wp-image-4086\" srcset=\"https:\/\/eab-bue.infd.edu.ar\/sitio\/wp-content\/uploads\/2026\/03\/mes6.jpg 1892w, https:\/\/eab-bue.infd.edu.ar\/sitio\/wp-content\/uploads\/2026\/03\/mes6-1000x562.jpg 1000w, https:\/\/eab-bue.infd.edu.ar\/sitio\/wp-content\/uploads\/2026\/03\/mes6-768x431.jpg 768w, https:\/\/eab-bue.infd.edu.ar\/sitio\/wp-content\/uploads\/2026\/03\/mes6-1536x863.jpg 1536w\" sizes=\"(max-width: 1892px) 100vw, 1892px\" \/><\/a><\/figure>\n\n\n\n<p class=\"has-text-align-center\"><em> Acced\u00e9 al video haciendo clic en la imagen<\/em><\/p>\n\n\n\n<figure class=\"wp-block-image size-full\"><a href=\"https:\/\/eab-bue.infd.edu.ar\/sitio\/julio-2026\/\"><img decoding=\"async\" loading=\"lazy\" width=\"1892\" height=\"1064\" src=\"https:\/\/eab-bue.infd.edu.ar\/sitio\/wp-content\/uploads\/2026\/03\/mes7.jpg\" alt=\"\" class=\"wp-image-4088\" srcset=\"https:\/\/eab-bue.infd.edu.ar\/sitio\/wp-content\/uploads\/2026\/03\/mes7.jpg 1892w, https:\/\/eab-bue.infd.edu.ar\/sitio\/wp-content\/uploads\/2026\/03\/mes7-1000x562.jpg 1000w, https:\/\/eab-bue.infd.edu.ar\/sitio\/wp-content\/uploads\/2026\/03\/mes7-768x432.jpg 768w, https:\/\/eab-bue.infd.edu.ar\/sitio\/wp-content\/uploads\/2026\/03\/mes7-1536x864.jpg 1536w\" sizes=\"(max-width: 1892px) 100vw, 1892px\" \/><\/a><\/figure>\n\n\n\n<p class=\"has-text-align-center\"><em>Acced\u00e9 al video haciendo clic en la imagen<\/em><\/p>\n\n\n\n<figure class=\"wp-block-image size-full\"><a href=\"https:\/\/eab-bue.infd.edu.ar\/sitio\/agosto-2026\/\"><img decoding=\"async\" loading=\"lazy\" width=\"1892\" height=\"1063\" src=\"https:\/\/eab-bue.infd.edu.ar\/sitio\/wp-content\/uploads\/2026\/03\/mes8.jpg\" alt=\"\" class=\"wp-image-4089\" srcset=\"https:\/\/eab-bue.infd.edu.ar\/sitio\/wp-content\/uploads\/2026\/03\/mes8.jpg 1892w, https:\/\/eab-bue.infd.edu.ar\/sitio\/wp-content\/uploads\/2026\/03\/mes8-1000x562.jpg 1000w, https:\/\/eab-bue.infd.edu.ar\/sitio\/wp-content\/uploads\/2026\/03\/mes8-768x431.jpg 768w, https:\/\/eab-bue.infd.edu.ar\/sitio\/wp-content\/uploads\/2026\/03\/mes8-1536x863.jpg 1536w\" sizes=\"(max-width: 1892px) 100vw, 1892px\" \/><\/a><\/figure>\n\n\n\n<p class=\"has-text-align-center\"><em>Acced\u00e9 al video haciendo clic en la imagen<\/em><\/p>\n\n\n\n<figure class=\"wp-block-image size-full\"><a href=\"https:\/\/eab-bue.infd.edu.ar\/sitio\/septiembre-2026\/\"><img decoding=\"async\" loading=\"lazy\" width=\"1894\" height=\"1066\" src=\"https:\/\/eab-bue.infd.edu.ar\/sitio\/wp-content\/uploads\/2026\/03\/mes9.jpg\" alt=\"\" class=\"wp-image-4090\" srcset=\"https:\/\/eab-bue.infd.edu.ar\/sitio\/wp-content\/uploads\/2026\/03\/mes9.jpg 1894w, https:\/\/eab-bue.infd.edu.ar\/sitio\/wp-content\/uploads\/2026\/03\/mes9-1000x563.jpg 1000w, https:\/\/eab-bue.infd.edu.ar\/sitio\/wp-content\/uploads\/2026\/03\/mes9-768x432.jpg 768w, https:\/\/eab-bue.infd.edu.ar\/sitio\/wp-content\/uploads\/2026\/03\/mes9-1536x865.jpg 1536w\" sizes=\"(max-width: 1894px) 100vw, 1894px\" \/><\/a><\/figure>\n\n\n\n<p class=\"has-text-align-center\"><em>Acced\u00e9 al video haciendo clic en la imagen<\/em><\/p>\n\n\n\n<figure class=\"wp-block-image size-full\"><a href=\"https:\/\/eab-bue.infd.edu.ar\/sitio\/octubre-2026\/\"><img decoding=\"async\" loading=\"lazy\" width=\"1892\" height=\"1063\" src=\"https:\/\/eab-bue.infd.edu.ar\/sitio\/wp-content\/uploads\/2026\/03\/mes10.jpg\" alt=\"\" class=\"wp-image-4091\" srcset=\"https:\/\/eab-bue.infd.edu.ar\/sitio\/wp-content\/uploads\/2026\/03\/mes10.jpg 1892w, https:\/\/eab-bue.infd.edu.ar\/sitio\/wp-content\/uploads\/2026\/03\/mes10-1000x562.jpg 1000w, https:\/\/eab-bue.infd.edu.ar\/sitio\/wp-content\/uploads\/2026\/03\/mes10-768x431.jpg 768w, https:\/\/eab-bue.infd.edu.ar\/sitio\/wp-content\/uploads\/2026\/03\/mes10-1536x863.jpg 1536w\" sizes=\"(max-width: 1892px) 100vw, 1892px\" \/><\/a><\/figure>\n\n\n\n<p class=\"has-text-align-center\"><em>Acced\u00e9 al video haciendo clic en la imagen<\/em><\/p>\n\n\n\n<figure class=\"wp-block-image size-full\"><a href=\"https:\/\/eab-bue.infd.edu.ar\/sitio\/noviembre-2026\/\"><img decoding=\"async\" loading=\"lazy\" width=\"1892\" height=\"1067\" src=\"https:\/\/eab-bue.infd.edu.ar\/sitio\/wp-content\/uploads\/2026\/03\/mes11.jpg\" alt=\"\" class=\"wp-image-4093\" srcset=\"https:\/\/eab-bue.infd.edu.ar\/sitio\/wp-content\/uploads\/2026\/03\/mes11.jpg 1892w, https:\/\/eab-bue.infd.edu.ar\/sitio\/wp-content\/uploads\/2026\/03\/mes11-1000x564.jpg 1000w, https:\/\/eab-bue.infd.edu.ar\/sitio\/wp-content\/uploads\/2026\/03\/mes11-768x433.jpg 768w, https:\/\/eab-bue.infd.edu.ar\/sitio\/wp-content\/uploads\/2026\/03\/mes11-1536x866.jpg 1536w\" sizes=\"(max-width: 1892px) 100vw, 1892px\" \/><\/a><\/figure>\n\n\n\n<p class=\"has-text-align-center\"><em>Acced\u00e9 al video haciendo clic en la imagen<\/em><\/p>\n\n\n\n<figure class=\"wp-block-image size-full\"><a href=\"https:\/\/eab-bue.infd.edu.ar\/sitio\/diciembre-2026\/\"><img decoding=\"async\" loading=\"lazy\" width=\"1892\" height=\"1063\" src=\"https:\/\/eab-bue.infd.edu.ar\/sitio\/wp-content\/uploads\/2026\/03\/mes12.jpg\" alt=\"\" class=\"wp-image-4095\" srcset=\"https:\/\/eab-bue.infd.edu.ar\/sitio\/wp-content\/uploads\/2026\/03\/mes12.jpg 1892w, https:\/\/eab-bue.infd.edu.ar\/sitio\/wp-content\/uploads\/2026\/03\/mes12-1000x562.jpg 1000w, https:\/\/eab-bue.infd.edu.ar\/sitio\/wp-content\/uploads\/2026\/03\/mes12-768x431.jpg 768w, https:\/\/eab-bue.infd.edu.ar\/sitio\/wp-content\/uploads\/2026\/03\/mes12-1536x863.jpg 1536w\" sizes=\"(max-width: 1892px) 100vw, 1892px\" \/><\/a><\/figure>\n\n\n\n<p class=\"has-text-align-center\"><em>Acced\u00e9 al video haciendo clic en la imagen<\/em><\/p>\n","protected":false},"excerpt":{"rendered":"<p>Bit\u00e1cora de un viaje por el arte americano En su 14\u00b0 edici\u00f3n, el Calendario Multidisciplinar 2026 de la Escuela de Arte de Berisso presenta Bit\u00e1cora de un viaje por el arte americano, un relato ficcional protagonizado por dos graduados de la Escuela de Arte, que nos adentra en la heterogeneidad del territorio americano desde una &#8230; <a title=\"Calendario 2026\" class=\"read-more\" href=\"https:\/\/eab-bue.infd.edu.ar\/sitio\/calendario-2026\/\" aria-label=\"More on Calendario 2026\">[+]<\/a><\/p>\n","protected":false},"author":24,"featured_media":0,"parent":0,"menu_order":0,"comment_status":"closed","ping_status":"closed","template":"","meta":[],"acf":[],"_links":{"self":[{"href":"https:\/\/eab-bue.infd.edu.ar\/sitio\/wp-json\/wp\/v2\/pages\/3724"}],"collection":[{"href":"https:\/\/eab-bue.infd.edu.ar\/sitio\/wp-json\/wp\/v2\/pages"}],"about":[{"href":"https:\/\/eab-bue.infd.edu.ar\/sitio\/wp-json\/wp\/v2\/types\/page"}],"author":[{"embeddable":true,"href":"https:\/\/eab-bue.infd.edu.ar\/sitio\/wp-json\/wp\/v2\/users\/24"}],"replies":[{"embeddable":true,"href":"https:\/\/eab-bue.infd.edu.ar\/sitio\/wp-json\/wp\/v2\/comments?post=3724"}],"version-history":[{"count":18,"href":"https:\/\/eab-bue.infd.edu.ar\/sitio\/wp-json\/wp\/v2\/pages\/3724\/revisions"}],"predecessor-version":[{"id":4096,"href":"https:\/\/eab-bue.infd.edu.ar\/sitio\/wp-json\/wp\/v2\/pages\/3724\/revisions\/4096"}],"wp:attachment":[{"href":"https:\/\/eab-bue.infd.edu.ar\/sitio\/wp-json\/wp\/v2\/media?parent=3724"}],"curies":[{"name":"wp","href":"https:\/\/api.w.org\/{rel}","templated":true}]}}