{"id":3208,"date":"2025-02-27T10:07:14","date_gmt":"2025-02-27T13:07:14","guid":{"rendered":"https:\/\/eab-bue.infd.edu.ar\/sitio\/?page_id=3208"},"modified":"2026-03-17T16:59:01","modified_gmt":"2026-03-17T19:59:01","slug":"inscripcion-a-unidades-curriculares","status":"publish","type":"page","link":"https:\/\/eab-bue.infd.edu.ar\/sitio\/inscripcion-a-unidades-curriculares\/","title":{"rendered":"INSCRIPCI\u00d3N A UC 2026 PARA ESTUDIANTES REGULARES DE LA FO.BA (NO INGRESANTES)"},"content":{"rendered":"\n<p class=\"has-medium-font-size\">Inscripci\u00f3n a unidades curriculares para las Formaciones B\u00e1sicas de M\u00fasica <strong>16 al 20 de Marzo<\/strong><\/p>\n\n\n\n<ol>\n<li><strong>Registro Online:<\/strong><br>Completar&nbsp;el<strong> formulario online<\/strong>&nbsp;disponible aqu\u00ed (mas abajo en esta misma p\u00e1gina).<\/li>\n\n\n\n<li><strong>Instancia Presencial:<\/strong><br>Una vez completado el formulario, es necesario que te acerques <strong>personalmente&nbsp;<\/strong>a <strong>Preceptor\u00eda<\/strong> para corroborar tu inscripci\u00f3n. Es indispensable traer la siguiente documentaci\u00f3n en un <strong>folio, completa y de forma impresa<\/strong>:\n<ul>\n<li><a href=\"https:\/\/eab-bue.infd.edu.ar\/sitio\/planillas-de-salud\/\" target=\"_blank\" rel=\"noreferrer noopener\">Ficha de Salud<\/a><\/li>\n\n\n\n<li>Planilla de inscripci\u00f3n a unidades curriculares (en esta misma p\u00e1gina, mas abajo, separadas por \u00e1reas)<\/li>\n<\/ul>\n<\/li>\n<\/ol>\n\n\n\n<p class=\"has-medium-font-size\"><a href=\"https:\/\/eab-bue.infd.edu.ar\/sitio\/planillas-de-salud\/\"><strong>Ficha de Salud +18<\/strong><\/a><\/p>\n\n\n\n<p class=\"has-medium-font-size\"><a href=\"https:\/\/drive.google.com\/file\/d\/1ukh0Gg_q4SVaiOMUMTq3d_BM3AURsqJ5\/view?usp=drive_link\"><strong>Ficha de Salud -18<\/strong><\/a><\/p>\n\n\n\n<p><strong>D\u00edas y Horarios de atenci\u00f3n:<\/strong> lunes a viernes de 8.30 a 11.30hs , 13 a 16hs y de 17.30 a 20.30hs(Preceptor\u00eda) <strong>hasta el 20\/03 inclusive<\/strong>.<\/p>\n\n\n\n<p>(Esta instancia es presencial, en caso de no poder asistir puede acercarse otra persona en representaci\u00f3n del aspirante).<\/p>\n\n\n\n<p>En caso de ser menor de <strong>18 a\u00f1os<\/strong> es necesario que asistas con un adulto responsable.<\/p>\n\n\n\n<p>Los <strong>INGRESANTES<\/strong> se inscribir\u00e1n a trav\u00e9s de un Formulario que se enviar\u00e1 por e-mail y deber\u00e1n acercarse en forma presencial a coordinar horario de instrumento con la Preceptora Eva:<\/p>\n\n\n\n<p><strong>D\u00edas y Horarios de atenci\u00f3n Preceptora Eva:<\/strong> Lunes, mi\u00e9rcoles y viernes de 18 a 22:00hs.<\/p>\n\n\n\n<p>Martes de 9:00 a 13:00h<strong>s<\/strong> y Jueves de 15:00 a 19.00hs<\/p>\n\n\n\n<p>Es importante que al momento de inscribirte en un espacio conozcas el <a href=\"https:\/\/eab-bue.infd.edu.ar\/sitio\/regimen-de-correlatividades\/\"><strong>R\u00e9gimen de correlatividades<\/strong><\/a>. Este documento pauta <strong><mark style=\"background-color:#ffffd7\" class=\"has-inline-color\">que unidades curriculares necesitas tener aprobadas para cursar la materia que elijas<\/mark><\/strong>. Si cumpl\u00eds las condiciones aqu\u00ed previstas tu situaci\u00f3n de cursada es REGULAR, de lo contrario podes regularizar tu situaci\u00f3n en el turno extraordinario de Mesas de Examen previsto para el mes de mayo (\u00faltima instancia, sin excepci\u00f3n).<\/p>\n\n\n\n<p class=\"has-contrast-2-color has-pale-ocean-gradient-background has-text-color has-background\" style=\"font-size:21px\"><mark style=\"background-color:rgba(0, 0, 0, 0)\" class=\"has-inline-color has-accent-color\"><strong style=\"\"><span style=\"background-color: rgb(123, 228, 224);\">|<\/span><\/strong><\/mark><strong>FOBA ED. MUSICAL<\/strong> &#x1f449; <a rel=\"noreferrer noopener\" href=\"https:\/\/docs.google.com\/document\/d\/12jR3VxfKUdsiQEzsZeDVURG_FWuB7li2mzItrNfHQx0\/edit?usp=drive_link\" target=\"_blank\">Planilla de inscripci\u00f3n a unidades curriculares<\/a><br><strong><mark style=\"background-color:var(--accent)\" class=\"has-inline-color has-base-3-color\">Formulario de inscripci\u00f3n online:<\/mark><\/strong><br><mark style=\"background-color:rgba(0, 0, 0, 0)\" class=\"has-inline-color has-accent-color\">\u27a3<\/mark>2026 &#8211; <a rel=\"noreferrer noopener\" href=\"https:\/\/forms.gle\/ENSZyKH6qyZzqbtx6\" target=\"_blank\">Inscripci\u00f3n UC FOBA. Educaci\u00f3n Musical <\/a><br><br><\/p>\n\n\n\n<p class=\"has-background\" style=\"background:linear-gradient(135deg,rgba(237,237,237,0) 0%,rgb(169,184,195) 100%);font-size:21px\"><a rel=\"noreferrer noopener\" href=\"https:\/\/drive.google.com\/drive\/folders\/1Ni7Fwbl8tHs_kcjfO2k_-nmVc3jwK0a3?usp=sharing\" target=\"_blank\"><mark style=\"background-color:#f9ff00\" class=\"has-inline-color\"><strong>| FOBA CANTO POPULAR <\/strong><\/mark><\/a> &#x1f449;<a rel=\"noreferrer noopener\" href=\"https:\/\/docs.google.com\/document\/d\/1m4-Vt64_0WdLd1lHBPXKMED44kTnH1VKW2RjMCMlq0w\/edit?usp=drive_link\" target=\"_blank\"> Planilla de inscripci\u00f3n a unidades curriculares<\/a><br><strong><mark style=\"background-color:var(--accent)\" class=\"has-inline-color has-base-3-color\">Formulario de inscripci\u00f3n online:<\/mark><\/strong><br><mark style=\"background-color:rgba(0, 0, 0, 0)\" class=\"has-inline-color has-accent-color\">\u27a3<\/mark><strong> <a href=\"https:\/\/docs.google.com\/forms\/d\/1yBOgmX-1ODuBEs0J_H2EI_oeAy5uD2q2NeX0Bx8lCf0\/edit#responses\">2026<\/a><\/strong> &#8211; <a rel=\"noreferrer noopener\" href=\"https:\/\/docs.google.com\/forms\/d\/1yBOgmX-1ODuBEs0J_H2EI_oeAy5uD2q2NeX0Bx8lCf0\/edit#responses\" target=\"_blank\">Inscripci\u00f3n a UC FOBA Canto popular<\/a><br><\/p>\n\n\n\n<p class=\"has-background\" style=\"background:linear-gradient(135deg,rgba(75,235,221,0.69) 0%,rgba(151,119,209,0.39) 20%,rgba(207,41,41,0.35) 40%,rgba(237,43,43,0.49) 57%,rgba(250,105,97,0.29) 80%,rgba(255,77,210,0.37) 100%);font-size:21px\"><mark style=\"background-color:#f2866f\" class=\"has-inline-color has-base-3-color\"><strong> FOBA CANTO L\u00cdRICO<\/strong><\/mark> &#x1f449;<a rel=\"noreferrer noopener\" href=\"https:\/\/docs.google.com\/document\/d\/1iE31nR0mIygCmPVA1GkpXU78fQwNP1jXZiCjuM06Y-o\/edit?usp=drive_link\" target=\"_blank\">Planilla de inscripci\u00f3n a unidades curriculares<\/a><br><strong><mark style=\"background-color:var(--accent)\" class=\"has-inline-color has-base-3-color\">Formularios de inscripci\u00f3n online:<\/mark><\/strong><br><mark style=\"background-color:rgba(0, 0, 0, 0)\" class=\"has-inline-color has-accent-color\">\u27a3<\/mark>2026 &#8211;<strong> <a rel=\"noreferrer noopener\" href=\"https:\/\/docs.google.com\/forms\/d\/e\/1FAIpQLSdC0qUPezL4iwkjphDZiRYnMOjy2NdxmwsiIC_pTK1WNiUAUQ\/viewform?usp=sharing&amp;ouid=102420349183855505255\" target=\"_blank\">Inscripci\u00f3n UC FOBA CANTO L\u00cdRICO<\/a><\/strong><a rel=\"noreferrer noopener\" href=\"https:\/\/docs.google.com\/forms\/d\/e\/1FAIpQLSdC0qUPezL4iwkjphDZiRYnMOjy2NdxmwsiIC_pTK1WNiUAUQ\/viewform?usp=sharing&amp;ouid=102420349183855505255\" target=\"_blank\"><br><\/a><br><\/p>\n\n\n\n<p class=\"has-background\" style=\"background:linear-gradient(135deg,rgba(121,219,180,0) 0%,rgb(39,164,118) 100%);font-size:21px\"><mark style=\"background-color:rgba(0, 0, 0, 0)\" class=\"has-inline-color has-accent-color\">\u27a3<\/mark><a rel=\"noreferrer noopener\" href=\"https:\/\/drive.google.com\/drive\/folders\/1EVOXTq_sYWUDIT00veEhIL9ivIo8qHK9?usp=sharing\" target=\"_blank\"><mark style=\"background-color:#9de099\" class=\"has-inline-color has-contrast-color\"><strong>| FOBA INST. ACAD\u00c9MICO<\/strong><\/mark><\/a> &#x1f449;<a rel=\"noreferrer noopener\" href=\"https:\/\/docs.google.com\/document\/d\/1vIOr3eYoUCGfn-JtkRmA6oHU-pSz4n_fJr74ZhSuL9s\/edit?tab=t.0\" target=\"_blank\">Planilla de inscripci\u00f3n a unidades curriculares<\/a><br><strong><mark style=\"background-color:var(--accent)\" class=\"has-inline-color has-base-3-color\">Formularios de inscripci\u00f3n online:<\/mark><\/strong><br><mark style=\"background-color:rgba(0, 0, 0, 0)\" class=\"has-inline-color has-accent-color\">\u27a3<\/mark>2026 &#8211; <a rel=\"noreferrer noopener\" href=\"https:\/\/forms.gle\/Mpw8BWHZeJkTgqpJ8\" target=\"_blank\">Inscripci\u00f3n UC FOBA INST. ACAD\u00c9MICO<\/a><br><br><\/p>\n\n\n\n<p class=\"has-contrast-2-color has-text-color has-background\" style=\"background:linear-gradient(135deg,rgb(255,245,204) 0%,rgb(201,238,218) 48%,rgb(101,215,228) 100%);font-size:21px\"><mark style=\"background-color:rgba(0, 0, 0, 0)\" class=\"has-inline-color has-accent-color\">\u27a3<\/mark><a rel=\"noreferrer noopener\" href=\"https:\/\/drive.google.com\/drive\/folders\/1kxYM0VpOgIFi391WMEE5og16Iuagql0e?usp=sharing\" target=\"_blank\"><mark><mark style=\"background-color:var(--accent)\" class=\"has-inline-color has-accent-color\"><strong> <\/strong><\/mark><strong><mark style=\"background-color:var(--accent)\" class=\"has-inline-color has-base-3-color\"> FOBA INST. POPULAR <\/mark><\/strong><\/mark><\/a>  &#x1f449;<a rel=\"noreferrer noopener\" href=\"https:\/\/docs.google.com\/document\/d\/1-kNV3iOuN-omlUUH-ouPkdT7e7E3kRp5UFJ3nBS8wUo\/edit?usp=drive_link\" target=\"_blank\">Planilla de inscripci\u00f3n a unidades curriculares<\/a><br><strong><mark><mark style=\"background-color:var(--accent)\" class=\"has-inline-color has-base-3-color\">Formularios de inscripci\u00f3n online:<\/mark><\/mark><\/strong><br><mark style=\"background-color:rgba(0, 0, 0, 0)\" class=\"has-inline-color has-accent-color\">\u27a3<\/mark>2026 &#8211; <a rel=\"noreferrer noopener\" href=\"https:\/\/docs.google.com\/forms\/d\/e\/1FAIpQLSfIvrFiXgkbMgWZqhdHv4AGOmlo6RXq3uL5wTjo03zO2ydd5w\/viewform?usp=sharing&amp;ouid=102420349183855505255\" target=\"_blank\">Inscripci\u00f3n UC FOBA INST. POPULAR<\/a><br><br><\/p>\n\n\n\n<p class=\"has-contrast-color has-text-color has-background has-medium-font-size\" style=\"background:linear-gradient(135deg,rgb(202,248,128) 23%,rgb(113,206,126) 100%)\"><strong>FOBAS NINXS Y PREADOLESCENTES<\/strong> &#x1f449; <a href=\"https:\/\/docs.google.com\/document\/d\/1rTD9tHe3Ct_J4Qg3rWwIuGRoT3i1xA5OkNZaBDHvv3I\/edit?tab=t.0\" target=\"_blank\" rel=\"noreferrer noopener\">Planillas de inscripci\u00f3n a unidades curriculares<\/a><\/p>\n\n\n\n<p class=\"has-background has-medium-font-size\" style=\"background:linear-gradient(135deg,rgb(202,248,128) 56%,rgb(113,206,126) 100%)\"><mark style=\"background-color:rgba(0, 0, 0, 0)\" class=\"has-inline-color has-accent-color\">\u27a3<\/mark> <strong>2026 &#8211; Formulario de inscripci\u00f3n: <\/strong><a rel=\"noreferrer noopener\" href=\"https:\/\/forms.gle\/RvhoZySVaYoQSM798\" target=\"_blank\">Inscripci\u00f3n UC FOBAS NINXS Y PREADOLESCENTES<\/a><\/p>\n\n\n\n<p><\/p>\n","protected":false},"excerpt":{"rendered":"<p>Inscripci\u00f3n a unidades curriculares para las Formaciones B\u00e1sicas de M\u00fasica 16 al 20 de Marzo Ficha de Salud +18 Ficha de Salud -18 D\u00edas y Horarios de atenci\u00f3n: lunes a viernes de 8.30 a 11.30hs , 13 a 16hs y de 17.30 a 20.30hs(Preceptor\u00eda) hasta el 20\/03 inclusive. (Esta instancia es presencial, en caso de &#8230; <a title=\"INSCRIPCI\u00d3N A UC 2026 PARA ESTUDIANTES REGULARES DE LA FO.BA (NO INGRESANTES)\" class=\"read-more\" href=\"https:\/\/eab-bue.infd.edu.ar\/sitio\/inscripcion-a-unidades-curriculares\/\" aria-label=\"More on INSCRIPCI\u00d3N A UC 2026 PARA ESTUDIANTES REGULARES DE LA FO.BA (NO INGRESANTES)\">[+]<\/a><\/p>\n","protected":false},"author":4,"featured_media":0,"parent":0,"menu_order":0,"comment_status":"closed","ping_status":"closed","template":"","meta":[],"acf":[],"_links":{"self":[{"href":"https:\/\/eab-bue.infd.edu.ar\/sitio\/wp-json\/wp\/v2\/pages\/3208"}],"collection":[{"href":"https:\/\/eab-bue.infd.edu.ar\/sitio\/wp-json\/wp\/v2\/pages"}],"about":[{"href":"https:\/\/eab-bue.infd.edu.ar\/sitio\/wp-json\/wp\/v2\/types\/page"}],"author":[{"embeddable":true,"href":"https:\/\/eab-bue.infd.edu.ar\/sitio\/wp-json\/wp\/v2\/users\/4"}],"replies":[{"embeddable":true,"href":"https:\/\/eab-bue.infd.edu.ar\/sitio\/wp-json\/wp\/v2\/comments?post=3208"}],"version-history":[{"count":24,"href":"https:\/\/eab-bue.infd.edu.ar\/sitio\/wp-json\/wp\/v2\/pages\/3208\/revisions"}],"predecessor-version":[{"id":4066,"href":"https:\/\/eab-bue.infd.edu.ar\/sitio\/wp-json\/wp\/v2\/pages\/3208\/revisions\/4066"}],"wp:attachment":[{"href":"https:\/\/eab-bue.infd.edu.ar\/sitio\/wp-json\/wp\/v2\/media?parent=3208"}],"curies":[{"name":"wp","href":"https:\/\/api.w.org\/{rel}","templated":true}]}}