{"id":3204,"date":"2025-02-26T17:35:05","date_gmt":"2025-02-26T20:35:05","guid":{"rendered":"https:\/\/eab-bue.infd.edu.ar\/sitio\/?page_id=3204"},"modified":"2026-02-23T20:06:18","modified_gmt":"2026-02-23T23:06:18","slug":"valoracion-de-saberes-previos","status":"publish","type":"page","link":"https:\/\/eab-bue.infd.edu.ar\/sitio\/valoracion-de-saberes-previos\/","title":{"rendered":"VALORACI\u00d3N DE SABERES PREVIOS"},"content":{"rendered":"\n<p><strong>\u00a1Atenci\u00f3n ingresantes a FOBA M\u00fasica!<\/strong><\/p>\n\n\n\n<p><strong>Valoraci\u00f3n integral de saberes previos:<\/strong><\/p>\n\n\n\n<p>Si ten\u00e9s conocimientos musicales informales por haber participado en diferentes experiencias musicales (clases particulares, talleres, aprendizajes autodidactas, etc.), pero no los ten\u00e9s acreditados en ninguna instituci\u00f3n, pod\u00e9s participar del proceso de la valoraci\u00f3n integral de saberes previos. Ser\u00e1n cuatro encuentros presenciales con docentes de las asignaturas Lenguaje Musical, Apreciaci\u00f3n Musical y Pr\u00e1ctica de conjunto vocal e instrumental de la FOBA donde se trabajan los contenidos m\u00ednimos de las materias para que lxs estudiantes que participen acrediten los espacios curriculares en funci\u00f3n de sus conocimientos y comiencen a cursar en el nivel correspondiente.<\/p>\n\n\n\n<p>La valoraci\u00f3n de saberes previos para&nbsp;<strong>Instrumento&nbsp;<\/strong>ser\u00e1 realizada por el\/la profesor\/a del instrumento elegido directamente en la clase. Una vez que te matriculas, asist\u00eds directamente en el horario asignado para la clase y podr\u00e1s realizar las consultas que consideres necesarias para participar de esta instancia. No requiere inscripci\u00f3n v\u00eda formulario.<\/p>\n\n\n\n<p>Para participar de la valoraci\u00f3n de saberes en&nbsp;<strong>Lenguaje Musical, Apreciaci\u00f3n Musical y Pr\u00e1ctica de conjuntos vocal e instrumental<\/strong>&nbsp;ten\u00e9s que inscribirte completando el siguiente formulario:<\/p>\n\n\n\n<p>&#x1f449;<a rel=\"noreferrer noopener\" href=\"https:\/\/forms.gle\/jEwiv1PE7fYdYUW4A\" target=\"_blank\">FORMULARIO DE INSCRIPCI\u00d3N A LA VALORACI\u00d3N INTEGRAL DE SABERES<\/a><\/p>\n\n\n\n<p>D\u00edas y horarios de los encuentros para VSP (Elegir un turno y venir a los 4 encuentros)<\/p>\n\n\n\n<p><strong>TURNO MA\u00d1ANA 10.00 a 12.00hs&nbsp; Martes 3<\/strong>&nbsp;y&nbsp;<strong>10 de marzo<\/strong>&nbsp;de 2026. Docentes:&nbsp;Agust\u00edn A\u00fan&nbsp;y Mart\u00edn Retamosa&nbsp;&nbsp;<\/p>\n\n\n\n<p><strong>Jueves&nbsp; 5 y 12 de Marzo&nbsp;<\/strong>de 2026. Docentes: Ruth Oszurko y Mart\u00edn Retamosa<\/p>\n\n\n\n<p><strong>TURNO VESPERTINO 18.00 a 20.00hs&nbsp; Martes 3 y 10 de Marzo&nbsp;<\/strong>. Docentes: Georgina Perazzo,&nbsp;&nbsp;Nadia Jerbes.&nbsp;<\/p>\n\n\n\n<p><strong>Jueves<\/strong><strong>&nbsp;5 y 12 de marzo de 2026<\/strong>. Docentes: Georgina Perazzo , Emiliano Alonso,&nbsp;Franco Cistola&nbsp;.<\/p>\n\n\n\n<p><\/p>\n","protected":false},"excerpt":{"rendered":"<p>\u00a1Atenci\u00f3n ingresantes a FOBA M\u00fasica! Valoraci\u00f3n integral de saberes previos: Si ten\u00e9s conocimientos musicales informales por haber participado en diferentes experiencias musicales (clases particulares, talleres, aprendizajes autodidactas, etc.), pero no los ten\u00e9s acreditados en ninguna instituci\u00f3n, pod\u00e9s participar del proceso de la valoraci\u00f3n integral de saberes previos. Ser\u00e1n cuatro encuentros presenciales con docentes de las &#8230; <a title=\"VALORACI\u00d3N DE SABERES PREVIOS\" class=\"read-more\" href=\"https:\/\/eab-bue.infd.edu.ar\/sitio\/valoracion-de-saberes-previos\/\" aria-label=\"More on VALORACI\u00d3N DE SABERES PREVIOS\">[+]<\/a><\/p>\n","protected":false},"author":4,"featured_media":0,"parent":0,"menu_order":0,"comment_status":"closed","ping_status":"closed","template":"","meta":[],"acf":[],"_links":{"self":[{"href":"https:\/\/eab-bue.infd.edu.ar\/sitio\/wp-json\/wp\/v2\/pages\/3204"}],"collection":[{"href":"https:\/\/eab-bue.infd.edu.ar\/sitio\/wp-json\/wp\/v2\/pages"}],"about":[{"href":"https:\/\/eab-bue.infd.edu.ar\/sitio\/wp-json\/wp\/v2\/types\/page"}],"author":[{"embeddable":true,"href":"https:\/\/eab-bue.infd.edu.ar\/sitio\/wp-json\/wp\/v2\/users\/4"}],"replies":[{"embeddable":true,"href":"https:\/\/eab-bue.infd.edu.ar\/sitio\/wp-json\/wp\/v2\/comments?post=3204"}],"version-history":[{"count":2,"href":"https:\/\/eab-bue.infd.edu.ar\/sitio\/wp-json\/wp\/v2\/pages\/3204\/revisions"}],"predecessor-version":[{"id":3964,"href":"https:\/\/eab-bue.infd.edu.ar\/sitio\/wp-json\/wp\/v2\/pages\/3204\/revisions\/3964"}],"wp:attachment":[{"href":"https:\/\/eab-bue.infd.edu.ar\/sitio\/wp-json\/wp\/v2\/media?parent=3204"}],"curies":[{"name":"wp","href":"https:\/\/api.w.org\/{rel}","templated":true}]}}