{"id":3014,"date":"2024-12-13T12:08:24","date_gmt":"2024-12-13T15:08:24","guid":{"rendered":"https:\/\/eab-bue.infd.edu.ar\/sitio\/?page_id=3014"},"modified":"2025-11-29T13:05:34","modified_gmt":"2025-11-29T16:05:34","slug":"diciembre-2025","status":"publish","type":"page","link":"https:\/\/eab-bue.infd.edu.ar\/sitio\/diciembre-2025\/","title":{"rendered":"Diciembre 2025"},"content":{"rendered":"\n<figure class=\"wp-block-embed is-type-video is-provider-youtube wp-block-embed-youtube wp-embed-aspect-16-9 wp-has-aspect-ratio\"><div class=\"wp-block-embed__wrapper\">\n<iframe loading=\"lazy\" title=\"Diciembre 2025. O no? (2018). Marilina Bertoldi\" width=\"1200\" height=\"675\" src=\"https:\/\/www.youtube.com\/embed\/3ooYRtXM61Y?feature=oembed\" frameborder=\"0\" allow=\"accelerometer; autoplay; clipboard-write; encrypted-media; gyroscope; picture-in-picture; web-share\" referrerpolicy=\"strict-origin-when-cross-origin\" allowfullscreen><\/iframe>\n<\/div><\/figure>\n\n\n\n<p><strong>Calendario Interdisciplinario 2025&nbsp;<em>Retratos del rock nacional: compromiso y cr\u00edtica pol\u00edtico social<\/em><\/strong><br>Escuela de Arte de Berisso<\/p>\n\n\n\n<p><strong>Coordinadores:<\/strong>\u00a0profesores Paula Pellegrino y Alejandro Pereira Ghiena; estudiantes Sheila Clidas y Sof\u00eda Garc\u00eda.<\/p>\n\n\n\n<p><strong>O no? (2018). Marilina Bertoldi<\/strong><\/p>\n\n\n\n<p>La canci\u00f3n \u00ab<em>O no?<\/em>\u00bb de Marilina Bertoldi fue lanzada en el a\u00f1o 2018. Forma parte de su \u00e1lbum \u00abPrender un Fuego\u00bb, que gan\u00f3 gran reconocimiento y hasta le vali\u00f3 a Marilina el Premio Gardel de Oro en 2019, convirti\u00e9ndola en la primera mujer en recibir este galard\u00f3n en casi dos d\u00e9cadas.<\/p>\n\n\n\n<p>La canci\u00f3n se ha vuelto un himno en el contexto del movimiento feminista y la lucha por la legalizaci\u00f3n del aborto en Argentina. Lanzada en un momento en que el debate sobre los derechos de las mujeres y disidencias de g\u00e9nero estaba en auge, esta canci\u00f3n expresa de manera directa y provocadora la insatisfacci\u00f3n con los roles y estructuras impuestas por la sociedad patriarcal. Bertoldi utiliza sus letras y su estilo musical para desafiar las normas tradicionales, exigiendo una voz propia y cuestionando los est\u00e1ndares de poder y control sobre los cuerpos y las decisiones de las personas.<\/p>\n\n\n\n<p>La frase \u201cestaba enojada, ahora estoy preparada\u201d es un grito de independencia y un s\u00edmbolo de resistencia, que ha encontrado su lugar en las marchas feministas y en la lucha por los derechos reproductivos en Argentina. Con esta canci\u00f3n, Marilina Bertoldi pone de manifiesto la importancia de cuestionar los mandatos de g\u00e9nero y alienta a una sociedad m\u00e1s justa e igualitaria, haciendo eco de las demandas hist\u00f3ricas del feminismo en el pa\u00eds.<\/p>\n\n\n\n<p><strong>Participantes:<\/strong><\/p>\n\n\n\n<p>Ensamble de estudiantes y docentes<br>Profesorado de M\u00fasica (Orientaci\u00f3n Instrumento y canto popular)<\/p>\n\n\n\n<p><strong>Int\u00e9rpretes<\/strong>:<br>Candelaria Muntz (voz)<br>Mariela Crespo (voz) <br>Juan Manuel C\u00f3rdoba (bater\u00eda)<br>Agust\u00edn A\u00fan (bajo) <br>Jorge Jurado (guitarra el\u00e9ctrica)<\/p>\n\n\n\n<p>Tecnicatura en Ilustraci\u00f3n. Profesora Paula Pellegrino<br>Sheila Clidas (ilustraci\u00f3n)<\/p>\n\n\n\n<p>Dise\u00f1o Gr\u00e1fico: Jos\u00e9 Grosso<\/p>\n\n\n\n<p>Grabaci\u00f3n: Tecnicatura en Sonido y Grabaci\u00f3n de la Facultad de Artes, UNLP. Profesor Pablo Balut<\/p>\n\n\n\n<p>Mezcla: Tecnicatura en Sonido y Grabaci\u00f3n de la Facultad de Artes, UNLP. Profesor Santiago \u00c1vila.<\/p>\n\n\n\n<p>Video<strong>:\u00a0<\/strong>Alejandro Pereira Ghiena y Paula Pellegrino<\/p>\n\n\n\n<div class=\"wp-block-media-text alignwide is-stacked-on-mobile\"><figure class=\"wp-block-media-text__media\"><img decoding=\"async\" loading=\"lazy\" width=\"1900\" height=\"1744\" src=\"https:\/\/eab-bue.infd.edu.ar\/sitio\/wp-content\/uploads\/2025\/11\/12-DICIEMBRE-1900x1744.jpg\" alt=\"\" class=\"wp-image-3769 size-full\" srcset=\"https:\/\/eab-bue.infd.edu.ar\/sitio\/wp-content\/uploads\/2025\/11\/12-DICIEMBRE-1900x1744.jpg 1900w, https:\/\/eab-bue.infd.edu.ar\/sitio\/wp-content\/uploads\/2025\/11\/12-DICIEMBRE-1000x918.jpg 1000w, https:\/\/eab-bue.infd.edu.ar\/sitio\/wp-content\/uploads\/2025\/11\/12-DICIEMBRE-768x705.jpg 768w, https:\/\/eab-bue.infd.edu.ar\/sitio\/wp-content\/uploads\/2025\/11\/12-DICIEMBRE-1536x1410.jpg 1536w, https:\/\/eab-bue.infd.edu.ar\/sitio\/wp-content\/uploads\/2025\/11\/12-DICIEMBRE-2048x1879.jpg 2048w\" sizes=\"(max-width: 1900px) 100vw, 1900px\" \/><\/figure><div class=\"wp-block-media-text__content\">\n<p><em>\u201cLa ilustraci\u00f3n est\u00e1 inspirada en la canci\u00f3n \u201cO, no?\u201d de Marilina Bertoldi, tratando de transmitir una narrativa de empoderamiento, rebeld\u00eda y transformaci\u00f3n.<\/em><\/p>\n\n\n\n<p><em>Se puede ver su retrato en primer plano en negro con una estrella en el ojo y una corona de rosas, reflejando que ella es la reina del rock nacional actual.<\/em><\/p>\n\n\n\n<p><em>El uso del collage y las texturas variadas le da una est\u00e9tica DIY (hazlo t\u00fa misma), t\u00edpica del punk y el arte contestatario. La distribuci\u00f3n din\u00e1mica de los elementos dirige la mirada por toda la composici\u00f3n, reflejando la energ\u00eda ca\u00f3tica pero estructurada de la canci\u00f3n.<\/em><\/p>\n\n\n\n<p><em>El color principal es el violeta, ya que representa la lucha feminista, como tambi\u00e9n el fondo con carteles con consignas que se utilizan en las marchas feministas y la forma del fuego. El meg\u00e1fono como representaci\u00f3n de amplificar la voz y el mensaje por la lucha por los derechos de las mujeres.<\/em><\/p>\n\n\n\n<p><em>Por \u00faltimo, la guitarra el\u00e9ctrica y el disco imitan stickers, representando el rock y tambi\u00e9n teniendo en cuenta que la guitarra es el instrumento que toca normalmente Marilina\u201d.<\/em><\/p>\n\n\n\n<p><em> Sheila Clidas<\/em><\/p>\n<\/div><\/div>\n\n\n\n<p><a href=\"https:\/\/eab-bue.infd.edu.ar\/sitio\/?page_id=2962\">Volver a la p\u00e1gina principal del Calendario 2025<\/a><\/p>\n","protected":false},"excerpt":{"rendered":"<p>Calendario Interdisciplinario 2025&nbsp;Retratos del rock nacional: compromiso y cr\u00edtica pol\u00edtico socialEscuela de Arte de Berisso Coordinadores:\u00a0profesores Paula Pellegrino y Alejandro Pereira Ghiena; estudiantes Sheila Clidas y Sof\u00eda Garc\u00eda. O no? (2018). Marilina Bertoldi La canci\u00f3n \u00abO no?\u00bb de Marilina Bertoldi fue lanzada en el a\u00f1o 2018. Forma parte de su \u00e1lbum \u00abPrender un Fuego\u00bb, que &#8230; <a title=\"Diciembre 2025\" class=\"read-more\" href=\"https:\/\/eab-bue.infd.edu.ar\/sitio\/diciembre-2025\/\" aria-label=\"More on Diciembre 2025\">[+]<\/a><\/p>\n","protected":false},"author":24,"featured_media":0,"parent":0,"menu_order":0,"comment_status":"closed","ping_status":"closed","template":"","meta":[],"acf":[],"_links":{"self":[{"href":"https:\/\/eab-bue.infd.edu.ar\/sitio\/wp-json\/wp\/v2\/pages\/3014"}],"collection":[{"href":"https:\/\/eab-bue.infd.edu.ar\/sitio\/wp-json\/wp\/v2\/pages"}],"about":[{"href":"https:\/\/eab-bue.infd.edu.ar\/sitio\/wp-json\/wp\/v2\/types\/page"}],"author":[{"embeddable":true,"href":"https:\/\/eab-bue.infd.edu.ar\/sitio\/wp-json\/wp\/v2\/users\/24"}],"replies":[{"embeddable":true,"href":"https:\/\/eab-bue.infd.edu.ar\/sitio\/wp-json\/wp\/v2\/comments?post=3014"}],"version-history":[{"count":6,"href":"https:\/\/eab-bue.infd.edu.ar\/sitio\/wp-json\/wp\/v2\/pages\/3014\/revisions"}],"predecessor-version":[{"id":3772,"href":"https:\/\/eab-bue.infd.edu.ar\/sitio\/wp-json\/wp\/v2\/pages\/3014\/revisions\/3772"}],"wp:attachment":[{"href":"https:\/\/eab-bue.infd.edu.ar\/sitio\/wp-json\/wp\/v2\/media?parent=3014"}],"curies":[{"name":"wp","href":"https:\/\/api.w.org\/{rel}","templated":true}]}}