{"id":3010,"date":"2024-12-13T12:07:27","date_gmt":"2024-12-13T15:07:27","guid":{"rendered":"https:\/\/eab-bue.infd.edu.ar\/sitio\/?page_id=3010"},"modified":"2025-11-03T09:07:03","modified_gmt":"2025-11-03T12:07:03","slug":"noviembre-2025","status":"publish","type":"page","link":"https:\/\/eab-bue.infd.edu.ar\/sitio\/noviembre-2025\/","title":{"rendered":"Noviembre 2025"},"content":{"rendered":"\n<figure class=\"wp-block-embed is-type-video is-provider-youtube wp-block-embed-youtube wp-embed-aspect-16-9 wp-has-aspect-ratio\"><div class=\"wp-block-embed__wrapper\">\n<iframe loading=\"lazy\" title=\"Noviembre 2025. Par\u00e1 la mano (2016). Arbolito\" width=\"1200\" height=\"675\" src=\"https:\/\/www.youtube.com\/embed\/xqQHdC9C5Xk?feature=oembed\" frameborder=\"0\" allow=\"accelerometer; autoplay; clipboard-write; encrypted-media; gyroscope; picture-in-picture; web-share\" referrerpolicy=\"strict-origin-when-cross-origin\" allowfullscreen><\/iframe>\n<\/div><\/figure>\n\n\n\n<p><strong>Calendario Interdisciplinario 2025&nbsp;<em>Retratos del rock nacional: compromiso y cr\u00edtica pol\u00edtico social<\/em><\/strong><br>Escuela de Arte de Berisso<\/p>\n\n\n\n<p><strong>Coordinadores:<\/strong>&nbsp;profesores Paula Pellegrino y Alejandro Pereira Ghiena; estudiantes Sheila Clidas y Sof\u00eda Garc\u00eda.<\/p>\n\n\n\n<p><strong>Par\u00e1 la mano (2016). Arbolito<\/strong><\/p>\n\n\n\n<p>\u201c<em>Par\u00e1 la mano\u201d, de la banda de rock\/folklore Arbolito, es una composici\u00f3n musical comprometida con la situaci\u00f3n pol\u00edtica, social y econ\u00f3mica vivida en Argentina a partir de los cambios impulsados por el gobierno de Macri desde diciembre de 2015.<\/em><\/p>\n\n\n\n<p><em>Entre guitarras, flautas, aires folkl\u00f3ricos fusionados con riffs y pedales de guitarra el\u00e9ctrica, la voz de Agust\u00edn Ronconi interpela de manera contundente a los responsables de\u00a0 la implementaci\u00f3n de pol\u00edticas neoliberales que impactan negativamente en la clase trabajadora de nuestro pa\u00eds causando miles de despidos, recortes en la educaci\u00f3n, casos de corrupci\u00f3n, represi\u00f3n y pobreza.<\/em><\/p>\n\n\n\n<p><em>La letra da cuenta de un claro posicionamiento pol\u00edtico, y critica abiertamente la desigualdad y la manipulaci\u00f3n de la informaci\u00f3n por parte de los medios de comunicaci\u00f3n y el gobierno<\/em>.<\/p>\n\n\n\n<p><em>El estribillo &#8216;Par\u00e1 la mano, par\u00e1&#8217; es un llamado a luchar por los derechos y sue\u00f1os y resistir contra las injusticias sociales.<\/em><\/p>\n\n\n\n<p><strong>C\u00e1tedras participantes:<\/strong><\/p>\n\n\n\n<p>M\u00fasica Latinoamericana II. Profesor Alejandro Pereira Ghiena. Profesorado en M\u00fasica (Orientaci\u00f3n Instrumento\/ Canto M\u00fasica Popular; Educaci\u00f3n Musical)<\/p>\n\n\n\n<p>M\u00fasicxs<br>Floor de Pater (voz)<br>Aixa Sanz (guitarra y voz)<br>Leonardo Barrasso (guitarra el\u00e9ctrica)<br>Mat\u00edas Luque (bajo)<br>Belmiro Lopes de Oliveira (bater\u00eda)<\/p>\n\n\n\n<p>Tecnicatura en Ilustraci\u00f3n. Profesora Paula Pellegrino.<br>Tob\u00edas Predovan (Ilustraci\u00f3n)<\/p>\n\n\n\n<p>Dise\u00f1o Gr\u00e1fico: Jos\u00e9 Grosso<\/p>\n\n\n\n<p>Grabaci\u00f3n: Alejandro Pereira Ghiena y Tecnicatura en Sonido y Grabaci\u00f3n de la Facultad de Artes, UNLP. Profesor Pablo Balut<\/p>\n\n\n\n<p>Mezcla: Tulio Simeoni<\/p>\n\n\n\n<p>Video<strong>:\u00a0<\/strong>Alejandro Pereira Ghiena y Paula Pellegrino<\/p>\n\n\n\n<div class=\"wp-block-media-text alignwide is-stacked-on-mobile\"><figure class=\"wp-block-media-text__media\"><img decoding=\"async\" loading=\"lazy\" width=\"1800\" height=\"1652\" src=\"https:\/\/eab-bue.infd.edu.ar\/sitio\/wp-content\/uploads\/2025\/11\/11-NOVIEMBRE.jpg\" alt=\"\" class=\"wp-image-3640 size-full\" srcset=\"https:\/\/eab-bue.infd.edu.ar\/sitio\/wp-content\/uploads\/2025\/11\/11-NOVIEMBRE.jpg 1800w, https:\/\/eab-bue.infd.edu.ar\/sitio\/wp-content\/uploads\/2025\/11\/11-NOVIEMBRE-1000x918.jpg 1000w, https:\/\/eab-bue.infd.edu.ar\/sitio\/wp-content\/uploads\/2025\/11\/11-NOVIEMBRE-768x705.jpg 768w, https:\/\/eab-bue.infd.edu.ar\/sitio\/wp-content\/uploads\/2025\/11\/11-NOVIEMBRE-1536x1410.jpg 1536w\" sizes=\"(max-width: 1800px) 100vw, 1800px\" \/><\/figure><div class=\"wp-block-media-text__content\">\n<p><em>Para la creaci\u00f3n de esta ilustraci\u00f3n, investigu\u00e9 sobre la situaci\u00f3n de Argentina antes del lanzamiento de la canci\u00f3n. Indagu\u00e9 acerca de acontecimientos vinculados al gobierno de ese entonces, f\u00e1bricas e industrias cerradas y seleccion\u00e9 las im\u00e1genes relevadas en esa investigaci\u00f3n para el collage. Utilic\u00e9 fotograf\u00edas sobre la marcha en contra del cierre de la planta Fanazul, de la represi\u00f3n hacia los trabajadores de la empresa av\u00edcola Cresta Roja y del caso de los Panam\u00e1 Papers.<\/em><\/p>\n\n\n\n<p><em>Tambi\u00e9n incorpor\u00e9 chistes o caracterizaciones del gobierno en ese contexto como los globos, la referencia al billete de dos pesos y gui\u00f1os hacia el gato, animal asociado al presidente de la Naci\u00f3n. <\/em><\/p>\n\n\n\n<p><em>Tob\u00edas Predovan<\/em><\/p>\n<\/div><\/div>\n\n\n\n<p><a href=\"https:\/\/eab-bue.infd.edu.ar\/sitio\/?page_id=2962\">Volver a la p\u00e1gina principal del Calendario 2025<\/a><\/p>\n","protected":false},"excerpt":{"rendered":"<p>Calendario Interdisciplinario 2025&nbsp;Retratos del rock nacional: compromiso y cr\u00edtica pol\u00edtico socialEscuela de Arte de Berisso Coordinadores:&nbsp;profesores Paula Pellegrino y Alejandro Pereira Ghiena; estudiantes Sheila Clidas y Sof\u00eda Garc\u00eda. Par\u00e1 la mano (2016). Arbolito \u201cPar\u00e1 la mano\u201d, de la banda de rock\/folklore Arbolito, es una composici\u00f3n musical comprometida con la situaci\u00f3n pol\u00edtica, social y econ\u00f3mica vivida &#8230; <a title=\"Noviembre 2025\" class=\"read-more\" href=\"https:\/\/eab-bue.infd.edu.ar\/sitio\/noviembre-2025\/\" aria-label=\"More on Noviembre 2025\">[+]<\/a><\/p>\n","protected":false},"author":24,"featured_media":0,"parent":0,"menu_order":0,"comment_status":"closed","ping_status":"closed","template":"","meta":[],"acf":[],"_links":{"self":[{"href":"https:\/\/eab-bue.infd.edu.ar\/sitio\/wp-json\/wp\/v2\/pages\/3010"}],"collection":[{"href":"https:\/\/eab-bue.infd.edu.ar\/sitio\/wp-json\/wp\/v2\/pages"}],"about":[{"href":"https:\/\/eab-bue.infd.edu.ar\/sitio\/wp-json\/wp\/v2\/types\/page"}],"author":[{"embeddable":true,"href":"https:\/\/eab-bue.infd.edu.ar\/sitio\/wp-json\/wp\/v2\/users\/24"}],"replies":[{"embeddable":true,"href":"https:\/\/eab-bue.infd.edu.ar\/sitio\/wp-json\/wp\/v2\/comments?post=3010"}],"version-history":[{"count":8,"href":"https:\/\/eab-bue.infd.edu.ar\/sitio\/wp-json\/wp\/v2\/pages\/3010\/revisions"}],"predecessor-version":[{"id":3645,"href":"https:\/\/eab-bue.infd.edu.ar\/sitio\/wp-json\/wp\/v2\/pages\/3010\/revisions\/3645"}],"wp:attachment":[{"href":"https:\/\/eab-bue.infd.edu.ar\/sitio\/wp-json\/wp\/v2\/media?parent=3010"}],"curies":[{"name":"wp","href":"https:\/\/api.w.org\/{rel}","templated":true}]}}