{"id":2998,"date":"2024-12-13T12:03:10","date_gmt":"2024-12-13T15:03:10","guid":{"rendered":"https:\/\/eab-bue.infd.edu.ar\/sitio\/?page_id=2998"},"modified":"2025-05-20T11:43:22","modified_gmt":"2025-05-20T14:43:22","slug":"julio-2025","status":"publish","type":"page","link":"https:\/\/eab-bue.infd.edu.ar\/sitio\/julio-2025\/","title":{"rendered":"Julio 2025"},"content":{"rendered":"\n<figure class=\"wp-block-embed is-type-video is-provider-youtube wp-block-embed-youtube wp-embed-aspect-16-9 wp-has-aspect-ratio\"><div class=\"wp-block-embed__wrapper\">\n<iframe loading=\"lazy\" title=\"Julio 2025. El embudo (1997). Le\u00f3n Gieco y Marcelo Berbel\" width=\"1200\" height=\"675\" src=\"https:\/\/www.youtube.com\/embed\/NXzflspi5t8?feature=oembed\" frameborder=\"0\" allow=\"accelerometer; autoplay; clipboard-write; encrypted-media; gyroscope; picture-in-picture; web-share\" referrerpolicy=\"strict-origin-when-cross-origin\" allowfullscreen><\/iframe>\n<\/div><\/figure>\n\n\n\n<p><strong>Calendario Interdisciplinario 2025 Retratos del rock nacional: compromiso y cr\u00edtica pol\u00edtico social<\/strong><br>Escuela de Arte de Berisso<\/p>\n\n\n\n<p><strong>Coordinadores:<\/strong>\u00a0profesores Paula Pellegrino y Alejandro Pereira Ghiena; estudiantes Sheila Clidas y Sof\u00eda Garc\u00eda<\/p>\n\n\n\n<p><strong>El embudo (1997). Le\u00f3n Gieco<\/strong><\/p>\n\n\n\n<p>\u201cEl embudo\u201d es una canci\u00f3n con letra del neuquino Marcelo Berbel y m\u00fasica de Le\u00f3n Gieco, quien la populariz\u00f3 en 1997, al incluirla en su disco Orozco e interpretarla junto a referentes de la contra cultura rockera de los \u201890 como Ricardo Mollo, Gustavo Santaolalla, Ricardo Iorio, Chizzo e Iv\u00e1n Noble.<br>La met\u00e1fora del embudo visualiza la injusticia econ\u00f3mica y social padecida en nuestro pa\u00eds, marcada por el extractivismo y la desigualdad. Es una cr\u00edtica contundente al sistema econ\u00f3mico que alimenta la brecha entre los privilegiados y los sometidos.<br>Frases potentes como \u201c<em>federalismo mentira desde que tengo memoria<\/em>\u201d denuncian la disparidad de oportunidades que existe entre el centro y la periferia de nuestro pa\u00eds. La lejan\u00eda respecto al centro tiene su correlato con el olvido, la desinformaci\u00f3n, la inequidad y la subordinaci\u00f3n.<br>La letra problematiza extensamente la desigual distribuci\u00f3n de la riqueza, la explotaci\u00f3n y el saqueo de los recursos naturales, al tiempo que busca generar conciencia y reflexionar sobre la importancia de luchar por la igualdad, la justicia y el respeto a los derechos humanos para promover un cambio en la sociedad.<br>La estructura de los versos escritos en d\u00e9cimas nos permiti\u00f3 crear una versi\u00f3n que juega con el acompa\u00f1amiento t\u00edpico de la milonga campera y el rock de guitarras distorsionadas y ritmos ternarios.<\/p>\n\n\n\n<p><strong>C\u00e1tedras participantes:<\/strong><\/p>\n\n\n\n<p>M\u00fasica Latinoamericana I. Profesor Alejandro Pereira Ghiena.<br>Profesorado en M\u00fasica (Orientaci\u00f3n Instrumento\/ Canto M\u00fasica Popular; Educaci\u00f3n Musical)<\/p>\n\n\n\n<p><strong>Int\u00e9rpretes:<\/strong><br>Nadia Sam\u00e1 (voz) <br>Luc\u00eda Deluca (voz) <br>Charo Albamonte (voz) <br>Nicol\u00e1s Liendo (voz y guitarra el\u00e9ctrica)<br>Javier Massera (voz y guitarra el\u00e9ctrica) <br>Jes\u00fas Cordero (voz y guitarra criolla) <br>Daiana Barros (guitarra criolla) <br>Guillermo Negronida (bajo)<br>Belmiro Lopes de Oliveira (bater\u00eda) <\/p>\n\n\n\n<p>Taller de Ilustraci\u00f3n III. Profesora Paula Pellegrino<br>Tecnicatura en Ilustraci\u00f3n<br>M\u00f3nica Jorajur\u00eda (ilustraci\u00f3n) FB M\u00f3nica Jorajur\u00eda<\/p>\n\n\n\n<p>Grabaci\u00f3n: Tecnicatura en Sonido y Grabaci\u00f3n de la Facultad de Artes, UNLP. Profesor Pablo Balut @pablo_balut<\/p>\n\n\n\n<p>Mezcla: Tecnicatura en Sonido y Grabaci\u00f3n de la Facultad de Artes, UNLP. Profesor Santiago \u00c1vila @sgo.avila<\/p>\n\n\n\n<p>Edici\u00f3n de video: Alejandro Pereira Ghiena y Paula Pellegrino<\/p>\n\n\n\n<div class=\"wp-block-media-text alignwide is-stacked-on-mobile\"><figure class=\"wp-block-media-text__media\"><img decoding=\"async\" loading=\"lazy\" width=\"1866\" height=\"1712\" src=\"https:\/\/eab-bue.infd.edu.ar\/sitio\/wp-content\/uploads\/2025\/05\/07-JULIO.png\" alt=\"\" class=\"wp-image-3415 size-full\" srcset=\"https:\/\/eab-bue.infd.edu.ar\/sitio\/wp-content\/uploads\/2025\/05\/07-JULIO.png 1866w, https:\/\/eab-bue.infd.edu.ar\/sitio\/wp-content\/uploads\/2025\/05\/07-JULIO-1000x917.png 1000w, https:\/\/eab-bue.infd.edu.ar\/sitio\/wp-content\/uploads\/2025\/05\/07-JULIO-768x705.png 768w, https:\/\/eab-bue.infd.edu.ar\/sitio\/wp-content\/uploads\/2025\/05\/07-JULIO-1536x1409.png 1536w\" sizes=\"(max-width: 1866px) 100vw, 1866px\" \/><\/figure><div class=\"wp-block-media-text__content\">\n<p><em>\u201cEn el proceso creativo part\u00ed de la met\u00e1fora del embudo, \u201cnada viene y todo va\u201d, la ruta se fuga en la l\u00ednea de horizonte enmarcada entre oleoductos y gasoductos, v\u00eda de escape de la materia prima y el producto del trabajo de los habitantes de la Patagonia que llegan a las grandes capitales para su explotaci\u00f3n.<\/em><\/p>\n\n\n\n<p><em>El horizonte est\u00e1 surcado por el impacto ambiental de una mina a cielo abierto; mientras la cueva de las manos es una cita a los pobladores originarios de la Patagonia.<\/em><\/p>\n\n\n\n<p><em>El color azul verdoso simboliza los recursos naturales que son m\u00e1s valiosos que el oro y codician los capitales extranjeros.<\/em><\/p>\n\n\n\n<p><em>Para retratar a Le\u00f3n Gieco me bas\u00e9 en una fotograf\u00eda que data del a\u00f1o en el que \u00e9l populariz\u00f3 la canci\u00f3n El embudo y la coloqu\u00e9 en un cartel rutero como un llamado de alerta sobre las problem\u00e1ticas que nos atraviesan a todos\u201d. <\/em><\/p>\n\n\n\n<p><em>M\u00f3nica Jorajur\u00eda<\/em><\/p>\n<\/div><\/div>\n\n\n\n<p><a href=\"https:\/\/eab-bue.infd.edu.ar\/sitio\/?page_id=2962\">Volver a la p\u00e1gina principal del Calendario 2025<\/a><\/p>\n","protected":false},"excerpt":{"rendered":"<p>Calendario Interdisciplinario 2025 Retratos del rock nacional: compromiso y cr\u00edtica pol\u00edtico socialEscuela de Arte de Berisso Coordinadores:\u00a0profesores Paula Pellegrino y Alejandro Pereira Ghiena; estudiantes Sheila Clidas y Sof\u00eda Garc\u00eda El embudo (1997). Le\u00f3n Gieco \u201cEl embudo\u201d es una canci\u00f3n con letra del neuquino Marcelo Berbel y m\u00fasica de Le\u00f3n Gieco, quien la populariz\u00f3 en 1997, &#8230; <a title=\"Julio 2025\" class=\"read-more\" href=\"https:\/\/eab-bue.infd.edu.ar\/sitio\/julio-2025\/\" aria-label=\"More on Julio 2025\">[+]<\/a><\/p>\n","protected":false},"author":24,"featured_media":0,"parent":0,"menu_order":0,"comment_status":"closed","ping_status":"closed","template":"","meta":[],"acf":[],"_links":{"self":[{"href":"https:\/\/eab-bue.infd.edu.ar\/sitio\/wp-json\/wp\/v2\/pages\/2998"}],"collection":[{"href":"https:\/\/eab-bue.infd.edu.ar\/sitio\/wp-json\/wp\/v2\/pages"}],"about":[{"href":"https:\/\/eab-bue.infd.edu.ar\/sitio\/wp-json\/wp\/v2\/types\/page"}],"author":[{"embeddable":true,"href":"https:\/\/eab-bue.infd.edu.ar\/sitio\/wp-json\/wp\/v2\/users\/24"}],"replies":[{"embeddable":true,"href":"https:\/\/eab-bue.infd.edu.ar\/sitio\/wp-json\/wp\/v2\/comments?post=2998"}],"version-history":[{"count":5,"href":"https:\/\/eab-bue.infd.edu.ar\/sitio\/wp-json\/wp\/v2\/pages\/2998\/revisions"}],"predecessor-version":[{"id":3419,"href":"https:\/\/eab-bue.infd.edu.ar\/sitio\/wp-json\/wp\/v2\/pages\/2998\/revisions\/3419"}],"wp:attachment":[{"href":"https:\/\/eab-bue.infd.edu.ar\/sitio\/wp-json\/wp\/v2\/media?parent=2998"}],"curies":[{"name":"wp","href":"https:\/\/api.w.org\/{rel}","templated":true}]}}