{"id":2995,"date":"2024-12-13T12:02:32","date_gmt":"2024-12-13T15:02:32","guid":{"rendered":"https:\/\/eab-bue.infd.edu.ar\/sitio\/?page_id=2995"},"modified":"2025-01-31T18:01:59","modified_gmt":"2025-01-31T21:01:59","slug":"junio-2025","status":"publish","type":"page","link":"https:\/\/eab-bue.infd.edu.ar\/sitio\/junio-2025\/","title":{"rendered":"Junio 2025"},"content":{"rendered":"\n<figure class=\"wp-block-embed is-type-video is-provider-youtube wp-block-embed-youtube wp-embed-aspect-16-9 wp-has-aspect-ratio\"><div class=\"wp-block-embed__wrapper\">\n<iframe loading=\"lazy\" title=\"Junio 2025. A la carga mi Rocanrol (1996). La Renga\" width=\"1200\" height=\"675\" src=\"https:\/\/www.youtube.com\/embed\/Mf7HkTl7y1k?feature=oembed\" frameborder=\"0\" allow=\"accelerometer; autoplay; clipboard-write; encrypted-media; gyroscope; picture-in-picture; web-share\" referrerpolicy=\"strict-origin-when-cross-origin\" allowfullscreen><\/iframe>\n<\/div><\/figure>\n\n\n\n<p><strong>Calendario Interdisciplinario 2025 Retratos del rock nacional: compromiso y cr\u00edtica pol\u00edtico social<\/strong><br>Escuela de Arte de Berisso<\/p>\n\n\n\n<p><strong>Coordinadores:<\/strong> profesores Paula Pellegrino y Alejandro Pereira Ghiena; estudiantes Sheila Clidas y Sof\u00eda Garc\u00eda<\/p>\n\n\n\n<p><strong>A la carga mi rocanrol (1996). La Renga<\/strong><\/p>\n\n\n\n<p>Gustavo \u201cChizzo\u201d N\u00e1poli compuso \u201cA la carga mi rocanrol\u201d en respuesta tanto a la censura a una de sus canciones que solicitaba la embajada de Bolivia como al ataque que recib\u00eda la banda por parte de algunos medios de comunicaci\u00f3n. Todo comenz\u00f3 cuando La Renga grab\u00f3 el \u201cBlues de Bolivia\u201d en el disco en vivo \u201cBailando en una pata\u201d en 1994. Esta canci\u00f3n presenta una cr\u00edtica al tratamiento que el poder le da al narcotr\u00e1fico y al consumo de drogas con frases como <em>\u201cCoca\u00edna, coca\u00edna, se la quedan los de arriba\/coca\u00edna, marihuana, prenden fuego y no queman nada.\u201d<\/em> Al difundirse la canci\u00f3n, la embajada de Bolivia solicit\u00f3 al COMFER que censure la obra, y a la banda que pida disculpas p\u00fablicas. Esto fue tomando mayor dimensi\u00f3n con el tratamiento sesgado de los medios de comunicaci\u00f3n, incluso aquellos especializados en Rock Nacional. Lejos de dejarse amedrentar y ceder ante aquellos ataques, La Renga grab\u00f3 \u201cA la carga mi rocanrol\u201d como una bandera en defensa de la libertad de expresi\u00f3n art\u00edstica y de la cr\u00edtica pol\u00edtica y social que siempre caracteriz\u00f3 al movimiento contracultural representado por el rock nacional. La canci\u00f3n est\u00e1 incluida en el disco que populariz\u00f3 masivamente a la banda (Despedazado por mil partes, 1996) y resulta una s\u00edntesis perfecta del poder de denuncia y cr\u00edtica que tiene el rock cuando las palabras se multiplican por millones en las voces que las replican.<\/p>\n\n\n\n<p><em>Vas a usar tu prensa para aplastarme,<br>y a la canci\u00f3n de la vida vas a desterrar.<\/em><br><em><br>Vas a estar perdiendo el tiempo,<br>porque atr\u00e1s nuestro viene un viento<br>que derriba todo lo que toca,<br>porque mi canto ya tiene otras bocas<br>y ya nadie lo puede callar.<\/em><\/p>\n\n\n\n<p><strong>Participantes:<\/strong><\/p>\n\n\n\n<p>Ensamble de estudiantes y docentes.<br>Profesorado en M\u00fasica.<\/p>\n\n\n\n<p><strong>Int\u00e9rpretes:<\/strong><br>Nicol\u00e1s Liendo (voz y guitarra el\u00e9ctrica)<br>Alejandro Pereira Ghiena (bajo)<br>Homero Serra (bater\u00eda)<br>Alfonso \u201cChipi\u201d Guevara (saxo)<\/p>\n\n\n\n<p>Taller de Ilustraci\u00f3n III. Profesora Paula Pellegrino<br>Tecnicatura en Ilustraci\u00f3n<br>Agustina De Los Reyes (ilustraci\u00f3n) <\/p>\n\n\n\n<p>Grabaci\u00f3n: Tecnicatura en Sonido y Grabaci\u00f3n de la Facultad de Artes, UNLP. Profesor Pablo Balut<\/p>\n\n\n\n<p>Mezcla: Tecnicatura en Sonido y Grabaci\u00f3n de la Facultad de Artes, UNLP. Profesor Santiago \u00c1vila.<\/p>\n\n\n\n<p>Edici\u00f3n de video: Alejandro Pereira Ghiena y Paula Pellegrino.<\/p>\n\n\n\n<p><\/p>\n\n\n\n<div class=\"wp-block-media-text alignwide is-stacked-on-mobile\"><figure class=\"wp-block-media-text__media\"><img decoding=\"async\" loading=\"lazy\" width=\"1866\" height=\"1713\" src=\"https:\/\/eab-bue.infd.edu.ar\/sitio\/wp-content\/uploads\/2025\/01\/06-JUNIO.jpg\" alt=\"\" class=\"wp-image-3086 size-full\" srcset=\"https:\/\/eab-bue.infd.edu.ar\/sitio\/wp-content\/uploads\/2025\/01\/06-JUNIO.jpg 1866w, https:\/\/eab-bue.infd.edu.ar\/sitio\/wp-content\/uploads\/2025\/01\/06-JUNIO-1000x918.jpg 1000w, https:\/\/eab-bue.infd.edu.ar\/sitio\/wp-content\/uploads\/2025\/01\/06-JUNIO-768x705.jpg 768w, https:\/\/eab-bue.infd.edu.ar\/sitio\/wp-content\/uploads\/2025\/01\/06-JUNIO-1536x1410.jpg 1536w\" sizes=\"(max-width: 1866px) 100vw, 1866px\" \/><\/figure><div class=\"wp-block-media-text__content\">\n<p><\/p>\n\n\n\n<p><em>\u201cEn este trabajo quise fusionar el poder de la m\u00fasica con el contexto social de la \u00e9poca, tomando \u00abA la carga mi rocanrol\u00bb de La Renga como el tema seleccionado que me transportaba a mi adolescencia rebelde y llena de energ\u00eda. El primer paso fue escuchar la canci\u00f3n repetidamente para inspirarme; el tema es toda una mezcla de fuerza, rebeli\u00f3n y esperanza. La letra me hizo reflexionar sobre c\u00f3mo el rock fue un motor de cambio en tiempos de crisis en Argentina.<\/em><\/p>\n\n\n\n<p><em>Comenc\u00e9\u0301 haciendo bocetos en ibis paint: el retrato del cantante ten\u00eda que transmitir liderazgo, pura pasi\u00f3n bien argenta y determinaci\u00f3n, como si \u00e9l mismo (el cantante) estuviera al frente de una revoluci\u00f3n. Para el fondo pens\u00e9 en chicos movilizados, en carteles que alzaran la voz contra la desinformaci\u00f3n y la manipulaci\u00f3n de los medios. El proceso fue relativamente fluido pero dif\u00edcil. Quer\u00eda que el retrato captara la intensidad emocional de la canci\u00f3n que iba de la mano con el color rojo anaranjado que seleccion\u00e9 para trabajar; ese rock bueno, que despierta las ganas de saltar y emocionarse, por lo que trabaj\u00e9 especialmente en la expresi\u00f3n del cantante.<\/em><\/p>\n\n\n\n<p><em>El globo de texto con la frase \u00ab\u00a1A la carga mi Rock and Roll!\u00bb fue mi manera de conectar al p\u00fablico con el mensaje central de la ilustraci\u00f3n: un llamado a no quedarse callados frente a los desaf\u00edos. Espero que les guste\u201d. Agustina De los Reyes<\/em><\/p>\n<\/div><\/div>\n\n\n\n<p><\/p>\n\n\n\n<p><a href=\"https:\/\/eab-bue.infd.edu.ar\/sitio\/?page_id=2962\">Volver a la p\u00e1gina principal del Calendario 2025<\/a><\/p>\n","protected":false},"excerpt":{"rendered":"<p>Calendario Interdisciplinario 2025 Retratos del rock nacional: compromiso y cr\u00edtica pol\u00edtico socialEscuela de Arte de Berisso Coordinadores: profesores Paula Pellegrino y Alejandro Pereira Ghiena; estudiantes Sheila Clidas y Sof\u00eda Garc\u00eda A la carga mi rocanrol (1996). La Renga Gustavo \u201cChizzo\u201d N\u00e1poli compuso \u201cA la carga mi rocanrol\u201d en respuesta tanto a la censura a una &#8230; <a title=\"Junio 2025\" class=\"read-more\" href=\"https:\/\/eab-bue.infd.edu.ar\/sitio\/junio-2025\/\" aria-label=\"More on Junio 2025\">[+]<\/a><\/p>\n","protected":false},"author":24,"featured_media":0,"parent":0,"menu_order":0,"comment_status":"closed","ping_status":"closed","template":"","meta":[],"acf":[],"_links":{"self":[{"href":"https:\/\/eab-bue.infd.edu.ar\/sitio\/wp-json\/wp\/v2\/pages\/2995"}],"collection":[{"href":"https:\/\/eab-bue.infd.edu.ar\/sitio\/wp-json\/wp\/v2\/pages"}],"about":[{"href":"https:\/\/eab-bue.infd.edu.ar\/sitio\/wp-json\/wp\/v2\/types\/page"}],"author":[{"embeddable":true,"href":"https:\/\/eab-bue.infd.edu.ar\/sitio\/wp-json\/wp\/v2\/users\/24"}],"replies":[{"embeddable":true,"href":"https:\/\/eab-bue.infd.edu.ar\/sitio\/wp-json\/wp\/v2\/comments?post=2995"}],"version-history":[{"count":5,"href":"https:\/\/eab-bue.infd.edu.ar\/sitio\/wp-json\/wp\/v2\/pages\/2995\/revisions"}],"predecessor-version":[{"id":3416,"href":"https:\/\/eab-bue.infd.edu.ar\/sitio\/wp-json\/wp\/v2\/pages\/2995\/revisions\/3416"}],"wp:attachment":[{"href":"https:\/\/eab-bue.infd.edu.ar\/sitio\/wp-json\/wp\/v2\/media?parent=2995"}],"curies":[{"name":"wp","href":"https:\/\/api.w.org\/{rel}","templated":true}]}}