{"id":2992,"date":"2024-12-13T12:00:55","date_gmt":"2024-12-13T15:00:55","guid":{"rendered":"https:\/\/eab-bue.infd.edu.ar\/sitio\/?page_id=2992"},"modified":"2025-01-31T11:09:41","modified_gmt":"2025-01-31T14:09:41","slug":"mayo-2025","status":"publish","type":"page","link":"https:\/\/eab-bue.infd.edu.ar\/sitio\/mayo-2025\/","title":{"rendered":"Mayo 2025"},"content":{"rendered":"\n<figure class=\"wp-block-embed is-type-video is-provider-youtube wp-block-embed-youtube wp-embed-aspect-16-9 wp-has-aspect-ratio\"><div class=\"wp-block-embed__wrapper\">\n<iframe loading=\"lazy\" title=\"Mayo 2025. Sola en los bares (1991). Man Ray\" width=\"1200\" height=\"675\" src=\"https:\/\/www.youtube.com\/embed\/kyV3_9lKO5s?feature=oembed\" frameborder=\"0\" allow=\"accelerometer; autoplay; clipboard-write; encrypted-media; gyroscope; picture-in-picture; web-share\" referrerpolicy=\"strict-origin-when-cross-origin\" allowfullscreen><\/iframe>\n<\/div><\/figure>\n\n\n\n<p><strong>Calendario Interdisciplinario 2025 <em>Retratos del rock nacional: compromiso y cr\u00edtica pol\u00edtico social<\/em><\/strong><br>Escuela de Arte de Berisso<\/p>\n\n\n\n<p><strong>Coordinadores:<\/strong> profesores Paula Pellegrino y Alejandro Pereira Ghiena; estudiantes Sheila Clidas y Sof\u00eda Garc\u00eda<\/p>\n\n\n\n<p><strong>Sola en los bares (1991). Man Ray<\/strong><\/p>\n\n\n\n<p>Considerada una de las primeras canciones del rock argentino que visibiliza a una persona trans, \u201cSola en los bares\u201d escrita en 1989 por Hilda Lizarazu para Man Ray, con melod\u00eda de Tito Losavio, retrata con una mirada atenta la situaci\u00f3n de una persona trans en un contexto donde las diversidades sexuales estaban arrinconadas en los m\u00e1rgenes de la sociedad y vulneradas en sus derechos.<\/p>\n\n\n\n<p>Cuenta Lizarazu que viajando en colectivo observ\u00f3 a trav\u00e9s de la ventanilla una persona trans con semblante melanc\u00f3lico parada sobre la calle Bartolom\u00e9 Mitre; la letra de \u201cSola en los bares\u201d surge del encuentro fugaz con esa realidad y todas las reflexiones e inquietudes que en ella despierta. Hilda pone en palabras el conflicto emocional suscitado en alguien que se siente mujer, pero est\u00e1 encerrada en el cuerpo (biol\u00f3gico) de un hombre. La tem\u00e1tica del travestismo, por aquellos a\u00f1os, estaba bastante vedada en el debate p\u00fablico; siendo la problematizaci\u00f3n de su exclusi\u00f3n y violencia una jugada trasgresi\u00f3n.<\/p>\n\n\n\n<p><strong>Participantes:<\/strong><\/p>\n\n\n\n<p>Ensamble de estudiantes<br>Profesorado de M\u00fasica (Orientaci\u00f3n Instrumento y canto popular)<\/p>\n\n\n\n<p><strong>Int\u00e9rpretes:<\/strong><br>Triana Redondel (voz) <br>Javier Massera (guitarra) <\/p>\n\n\n\n<p>Tecnicatura en Ilustraci\u00f3n. Profesora Paula Pellegrino<br>Andr\u00e9s Barrera (ilustraci\u00f3n) <\/p>\n\n\n\n<p>Grabaci\u00f3n: Tecnicatura en Sonido y Grabaci\u00f3n de la Facultad de Artes, UNLP. Profesor Pablo Balut<\/p>\n\n\n\n<p>Mezcla: Tecnicatura en Sonido y Grabaci\u00f3n de la Facultad de Artes, UNLP. Profesor Santiago \u00c1vila.<\/p>\n\n\n\n<p>Edici\u00f3n de video: Alejandro Pereira Ghiena y Paula Pellegrino.<\/p>\n\n\n\n<p><\/p>\n\n\n\n<div class=\"wp-block-media-text alignwide is-stacked-on-mobile\"><figure class=\"wp-block-media-text__media\"><img decoding=\"async\" loading=\"lazy\" width=\"18662\" height=\"17127\" src=\"https:\/\/eab-bue.infd.edu.ar\/sitio\/wp-content\/uploads\/2025\/01\/05-MAYO.png\" alt=\"\" class=\"wp-image-3083 size-full\"\/><\/figure><div class=\"wp-block-media-text__content\">\n<p><\/p>\n\n\n\n<p><em>\u201cLa obra es un homenaje visual que mezcla arte, m\u00fasica y activismo, destacando la lucha por la visibilidad trans dentro de la comunidad LGBTIQ+.<\/em><\/p>\n\n\n\n<p><em>El retrato central de Hilda Lizarazu, acompa\u00f1ado por la frase \u201cNo era hombre ni mujer, se transformaba\u201d de la canci\u00f3n \u201cSola en los bares\u201d de Man Ray, encapsula la fluidez identitaria y la resistencia.<\/em><\/p>\n\n\n\n<p><em>Mediante la t\u00e9cnica del collage digital, se combinan ilustraciones, fotograf\u00edas vintage y s\u00edmbolos musicales en una narrativa que mezcla pasado y presente.<\/em><\/p>\n\n\n\n<p><em>El color azul domina la composici\u00f3n, evocando melancol\u00eda, introspecci\u00f3n y resiliencia, mientras unifica visualmente los elementos.<\/em><\/p>\n\n\n\n<p><em>Las texturas y palabras de fondo como homofobia y trans denuncian la exclusi\u00f3n y violencia, a la vez que los \u00edconos musicales reivindican el arte como un espacio de resistencia.<\/em><\/p>\n\n\n\n<p><em>Esta pieza, cargada de simbolismo, es tanto una declaraci\u00f3n pol\u00edtica como un tributo po\u00e9tico a la transformaci\u00f3n y la libertad\u201d. Andr\u00e9s Barrera<\/em><\/p>\n\n\n\n<p><\/p>\n<\/div><\/div>\n\n\n\n<p><a href=\"https:\/\/eab-bue.infd.edu.ar\/sitio\/?page_id=2962\">Volver a la p\u00e1gina principal del Calendario 2025<\/a><\/p>\n","protected":false},"excerpt":{"rendered":"<p>Calendario Interdisciplinario 2025 Retratos del rock nacional: compromiso y cr\u00edtica pol\u00edtico socialEscuela de Arte de Berisso Coordinadores: profesores Paula Pellegrino y Alejandro Pereira Ghiena; estudiantes Sheila Clidas y Sof\u00eda Garc\u00eda Sola en los bares (1991). Man Ray Considerada una de las primeras canciones del rock argentino que visibiliza a una persona trans, \u201cSola en los &#8230; <a title=\"Mayo 2025\" class=\"read-more\" href=\"https:\/\/eab-bue.infd.edu.ar\/sitio\/mayo-2025\/\" aria-label=\"More on Mayo 2025\">[+]<\/a><\/p>\n","protected":false},"author":24,"featured_media":0,"parent":0,"menu_order":0,"comment_status":"closed","ping_status":"closed","template":"","meta":[],"acf":[],"_links":{"self":[{"href":"https:\/\/eab-bue.infd.edu.ar\/sitio\/wp-json\/wp\/v2\/pages\/2992"}],"collection":[{"href":"https:\/\/eab-bue.infd.edu.ar\/sitio\/wp-json\/wp\/v2\/pages"}],"about":[{"href":"https:\/\/eab-bue.infd.edu.ar\/sitio\/wp-json\/wp\/v2\/types\/page"}],"author":[{"embeddable":true,"href":"https:\/\/eab-bue.infd.edu.ar\/sitio\/wp-json\/wp\/v2\/users\/24"}],"replies":[{"embeddable":true,"href":"https:\/\/eab-bue.infd.edu.ar\/sitio\/wp-json\/wp\/v2\/comments?post=2992"}],"version-history":[{"count":3,"href":"https:\/\/eab-bue.infd.edu.ar\/sitio\/wp-json\/wp\/v2\/pages\/2992\/revisions"}],"predecessor-version":[{"id":3084,"href":"https:\/\/eab-bue.infd.edu.ar\/sitio\/wp-json\/wp\/v2\/pages\/2992\/revisions\/3084"}],"wp:attachment":[{"href":"https:\/\/eab-bue.infd.edu.ar\/sitio\/wp-json\/wp\/v2\/media?parent=2992"}],"curies":[{"name":"wp","href":"https:\/\/api.w.org\/{rel}","templated":true}]}}