{"id":2989,"date":"2024-12-13T11:59:43","date_gmt":"2024-12-13T14:59:43","guid":{"rendered":"https:\/\/eab-bue.infd.edu.ar\/sitio\/?page_id=2989"},"modified":"2025-01-31T21:33:58","modified_gmt":"2025-02-01T00:33:58","slug":"abril-2025","status":"publish","type":"page","link":"https:\/\/eab-bue.infd.edu.ar\/sitio\/abril-2025\/","title":{"rendered":"Abril 2025"},"content":{"rendered":"\n<figure class=\"wp-block-embed is-type-video is-provider-youtube wp-block-embed-youtube wp-embed-aspect-16-9 wp-has-aspect-ratio\"><div class=\"wp-block-embed__wrapper\">\n<iframe loading=\"lazy\" title=\"Abril 2025. Nuestro amo juega al esclavo (1989). Patricio Rey y sus Redonditos de Ricota\" width=\"1200\" height=\"675\" src=\"https:\/\/www.youtube.com\/embed\/dlRNKN_rAq4?feature=oembed\" frameborder=\"0\" allow=\"accelerometer; autoplay; clipboard-write; encrypted-media; gyroscope; picture-in-picture; web-share\" referrerpolicy=\"strict-origin-when-cross-origin\" allowfullscreen><\/iframe>\n<\/div><\/figure>\n\n\n\n<p><strong>Calendario Interdisciplinario 2025 Retratos del rock nacional: compromiso y cr\u00edtica pol\u00edtico social<\/strong><br>Escuela de Arte de Berisso<\/p>\n\n\n\n<p><strong>Coordinadores:<\/strong> profesores Paula Pellegrino y Alejandro Pereira Ghiena; estudiantes Sheila Clidas y Sof\u00eda Garc\u00eda<\/p>\n\n\n\n<p><strong>Nuestro amo juega al esclavo (1989). Patricio Rey y sus Redonditos de Ricota<\/strong><\/p>\n\n\n\n<p>Nuestro amo juega al esclavo es la canci\u00f3n que cierra el disco \u00a1Bang, bang! Est\u00e1s liquidado de Patricio Rey y sus Redonditos de Ricota publicado en 1989. Fue compuesta por el Indio Solari y Skay Beilinson con estrofas cargadas de im\u00e1genes que dan cuenta de un peligroso contexto pol\u00edtico y social.<\/p>\n\n\n\n<p>La crisis pol\u00edtica y econ\u00f3mica del gobierno de Alfons\u00edn de aquellos a\u00f1os golpeaba duramente en las clases sociales medias y bajas, mientras que los levantamientos carapintadas hac\u00edan resurgir el fantasma de una nueva dictadura militar. En este contexto, la letra de la canci\u00f3n da cuenta de las din\u00e1micas de poder de la sociedad, criticando las estrategias de victimizaci\u00f3n de los poderes econ\u00f3micos y pol\u00edticos, y la manipulaci\u00f3n de la verdad como m\u00e9todo violento de dominaci\u00f3n. Estas ideas est\u00e1n enfatizadas con un ritmo inicial de bater\u00eda que parece remitir a una marcha militar y con riffs potentes de guitarras que introducen y cierran las estrofas.<\/p>\n\n\n\n<p><strong>C\u00e1tedras participantes:<\/strong><\/p>\n\n\n\n<p>M\u00fasica Latinoamericana I. Profesor Alejandro Pereira Ghiena.<br>Profesorado en M\u00fasica (Orientaci\u00f3n Instrumento\/ Canto M\u00fasica Popular; Educaci\u00f3n Musical)<\/p>\n\n\n\n<p><strong>Int\u00e9rpretes:<\/strong><br>Nadia Sam\u00e1 (voz)<br>Javier Massera (guitarra el\u00e9ctrica)<br>Nicol\u00e1s Liendo (guitarra el\u00e9ctrica)<br>Charo Albamonte (bajo)<br>Belmiro Lopes de Oliveira (bater\u00eda)<br>Alfonso \u201cChipi\u201d Guevara (saxo)<\/p>\n\n\n\n<p>Taller de Ilustraci\u00f3n III. Profesora Paula Pellegrino<br>Tecnicatura en Ilustraci\u00f3n<br>Margarita Su\u00e1rez (ilustraci\u00f3n) <\/p>\n\n\n\n<p>Grabaci\u00f3n: Tecnicatura en Sonido y Grabaci\u00f3n de la Facultad de Artes, UNLP. Profesor Pablo Balut<\/p>\n\n\n\n<p>Mezcla: Tecnicatura en Sonido y Grabaci\u00f3n de la Facultad de Artes, UNLP. Profesor Santiago \u00c1vila<\/p>\n\n\n\n<p>Edici\u00f3n de video: Alejandro Pereira Ghiena y Paula Pellegrino<\/p>\n\n\n\n<p><\/p>\n\n\n\n<div class=\"wp-block-media-text alignwide is-stacked-on-mobile\"><figure class=\"wp-block-media-text__media\"><img decoding=\"async\" loading=\"lazy\" width=\"1866\" height=\"1713\" src=\"https:\/\/eab-bue.infd.edu.ar\/sitio\/wp-content\/uploads\/2025\/01\/04-ABRIL.jpg\" alt=\"\" class=\"wp-image-3077 size-full\" srcset=\"https:\/\/eab-bue.infd.edu.ar\/sitio\/wp-content\/uploads\/2025\/01\/04-ABRIL.jpg 1866w, https:\/\/eab-bue.infd.edu.ar\/sitio\/wp-content\/uploads\/2025\/01\/04-ABRIL-1000x918.jpg 1000w, https:\/\/eab-bue.infd.edu.ar\/sitio\/wp-content\/uploads\/2025\/01\/04-ABRIL-768x705.jpg 768w, https:\/\/eab-bue.infd.edu.ar\/sitio\/wp-content\/uploads\/2025\/01\/04-ABRIL-1536x1410.jpg 1536w\" sizes=\"(max-width: 1866px) 100vw, 1866px\" \/><\/figure><div class=\"wp-block-media-text__content\">\n<p><\/p>\n\n\n\n<p><em>\u201cCrear esta ilustraci\u00f3n fue un proceso donde fusion\u00e9 m\u00fasica, simbolismos personales y experimentaci\u00f3n visual para dar forma a una obra que es tanto una interpretaci\u00f3n de una canci\u00f3n como un di\u00e1logo abierto con el espectador.<\/em><\/p>\n\n\n\n<p><em>El uso del rojo viol\u00e1ceo y la frase \u00abviolencia es mentir\u00bb no solo me permitieron explorar la paleta emocional de la canci\u00f3n, sino tambi\u00e9n conectar sus temas con una visi\u00f3n propia cargada de tensi\u00f3n, reflexi\u00f3n y significado.<\/em><\/p>\n\n\n\n<p><em>Trabaj\u00e9 con el rojo viol\u00e1ceo como base de la composici\u00f3n, ya que este tono tiene la capacidad de evocar emociones intensas como el conflicto, el peligro, la opresi\u00f3n y la pasi\u00f3n. Este color es perfecto para comunicar la tensi\u00f3n emocional y simb\u00f3lica que la canci\u00f3n y su letra sugieren\u201d. Margarita Suarez<\/em><\/p>\n\n\n\n<p><\/p>\n<\/div><\/div>\n\n\n\n<p><\/p>\n\n\n\n<p><a href=\"https:\/\/eab-bue.infd.edu.ar\/sitio\/?page_id=2962\">Volver a la p\u00e1gina principal del Calendario 2025<\/a><\/p>\n","protected":false},"excerpt":{"rendered":"<p>Calendario Interdisciplinario 2025 Retratos del rock nacional: compromiso y cr\u00edtica pol\u00edtico socialEscuela de Arte de Berisso Coordinadores: profesores Paula Pellegrino y Alejandro Pereira Ghiena; estudiantes Sheila Clidas y Sof\u00eda Garc\u00eda Nuestro amo juega al esclavo (1989). Patricio Rey y sus Redonditos de Ricota Nuestro amo juega al esclavo es la canci\u00f3n que cierra el disco &#8230; <a title=\"Abril 2025\" class=\"read-more\" href=\"https:\/\/eab-bue.infd.edu.ar\/sitio\/abril-2025\/\" aria-label=\"More on Abril 2025\">[+]<\/a><\/p>\n","protected":false},"author":4,"featured_media":0,"parent":0,"menu_order":0,"comment_status":"closed","ping_status":"closed","template":"","meta":[],"acf":[],"_links":{"self":[{"href":"https:\/\/eab-bue.infd.edu.ar\/sitio\/wp-json\/wp\/v2\/pages\/2989"}],"collection":[{"href":"https:\/\/eab-bue.infd.edu.ar\/sitio\/wp-json\/wp\/v2\/pages"}],"about":[{"href":"https:\/\/eab-bue.infd.edu.ar\/sitio\/wp-json\/wp\/v2\/types\/page"}],"author":[{"embeddable":true,"href":"https:\/\/eab-bue.infd.edu.ar\/sitio\/wp-json\/wp\/v2\/users\/4"}],"replies":[{"embeddable":true,"href":"https:\/\/eab-bue.infd.edu.ar\/sitio\/wp-json\/wp\/v2\/comments?post=2989"}],"version-history":[{"count":6,"href":"https:\/\/eab-bue.infd.edu.ar\/sitio\/wp-json\/wp\/v2\/pages\/2989\/revisions"}],"predecessor-version":[{"id":3097,"href":"https:\/\/eab-bue.infd.edu.ar\/sitio\/wp-json\/wp\/v2\/pages\/2989\/revisions\/3097"}],"wp:attachment":[{"href":"https:\/\/eab-bue.infd.edu.ar\/sitio\/wp-json\/wp\/v2\/media?parent=2989"}],"curies":[{"name":"wp","href":"https:\/\/api.w.org\/{rel}","templated":true}]}}