{"id":2975,"date":"2024-12-13T11:47:00","date_gmt":"2024-12-13T14:47:00","guid":{"rendered":"https:\/\/eab-bue.infd.edu.ar\/sitio\/?page_id=2975"},"modified":"2025-01-31T21:27:01","modified_gmt":"2025-02-01T00:27:01","slug":"marzo-2025","status":"publish","type":"page","link":"https:\/\/eab-bue.infd.edu.ar\/sitio\/marzo-2025\/","title":{"rendered":"Marzo 2025"},"content":{"rendered":"\n<figure class=\"wp-block-embed is-type-video is-provider-youtube wp-block-embed-youtube wp-embed-aspect-16-9 wp-has-aspect-ratio\"><div class=\"wp-block-embed__wrapper\">\n<iframe loading=\"lazy\" title=\"Marzo 2025. Me vuelvo cada d\u00eda mas loca (1982). Celeste Carballo\" width=\"1200\" height=\"675\" src=\"https:\/\/www.youtube.com\/embed\/O_buMvRWh00?feature=oembed\" frameborder=\"0\" allow=\"accelerometer; autoplay; clipboard-write; encrypted-media; gyroscope; picture-in-picture; web-share\" referrerpolicy=\"strict-origin-when-cross-origin\" allowfullscreen><\/iframe>\n<\/div><\/figure>\n\n\n\n<p><strong>Calendario Interdisciplinario 2025 Retratos del rock nacional: compromiso y cr\u00edtica pol\u00edtico social<\/strong><br>Escuela de Arte de Berisso<\/p>\n\n\n\n<p><strong>Coordinadores:<\/strong> profesores Paula Pellegrino y Alejandro Pereira Ghiena; estudiantes Sheila Clidas y Sof\u00eda Garc\u00eda<\/p>\n\n\n\n<p><strong>Me vuelvo cada d\u00eda m\u00e1s loca (1982). Celeste Carballo<\/strong><\/p>\n\n\n\n<p>\u201cMe vuelvo cada d\u00eda m\u00e1s loca\u201d naci\u00f3 en plena Guerra de Malvinas, en un pa\u00eds afectado por a\u00f1os de dictadura, y se convirti\u00f3 en un grito de protesta contra el terrorismo de Estado.<\/p>\n\n\n\n<p>La canci\u00f3n se desprende de una situaci\u00f3n vivida por Carballo a sus j\u00f3venes 25 a\u00f1os que la llev\u00f3 al l\u00edmite de la cordura. Ella regresaba a su casa caminando en plena oscuridad atravesando Plaza de Mayo, y al llegar al edificio escuch\u00f3 una r\u00e1faga de tiros en la puerta que la conmocionaron. Se cuestion\u00f3 su realidad, la locura en la que estaba sumida la sociedad, y se qued\u00f3 componiendo toda la noche sobre la irracionalidad en la que se hab\u00eda transformado la vida para todo el mundo.<\/p>\n\n\n\n<p>En este contexto la artista cre\u00f3 una de sus canciones m\u00e1s emblem\u00e1ticas, que le dio nombre a su \u00e1lbum debut \u201cMe vuelvo cada d\u00eda m\u00e1s loca\u201d, siendo el primero del rock nacional en ser grabado por una mujer y convertirse en disco de oro antes de su lanzamiento.<\/p>\n\n\n\n<p><strong>Participantes:<\/strong><\/p>\n\n\n\n<p>Ensamble de estudiantes. D\u00fao Entre Notas<br>Profesorado de M\u00fasica (Orientaci\u00f3n Educaci\u00f3n Musical)<\/p>\n\n\n\n<p><strong>Int\u00e9rpretes:<\/strong><br>Florencia Lustanau (voz)<br>Sebasti\u00e1n Orellano (guitarra) <br>Nicol\u00e1s Liendo (guitarra el\u00e9ctrica)<\/p>\n\n\n\n<p>Tecnicatura en Ilustraci\u00f3n. Profesora Paula Pellegrino<br>Diana Linde (ilustraci\u00f3n) <\/p>\n\n\n\n<p>Grabaci\u00f3n: Tecnicatura en Sonido y Grabaci\u00f3n de la Facultad de Artes, UNLP. Profesor Pablo Balut<\/p>\n\n\n\n<p>Mezcla: Tecnicatura en Sonido y Grabaci\u00f3n de la Facultad de Artes, UNLP. Profesor Santiago \u00c1vila.<\/p>\n\n\n\n<p>Edici\u00f3n de video: Alejandro Pereira Ghiena y Paula Pellegrino<\/p>\n\n\n\n<p><\/p>\n\n\n\n<div class=\"wp-block-media-text alignwide is-stacked-on-mobile\"><figure class=\"wp-block-media-text__media\"><img decoding=\"async\" loading=\"lazy\" width=\"1866\" height=\"1713\" src=\"https:\/\/eab-bue.infd.edu.ar\/sitio\/wp-content\/uploads\/2025\/01\/03-MARZO.jpg\" alt=\"\" class=\"wp-image-3073 size-full\" srcset=\"https:\/\/eab-bue.infd.edu.ar\/sitio\/wp-content\/uploads\/2025\/01\/03-MARZO.jpg 1866w, https:\/\/eab-bue.infd.edu.ar\/sitio\/wp-content\/uploads\/2025\/01\/03-MARZO-1000x918.jpg 1000w, https:\/\/eab-bue.infd.edu.ar\/sitio\/wp-content\/uploads\/2025\/01\/03-MARZO-768x705.jpg 768w, https:\/\/eab-bue.infd.edu.ar\/sitio\/wp-content\/uploads\/2025\/01\/03-MARZO-1536x1410.jpg 1536w\" sizes=\"(max-width: 1866px) 100vw, 1866px\" \/><\/figure><div class=\"wp-block-media-text__content\">\n<p><\/p>\n\n\n\n<p><em>\u201cEn 1982, cuando Celeste Carballo escribi\u00f3 &#8216;Me vuelvo cada d\u00eda m\u00e1s loca&#8217;, Argentina se encontraba bajo la dictadura militar y sumida en la guerra de Malvinas. Esta canci\u00f3n refleja, a trav\u00e9s del arte, el sentimiento de estr\u00e9s y caos que imperaba en ese momento. La ilustraci\u00f3n, realizada con grafito, busca expresar este estado de \u00e1nimo.<\/em><\/p>\n\n\n\n<p><em>La canci\u00f3n se convierte en un himno a la libertad y la rebeld\u00eda, expresando el deseo de romper con las normas y expectativas sociales. Tambi\u00e9n es una exploraci\u00f3n art\u00edstica de emociones.<\/em><\/p>\n\n\n\n<p><em>La incorporaci\u00f3n de una llave y un candado en la ilustraci\u00f3n se inspira en la letra de la canci\u00f3n: &#8216;pongo llaves en la puerta y un candado a la violencia, quiero estar en paz&#8217;. Estos elementos simbolizan la b\u00fasqueda de paz y la resistencia contra la violencia.\u00bb Diana Linde<\/em><\/p>\n<\/div><\/div>\n\n\n\n<p><\/p>\n\n\n\n<p><a href=\"https:\/\/eab-bue.infd.edu.ar\/sitio\/?page_id=2962\">Volver a la p\u00e1gina principal del Calendario 2025<\/a><\/p>\n","protected":false},"excerpt":{"rendered":"<p>Calendario Interdisciplinario 2025 Retratos del rock nacional: compromiso y cr\u00edtica pol\u00edtico socialEscuela de Arte de Berisso Coordinadores: profesores Paula Pellegrino y Alejandro Pereira Ghiena; estudiantes Sheila Clidas y Sof\u00eda Garc\u00eda Me vuelvo cada d\u00eda m\u00e1s loca (1982). Celeste Carballo \u201cMe vuelvo cada d\u00eda m\u00e1s loca\u201d naci\u00f3 en plena Guerra de Malvinas, en un pa\u00eds afectado &#8230; <a title=\"Marzo 2025\" class=\"read-more\" href=\"https:\/\/eab-bue.infd.edu.ar\/sitio\/marzo-2025\/\" aria-label=\"More on Marzo 2025\">[+]<\/a><\/p>\n","protected":false},"author":4,"featured_media":0,"parent":0,"menu_order":0,"comment_status":"closed","ping_status":"closed","template":"","meta":[],"acf":[],"_links":{"self":[{"href":"https:\/\/eab-bue.infd.edu.ar\/sitio\/wp-json\/wp\/v2\/pages\/2975"}],"collection":[{"href":"https:\/\/eab-bue.infd.edu.ar\/sitio\/wp-json\/wp\/v2\/pages"}],"about":[{"href":"https:\/\/eab-bue.infd.edu.ar\/sitio\/wp-json\/wp\/v2\/types\/page"}],"author":[{"embeddable":true,"href":"https:\/\/eab-bue.infd.edu.ar\/sitio\/wp-json\/wp\/v2\/users\/4"}],"replies":[{"embeddable":true,"href":"https:\/\/eab-bue.infd.edu.ar\/sitio\/wp-json\/wp\/v2\/comments?post=2975"}],"version-history":[{"count":9,"href":"https:\/\/eab-bue.infd.edu.ar\/sitio\/wp-json\/wp\/v2\/pages\/2975\/revisions"}],"predecessor-version":[{"id":3096,"href":"https:\/\/eab-bue.infd.edu.ar\/sitio\/wp-json\/wp\/v2\/pages\/2975\/revisions\/3096"}],"wp:attachment":[{"href":"https:\/\/eab-bue.infd.edu.ar\/sitio\/wp-json\/wp\/v2\/media?parent=2975"}],"curies":[{"name":"wp","href":"https:\/\/api.w.org\/{rel}","templated":true}]}}