{"id":2972,"date":"2024-12-13T11:44:28","date_gmt":"2024-12-13T14:44:28","guid":{"rendered":"https:\/\/eab-bue.infd.edu.ar\/sitio\/?page_id=2972"},"modified":"2025-01-31T09:49:26","modified_gmt":"2025-01-31T12:49:26","slug":"febrero-2025","status":"publish","type":"page","link":"https:\/\/eab-bue.infd.edu.ar\/sitio\/febrero-2025\/","title":{"rendered":"Febrero 2025"},"content":{"rendered":"\n<figure class=\"wp-block-embed is-type-video is-provider-youtube wp-block-embed-youtube wp-embed-aspect-16-9 wp-has-aspect-ratio\"><div class=\"wp-block-embed__wrapper\">\n<iframe loading=\"lazy\" title=\"Febrero 2025. Canci\u00f3n de Alicia en el pa\u00eds (1980). Ser\u00fa Gir\u00e1n\" width=\"1200\" height=\"675\" src=\"https:\/\/www.youtube.com\/embed\/jNehApH4lns?feature=oembed\" frameborder=\"0\" allow=\"accelerometer; autoplay; clipboard-write; encrypted-media; gyroscope; picture-in-picture; web-share\" referrerpolicy=\"strict-origin-when-cross-origin\" allowfullscreen><\/iframe>\n<\/div><\/figure>\n\n\n\n<p><strong>Calendario Interdisciplinario 2025 <em>Retratos del rock nacional: compromiso y cr\u00edtica pol\u00edtico social<\/em><\/strong><br>Escuela de Arte de Berisso<\/p>\n\n\n\n<p><strong>Coordinadores:<\/strong> profesores Paula Pellegrino y Alejandro Pereira Ghiena; estudiantes Sheila Clidas y Sof\u00eda Garc\u00eda<\/p>\n\n\n\n<p><strong>Canci\u00f3n de Alicia en el pa\u00eds (1980). Ser\u00fa Gir\u00e1n<\/strong><\/p>\n\n\n\n<p>\u201cCanci\u00f3n de Alicia en el pa\u00eds\u201d, grabada en 1980 por Ser\u00fa Gir\u00e1n, es considerada un documento hist\u00f3rico que pinta magistralmente la realidad de la dictadura c\u00edvico-militar de Videla.<\/p>\n\n\n\n<p>Esta canci\u00f3n fue compuesta por Charly Garc\u00eda originalmente para una pel\u00edcula dirigida por Eduardo Pla, e interpretada por Ra\u00fal Porchetto. El disparador de la letra para Charly fue la tapa del disco \u00abNursery Cryme\u00bb de Genesis (parodia de Nursery Rhymes, rimas para ni\u00f1eras). A partir de esa idea version\u00f3 la obra de Lewis Caroll, \u00abAlicia en el Pa\u00eds de las Maravillas\u00bb, hilando met\u00e1foras para narrar la pesadilla que viv\u00eda el pa\u00eds en esos tiempos.<\/p>\n\n\n\n<p>Cuatro a\u00f1os despu\u00e9s de componerla, Charly adapt\u00f3 la letra para incluirla en el repertorio de Ser\u00fa. La canci\u00f3n se convirti\u00f3 en una mordaz cr\u00edtica contra el gobierno de facto, logrando eludir la encarnizada persecuci\u00f3n pol\u00edtica que censuraba libertades y aplacaba conciencias.<\/p>\n\n\n\n<p><strong>Participantes:<\/strong><\/p>\n\n\n\n<p>C\u00e1tedra Pr\u00e1ctica de Conjunto Vocal e Instrumental. Profesor Ciro Morales<br>Profesorado de M\u00fasica (Orientaci\u00f3n Instrumento\/ Canto Popular)<\/p>\n\n\n\n<p><strong>Int\u00e9rpretes<\/strong>:<br>Sergio Gulayin (voz) <br>Ger\u00f3nimo Fabiano (guitarra el\u00e9ctrica) <br>Luc\u00eda Garc\u00eda (piano) <br>Luis Ledesma (bajo y coros) <br>Triana Redondel (coros)<br>M\u00f3nica Boffelli (saxo) <br>Paul Franco (bater\u00eda)<\/p>\n\n\n\n<p>Tecnicatura en Ilustraci\u00f3n. Profesora Paula Pellegrino<br>Sof\u00eda Garc\u00eda (ilustraci\u00f3n)<\/p>\n\n\n\n<p>Grabaci\u00f3n: Tecnicatura en Sonido y Grabaci\u00f3n de la Facultad de Artes, UNLP. Profesor Pablo Balut<\/p>\n\n\n\n<p>Mezcla: Tecnicatura en Sonido y Grabaci\u00f3n de la Facultad de Artes, UNLP. Profesor Santiago \u00c1vila<\/p>\n\n\n\n<p>Edici\u00f3n de video: Alejandro Pereira Ghiena y Paula Pellegrino<\/p>\n\n\n\n<p><\/p>\n\n\n\n<div class=\"wp-block-media-text alignwide is-stacked-on-mobile\"><figure class=\"wp-block-media-text__media\"><img decoding=\"async\" loading=\"lazy\" width=\"933\" height=\"856\" src=\"https:\/\/eab-bue.infd.edu.ar\/sitio\/wp-content\/uploads\/2025\/01\/02-FEBRERO.jpg\" alt=\"\" class=\"wp-image-3068 size-full\" srcset=\"https:\/\/eab-bue.infd.edu.ar\/sitio\/wp-content\/uploads\/2025\/01\/02-FEBRERO.jpg 933w, https:\/\/eab-bue.infd.edu.ar\/sitio\/wp-content\/uploads\/2025\/01\/02-FEBRERO-768x705.jpg 768w\" sizes=\"(max-width: 933px) 100vw, 933px\" \/><\/figure><div class=\"wp-block-media-text__content\">\n<p><\/p>\n\n\n\n<p><em>\u201cTeniendo como eje central a los integrantes de la banda, comenc\u00e9 a ilustrarlos de manera anal\u00f3gica, conservando luego la expresi\u00f3n del l\u00e1piz en su digitalizaci\u00f3n.<\/em><\/p>\n\n\n\n<p><em>El color amarillo, el de la revoluci\u00f3n, apareci\u00f3 casi por s\u00ed mismo, como si fuese necesario; as\u00ed es que se hizo presente a la hora de componer la paleta de colores. Acompa\u00f1an recortes de papeles evocando el dise\u00f1o de collage de a\u00f1os pasados y figuras que intentan retratar, entre met\u00e1foras de morsas y tortugas (as\u00ed como la canci\u00f3n), una \u00e9poca gris para nuestro pa\u00eds como fue la dictadura c\u00edvico-militar.<\/em><\/p>\n\n\n\n<p><em>Adem\u00e1s, como un gui\u00f1o a la historia de la ilustraci\u00f3n, utilic\u00e9 recortes de las ilustraciones originales de Alicia en el pa\u00eds de las maravillas, ilustrado y escrito por Lewis Carrol\u201d. Sof\u00eda Garc\u00eda<\/em><\/p>\n<\/div><\/div>\n\n\n\n<p><\/p>\n\n\n\n<p><a href=\"https:\/\/eab-bue.infd.edu.ar\/sitio\/?page_id=2962\">Volver a la p\u00e1gina principal del Calendario 2025<\/a><\/p>\n","protected":false},"excerpt":{"rendered":"<p>Calendario Interdisciplinario 2025 Retratos del rock nacional: compromiso y cr\u00edtica pol\u00edtico socialEscuela de Arte de Berisso Coordinadores: profesores Paula Pellegrino y Alejandro Pereira Ghiena; estudiantes Sheila Clidas y Sof\u00eda Garc\u00eda Canci\u00f3n de Alicia en el pa\u00eds (1980). Ser\u00fa Gir\u00e1n \u201cCanci\u00f3n de Alicia en el pa\u00eds\u201d, grabada en 1980 por Ser\u00fa Gir\u00e1n, es considerada un documento &#8230; <a title=\"Febrero 2025\" class=\"read-more\" href=\"https:\/\/eab-bue.infd.edu.ar\/sitio\/febrero-2025\/\" aria-label=\"More on Febrero 2025\">[+]<\/a><\/p>\n","protected":false},"author":4,"featured_media":0,"parent":0,"menu_order":0,"comment_status":"closed","ping_status":"closed","template":"","meta":[],"acf":[],"_links":{"self":[{"href":"https:\/\/eab-bue.infd.edu.ar\/sitio\/wp-json\/wp\/v2\/pages\/2972"}],"collection":[{"href":"https:\/\/eab-bue.infd.edu.ar\/sitio\/wp-json\/wp\/v2\/pages"}],"about":[{"href":"https:\/\/eab-bue.infd.edu.ar\/sitio\/wp-json\/wp\/v2\/types\/page"}],"author":[{"embeddable":true,"href":"https:\/\/eab-bue.infd.edu.ar\/sitio\/wp-json\/wp\/v2\/users\/4"}],"replies":[{"embeddable":true,"href":"https:\/\/eab-bue.infd.edu.ar\/sitio\/wp-json\/wp\/v2\/comments?post=2972"}],"version-history":[{"count":5,"href":"https:\/\/eab-bue.infd.edu.ar\/sitio\/wp-json\/wp\/v2\/pages\/2972\/revisions"}],"predecessor-version":[{"id":3071,"href":"https:\/\/eab-bue.infd.edu.ar\/sitio\/wp-json\/wp\/v2\/pages\/2972\/revisions\/3071"}],"wp:attachment":[{"href":"https:\/\/eab-bue.infd.edu.ar\/sitio\/wp-json\/wp\/v2\/media?parent=2972"}],"curies":[{"name":"wp","href":"https:\/\/api.w.org\/{rel}","templated":true}]}}