{"id":2962,"date":"2024-12-29T12:23:22","date_gmt":"2024-12-29T15:23:22","guid":{"rendered":"https:\/\/eab-bue.infd.edu.ar\/sitio\/?page_id=2962"},"modified":"2025-11-29T13:08:45","modified_gmt":"2025-11-29T16:08:45","slug":"calendario-2025","status":"publish","type":"page","link":"https:\/\/eab-bue.infd.edu.ar\/sitio\/calendario-2025\/","title":{"rendered":"Calendario 2025 Retratos del rock nacional"},"content":{"rendered":"\n<h2 class=\"wp-block-heading\">Compromiso y cr\u00edtica pol\u00edtico social<\/h2>\n\n\n\n<p><\/p>\n\n\n\n<p> <kbd> <\/kbd><\/p>\n\n\n\n<div class=\"wp-block-media-text alignwide is-stacked-on-mobile\"><figure class=\"wp-block-media-text__media\"><img decoding=\"async\" loading=\"lazy\" width=\"492\" height=\"492\" src=\"https:\/\/eab-bue.infd.edu.ar\/sitio\/wp-content\/uploads\/2024\/12\/tapa-calendario-2025-final.png\" alt=\"\" class=\"wp-image-3047 size-full\"\/><\/figure><div class=\"wp-block-media-text__content\">\n<p><\/p>\n\n\n\n<p>En su decimotercera edici\u00f3n, el Calendario Interdisciplinario 2025 de la Escuela de Arte de Berisso aborda la tem\u00e1tica <strong>Retratos del rock nacional: compromiso y cr\u00edtica pol\u00edtico social<\/strong>. Es un Proyecto de Pr\u00e1cticas Pedag\u00f3gicas y Profesionalizantes,&nbsp; coordinado por los profesores Paula Pellegrino y Alejandro Pereira Ghiena, y las estudiantes Sheila Clidas y Sof\u00eda Garc\u00eda, en el que participaron m\u00e1s de cincuenta integrantes de nuestra comunidad educativa en articulaci\u00f3n con la Facultad de Artes.<\/p>\n\n\n\n<p>El calendario trae a la memoria 12 canciones hijas del contexto que interpelan. Cada imagen es portavoz de la lucha colectiva. Las ilustraciones buscan tanto plasmar la identidad del referente musical, como reconstruir el esp\u00edritu de la \u00e9poca que encarnan los temas musicales.&nbsp;<\/p>\n\n\n\n<p>Los estudiantes de M\u00fasica e Ilustraci\u00f3n son los protagonistas de este encuentro interdisciplinario que reivindica la funci\u00f3n social del arte. Desde un fuerte compromiso con la Educaci\u00f3n P\u00fablica, coincidimos en la necesidad de defender y ejercer los derechos ganados, recuperar las voces que cantaron marchas contra el olvido, la injusticia, el terror. El rol del artista se revela aqu\u00ed y ahora crucial.<\/p>\n<\/div><\/div>\n\n\n\n<p>La selecci\u00f3n de las canciones responde a cinco criterios b\u00e1sicos: que aborde cr\u00edticamente una tem\u00e1tica que refleje un compromiso social; que abarque un amplio abanico de problem\u00e1ticas de aquello que el rock consider\u00f3 relevante mostrar; que los artistas sean referentes del rock nacional, considerado ampliamente; que est\u00e9n representadas las diferentes d\u00e9cadas desde la irrupci\u00f3n del rock nacional hasta la actualidad, y que la selecci\u00f3n est\u00e9 atravesada por las perspectivas de derechos humanos, g\u00e9nero, memoria, arte y educaci\u00f3n p\u00fablica.<\/p>\n\n\n\n<p>En la b\u00fasqueda del estilo gr\u00e1fico de las ilustraciones definimos como t\u00e9cnica art\u00edstica el collage, que posibilita superponer distintas capas de significados, citas, referencias, a partir de operaciones compositivas como la fragmentaci\u00f3n y la recontextualizaci\u00f3n.<\/p>\n\n\n\n<p><strong>Coordinadores del proyecto:<\/strong> profesores Paula Pellegrino y Alejandro Pereira Ghiena; estudiantes Sheila Clidas y Sof\u00eda Garc\u00eda.<\/p>\n\n\n\n<p> <\/p>\n\n\n\n<p><strong>Participantes&nbsp;<\/strong><\/p>\n\n\n\n<p>\u00c1rea Visuales: Teresita Bustos, Diana Linde, Margarita Su\u00e1rez, Andr\u00e9s Barrera, Agustina De Los Reyes, M\u00f3nica Jorajur\u00eda, Micaela Sonaglia, AS77, Lisandro Lencina y Tob\u00edas Predovan.<\/p>\n\n\n\n<p>\u00c1rea M\u00fasica: Belmiro Lopes de Oliveira, Leonardo Barrasso, Floor de Pater, Mat\u00edas Luque, Aixa Sanz, Nicol\u00e1s Liendo, Javier Massera, Nadia Sam\u00e1, Charo Albamonte, Luc\u00eda Deluca, Jes\u00fas Cordero, Daiana Barros, Guillermo Negronida, Sebasti\u00e1n Orellano, Florencia Lustanau, Triana Redondel, Ciro Morales, Mart\u00edn Messineo, Luciana Milomes, Lisandro Gim\u00e9nez, Agust\u00edn A\u00fan, Homero Serra, Carlos Sosa, Alfonso \u201cChipi\u201d Guevara, Juan Manuel C\u00f3rdoba, Candelaria Muntz, Mariela Crespo, Fernanda Barboza, Luis Ledesma, Luc\u00eda Garc\u00eda, Ger\u00f3nimo Fabiano, Sergio Gulayin, Paul Franco, M\u00f3nica Boffelli, Franco C\u00edstola, Ang\u00e9lica Chirinos, Lucas Massacessi, Renzo C\u00edstola, Jorge Jurado, Juli\u00e1n Soliz, Nazareno Speroni, Daiana Riveros y Mateo Mart\u00ednez.<\/p>\n\n\n\n<p>\u00c1rea T\u00e9cnica: EMATPs Julio Caputo, Mat\u00edas Sellanes y Tulio Simeoni.<br>Tecnicatura en Sonido y Grabaci\u00f3n de la Facultad de Artes, UNLP: Pablo Balut y Santiago \u00c1vila.<\/p>\n\n\n\n<p>Dise\u00f1o: Proyecto de Extensi\u00f3n Taller de Producci\u00f3n Gr\u00e1fica y Multimedia, profesores Jos\u00e9 Grosso y Daniel Mart\u00ednez.<\/p>\n\n\n\n<p><\/p>\n\n\n\n<p><em><strong>Clic\/tap en la imagen de cada mes para acceder al video musical y a la informaci\u00f3n de la ilustraci\u00f3n<\/strong><\/em><\/p>\n\n\n\n<p><\/p>\n\n\n\n<figure class=\"wp-block-image size-full\"><a href=\"https:\/\/eab-bue.infd.edu.ar\/sitio\/enero-2025\/\"><img decoding=\"async\" loading=\"lazy\" width=\"1888\" height=\"1063\" src=\"https:\/\/eab-bue.infd.edu.ar\/sitio\/wp-content\/uploads\/2025\/02\/mes1.jpg\" alt=\"\" class=\"wp-image-3100\" srcset=\"https:\/\/eab-bue.infd.edu.ar\/sitio\/wp-content\/uploads\/2025\/02\/mes1.jpg 1888w, https:\/\/eab-bue.infd.edu.ar\/sitio\/wp-content\/uploads\/2025\/02\/mes1-1000x563.jpg 1000w, https:\/\/eab-bue.infd.edu.ar\/sitio\/wp-content\/uploads\/2025\/02\/mes1-768x432.jpg 768w, https:\/\/eab-bue.infd.edu.ar\/sitio\/wp-content\/uploads\/2025\/02\/mes1-1536x865.jpg 1536w\" sizes=\"(max-width: 1888px) 100vw, 1888px\" \/><\/a><\/figure>\n\n\n\n<p class=\"has-text-align-center\"><em>Acced\u00e9 al video haciendo clic en la imagen<\/em><\/p>\n\n\n\n<figure class=\"wp-block-image size-full\"><a href=\"https:\/\/eab-bue.infd.edu.ar\/sitio\/febrero-2025\/\"><img decoding=\"async\" loading=\"lazy\" width=\"1417\" height=\"795\" src=\"https:\/\/eab-bue.infd.edu.ar\/sitio\/wp-content\/uploads\/2025\/02\/mes2.jpg\" alt=\"\" class=\"wp-image-3101\" srcset=\"https:\/\/eab-bue.infd.edu.ar\/sitio\/wp-content\/uploads\/2025\/02\/mes2.jpg 1417w, https:\/\/eab-bue.infd.edu.ar\/sitio\/wp-content\/uploads\/2025\/02\/mes2-1000x561.jpg 1000w, https:\/\/eab-bue.infd.edu.ar\/sitio\/wp-content\/uploads\/2025\/02\/mes2-768x431.jpg 768w\" sizes=\"(max-width: 1417px) 100vw, 1417px\" \/><\/a><\/figure>\n\n\n\n<p class=\"has-text-align-center\"><em>Acced\u00e9 al video haciendo clic en la imagen<\/em><\/p>\n\n\n\n<figure class=\"wp-block-image size-full\"><a href=\"https:\/\/eab-bue.infd.edu.ar\/sitio\/marzo-2025\/\"><img decoding=\"async\" loading=\"lazy\" width=\"1886\" height=\"1060\" src=\"https:\/\/eab-bue.infd.edu.ar\/sitio\/wp-content\/uploads\/2025\/02\/mes3.jpg\" alt=\"\" class=\"wp-image-3102\" srcset=\"https:\/\/eab-bue.infd.edu.ar\/sitio\/wp-content\/uploads\/2025\/02\/mes3.jpg 1886w, https:\/\/eab-bue.infd.edu.ar\/sitio\/wp-content\/uploads\/2025\/02\/mes3-1000x562.jpg 1000w, https:\/\/eab-bue.infd.edu.ar\/sitio\/wp-content\/uploads\/2025\/02\/mes3-768x432.jpg 768w, https:\/\/eab-bue.infd.edu.ar\/sitio\/wp-content\/uploads\/2025\/02\/mes3-1536x863.jpg 1536w\" sizes=\"(max-width: 1886px) 100vw, 1886px\" \/><\/a><\/figure>\n\n\n\n<p class=\"has-text-align-center\"><em>Acced\u00e9 al video haciendo clic en la imagen<\/em><\/p>\n\n\n\n<figure class=\"wp-block-image size-full\"><a href=\"https:\/\/eab-bue.infd.edu.ar\/sitio\/abril-2025\/\"><img decoding=\"async\" loading=\"lazy\" width=\"1891\" height=\"1063\" src=\"https:\/\/eab-bue.infd.edu.ar\/sitio\/wp-content\/uploads\/2025\/02\/mes4-1.jpg\" alt=\"\" class=\"wp-image-3104\" srcset=\"https:\/\/eab-bue.infd.edu.ar\/sitio\/wp-content\/uploads\/2025\/02\/mes4-1.jpg 1891w, https:\/\/eab-bue.infd.edu.ar\/sitio\/wp-content\/uploads\/2025\/02\/mes4-1-1000x562.jpg 1000w, https:\/\/eab-bue.infd.edu.ar\/sitio\/wp-content\/uploads\/2025\/02\/mes4-1-768x432.jpg 768w, https:\/\/eab-bue.infd.edu.ar\/sitio\/wp-content\/uploads\/2025\/02\/mes4-1-1536x863.jpg 1536w\" sizes=\"(max-width: 1891px) 100vw, 1891px\" \/><\/a><\/figure>\n\n\n\n<p class=\"has-text-align-center\"><em>Acced\u00e9 al video haciendo clic en la imagen<\/em><\/p>\n\n\n\n<figure class=\"wp-block-image size-full\"><a href=\"https:\/\/eab-bue.infd.edu.ar\/sitio\/mayo-2025\/\"><img decoding=\"async\" loading=\"lazy\" width=\"1414\" height=\"797\" src=\"https:\/\/eab-bue.infd.edu.ar\/sitio\/wp-content\/uploads\/2025\/02\/mes5-1.jpg\" alt=\"\" class=\"wp-image-3106\" srcset=\"https:\/\/eab-bue.infd.edu.ar\/sitio\/wp-content\/uploads\/2025\/02\/mes5-1.jpg 1414w, https:\/\/eab-bue.infd.edu.ar\/sitio\/wp-content\/uploads\/2025\/02\/mes5-1-1000x564.jpg 1000w, https:\/\/eab-bue.infd.edu.ar\/sitio\/wp-content\/uploads\/2025\/02\/mes5-1-768x433.jpg 768w\" sizes=\"(max-width: 1414px) 100vw, 1414px\" \/><\/a><\/figure>\n\n\n\n<p class=\"has-text-align-center\"><em>Acced\u00e9 al video haciendo clic en la imagen<\/em><\/p>\n\n\n\n<figure class=\"wp-block-image size-full\"><a href=\"https:\/\/eab-bue.infd.edu.ar\/sitio\/junio-2025\/\"><img decoding=\"async\" loading=\"lazy\" width=\"1411\" height=\"791\" src=\"https:\/\/eab-bue.infd.edu.ar\/sitio\/wp-content\/uploads\/2025\/02\/mes6.jpg\" alt=\"\" class=\"wp-image-3107\" srcset=\"https:\/\/eab-bue.infd.edu.ar\/sitio\/wp-content\/uploads\/2025\/02\/mes6.jpg 1411w, https:\/\/eab-bue.infd.edu.ar\/sitio\/wp-content\/uploads\/2025\/02\/mes6-1000x561.jpg 1000w, https:\/\/eab-bue.infd.edu.ar\/sitio\/wp-content\/uploads\/2025\/02\/mes6-768x431.jpg 768w\" sizes=\"(max-width: 1411px) 100vw, 1411px\" \/><\/a><\/figure>\n\n\n\n<p class=\"has-text-align-center\"><em>Acced\u00e9 al video haciendo clic en la imagen<\/em><\/p>\n\n\n\n<figure class=\"wp-block-image size-full\"><a href=\"https:\/\/eab-bue.infd.edu.ar\/sitio\/julio-2025\/\" target=\"_blank\" rel=\"noreferrer noopener\"><img decoding=\"async\" loading=\"lazy\" width=\"1890\" height=\"1061\" src=\"https:\/\/eab-bue.infd.edu.ar\/sitio\/wp-content\/uploads\/2025\/05\/mes7-1.jpg\" alt=\"\" class=\"wp-image-3420\" srcset=\"https:\/\/eab-bue.infd.edu.ar\/sitio\/wp-content\/uploads\/2025\/05\/mes7-1.jpg 1890w, https:\/\/eab-bue.infd.edu.ar\/sitio\/wp-content\/uploads\/2025\/05\/mes7-1-1000x561.jpg 1000w, https:\/\/eab-bue.infd.edu.ar\/sitio\/wp-content\/uploads\/2025\/05\/mes7-1-768x431.jpg 768w, https:\/\/eab-bue.infd.edu.ar\/sitio\/wp-content\/uploads\/2025\/05\/mes7-1-1536x862.jpg 1536w\" sizes=\"(max-width: 1890px) 100vw, 1890px\" \/><\/a><\/figure>\n\n\n\n<p class=\"has-text-align-center\"><em>Acced\u00e9 al video haciendo clic en la imagen<\/em><\/p>\n\n\n\n<figure class=\"wp-block-image size-full\"><a href=\"https:\/\/eab-bue.infd.edu.ar\/sitio\/agosto-2025\/\"><img decoding=\"async\" loading=\"lazy\" width=\"1280\" height=\"721\" src=\"https:\/\/eab-bue.infd.edu.ar\/sitio\/wp-content\/uploads\/2025\/07\/mes8-1.jpg\" alt=\"\" class=\"wp-image-3552\" srcset=\"https:\/\/eab-bue.infd.edu.ar\/sitio\/wp-content\/uploads\/2025\/07\/mes8-1.jpg 1280w, https:\/\/eab-bue.infd.edu.ar\/sitio\/wp-content\/uploads\/2025\/07\/mes8-1-1000x563.jpg 1000w, https:\/\/eab-bue.infd.edu.ar\/sitio\/wp-content\/uploads\/2025\/07\/mes8-1-768x433.jpg 768w\" sizes=\"(max-width: 1280px) 100vw, 1280px\" \/><\/a><\/figure>\n\n\n\n<p class=\"has-text-align-center\"><em>Acced\u00e9 al video haciendo clic en la imagen<\/em><\/p>\n\n\n\n<figure class=\"wp-block-image size-full\"><a href=\"https:\/\/eab-bue.infd.edu.ar\/sitio\/septiembre-2025\/\"><img decoding=\"async\" loading=\"lazy\" width=\"1899\" height=\"1071\" src=\"https:\/\/eab-bue.infd.edu.ar\/sitio\/wp-content\/uploads\/2025\/07\/mes9-1.jpg\" alt=\"\" class=\"wp-image-3555\" srcset=\"https:\/\/eab-bue.infd.edu.ar\/sitio\/wp-content\/uploads\/2025\/07\/mes9-1.jpg 1899w, https:\/\/eab-bue.infd.edu.ar\/sitio\/wp-content\/uploads\/2025\/07\/mes9-1-1000x564.jpg 1000w, https:\/\/eab-bue.infd.edu.ar\/sitio\/wp-content\/uploads\/2025\/07\/mes9-1-768x433.jpg 768w, https:\/\/eab-bue.infd.edu.ar\/sitio\/wp-content\/uploads\/2025\/07\/mes9-1-1536x866.jpg 1536w\" sizes=\"(max-width: 1899px) 100vw, 1899px\" \/><\/a><\/figure>\n\n\n\n<p class=\"has-text-align-center\"><em>Acced\u00e9 al video haciendo clic en la imagen<\/em><\/p>\n\n\n\n<figure class=\"wp-block-image size-full\"><a href=\"https:\/\/eab-bue.infd.edu.ar\/sitio\/octubre-2025\/\"><img decoding=\"async\" loading=\"lazy\" width=\"1895\" height=\"1062\" src=\"https:\/\/eab-bue.infd.edu.ar\/sitio\/wp-content\/uploads\/2025\/10\/mes10-1.jpg\" alt=\"\" class=\"wp-image-3614\" srcset=\"https:\/\/eab-bue.infd.edu.ar\/sitio\/wp-content\/uploads\/2025\/10\/mes10-1.jpg 1895w, https:\/\/eab-bue.infd.edu.ar\/sitio\/wp-content\/uploads\/2025\/10\/mes10-1-1000x560.jpg 1000w, https:\/\/eab-bue.infd.edu.ar\/sitio\/wp-content\/uploads\/2025\/10\/mes10-1-768x430.jpg 768w, https:\/\/eab-bue.infd.edu.ar\/sitio\/wp-content\/uploads\/2025\/10\/mes10-1-1536x861.jpg 1536w\" sizes=\"(max-width: 1895px) 100vw, 1895px\" \/><\/a><\/figure>\n\n\n\n<p class=\"has-text-align-center\"><em>Acced\u00e9 al video haciendo clic en la imagen<\/em><\/p>\n\n\n\n<figure class=\"wp-block-image size-large\"><a href=\"https:\/\/eab-bue.infd.edu.ar\/sitio\/noviembre-2025\/\"><img decoding=\"async\" loading=\"lazy\" width=\"1900\" height=\"1071\" src=\"https:\/\/eab-bue.infd.edu.ar\/sitio\/wp-content\/uploads\/2025\/11\/mes11-1-1900x1071.jpg\" alt=\"\" class=\"wp-image-3634\" srcset=\"https:\/\/eab-bue.infd.edu.ar\/sitio\/wp-content\/uploads\/2025\/11\/mes11-1-1900x1071.jpg 1900w, https:\/\/eab-bue.infd.edu.ar\/sitio\/wp-content\/uploads\/2025\/11\/mes11-1-1000x564.jpg 1000w, https:\/\/eab-bue.infd.edu.ar\/sitio\/wp-content\/uploads\/2025\/11\/mes11-1-768x433.jpg 768w, https:\/\/eab-bue.infd.edu.ar\/sitio\/wp-content\/uploads\/2025\/11\/mes11-1-1536x866.jpg 1536w, https:\/\/eab-bue.infd.edu.ar\/sitio\/wp-content\/uploads\/2025\/11\/mes11-1.jpg 1907w\" sizes=\"(max-width: 1900px) 100vw, 1900px\" \/><\/a><\/figure>\n\n\n\n<p class=\"has-text-align-center\"><em>Acced\u00e9 al video haciendo clic en la imagen<\/em><\/p>\n\n\n\n<figure class=\"wp-block-image size-full\"><a href=\"https:\/\/eab-bue.infd.edu.ar\/sitio\/diciembre-2025\/\"><img decoding=\"async\" loading=\"lazy\" width=\"1891\" height=\"1062\" src=\"https:\/\/eab-bue.infd.edu.ar\/sitio\/wp-content\/uploads\/2025\/11\/mes12-1.jpg\" alt=\"\" class=\"wp-image-3773\" srcset=\"https:\/\/eab-bue.infd.edu.ar\/sitio\/wp-content\/uploads\/2025\/11\/mes12-1.jpg 1891w, https:\/\/eab-bue.infd.edu.ar\/sitio\/wp-content\/uploads\/2025\/11\/mes12-1-1000x562.jpg 1000w, https:\/\/eab-bue.infd.edu.ar\/sitio\/wp-content\/uploads\/2025\/11\/mes12-1-768x431.jpg 768w, https:\/\/eab-bue.infd.edu.ar\/sitio\/wp-content\/uploads\/2025\/11\/mes12-1-1536x863.jpg 1536w\" sizes=\"(max-width: 1891px) 100vw, 1891px\" \/><\/a><\/figure>\n\n\n\n<p class=\"has-text-align-center\"><em>Acced\u00e9 al video haciendo clic en la imagen<\/em><\/p>\n","protected":false},"excerpt":{"rendered":"<p>Compromiso y cr\u00edtica pol\u00edtico social En su decimotercera edici\u00f3n, el Calendario Interdisciplinario 2025 de la Escuela de Arte de Berisso aborda la tem\u00e1tica Retratos del rock nacional: compromiso y cr\u00edtica pol\u00edtico social. Es un Proyecto de Pr\u00e1cticas Pedag\u00f3gicas y Profesionalizantes,&nbsp; coordinado por los profesores Paula Pellegrino y Alejandro Pereira Ghiena, y las estudiantes Sheila Clidas &#8230; <a title=\"Calendario 2025 Retratos del rock nacional\" class=\"read-more\" href=\"https:\/\/eab-bue.infd.edu.ar\/sitio\/calendario-2025\/\" aria-label=\"More on Calendario 2025 Retratos del rock nacional\">[+]<\/a><\/p>\n","protected":false},"author":24,"featured_media":0,"parent":0,"menu_order":0,"comment_status":"closed","ping_status":"closed","template":"","meta":[],"acf":[],"_links":{"self":[{"href":"https:\/\/eab-bue.infd.edu.ar\/sitio\/wp-json\/wp\/v2\/pages\/2962"}],"collection":[{"href":"https:\/\/eab-bue.infd.edu.ar\/sitio\/wp-json\/wp\/v2\/pages"}],"about":[{"href":"https:\/\/eab-bue.infd.edu.ar\/sitio\/wp-json\/wp\/v2\/types\/page"}],"author":[{"embeddable":true,"href":"https:\/\/eab-bue.infd.edu.ar\/sitio\/wp-json\/wp\/v2\/users\/24"}],"replies":[{"embeddable":true,"href":"https:\/\/eab-bue.infd.edu.ar\/sitio\/wp-json\/wp\/v2\/comments?post=2962"}],"version-history":[{"count":17,"href":"https:\/\/eab-bue.infd.edu.ar\/sitio\/wp-json\/wp\/v2\/pages\/2962\/revisions"}],"predecessor-version":[{"id":3775,"href":"https:\/\/eab-bue.infd.edu.ar\/sitio\/wp-json\/wp\/v2\/pages\/2962\/revisions\/3775"}],"wp:attachment":[{"href":"https:\/\/eab-bue.infd.edu.ar\/sitio\/wp-json\/wp\/v2\/media?parent=2962"}],"curies":[{"name":"wp","href":"https:\/\/api.w.org\/{rel}","templated":true}]}}