{"id":2955,"date":"2024-12-05T09:31:50","date_gmt":"2024-12-05T12:31:50","guid":{"rendered":"https:\/\/eab-bue.infd.edu.ar\/sitio\/?page_id=2955"},"modified":"2025-12-02T18:06:35","modified_gmt":"2025-12-02T21:06:35","slug":"solicitudes-constancias","status":"publish","type":"page","link":"https:\/\/eab-bue.infd.edu.ar\/sitio\/solicitudes-constancias\/","title":{"rendered":"SOLICITUDES\/CONSTANCIAS"},"content":{"rendered":"\n<h1 class=\"wp-block-heading has-text-align-center has-base-background-color has-background\" style=\"font-size:17px\">Solicitud de certificado anal\u00edtico<\/h1>\n\n\n\n<p style=\"font-size:16px\">&#x1f449;<a rel=\"noreferrer noopener\" href=\"https:\/\/forms.gle\/JCuFJ5Cp1MV8C49W6\" target=\"_blank\">SOLICITUD DE CERTIFICADO ANAL\u00cdTICO DE M\u00daSICA<\/a><\/p>\n\n\n\n<p style=\"font-size:16px\">&#x1f449;<a rel=\"noreferrer noopener\" href=\"https:\/\/forms.gle\/8zQyb2bRqGGZjF9E9\" target=\"_blank\">SOLICITUD DE CERTIFICADO ANAL\u00cdTICO DE PAV Y T\u00c9CNICATURAS DE ARTES VISUALES<\/a><\/p>\n\n\n\n<p style=\"font-size:17px\">&#x1f449;<a rel=\"noreferrer noopener\" href=\"https:\/\/forms.gle\/Kuzd8JDAH68xpeUu5\" target=\"_blank\">SOLICITUD DE CERTIFICADO ANAL\u00cdTICO DE TEATRO<\/a><\/p>\n\n\n\n<h1 class=\"wp-block-heading has-text-align-center has-base-2-background-color has-background\" style=\"font-size:17px\">Solicitud de t\u00edtulo intermedio\/final de tecnicaturas (Vitral\/Dise\u00f1o\/Ilustraci\u00f3n)<\/h1>\n\n\n\n<p>&nbsp;&#x1f449;<a rel=\"noreferrer noopener\" href=\"https:\/\/forms.gle\/XWSuQ6m3oCkFWnvB8\" target=\"_blank\">SOLICITUD DE TITULO&nbsp;INTERMEDIO\/FINAL DE TECNICATURAS (Vitral, Dise\u00f1o e Ilustraci\u00f3n)<\/a><\/p>\n\n\n\n<p class=\"has-text-align-center has-base-2-background-color has-background\" style=\"font-size:17px\"><strong>Solicitud de condicionalidad \u2013 Solicitud de cambio de horario<\/strong><\/p>\n\n\n\n<p>&#x1f449;<a rel=\"noreferrer noopener\" href=\"https:\/\/docs.google.com\/document\/d\/1AbSJk_ebwIJVbvF4M-zLBxvV-sV6CgduWQ7s04V0Qsk\/edit?usp=share_link\" target=\"_blank\">Solicitud de Condicionalidad<\/a><\/p>\n\n\n\n<p>&#x1f449;<a rel=\"noreferrer noopener\" href=\"https:\/\/docs.google.com\/document\/d\/12yXK3PQ34-44V_2kUz0Sa1Ec2dYivMLZK23g6ALPQfA\/edit?usp=share_link\" target=\"_blank\">Solicitud de Cambio de Horario<\/a><\/p>\n\n\n\n<h1 class=\"wp-block-heading has-base-2-background-color has-background\" style=\"font-size:17px\"><strong>Constancia de alumno regular \u2013 Constancia de asistencia a mesa examinadora<\/strong><\/h1>\n\n\n\n<p>&#x1f449;<a rel=\"noreferrer noopener\" href=\"https:\/\/docs.google.com\/document\/d\/1MvLBu_GqpGkhOgBN5YrHKk7yX_1PikYgUL6_L4e3VKI\/edit?usp=share_link\" target=\"_blank\">Constancia Alumno Regular<\/a><\/p>\n\n\n\n<p>&#x1f449;<a href=\"https:\/\/docs.google.com\/document\/d\/1HvSQcDwuAU8sEc49vTn8z6gB9rZREdbIdd63PqCffo0\/edit?usp=sharing\" target=\"_blank\" rel=\"noreferrer noopener\">CONSTANCIA DE ASISTENCIA MESA EXAMINADORA<\/a><\/p>\n\n\n\n<h1 class=\"wp-block-heading has-base-2-background-color has-background\" style=\"font-size:17px\">Constancia para inscripci\u00f3n a ingreso a la docencia<\/h1>\n\n\n\n<p>&nbsp;&#x1f449;<a rel=\"noreferrer noopener\" href=\"https:\/\/docs.google.com\/document\/d\/1B22RtioqmAj8uxqpq4_9uods5mPAoP0jVwyEj-EOpAI\/edit?usp=share_link\" target=\"_blank\">Constancia para inscripci\u00f3n Ingreso a la Docencia<\/a><\/p>\n","protected":false},"excerpt":{"rendered":"<p>Solicitud de certificado anal\u00edtico &#x1f449;SOLICITUD DE CERTIFICADO ANAL\u00cdTICO DE M\u00daSICA &#x1f449;SOLICITUD DE CERTIFICADO ANAL\u00cdTICO DE PAV Y T\u00c9CNICATURAS DE ARTES VISUALES &#x1f449;SOLICITUD DE CERTIFICADO ANAL\u00cdTICO DE TEATRO Solicitud de t\u00edtulo intermedio\/final de tecnicaturas (Vitral\/Dise\u00f1o\/Ilustraci\u00f3n) &nbsp;&#x1f449;SOLICITUD DE TITULO&nbsp;INTERMEDIO\/FINAL DE TECNICATURAS (Vitral, Dise\u00f1o e Ilustraci\u00f3n) Solicitud de condicionalidad \u2013 Solicitud de cambio de horario &#x1f449;Solicitud de Condicionalidad &#8230; <a title=\"SOLICITUDES\/CONSTANCIAS\" class=\"read-more\" href=\"https:\/\/eab-bue.infd.edu.ar\/sitio\/solicitudes-constancias\/\" aria-label=\"More on SOLICITUDES\/CONSTANCIAS\">[+]<\/a><\/p>\n","protected":false},"author":24,"featured_media":0,"parent":0,"menu_order":0,"comment_status":"closed","ping_status":"closed","template":"","meta":[],"acf":[],"_links":{"self":[{"href":"https:\/\/eab-bue.infd.edu.ar\/sitio\/wp-json\/wp\/v2\/pages\/2955"}],"collection":[{"href":"https:\/\/eab-bue.infd.edu.ar\/sitio\/wp-json\/wp\/v2\/pages"}],"about":[{"href":"https:\/\/eab-bue.infd.edu.ar\/sitio\/wp-json\/wp\/v2\/types\/page"}],"author":[{"embeddable":true,"href":"https:\/\/eab-bue.infd.edu.ar\/sitio\/wp-json\/wp\/v2\/users\/24"}],"replies":[{"embeddable":true,"href":"https:\/\/eab-bue.infd.edu.ar\/sitio\/wp-json\/wp\/v2\/comments?post=2955"}],"version-history":[{"count":6,"href":"https:\/\/eab-bue.infd.edu.ar\/sitio\/wp-json\/wp\/v2\/pages\/2955\/revisions"}],"predecessor-version":[{"id":3786,"href":"https:\/\/eab-bue.infd.edu.ar\/sitio\/wp-json\/wp\/v2\/pages\/2955\/revisions\/3786"}],"wp:attachment":[{"href":"https:\/\/eab-bue.infd.edu.ar\/sitio\/wp-json\/wp\/v2\/media?parent=2955"}],"curies":[{"name":"wp","href":"https:\/\/api.w.org\/{rel}","templated":true}]}}