{"id":2946,"date":"2024-11-28T09:09:05","date_gmt":"2024-11-28T12:09:05","guid":{"rendered":"https:\/\/eab-bue.infd.edu.ar\/sitio\/?page_id=2946"},"modified":"2026-02-20T14:49:15","modified_gmt":"2026-02-20T17:49:15","slug":"equivalencias-2025","status":"publish","type":"page","link":"https:\/\/eab-bue.infd.edu.ar\/sitio\/equivalencias-2025\/","title":{"rendered":"Equivalencias"},"content":{"rendered":"\n<figure class=\"wp-block-table alignwide\"><table><tbody><tr><td colspan=\"2\"><strong>EQUIVALENCIAS 2026 \u2013 Informaci\u00f3n General<\/strong><br>La Escuela recibir\u00e1 solicitudes de acreditaci\u00f3n de materias por equivalencia para el ciclo lectivo 2026 a trav\u00e9s de formularios espec\u00edficos por carrera.<br><strong>Importante:&nbsp;<\/strong><br>El formulario de solicitud estar\u00e1 disponible desde el<strong> 23 de febrero hasta el 30 de abril de 2026.<\/strong><br>Una vez cerrado el plazo, no se podr\u00e1n realizar solicitudes.<br><br><strong>Requisitos generales<\/strong><br>Para iniciar el tr\u00e1mite, la\/el estudiante deber\u00e1:<br>Estar inscripta\/o en la carrera en la que solicita la equivalencia.Completar el formulario correspondiente.<br>Contar con la documentaci\u00f3n correspondiente, certificada por la instituci\u00f3n emisora.<br>Presentar toda la documentaci\u00f3n en formato PDF.<br><br><strong>Tipos de equivalencias<\/strong><br><br>De acuerdo con el R\u00e9gimen Acad\u00e9mico Marco (RAM) y el R\u00e9gimen Acad\u00e9mico Institucional (RAI), se contemplan las siguientes situaciones:<br><br><strong>1- Equivalencias autom\u00e1ticas<\/strong><br>Materias con misma denominaci\u00f3n y contenidos seg\u00fan dise\u00f1os curriculares vigentes en la jurisdicci\u00f3n.<br><br><strong>2- Equivalencias generales<\/strong><br>Materias con diferente denominaci\u00f3n pero con contenidos comunes, acreditadas en otra instituci\u00f3n.<br><br><strong>3- Reconocimiento de Trayectoria<\/strong><br>Para quienes poseen t\u00edtulo completo o m\u00e1s del 70% de las unidades curriculares acreditadas.<br>&nbsp;La equivalencia podr\u00e1 ser total, parcial o no otorgarse, seg\u00fan evaluaci\u00f3n acad\u00e9mica.<br><br>Documentaci\u00f3n<br><br>La documentaci\u00f3n espec\u00edfica requerida en cada caso deber\u00e1 adjuntarse en el formulario correspondiente a la carrera.<\/td><\/tr><\/tbody><\/table><figcaption class=\"wp-element-caption\"><strong>Formularios de equivalencias<\/strong><\/figcaption><\/figure>\n\n\n\n<p>&#x1f449;<a href=\"https:\/\/forms.gle\/R2mZ9Pt91D2BpkjA7\" target=\"_blank\" rel=\"noreferrer noopener\">Tecnicaturas y PAV &#8211; SOLICITUD DE EQUIVALENCIAS<\/a><\/p>\n\n\n\n<p>&#x1f449; <a href=\"https:\/\/forms.gle\/NJQRYqha4vW5aF1C7\" target=\"_blank\" rel=\"noreferrer noopener\">M\u00daSICA &#8211; SOLICITUD DE EQUIVALENCIAS<\/a><\/p>\n\n\n\n<p>&#x1f449; <a href=\"https:\/\/forms.gle\/FreMWLPy9jMtZkuV8\" target=\"_blank\" rel=\"noreferrer noopener\">TEATRO &#8211; SOLICITUD DE EQUIVALENCIAS<\/a><\/p>\n\n\n\n<p><\/p>\n\n\n\n<p><\/p>\n","protected":false},"excerpt":{"rendered":"<p>EQUIVALENCIAS 2026 \u2013 Informaci\u00f3n GeneralLa Escuela recibir\u00e1 solicitudes de acreditaci\u00f3n de materias por equivalencia para el ciclo lectivo 2026 a trav\u00e9s de formularios espec\u00edficos por carrera.Importante:&nbsp;El formulario de solicitud estar\u00e1 disponible desde el 23 de febrero hasta el 30 de abril de 2026.Una vez cerrado el plazo, no se podr\u00e1n realizar solicitudes. Requisitos generalesPara iniciar &#8230; <a title=\"Equivalencias\" class=\"read-more\" href=\"https:\/\/eab-bue.infd.edu.ar\/sitio\/equivalencias-2025\/\" aria-label=\"More on Equivalencias\">[+]<\/a><\/p>\n","protected":false},"author":4,"featured_media":0,"parent":0,"menu_order":0,"comment_status":"closed","ping_status":"closed","template":"","meta":[],"acf":[],"_links":{"self":[{"href":"https:\/\/eab-bue.infd.edu.ar\/sitio\/wp-json\/wp\/v2\/pages\/2946"}],"collection":[{"href":"https:\/\/eab-bue.infd.edu.ar\/sitio\/wp-json\/wp\/v2\/pages"}],"about":[{"href":"https:\/\/eab-bue.infd.edu.ar\/sitio\/wp-json\/wp\/v2\/types\/page"}],"author":[{"embeddable":true,"href":"https:\/\/eab-bue.infd.edu.ar\/sitio\/wp-json\/wp\/v2\/users\/4"}],"replies":[{"embeddable":true,"href":"https:\/\/eab-bue.infd.edu.ar\/sitio\/wp-json\/wp\/v2\/comments?post=2946"}],"version-history":[{"count":13,"href":"https:\/\/eab-bue.infd.edu.ar\/sitio\/wp-json\/wp\/v2\/pages\/2946\/revisions"}],"predecessor-version":[{"id":3953,"href":"https:\/\/eab-bue.infd.edu.ar\/sitio\/wp-json\/wp\/v2\/pages\/2946\/revisions\/3953"}],"wp:attachment":[{"href":"https:\/\/eab-bue.infd.edu.ar\/sitio\/wp-json\/wp\/v2\/media?parent=2946"}],"curies":[{"name":"wp","href":"https:\/\/api.w.org\/{rel}","templated":true}]}}