{"id":2927,"date":"2024-11-25T19:03:31","date_gmt":"2024-11-25T22:03:31","guid":{"rendered":"https:\/\/eab-bue.infd.edu.ar\/sitio\/?page_id=2927"},"modified":"2026-03-16T17:05:47","modified_gmt":"2026-03-16T20:05:47","slug":"ingreso-2026","status":"publish","type":"page","link":"https:\/\/eab-bue.infd.edu.ar\/sitio\/ingreso-2026\/","title":{"rendered":"INGRESO 2026"},"content":{"rendered":"\n<p class=\"has-text-align-center\" style=\"font-size:25px\"><strong>Estud\u00eda en la Escuela de Arte de Berisso!<\/strong>!<\/p>\n\n\n\n<p class=\"has-text-align-left has-medium-font-size\">&#x1f3b5; M\u00daSICA <\/p>\n\n\n\n<p class=\"has-medium-font-size\">&#x1f3ad; TEATRO<\/p>\n\n\n\n<p class=\"has-medium-font-size\">&#x1f3a8; ARTES VISUALES<\/p>\n\n\n\n<p style=\"font-size:22px\">&#x2714; Toda la informaci\u00f3n sobre  inscripci\u00f3n 2026 (instancias de inscripci\u00f3n, documentaci\u00f3n a presentar) en el siguiente link &#x1f449;<a href=\"https:\/\/drive.google.com\/file\/d\/1snEeOa5e321Tlv5_mFT1HNmdBSkDB9hY\/view?usp=sharing\"> Tutorial de inscripci\u00f3n 202<\/a><a href=\"https:\/\/drive.google.com\/file\/d\/1gSBOl4z9Nv15jVIH-nql-9Yk18CV-_6_\/view\">6<\/a><\/p>\n\n\n\n<p class=\"has-medium-font-size\">Inscripci\u00f3n abierta desde el Lunes <strong>15\/03\/2026 <\/strong><\/p>\n\n\n\n<p class=\"has-medium-font-size\">Te esperamos!!<\/p>\n\n\n\n<figure class=\"wp-block-gallery has-nested-images columns-default is-cropped wp-block-gallery-1 is-layout-flex\">\n<figure class=\"wp-block-image size-full\"><img decoding=\"async\" loading=\"lazy\" width=\"1280\" height=\"1600\" data-id=\"3710\"  src=\"https:\/\/eab-bue.infd.edu.ar\/sitio\/wp-content\/uploads\/2025\/11\/IMG-20251103-WA0072.jpg\" alt=\"\" class=\"wp-image-3710\" srcset=\"https:\/\/eab-bue.infd.edu.ar\/sitio\/wp-content\/uploads\/2025\/11\/IMG-20251103-WA0072.jpg 1280w, https:\/\/eab-bue.infd.edu.ar\/sitio\/wp-content\/uploads\/2025\/11\/IMG-20251103-WA0072-800x1000.jpg 800w, https:\/\/eab-bue.infd.edu.ar\/sitio\/wp-content\/uploads\/2025\/11\/IMG-20251103-WA0072-768x960.jpg 768w, https:\/\/eab-bue.infd.edu.ar\/sitio\/wp-content\/uploads\/2025\/11\/IMG-20251103-WA0072-1229x1536.jpg 1229w\" sizes=\"(max-width: 1280px) 100vw, 1280px\" \/><\/figure>\n\n\n\n<figure class=\"wp-block-image size-full\"><img decoding=\"async\" loading=\"lazy\" width=\"1024\" height=\"1280\" data-id=\"3695\"  src=\"https:\/\/eab-bue.infd.edu.ar\/sitio\/wp-content\/uploads\/2025\/11\/1000261591.jpg\" alt=\"\" class=\"wp-image-3695\" srcset=\"https:\/\/eab-bue.infd.edu.ar\/sitio\/wp-content\/uploads\/2025\/11\/1000261591.jpg 1024w, https:\/\/eab-bue.infd.edu.ar\/sitio\/wp-content\/uploads\/2025\/11\/1000261591-800x1000.jpg 800w, https:\/\/eab-bue.infd.edu.ar\/sitio\/wp-content\/uploads\/2025\/11\/1000261591-768x960.jpg 768w\" sizes=\"(max-width: 1024px) 100vw, 1024px\" \/><\/figure>\n\n\n\n<figure class=\"wp-block-image size-full\"><img decoding=\"async\" loading=\"lazy\" width=\"1280\" height=\"1600\" data-id=\"3708\"  src=\"https:\/\/eab-bue.infd.edu.ar\/sitio\/wp-content\/uploads\/2025\/11\/IMG-20251103-WA0074.jpg\" alt=\"\" class=\"wp-image-3708\" srcset=\"https:\/\/eab-bue.infd.edu.ar\/sitio\/wp-content\/uploads\/2025\/11\/IMG-20251103-WA0074.jpg 1280w, https:\/\/eab-bue.infd.edu.ar\/sitio\/wp-content\/uploads\/2025\/11\/IMG-20251103-WA0074-800x1000.jpg 800w, https:\/\/eab-bue.infd.edu.ar\/sitio\/wp-content\/uploads\/2025\/11\/IMG-20251103-WA0074-768x960.jpg 768w, https:\/\/eab-bue.infd.edu.ar\/sitio\/wp-content\/uploads\/2025\/11\/IMG-20251103-WA0074-1229x1536.jpg 1229w\" sizes=\"(max-width: 1280px) 100vw, 1280px\" \/><\/figure>\n\n\n\n<figure class=\"wp-block-image size-full\"><img decoding=\"async\" loading=\"lazy\" width=\"1024\" height=\"1280\" data-id=\"3696\"  src=\"https:\/\/eab-bue.infd.edu.ar\/sitio\/wp-content\/uploads\/2025\/11\/1000261603.jpg\" alt=\"\" class=\"wp-image-3696\" srcset=\"https:\/\/eab-bue.infd.edu.ar\/sitio\/wp-content\/uploads\/2025\/11\/1000261603.jpg 1024w, https:\/\/eab-bue.infd.edu.ar\/sitio\/wp-content\/uploads\/2025\/11\/1000261603-800x1000.jpg 800w, https:\/\/eab-bue.infd.edu.ar\/sitio\/wp-content\/uploads\/2025\/11\/1000261603-768x960.jpg 768w\" sizes=\"(max-width: 1024px) 100vw, 1024px\" \/><\/figure>\n\n\n\n<figure class=\"wp-block-image size-large\"><img decoding=\"async\" loading=\"lazy\" width=\"1024\" height=\"1280\" data-id=\"3693\"  src=\"https:\/\/eab-bue.infd.edu.ar\/sitio\/wp-content\/uploads\/2025\/11\/1000261597.jpg\" alt=\"\" class=\"wp-image-3693\" srcset=\"https:\/\/eab-bue.infd.edu.ar\/sitio\/wp-content\/uploads\/2025\/11\/1000261597.jpg 1024w, https:\/\/eab-bue.infd.edu.ar\/sitio\/wp-content\/uploads\/2025\/11\/1000261597-800x1000.jpg 800w, https:\/\/eab-bue.infd.edu.ar\/sitio\/wp-content\/uploads\/2025\/11\/1000261597-768x960.jpg 768w\" sizes=\"(max-width: 1024px) 100vw, 1024px\" \/><\/figure>\n\n\n\n<figure class=\"wp-block-image size-large\"><img decoding=\"async\" loading=\"lazy\" width=\"1024\" height=\"1280\" data-id=\"3694\"  src=\"https:\/\/eab-bue.infd.edu.ar\/sitio\/wp-content\/uploads\/2025\/11\/1000261601.jpg\" alt=\"\" class=\"wp-image-3694\" srcset=\"https:\/\/eab-bue.infd.edu.ar\/sitio\/wp-content\/uploads\/2025\/11\/1000261601.jpg 1024w, https:\/\/eab-bue.infd.edu.ar\/sitio\/wp-content\/uploads\/2025\/11\/1000261601-800x1000.jpg 800w, https:\/\/eab-bue.infd.edu.ar\/sitio\/wp-content\/uploads\/2025\/11\/1000261601-768x960.jpg 768w\" sizes=\"(max-width: 1024px) 100vw, 1024px\" \/><\/figure>\n<\/figure>\n\n\n\n<figure class=\"wp-block-gallery has-nested-images columns-default is-cropped wp-block-gallery-3 is-layout-flex\">\n<figure class=\"wp-block-image size-full\"><img decoding=\"async\" loading=\"lazy\" width=\"1024\" height=\"1280\" data-id=\"3691\"  src=\"https:\/\/eab-bue.infd.edu.ar\/sitio\/wp-content\/uploads\/2025\/11\/1000261595.jpg\" alt=\"\" class=\"wp-image-3691\" srcset=\"https:\/\/eab-bue.infd.edu.ar\/sitio\/wp-content\/uploads\/2025\/11\/1000261595.jpg 1024w, https:\/\/eab-bue.infd.edu.ar\/sitio\/wp-content\/uploads\/2025\/11\/1000261595-800x1000.jpg 800w, https:\/\/eab-bue.infd.edu.ar\/sitio\/wp-content\/uploads\/2025\/11\/1000261595-768x960.jpg 768w\" sizes=\"(max-width: 1024px) 100vw, 1024px\" \/><\/figure>\n\n\n\n<figure class=\"wp-block-image size-large\"><img decoding=\"async\" loading=\"lazy\" width=\"1280\" height=\"1600\" data-id=\"3706\"  src=\"https:\/\/eab-bue.infd.edu.ar\/sitio\/wp-content\/uploads\/2025\/11\/IMG-20251103-WA0073.jpg\" alt=\"\" class=\"wp-image-3706\" srcset=\"https:\/\/eab-bue.infd.edu.ar\/sitio\/wp-content\/uploads\/2025\/11\/IMG-20251103-WA0073.jpg 1280w, https:\/\/eab-bue.infd.edu.ar\/sitio\/wp-content\/uploads\/2025\/11\/IMG-20251103-WA0073-800x1000.jpg 800w, https:\/\/eab-bue.infd.edu.ar\/sitio\/wp-content\/uploads\/2025\/11\/IMG-20251103-WA0073-768x960.jpg 768w, https:\/\/eab-bue.infd.edu.ar\/sitio\/wp-content\/uploads\/2025\/11\/IMG-20251103-WA0073-1229x1536.jpg 1229w\" sizes=\"(max-width: 1280px) 100vw, 1280px\" \/><\/figure>\n\n\n\n<figure class=\"wp-block-image size-full\"><img decoding=\"async\" loading=\"lazy\" width=\"1024\" height=\"1280\" data-id=\"3690\"  src=\"https:\/\/eab-bue.infd.edu.ar\/sitio\/wp-content\/uploads\/2025\/11\/1000261593.jpg\" alt=\"\" class=\"wp-image-3690\" srcset=\"https:\/\/eab-bue.infd.edu.ar\/sitio\/wp-content\/uploads\/2025\/11\/1000261593.jpg 1024w, https:\/\/eab-bue.infd.edu.ar\/sitio\/wp-content\/uploads\/2025\/11\/1000261593-800x1000.jpg 800w, https:\/\/eab-bue.infd.edu.ar\/sitio\/wp-content\/uploads\/2025\/11\/1000261593-768x960.jpg 768w\" sizes=\"(max-width: 1024px) 100vw, 1024px\" \/><\/figure>\n<\/figure>\n","protected":false},"excerpt":{"rendered":"<p>Estud\u00eda en la Escuela de Arte de Berisso!! &#x1f3b5; M\u00daSICA &#x1f3ad; TEATRO &#x1f3a8; ARTES VISUALES &#x2714; Toda la informaci\u00f3n sobre inscripci\u00f3n 2026 (instancias de inscripci\u00f3n, documentaci\u00f3n a presentar) en el siguiente link &#x1f449; Tutorial de inscripci\u00f3n 2026 Inscripci\u00f3n abierta desde el Lunes 15\/03\/2026 Te esperamos!!<\/p>\n","protected":false},"author":4,"featured_media":0,"parent":0,"menu_order":0,"comment_status":"closed","ping_status":"closed","template":"","meta":[],"acf":[],"_links":{"self":[{"href":"https:\/\/eab-bue.infd.edu.ar\/sitio\/wp-json\/wp\/v2\/pages\/2927"}],"collection":[{"href":"https:\/\/eab-bue.infd.edu.ar\/sitio\/wp-json\/wp\/v2\/pages"}],"about":[{"href":"https:\/\/eab-bue.infd.edu.ar\/sitio\/wp-json\/wp\/v2\/types\/page"}],"author":[{"embeddable":true,"href":"https:\/\/eab-bue.infd.edu.ar\/sitio\/wp-json\/wp\/v2\/users\/4"}],"replies":[{"embeddable":true,"href":"https:\/\/eab-bue.infd.edu.ar\/sitio\/wp-json\/wp\/v2\/comments?post=2927"}],"version-history":[{"count":45,"href":"https:\/\/eab-bue.infd.edu.ar\/sitio\/wp-json\/wp\/v2\/pages\/2927\/revisions"}],"predecessor-version":[{"id":4041,"href":"https:\/\/eab-bue.infd.edu.ar\/sitio\/wp-json\/wp\/v2\/pages\/2927\/revisions\/4041"}],"wp:attachment":[{"href":"https:\/\/eab-bue.infd.edu.ar\/sitio\/wp-json\/wp\/v2\/media?parent=2927"}],"curies":[{"name":"wp","href":"https:\/\/api.w.org\/{rel}","templated":true}]}}