{"id":2893,"date":"2024-10-09T09:49:43","date_gmt":"2024-10-09T12:49:43","guid":{"rendered":"https:\/\/eab-bue.infd.edu.ar\/sitio\/?page_id=2893"},"modified":"2025-01-31T10:14:37","modified_gmt":"2025-01-31T13:14:37","slug":"enero-2025","status":"publish","type":"page","link":"https:\/\/eab-bue.infd.edu.ar\/sitio\/enero-2025\/","title":{"rendered":"Enero 2025"},"content":{"rendered":"\n<figure class=\"wp-block-embed is-type-video is-provider-youtube wp-block-embed-youtube wp-embed-aspect-16-9 wp-has-aspect-ratio\"><div class=\"wp-block-embed__wrapper\">\n<iframe loading=\"lazy\" title=\"Enero 2025.  Marcha de la bronca (1970). Pedro y Pablo\" width=\"1200\" height=\"675\" src=\"https:\/\/www.youtube.com\/embed\/PZHjEpNsi7I?feature=oembed\" frameborder=\"0\" allow=\"accelerometer; autoplay; clipboard-write; encrypted-media; gyroscope; picture-in-picture; web-share\" referrerpolicy=\"strict-origin-when-cross-origin\" allowfullscreen><\/iframe>\n<\/div><\/figure>\n\n\n\n<p><\/p>\n\n\n\n<p><strong>Calendario Interdisciplinario 2025 <em>Retratos del rock nacional: compromiso y cr\u00edtica pol\u00edtico social<\/em><\/strong><br>Escuela de Arte de Berisso<\/p>\n\n\n\n<p><strong>Coordinadores:<\/strong> profesores Paula Pellegrino y Alejandro Pereira Ghiena; estudiantes Sheila Clidas y Sof\u00eda Garc\u00eda<\/p>\n\n\n\n<p><strong>La marcha de la bronca (1970). Pedro y Pablo<\/strong><\/p>\n\n\n\n<p>\u201cLa Marcha de la Bronca\u201d es una canci\u00f3n ic\u00f3nica del rock nacional publicada en 1970 por Pedro y Pablo, d\u00fao conformado por Miguel Cantilo y Jorge Durietz, que se anticip\u00f3 a la censura del propio contexto pol\u00edtico que interpela, instando a la lucha colectiva desde el camino de la no violencia donde la bronca se hermana con la esperanza. Manifiesta expl\u00edcitamente la oposici\u00f3n al r\u00e9gimen dictatorial y moralista de Ongan\u00eda.&nbsp;<\/p>\n\n\n\n<p>En ese contexto de corrupci\u00f3n, hipocres\u00eda y represi\u00f3n, Cantilo escribi\u00f3 la letra inspirado en la canci\u00f3n de Dylan \u00abRainy Day Woman\u00bb, que tiene una estructura donde se repite siempre la primera frase. La m\u00fasica parodia una marcha militar y toma del folclore los acordes de \u00abLos ejes de mi carreta\u00bb de Atahualpa Yupanqui, puestos en una funci\u00f3n m\u00e1s r\u00edtmica.&nbsp;<\/p>\n\n\n\n<p>Esta canci\u00f3n es un himno de protesta que si bien retrata con realismo su tiempo, se actualiza en nuestro presente donde la acci\u00f3n colectiva es vital para defender la democracia y la justicia social.<\/p>\n\n\n\n<p><strong>Participantes:<\/strong><\/p>\n\n\n\n<p>Ensamble de Cellos Palosanto. Director: profesor Lisandro Gim\u00e9nez.&nbsp;<\/p>\n\n\n\n<p><\/p>\n\n\n\n<p>Int\u00e9rpretes:&nbsp;<br>Fernanda Barboza (voz) <br>Carlos Sosa (bajo y coros)&nbsp;<br>Lisandro Gim\u00e9nez (violoncello) <br>Franco C\u00edstola (violoncello) <br>Ang\u00e9lica Chirinos (violoncello)<br>Renzo C\u00edstola (bater\u00eda) <\/p>\n\n\n\n<p>Taller de Ilustraci\u00f3n III. Profesora Paula Pellegrino<br>Tecnicatura en Ilustraci\u00f3n<br>Teresita Bustos (ilustraci\u00f3n)<\/p>\n\n\n\n<p>Grabaci\u00f3n: Carlos Sosa<br>Mezcla: Carlos Sosa<br>Edici\u00f3n de video: Alejandro Pereira Ghiena y Paula Pellegrino<\/p>\n\n\n\n<div class=\"wp-block-media-text alignwide is-stacked-on-mobile\"><figure class=\"wp-block-media-text__media\"><img decoding=\"async\" loading=\"lazy\" width=\"616\" height=\"565\" src=\"https:\/\/eab-bue.infd.edu.ar\/sitio\/wp-content\/uploads\/2024\/12\/01-ENERO.png\" alt=\"\" class=\"wp-image-3043 size-full\"\/><\/figure><div class=\"wp-block-media-text__content\">\n<p><\/p>\n\n\n\n<p><em>\u201cEsta ilustraci\u00f3n inspirada en la canci\u00f3n \u201cLa Marcha de la Bronca\u201d, pretende reflejar el contexto hist\u00f3rico, pol\u00edtico y social de Argentina en la d\u00e9cada de los \u201c70. Procura ser&nbsp; un testimonio visual que nos invite&nbsp; a la reflexi\u00f3n&nbsp; sobre la resistencia y la expresi\u00f3n art\u00edstica en tiempos de adversidad.<\/em><\/p>\n\n\n\n<p><em>Los tonos naranjas, color dominante de \u00e9poca y sus diferentes escalas tonales,&nbsp; permiten evocar la tensi\u00f3n y el descontento social de este per\u00edodo. Los colores nos remiten a la tierra y evocan&nbsp; la sangre de las luchas vividas.<\/em><\/p>\n\n\n\n<p><em>Las tramas y texturas incluyen recortes de peri\u00f3dicos y elementos gr\u00e1ficos, que dan profundidad visual y representan la complejidad de las voces en la protesta. Los recortes de peri\u00f3dicos destacan la censura y la represi\u00f3n .<\/em><\/p>\n\n\n\n<p><em>La t\u00e9cnica&nbsp; de collage representa la rica y polifac\u00e9tica realidad de esos tiempos, capturando tanto lo documental como lo art\u00edstico. La superposici\u00f3n de im\u00e1genes y textos crea una narrativa visual que invita al espectador a reflexionar sobre el pasado y su relevancia en el presente\u201d. Teresita Bustos<\/em><\/p>\n\n\n\n<p><\/p>\n<\/div><\/div>\n\n\n\n<p><a href=\"https:\/\/eab-bue.infd.edu.ar\/sitio\/?page_id=2962\">Volver a la p\u00e1gina principal del Calendario 2025<\/a><\/p>\n","protected":false},"excerpt":{"rendered":"<p>Calendario Interdisciplinario 2025 Retratos del rock nacional: compromiso y cr\u00edtica pol\u00edtico socialEscuela de Arte de Berisso Coordinadores: profesores Paula Pellegrino y Alejandro Pereira Ghiena; estudiantes Sheila Clidas y Sof\u00eda Garc\u00eda La marcha de la bronca (1970). Pedro y Pablo \u201cLa Marcha de la Bronca\u201d es una canci\u00f3n ic\u00f3nica del rock nacional publicada en 1970 por &#8230; <a title=\"Enero 2025\" class=\"read-more\" href=\"https:\/\/eab-bue.infd.edu.ar\/sitio\/enero-2025\/\" aria-label=\"More on Enero 2025\">[+]<\/a><\/p>\n","protected":false},"author":4,"featured_media":0,"parent":0,"menu_order":0,"comment_status":"closed","ping_status":"closed","template":"","meta":[],"acf":[],"_links":{"self":[{"href":"https:\/\/eab-bue.infd.edu.ar\/sitio\/wp-json\/wp\/v2\/pages\/2893"}],"collection":[{"href":"https:\/\/eab-bue.infd.edu.ar\/sitio\/wp-json\/wp\/v2\/pages"}],"about":[{"href":"https:\/\/eab-bue.infd.edu.ar\/sitio\/wp-json\/wp\/v2\/types\/page"}],"author":[{"embeddable":true,"href":"https:\/\/eab-bue.infd.edu.ar\/sitio\/wp-json\/wp\/v2\/users\/4"}],"replies":[{"embeddable":true,"href":"https:\/\/eab-bue.infd.edu.ar\/sitio\/wp-json\/wp\/v2\/comments?post=2893"}],"version-history":[{"count":9,"href":"https:\/\/eab-bue.infd.edu.ar\/sitio\/wp-json\/wp\/v2\/pages\/2893\/revisions"}],"predecessor-version":[{"id":3074,"href":"https:\/\/eab-bue.infd.edu.ar\/sitio\/wp-json\/wp\/v2\/pages\/2893\/revisions\/3074"}],"wp:attachment":[{"href":"https:\/\/eab-bue.infd.edu.ar\/sitio\/wp-json\/wp\/v2\/media?parent=2893"}],"curies":[{"name":"wp","href":"https:\/\/api.w.org\/{rel}","templated":true}]}}