{"id":2860,"date":"2024-09-24T09:07:11","date_gmt":"2024-09-24T12:07:11","guid":{"rendered":"https:\/\/eab-bue.infd.edu.ar\/sitio\/?page_id=2860"},"modified":"2026-04-20T14:50:41","modified_gmt":"2026-04-20T17:50:41","slug":"talleres-y-seminarios","status":"publish","type":"page","link":"https:\/\/eab-bue.infd.edu.ar\/sitio\/talleres-y-seminarios\/","title":{"rendered":"Talleres, Cursos y Actividades de Extensi\u00f3n a la Comunidad 2026"},"content":{"rendered":"\n<p>\u00a1Todo listo para empezar! Luego de una exitosa convocatoria, ya seleccionamos las propuestas que formar\u00e1n parte de nuestra agenda creativa este a\u00f1o. Te invitamos a sumarte a la comunidad de la <strong>Escuela de Arte de Berisso<\/strong> a trav\u00e9s de estos espacios de formaci\u00f3n y expresi\u00f3n.<\/p>\n\n\n\n<h3 class=\"wp-block-heading\"><strong>&#x1f4c5; Inicio de clases: Primera semana de Mayo<\/strong><\/h3>\n\n\n\n<p>Nuestra oferta para el <strong>Ciclo 2026<\/strong> incluye:<\/p>\n\n\n\n<ul>\n<li>&#x1f3fa; <strong>Alfarer\u00eda en Torno<\/strong><\/li>\n\n\n\n<li>&#x1f33f; <strong>Collage y naturaleza rioplatense<\/strong><\/li>\n\n\n\n<li>&#x1f941; <strong>Percusi\u00f3n Afrobrasilera<\/strong><\/li>\n\n\n\n<li>&#x1f3a8; <strong>Experiencia Mural<\/strong><\/li>\n\n\n\n<li>&#x1f58d;&#xfe0f; <strong>Creatividad con Tiza Pastel<\/strong><\/li>\n\n\n\n<li>&#x1f5fa;&#xfe0f; <strong>Cartograf\u00edas de territorio<\/strong><\/li>\n\n\n\n<li>&#x1f3ac; <strong>Historias en movimiento<\/strong><\/li>\n\n\n\n<li>&#x1f47e; <strong>Dise\u00f1o de Personajes<\/strong><\/li>\n\n\n\n<li>&#x1f483; <strong>Candombe en Movimiento<\/strong><\/li>\n\n\n\n<li>&#x1f4f7; <strong>Cianotipia<\/strong><\/li>\n<\/ul>\n\n\n\n<hr class=\"wp-block-separator has-alpha-channel-opacity\"\/>\n\n\n\n<h3 class=\"wp-block-heading\"><strong>Informaci\u00f3n Importante<\/strong><\/h3>\n\n\n\n<ul>\n<li><strong>Frecuencia:<\/strong> Los encuentros se dictan <strong>una vez por semana<\/strong>.<\/li>\n\n\n\n<li><strong>Aranceles (Cuota mensual):<\/strong>\n<ul>\n<li><strong>Comunidad EAB:<\/strong> $30.000<\/li>\n\n\n\n<li><strong>P\u00fablico General:<\/strong> $35.000<\/li>\n<\/ul>\n<\/li>\n\n\n\n<li><strong>Contribuci\u00f3n:<\/strong> Al participar, no solo te form\u00e1s, sino que tambi\u00e9n colabor\u00e1s activamente con la <strong>Asociaci\u00f3n Cooperadora<\/strong> de nuestra Escuela.<\/li>\n<\/ul>\n\n\n\n<hr class=\"wp-block-separator has-alpha-channel-opacity\"\/>\n\n\n\n<h3 class=\"wp-block-heading\"><strong>\u00bfC\u00f3mo inscribirte?<\/strong><\/h3>\n\n\n\n<p>El proceso es muy sencillo. Pod\u00e9s asegurar tu lugar completando el formulario de inscripci\u00f3n en el siguiente enlace:<\/p>\n\n\n\n<p>&#x1f449; \u00a0<strong>https:\/\/forms.gle\/tBNc2ZMmmMRjaaB19<\/strong><\/p>\n\n\n\n<p><em>(Tambi\u00e9n encontr\u00e1s el link directo en nuestra biograf\u00eda de Instagram).<\/em><\/p>\n\n\n\n<p><strong>\u00a1Te esperamos para empezar a crear juntxs!<\/strong><\/p>\n\n\n\n<hr class=\"wp-block-separator has-alpha-channel-opacity\"\/>\n\n\n\n<p><strong>\u00bfConsultas?<\/strong> Seguinos en Instagram: <strong>@montevideoy11<\/strong> Sitio Web: <strong><a target=\"_blank\" rel=\"noreferrer noopener\" href=\"https:\/\/eab-bue.infd.edu.ar\/sitio\">https:\/\/eab-bue.infd.edu.ar\/sitio<\/a><\/strong><\/p>\n\n\n\n<p class=\"has-base-3-color has-cool-to-warm-spectrum-gradient-background has-text-color has-background\"><br>Para m\u00e1s informaci\u00f3n podes escribir a <strong>extensioneab@gmail.com<\/strong><\/p>\n\n\n\n<figure class=\"wp-block-gallery has-nested-images columns-default is-cropped wp-block-gallery-1 is-layout-flex\">\n<figure class=\"wp-block-image size-full\"><img decoding=\"async\" loading=\"lazy\" width=\"1280\" height=\"1600\" data-id=\"4108\"  src=\"https:\/\/eab-bue.infd.edu.ar\/sitio\/wp-content\/uploads\/2026\/04\/1000345495.jpg\" alt=\"\" class=\"wp-image-4108\" srcset=\"https:\/\/eab-bue.infd.edu.ar\/sitio\/wp-content\/uploads\/2026\/04\/1000345495.jpg 1280w, https:\/\/eab-bue.infd.edu.ar\/sitio\/wp-content\/uploads\/2026\/04\/1000345495-800x1000.jpg 800w, https:\/\/eab-bue.infd.edu.ar\/sitio\/wp-content\/uploads\/2026\/04\/1000345495-768x960.jpg 768w, https:\/\/eab-bue.infd.edu.ar\/sitio\/wp-content\/uploads\/2026\/04\/1000345495-1229x1536.jpg 1229w\" sizes=\"(max-width: 1280px) 100vw, 1280px\" \/><\/figure>\n\n\n\n<figure class=\"wp-block-image size-large\"><img decoding=\"async\" loading=\"lazy\" width=\"1280\" height=\"1600\" data-id=\"4110\"  src=\"https:\/\/eab-bue.infd.edu.ar\/sitio\/wp-content\/uploads\/2026\/04\/1000347405.jpg\" alt=\"\" class=\"wp-image-4110\" srcset=\"https:\/\/eab-bue.infd.edu.ar\/sitio\/wp-content\/uploads\/2026\/04\/1000347405.jpg 1280w, https:\/\/eab-bue.infd.edu.ar\/sitio\/wp-content\/uploads\/2026\/04\/1000347405-800x1000.jpg 800w, https:\/\/eab-bue.infd.edu.ar\/sitio\/wp-content\/uploads\/2026\/04\/1000347405-768x960.jpg 768w, https:\/\/eab-bue.infd.edu.ar\/sitio\/wp-content\/uploads\/2026\/04\/1000347405-1229x1536.jpg 1229w\" sizes=\"(max-width: 1280px) 100vw, 1280px\" \/><\/figure>\n\n\n\n<figure class=\"wp-block-image size-large\"><img decoding=\"async\" loading=\"lazy\" width=\"1280\" height=\"1600\" data-id=\"4117\"  src=\"https:\/\/eab-bue.infd.edu.ar\/sitio\/wp-content\/uploads\/2026\/04\/1000345493.jpg\" alt=\"\" class=\"wp-image-4117\" srcset=\"https:\/\/eab-bue.infd.edu.ar\/sitio\/wp-content\/uploads\/2026\/04\/1000345493.jpg 1280w, https:\/\/eab-bue.infd.edu.ar\/sitio\/wp-content\/uploads\/2026\/04\/1000345493-800x1000.jpg 800w, https:\/\/eab-bue.infd.edu.ar\/sitio\/wp-content\/uploads\/2026\/04\/1000345493-768x960.jpg 768w, https:\/\/eab-bue.infd.edu.ar\/sitio\/wp-content\/uploads\/2026\/04\/1000345493-1229x1536.jpg 1229w\" sizes=\"(max-width: 1280px) 100vw, 1280px\" \/><\/figure>\n\n\n\n<figure class=\"wp-block-image size-large\"><img decoding=\"async\" loading=\"lazy\" width=\"1280\" height=\"1600\" data-id=\"4118\"  src=\"https:\/\/eab-bue.infd.edu.ar\/sitio\/wp-content\/uploads\/2026\/04\/1000345485.jpg\" alt=\"\" class=\"wp-image-4118\" srcset=\"https:\/\/eab-bue.infd.edu.ar\/sitio\/wp-content\/uploads\/2026\/04\/1000345485.jpg 1280w, https:\/\/eab-bue.infd.edu.ar\/sitio\/wp-content\/uploads\/2026\/04\/1000345485-800x1000.jpg 800w, https:\/\/eab-bue.infd.edu.ar\/sitio\/wp-content\/uploads\/2026\/04\/1000345485-768x960.jpg 768w, https:\/\/eab-bue.infd.edu.ar\/sitio\/wp-content\/uploads\/2026\/04\/1000345485-1229x1536.jpg 1229w\" sizes=\"(max-width: 1280px) 100vw, 1280px\" \/><\/figure>\n\n\n\n<figure class=\"wp-block-image size-large\"><img decoding=\"async\" loading=\"lazy\" width=\"1280\" height=\"1600\" data-id=\"4111\"  src=\"https:\/\/eab-bue.infd.edu.ar\/sitio\/wp-content\/uploads\/2026\/04\/1000345489.jpg\" alt=\"\" class=\"wp-image-4111\" srcset=\"https:\/\/eab-bue.infd.edu.ar\/sitio\/wp-content\/uploads\/2026\/04\/1000345489.jpg 1280w, https:\/\/eab-bue.infd.edu.ar\/sitio\/wp-content\/uploads\/2026\/04\/1000345489-800x1000.jpg 800w, https:\/\/eab-bue.infd.edu.ar\/sitio\/wp-content\/uploads\/2026\/04\/1000345489-768x960.jpg 768w, https:\/\/eab-bue.infd.edu.ar\/sitio\/wp-content\/uploads\/2026\/04\/1000345489-1229x1536.jpg 1229w\" sizes=\"(max-width: 1280px) 100vw, 1280px\" \/><\/figure>\n\n\n\n<figure class=\"wp-block-image size-large\"><img decoding=\"async\" loading=\"lazy\" width=\"1280\" height=\"1600\" data-id=\"4116\"  src=\"https:\/\/eab-bue.infd.edu.ar\/sitio\/wp-content\/uploads\/2026\/04\/1000347403.jpg\" alt=\"\" class=\"wp-image-4116\" srcset=\"https:\/\/eab-bue.infd.edu.ar\/sitio\/wp-content\/uploads\/2026\/04\/1000347403.jpg 1280w, https:\/\/eab-bue.infd.edu.ar\/sitio\/wp-content\/uploads\/2026\/04\/1000347403-800x1000.jpg 800w, https:\/\/eab-bue.infd.edu.ar\/sitio\/wp-content\/uploads\/2026\/04\/1000347403-768x960.jpg 768w, https:\/\/eab-bue.infd.edu.ar\/sitio\/wp-content\/uploads\/2026\/04\/1000347403-1229x1536.jpg 1229w\" sizes=\"(max-width: 1280px) 100vw, 1280px\" \/><\/figure>\n\n\n\n<figure class=\"wp-block-image size-large\"><img decoding=\"async\" loading=\"lazy\" width=\"1280\" height=\"1600\" data-id=\"4113\"  src=\"https:\/\/eab-bue.infd.edu.ar\/sitio\/wp-content\/uploads\/2026\/04\/1000345488.jpg\" alt=\"\" class=\"wp-image-4113\" srcset=\"https:\/\/eab-bue.infd.edu.ar\/sitio\/wp-content\/uploads\/2026\/04\/1000345488.jpg 1280w, https:\/\/eab-bue.infd.edu.ar\/sitio\/wp-content\/uploads\/2026\/04\/1000345488-800x1000.jpg 800w, https:\/\/eab-bue.infd.edu.ar\/sitio\/wp-content\/uploads\/2026\/04\/1000345488-768x960.jpg 768w, https:\/\/eab-bue.infd.edu.ar\/sitio\/wp-content\/uploads\/2026\/04\/1000345488-1229x1536.jpg 1229w\" sizes=\"(max-width: 1280px) 100vw, 1280px\" \/><\/figure>\n\n\n\n<figure class=\"wp-block-image size-large\"><img decoding=\"async\" loading=\"lazy\" width=\"1280\" height=\"1600\" data-id=\"4112\"  src=\"https:\/\/eab-bue.infd.edu.ar\/sitio\/wp-content\/uploads\/2026\/04\/1000345486.jpg\" alt=\"\" class=\"wp-image-4112\" srcset=\"https:\/\/eab-bue.infd.edu.ar\/sitio\/wp-content\/uploads\/2026\/04\/1000345486.jpg 1280w, https:\/\/eab-bue.infd.edu.ar\/sitio\/wp-content\/uploads\/2026\/04\/1000345486-800x1000.jpg 800w, https:\/\/eab-bue.infd.edu.ar\/sitio\/wp-content\/uploads\/2026\/04\/1000345486-768x960.jpg 768w, https:\/\/eab-bue.infd.edu.ar\/sitio\/wp-content\/uploads\/2026\/04\/1000345486-1229x1536.jpg 1229w\" sizes=\"(max-width: 1280px) 100vw, 1280px\" \/><\/figure>\n\n\n\n<figure class=\"wp-block-image size-large\"><img decoding=\"async\" loading=\"lazy\" width=\"1080\" height=\"1350\" data-id=\"4114\"  src=\"https:\/\/eab-bue.infd.edu.ar\/sitio\/wp-content\/uploads\/2026\/04\/1000347594.png\" alt=\"\" class=\"wp-image-4114\" srcset=\"https:\/\/eab-bue.infd.edu.ar\/sitio\/wp-content\/uploads\/2026\/04\/1000347594.png 1080w, https:\/\/eab-bue.infd.edu.ar\/sitio\/wp-content\/uploads\/2026\/04\/1000347594-800x1000.png 800w, https:\/\/eab-bue.infd.edu.ar\/sitio\/wp-content\/uploads\/2026\/04\/1000347594-768x960.png 768w\" sizes=\"(max-width: 1080px) 100vw, 1080px\" \/><\/figure>\n\n\n\n<figure class=\"wp-block-image size-large\"><img decoding=\"async\" loading=\"lazy\" width=\"1280\" height=\"1600\" data-id=\"4115\"  src=\"https:\/\/eab-bue.infd.edu.ar\/sitio\/wp-content\/uploads\/2026\/04\/1000345491.jpg\" alt=\"\" class=\"wp-image-4115\" srcset=\"https:\/\/eab-bue.infd.edu.ar\/sitio\/wp-content\/uploads\/2026\/04\/1000345491.jpg 1280w, https:\/\/eab-bue.infd.edu.ar\/sitio\/wp-content\/uploads\/2026\/04\/1000345491-800x1000.jpg 800w, https:\/\/eab-bue.infd.edu.ar\/sitio\/wp-content\/uploads\/2026\/04\/1000345491-768x960.jpg 768w, https:\/\/eab-bue.infd.edu.ar\/sitio\/wp-content\/uploads\/2026\/04\/1000345491-1229x1536.jpg 1229w\" sizes=\"(max-width: 1280px) 100vw, 1280px\" \/><\/figure>\n\n\n\n<figure class=\"wp-block-image size-large\"><img decoding=\"async\" loading=\"lazy\" width=\"1280\" height=\"1600\" data-id=\"4109\"  src=\"https:\/\/eab-bue.infd.edu.ar\/sitio\/wp-content\/uploads\/2026\/04\/1000345494.jpg\" alt=\"\" class=\"wp-image-4109\" srcset=\"https:\/\/eab-bue.infd.edu.ar\/sitio\/wp-content\/uploads\/2026\/04\/1000345494.jpg 1280w, https:\/\/eab-bue.infd.edu.ar\/sitio\/wp-content\/uploads\/2026\/04\/1000345494-800x1000.jpg 800w, https:\/\/eab-bue.infd.edu.ar\/sitio\/wp-content\/uploads\/2026\/04\/1000345494-768x960.jpg 768w, https:\/\/eab-bue.infd.edu.ar\/sitio\/wp-content\/uploads\/2026\/04\/1000345494-1229x1536.jpg 1229w\" sizes=\"(max-width: 1280px) 100vw, 1280px\" \/><\/figure>\n<\/figure>\n","protected":false},"excerpt":{"rendered":"<p>\u00a1Todo listo para empezar! Luego de una exitosa convocatoria, ya seleccionamos las propuestas que formar\u00e1n parte de nuestra agenda creativa este a\u00f1o. Te invitamos a sumarte a la comunidad de la Escuela de Arte de Berisso a trav\u00e9s de estos espacios de formaci\u00f3n y expresi\u00f3n. &#x1f4c5; Inicio de clases: Primera semana de Mayo Nuestra oferta &#8230; <a title=\"Talleres, Cursos y Actividades de Extensi\u00f3n a la Comunidad 2026\" class=\"read-more\" href=\"https:\/\/eab-bue.infd.edu.ar\/sitio\/talleres-y-seminarios\/\" aria-label=\"More on Talleres, Cursos y Actividades de Extensi\u00f3n a la Comunidad 2026\">[+]<\/a><\/p>\n","protected":false},"author":4,"featured_media":0,"parent":0,"menu_order":0,"comment_status":"closed","ping_status":"closed","template":"","meta":[],"acf":[],"_links":{"self":[{"href":"https:\/\/eab-bue.infd.edu.ar\/sitio\/wp-json\/wp\/v2\/pages\/2860"}],"collection":[{"href":"https:\/\/eab-bue.infd.edu.ar\/sitio\/wp-json\/wp\/v2\/pages"}],"about":[{"href":"https:\/\/eab-bue.infd.edu.ar\/sitio\/wp-json\/wp\/v2\/types\/page"}],"author":[{"embeddable":true,"href":"https:\/\/eab-bue.infd.edu.ar\/sitio\/wp-json\/wp\/v2\/users\/4"}],"replies":[{"embeddable":true,"href":"https:\/\/eab-bue.infd.edu.ar\/sitio\/wp-json\/wp\/v2\/comments?post=2860"}],"version-history":[{"count":29,"href":"https:\/\/eab-bue.infd.edu.ar\/sitio\/wp-json\/wp\/v2\/pages\/2860\/revisions"}],"predecessor-version":[{"id":4120,"href":"https:\/\/eab-bue.infd.edu.ar\/sitio\/wp-json\/wp\/v2\/pages\/2860\/revisions\/4120"}],"wp:attachment":[{"href":"https:\/\/eab-bue.infd.edu.ar\/sitio\/wp-json\/wp\/v2\/media?parent=2860"}],"curies":[{"name":"wp","href":"https:\/\/api.w.org\/{rel}","templated":true}]}}