{"id":2596,"date":"2024-04-30T11:11:37","date_gmt":"2024-04-30T14:11:37","guid":{"rendered":"https:\/\/eab-bue.infd.edu.ar\/sitio\/?page_id=2596"},"modified":"2025-04-01T08:57:55","modified_gmt":"2025-04-01T11:57:55","slug":"boleto-estudiantil","status":"publish","type":"page","link":"https:\/\/eab-bue.infd.edu.ar\/sitio\/boleto-estudiantil\/","title":{"rendered":"Boleto estudiantil"},"content":{"rendered":"\n<p class=\"has-medium-font-size\"><strong>Atenci\u00f3n estudiantes:<\/strong><\/p>\n\n\n\n<p>Compartimos informaci\u00f3n sobre el boleto estudiantil terciario.<\/p>\n\n\n\n<p>Toda la info en el siguiente enlace&nbsp;&nbsp;&#x1f449; <a rel=\"noreferrer noopener\" href=\"https:\/\/www.gba.gob.ar\/transporte\/boleto\" target=\"_blank\">https:\/\/www.gba.gob.ar\/transporte\/boleto<\/a><\/p>\n\n\n\n<p>P\u00e1gina con formulario de inscripci\u00f3n y reclamos  &#x1f449; <a rel=\"noreferrer noopener\" href=\"https:\/\/www.gba.gob.ar\/transporte\/boleto_estudiantil\" target=\"_blank\">AQU\u00cd<\/a><\/p>\n\n\n\n<p>Formulario a completar por estudiantes en el siguiente enlace &#x1f449; <a rel=\"noreferrer noopener\" href=\"https:\/\/forms.gle\/q151bBdrJFvJzZ828\" target=\"_blank\">FORMULARIO ESTUDIANTES BOLETO ESTUDIANTIL <\/a><\/p>\n","protected":false},"excerpt":{"rendered":"<p>Atenci\u00f3n estudiantes: Compartimos informaci\u00f3n sobre el boleto estudiantil terciario. Toda la info en el siguiente enlace&nbsp;&nbsp;&#x1f449; https:\/\/www.gba.gob.ar\/transporte\/boleto P\u00e1gina con formulario de inscripci\u00f3n y reclamos &#x1f449; AQU\u00cd Formulario a completar por estudiantes en el siguiente enlace &#x1f449; FORMULARIO ESTUDIANTES BOLETO ESTUDIANTIL<\/p>\n","protected":false},"author":4,"featured_media":0,"parent":0,"menu_order":0,"comment_status":"closed","ping_status":"closed","template":"","meta":[],"acf":[],"_links":{"self":[{"href":"https:\/\/eab-bue.infd.edu.ar\/sitio\/wp-json\/wp\/v2\/pages\/2596"}],"collection":[{"href":"https:\/\/eab-bue.infd.edu.ar\/sitio\/wp-json\/wp\/v2\/pages"}],"about":[{"href":"https:\/\/eab-bue.infd.edu.ar\/sitio\/wp-json\/wp\/v2\/types\/page"}],"author":[{"embeddable":true,"href":"https:\/\/eab-bue.infd.edu.ar\/sitio\/wp-json\/wp\/v2\/users\/4"}],"replies":[{"embeddable":true,"href":"https:\/\/eab-bue.infd.edu.ar\/sitio\/wp-json\/wp\/v2\/comments?post=2596"}],"version-history":[{"count":5,"href":"https:\/\/eab-bue.infd.edu.ar\/sitio\/wp-json\/wp\/v2\/pages\/2596\/revisions"}],"predecessor-version":[{"id":3340,"href":"https:\/\/eab-bue.infd.edu.ar\/sitio\/wp-json\/wp\/v2\/pages\/2596\/revisions\/3340"}],"wp:attachment":[{"href":"https:\/\/eab-bue.infd.edu.ar\/sitio\/wp-json\/wp\/v2\/media?parent=2596"}],"curies":[{"name":"wp","href":"https:\/\/api.w.org\/{rel}","templated":true}]}}