{"id":2026,"date":"2023-10-22T22:05:41","date_gmt":"2023-10-23T01:05:41","guid":{"rendered":"https:\/\/eab-bue.infd.edu.ar\/sitio\/?page_id=2026"},"modified":"2023-12-28T22:21:51","modified_gmt":"2023-12-29T01:21:51","slug":"diciembre-2024","status":"publish","type":"page","link":"https:\/\/eab-bue.infd.edu.ar\/sitio\/diciembre-2024\/","title":{"rendered":"Diciembre 2024"},"content":{"rendered":"\n<figure class=\"wp-block-embed is-type-video is-provider-youtube wp-block-embed-youtube wp-embed-aspect-16-9 wp-has-aspect-ratio\"><div class=\"wp-block-embed__wrapper\">\n<iframe loading=\"lazy\" title=\"Diciembre 2024. Como dos extra\u00f1os. Tango (R\u00edo de La Plata)\" width=\"1200\" height=\"675\" src=\"https:\/\/www.youtube.com\/embed\/ugvXKawdklk?feature=oembed\" frameborder=\"0\" allow=\"accelerometer; autoplay; clipboard-write; encrypted-media; gyroscope; picture-in-picture; web-share\" allowfullscreen><\/iframe>\n<\/div><\/figure>\n\n\n\n<p><\/p>\n\n\n\n<p><strong>Calendario Interdisciplinario 2024 <\/strong><strong><em>Tramas Latinoamericanas<\/em><\/strong><strong><em><br><\/em><\/strong>Escuela de Arte de Berisso<\/p>\n\n\n\n<p><strong>Coordinadores:<\/strong> Paula Pellegrino y Alejandro Pereira Ghiena<\/p>\n\n\n\n<h6 class=\"wp-block-heading\"><strong>Como dos extra\u00f1os. Tango (R\u00edo de la Plata)<\/strong><\/h6>\n\n\n\n<p>El <em>\u201cTango\u201d <\/em>es un g\u00e9nero musical rioplatense, cuyos or\u00edgenes se remontan hacia 1890, producto de la interacci\u00f3n de la m\u00fasica criolla tradicional, la m\u00fasica europea tra\u00edda por la gran inmigraci\u00f3n y de la m\u00fasica negra. Es una expresi\u00f3n art\u00edstica que se manifiesta en la m\u00fasica, la danza, la literatura, la pintura y el teatro.<\/p>\n\n\n\n<p>Si bien se lo conoce como el <em>2&#215;4<\/em>, su escritura m\u00e9trica se realizaba en <em>4&#215;8<\/em>, actualmente <em>4&#215;4<\/em>. La acentuaci\u00f3n natural del tango recae en los tiempos 1 y 3. Sus diferentes modelos de marcaci\u00f3n y formas de fraseos r\u00edtmicos y mel\u00f3dicos le dan al tango su identidad propia.<\/p>\n\n\n\n<p>Cuenta la historia que en el famoso cabaret \u00abMarab\u00fa\u00bb, una joven copera y un mozo, se pusieron de novios, planearon casarse, tener hijos, envejecer juntos. Sin embargo, una noche, un cliente se acerc\u00f3 a la joven y empez\u00f3 a gritarle exhibiendo una libreta en la cual mostraba que ella era su esposa. Pasaron dos a\u00f1os y el frustrado novio fue a buscar a la joven a C\u00f3rdoba, la encontr\u00f3 trabajando en un almac\u00e9n y la vio muy diferente a c\u00f3mo la conoci\u00f3, destrozada por el desamor. Inspirado en esta historia, Jos\u00e9 Mar\u00eda Contursi cre\u00f3 la letra del tango \u00ab<em>Como dos extra\u00f1os<\/em>\u00bb en 1940 con la m\u00fasica de Pedro Laurenz.<\/p>\n\n\n\n<p><strong>C\u00e1tedras participantes:<\/strong><strong><br><\/strong><em>Orquesta-Ensamble de Tango de la Escuela de Arte de Berisso. <\/em>Director: Ricardo Zapiola.<br>Profesorado en M\u00fasica (Orientaci\u00f3n Instrumento\/Canto Popular); Profesorado en M\u00fasica (Orientaci\u00f3n Instrumento) y Profesorado en M\u00fasica (Orientaci\u00f3n Educaci\u00f3n Musical)<\/p>\n\n\n\n<p>M\u00fasicxs:<br>Mirta Scolari (voz)<br>Kevin Lobo (piano)<\/p>\n\n\n\n<p><em>Taller de Ilustraci\u00f3n III<\/em>. Profesora Paula Pellegrino<br>Tecnicatura en Ilustraci\u00f3n<br>Sof\u00eda Garc\u00eda (ilustraci\u00f3n)<\/p>\n\n\n\n<p><em>Grabaci\u00f3n<\/em>: Mat\u00edas Sellanes y Tulio Simeoni<br><em>Mezcla<\/em>: Tulio Simeoni<br><em>Edici\u00f3n de video<\/em>: Alejandro Pereira Ghiena<\/p>\n\n\n\n<div class=\"wp-block-media-text alignwide is-stacked-on-mobile\"><figure class=\"wp-block-media-text__media\"><img decoding=\"async\" loading=\"lazy\" width=\"1748\" height=\"1654\" src=\"https:\/\/eab-bue.infd.edu.ar\/sitio\/wp-content\/uploads\/2023\/12\/tango.jpg\" alt=\"\" class=\"wp-image-2303 size-full\" srcset=\"https:\/\/eab-bue.infd.edu.ar\/sitio\/wp-content\/uploads\/2023\/12\/tango.jpg 1748w, https:\/\/eab-bue.infd.edu.ar\/sitio\/wp-content\/uploads\/2023\/12\/tango-1000x946.jpg 1000w, https:\/\/eab-bue.infd.edu.ar\/sitio\/wp-content\/uploads\/2023\/12\/tango-768x727.jpg 768w, https:\/\/eab-bue.infd.edu.ar\/sitio\/wp-content\/uploads\/2023\/12\/tango-1536x1453.jpg 1536w\" sizes=\"(max-width: 1748px) 100vw, 1748px\" \/><\/figure><div class=\"wp-block-media-text__content\">\n<p><\/p>\n\n\n\n<p>Indagu\u00e9 sobre la idea del tango como \u00edcono musical rioplatense y su vinculaci\u00f3n con la expresi\u00f3n pl\u00e1stica del fileteado porte\u00f1o; el cual se expandi\u00f3 como producci\u00f3n cultural que \u00abdecor\u00f3\u00bb el entorno donde el tango fue su sonido.<\/p>\n\n\n\n<p>Rojo, negro y blanco est\u00e1n inspirados en los tonos que visten a los m\u00fasicos y bailarines, reforzando la identidad de este g\u00e9nero musical.<\/p>\n\n\n\n<p>Finalmente, inclu\u00ed la rosa como s\u00edmbolo de cortejo entre \u00abdos extra\u00f1os\u00bb. (Sof\u00eda Garc\u00eda)<\/p>\n<\/div><\/div>\n","protected":false},"excerpt":{"rendered":"<p>Calendario Interdisciplinario 2024 Tramas LatinoamericanasEscuela de Arte de Berisso Coordinadores: Paula Pellegrino y Alejandro Pereira Ghiena Como dos extra\u00f1os. Tango (R\u00edo de la Plata) El \u201cTango\u201d es un g\u00e9nero musical rioplatense, cuyos or\u00edgenes se remontan hacia 1890, producto de la interacci\u00f3n de la m\u00fasica criolla tradicional, la m\u00fasica europea tra\u00edda por la gran inmigraci\u00f3n y &#8230; <a title=\"Diciembre 2024\" class=\"read-more\" href=\"https:\/\/eab-bue.infd.edu.ar\/sitio\/diciembre-2024\/\" aria-label=\"More on Diciembre 2024\">[+]<\/a><\/p>\n","protected":false},"author":24,"featured_media":0,"parent":0,"menu_order":0,"comment_status":"closed","ping_status":"closed","template":"","meta":[],"acf":[],"_links":{"self":[{"href":"https:\/\/eab-bue.infd.edu.ar\/sitio\/wp-json\/wp\/v2\/pages\/2026"}],"collection":[{"href":"https:\/\/eab-bue.infd.edu.ar\/sitio\/wp-json\/wp\/v2\/pages"}],"about":[{"href":"https:\/\/eab-bue.infd.edu.ar\/sitio\/wp-json\/wp\/v2\/types\/page"}],"author":[{"embeddable":true,"href":"https:\/\/eab-bue.infd.edu.ar\/sitio\/wp-json\/wp\/v2\/users\/24"}],"replies":[{"embeddable":true,"href":"https:\/\/eab-bue.infd.edu.ar\/sitio\/wp-json\/wp\/v2\/comments?post=2026"}],"version-history":[{"count":4,"href":"https:\/\/eab-bue.infd.edu.ar\/sitio\/wp-json\/wp\/v2\/pages\/2026\/revisions"}],"predecessor-version":[{"id":2306,"href":"https:\/\/eab-bue.infd.edu.ar\/sitio\/wp-json\/wp\/v2\/pages\/2026\/revisions\/2306"}],"wp:attachment":[{"href":"https:\/\/eab-bue.infd.edu.ar\/sitio\/wp-json\/wp\/v2\/media?parent=2026"}],"curies":[{"name":"wp","href":"https:\/\/api.w.org\/{rel}","templated":true}]}}