{"id":2024,"date":"2023-10-22T22:04:41","date_gmt":"2023-10-23T01:04:41","guid":{"rendered":"https:\/\/eab-bue.infd.edu.ar\/sitio\/?page_id=2024"},"modified":"2023-12-24T16:57:49","modified_gmt":"2023-12-24T19:57:49","slug":"noviembre-2024","status":"publish","type":"page","link":"https:\/\/eab-bue.infd.edu.ar\/sitio\/noviembre-2024\/","title":{"rendered":"Noviembre 2024"},"content":{"rendered":"\n<figure class=\"wp-block-embed is-type-video is-provider-youtube wp-block-embed-youtube wp-embed-aspect-16-9 wp-has-aspect-ratio\"><div class=\"wp-block-embed__wrapper\">\n<iframe loading=\"lazy\" title=\"Noviembre 2024. As\u00ed lo grita Tot\u00f3. Cumbia (Colombia)\" width=\"1200\" height=\"675\" src=\"https:\/\/www.youtube.com\/embed\/XTHmcIpJMkE?feature=oembed\" frameborder=\"0\" allow=\"accelerometer; autoplay; clipboard-write; encrypted-media; gyroscope; picture-in-picture; web-share\" allowfullscreen><\/iframe>\n<\/div><\/figure>\n\n\n\n<p><strong>Calendario Interdisciplinario 2024 <em>Tramas Latinoamericanas<br><\/em><\/strong>Escuela de Arte de Berisso<\/p>\n\n\n\n<p><strong>Coordinadores:<\/strong> Paula Pellegrino y Alejandro Pereira Ghiena<\/p>\n\n\n\n<h6 class=\"wp-block-heading\"><strong>As\u00ed lo grita Tot\u00f3. Cumbia (Colombia)<\/strong><\/h6>\n\n\n\n<p>Expresi\u00f3n de la gran diversidad cultural de la zona Caribe de Colombia, <em>la m\u00fasica de gaitas y tambores<\/em> refleja el sincretismo y la hibridaci\u00f3n latinoamericana, dando cuenta una vez m\u00e1s del entramado cultural de Nuestra Am\u00e9rica. Las gaitas (<em>kuisi<\/em>) provenientes de las culturas de los pueblos originarios de la regi\u00f3n se combinan con los ritmos y las adaptaciones de tambores africanos (llamador, alegre y tambora), y con melod\u00edas y versos asociados a culturas europeas dando lugar a un fen\u00f3meno musical que incluye diferentes g\u00e9neros musicales. La <em>cumbia colombiana<\/em>, como parte de esta m\u00fasica, es sin duda el g\u00e9nero latinoamericano que m\u00e1s se ha difundido dentro de Am\u00e9rica Latina, adapt\u00e1ndose a los diferentes contextos sociales y culturales, adquiriendo diferentes particularidades y populariz\u00e1ndose vertiginosamente desde mediados del siglo XX.&nbsp;<\/p>\n\n\n\n<p>Los estudiantes de M\u00fasica Latinoamericana nos traen \u201c<em>As\u00ed lo grita Tot\u00f3<\/em>\u201d, una cumbia colombiana compuesta por Joaqu\u00edn Nicol\u00e1s Hern\u00e1ndez dedicada a Tot\u00f3 la Momposina, una de las voces m\u00e1s reconocidas de la m\u00fasica de gaitas y tambores. <em>&nbsp;&nbsp;<\/em><\/p>\n\n\n\n<p><strong>C\u00e1tedras participantes:<\/strong><strong><br><\/strong><em>M\u00fasica Latinoamericana<\/em>. Profesor Alejandro Pereira Ghiena<br>Profesorado en M\u00fasica (Orientaci\u00f3n Instrumento\/Canto Popular) y Profesorado en M\u00fasica (Orientaci\u00f3n Educaci\u00f3n Musical)<\/p>\n\n\n\n<p>Diego Barrientos (voz y gaita hembra)<br>Renzo Cistola (gaita macho)<br>Aixa Sanz (tambor llamador y coros)<br>Hern\u00e1n Figueroa (tambor alegre y coros)<br>Sebasti\u00e1n Orellano (tambora y coros)<br>Ismael Bozok (maraca y coros)<br>Ezequiel Sottile Baez (bajo y coros)<\/p>\n\n\n\n<p>Coordinaci\u00f3n musical: Diego Barrientos<\/p>\n\n\n\n<p><em>Taller de Ilustraci\u00f3n III<\/em>. Profesora Paula Pellegrino\u00a0<br>Tecnicatura en Ilustraci\u00f3n<br>Andr\u00e9s Barrera (ilustraci\u00f3n)<\/p>\n\n\n\n<p><em>Grabaci\u00f3n<\/em>: Mat\u00edas Sellanes y Tulio Simeoni<br><em>Mezcla<\/em>: Julio Caputo<br><em>Edici\u00f3n de video<\/em>: Alejandro Pereira Ghiena<\/p>\n\n\n\n<div class=\"wp-block-media-text alignwide is-stacked-on-mobile\"><figure class=\"wp-block-media-text__media\"><img decoding=\"async\" loading=\"lazy\" width=\"1689\" height=\"1535\" src=\"https:\/\/eab-bue.infd.edu.ar\/sitio\/wp-content\/uploads\/2023\/12\/11-noviembre-cumbia-colombiana.png\" alt=\"\" class=\"wp-image-2291 size-full\" srcset=\"https:\/\/eab-bue.infd.edu.ar\/sitio\/wp-content\/uploads\/2023\/12\/11-noviembre-cumbia-colombiana.png 1689w, https:\/\/eab-bue.infd.edu.ar\/sitio\/wp-content\/uploads\/2023\/12\/11-noviembre-cumbia-colombiana-1000x909.png 1000w, https:\/\/eab-bue.infd.edu.ar\/sitio\/wp-content\/uploads\/2023\/12\/11-noviembre-cumbia-colombiana-768x698.png 768w, https:\/\/eab-bue.infd.edu.ar\/sitio\/wp-content\/uploads\/2023\/12\/11-noviembre-cumbia-colombiana-1536x1396.png 1536w\" sizes=\"(max-width: 1689px) 100vw, 1689px\" \/><\/figure><div class=\"wp-block-media-text__content\">\n<p><\/p>\n\n\n\n<p>El dise\u00f1o fue inspirado en la cumbia colombiana, g\u00e9nero musical identitario de mi pa\u00eds natal, y en el atardecer en el mar Caribe.<\/p>\n\n\n\n<p>El sombrero vueltiao es una de las piezas m\u00e1s ic\u00f3nicas y tradicionales de la costa colombiana empleado en la danza, que se ha extendido territorialmente y adoptado como patrimonio cultural de Colombia. Los dibujos o \u201cpintas\u201d representan identidades de antiguos clanes familiares; las artesanas realizan el trenzado circular de la ca\u00f1a flecha expresando \u00abla concepci\u00f3n de unidad del universo y su devenir eterno\u00bb.<\/p>\n\n\n\n<p>Utilic\u00e9 una paleta contrastante de colores c\u00e1lidos y fr\u00edos, semejando el clima caribe\u00f1o y la tranquilidad del mar, respectivamente. (Andr\u00e9s Barrera)<\/p>\n<\/div><\/div>\n","protected":false},"excerpt":{"rendered":"<p>Calendario Interdisciplinario 2024 Tramas LatinoamericanasEscuela de Arte de Berisso Coordinadores: Paula Pellegrino y Alejandro Pereira Ghiena As\u00ed lo grita Tot\u00f3. Cumbia (Colombia) Expresi\u00f3n de la gran diversidad cultural de la zona Caribe de Colombia, la m\u00fasica de gaitas y tambores refleja el sincretismo y la hibridaci\u00f3n latinoamericana, dando cuenta una vez m\u00e1s del entramado cultural &#8230; <a title=\"Noviembre 2024\" class=\"read-more\" href=\"https:\/\/eab-bue.infd.edu.ar\/sitio\/noviembre-2024\/\" aria-label=\"More on Noviembre 2024\">[+]<\/a><\/p>\n","protected":false},"author":24,"featured_media":0,"parent":0,"menu_order":0,"comment_status":"closed","ping_status":"closed","template":"","meta":[],"acf":[],"_links":{"self":[{"href":"https:\/\/eab-bue.infd.edu.ar\/sitio\/wp-json\/wp\/v2\/pages\/2024"}],"collection":[{"href":"https:\/\/eab-bue.infd.edu.ar\/sitio\/wp-json\/wp\/v2\/pages"}],"about":[{"href":"https:\/\/eab-bue.infd.edu.ar\/sitio\/wp-json\/wp\/v2\/types\/page"}],"author":[{"embeddable":true,"href":"https:\/\/eab-bue.infd.edu.ar\/sitio\/wp-json\/wp\/v2\/users\/24"}],"replies":[{"embeddable":true,"href":"https:\/\/eab-bue.infd.edu.ar\/sitio\/wp-json\/wp\/v2\/comments?post=2024"}],"version-history":[{"count":7,"href":"https:\/\/eab-bue.infd.edu.ar\/sitio\/wp-json\/wp\/v2\/pages\/2024\/revisions"}],"predecessor-version":[{"id":2298,"href":"https:\/\/eab-bue.infd.edu.ar\/sitio\/wp-json\/wp\/v2\/pages\/2024\/revisions\/2298"}],"wp:attachment":[{"href":"https:\/\/eab-bue.infd.edu.ar\/sitio\/wp-json\/wp\/v2\/media?parent=2024"}],"curies":[{"name":"wp","href":"https:\/\/api.w.org\/{rel}","templated":true}]}}