{"id":2022,"date":"2023-10-22T22:03:41","date_gmt":"2023-10-23T01:03:41","guid":{"rendered":"https:\/\/eab-bue.infd.edu.ar\/sitio\/?page_id=2022"},"modified":"2023-12-26T21:02:54","modified_gmt":"2023-12-27T00:02:54","slug":"octubre-2024","status":"publish","type":"page","link":"https:\/\/eab-bue.infd.edu.ar\/sitio\/octubre-2024\/","title":{"rendered":"Octubre 2024"},"content":{"rendered":"\n<figure class=\"wp-block-embed is-type-video is-provider-youtube wp-block-embed-youtube wp-embed-aspect-16-9 wp-has-aspect-ratio\"><div class=\"wp-block-embed__wrapper\">\n<iframe loading=\"lazy\" title=\"Octubre 2024. Mar\u00eda Land\u00f3. Land\u00f3 (Per\u00fa)\" width=\"1200\" height=\"675\" src=\"https:\/\/www.youtube.com\/embed\/4ssp40g-ues?feature=oembed\" frameborder=\"0\" allow=\"accelerometer; autoplay; clipboard-write; encrypted-media; gyroscope; picture-in-picture; web-share\" allowfullscreen><\/iframe>\n<\/div><\/figure>\n\n\n\n<p><strong>Calendario Interdisciplinario 2024 <\/strong><strong><em>Tramas Latinoamericanas<\/em><\/strong><strong><em><br><\/em><\/strong>Escuela de Arte de Berisso<\/p>\n\n\n\n<p><strong>Coordinadores:<\/strong> Paula Pellegrino y Alejandro Pereira Ghiena<\/p>\n\n\n\n<h6 class=\"wp-block-heading\"><strong>Mar\u00eda Land\u00f3. Land\u00f3 (Per\u00fa)<\/strong><\/h6>\n\n\n\n<p>El \u201c<em>Land\u00f3<\/em>\u201d es un g\u00e9nero musical y baile afroperuano. Una de las hip\u00f3tesis m\u00e1s aceptadas de su origen se\u00f1ala su procedencia del <em>lund\u00fa angole\u00f1o<\/em>, que lleg\u00f3 al Per\u00fa con la di\u00e1spora africana. All\u00ed se instal\u00f3 con caracter\u00edsticas propias producto de la hibridaci\u00f3n y el sincretismo de las diferentes vertientes culturales que habitaban el Per\u00fa en los siglos XVIII y XIX.<\/p>\n\n\n\n<p>La riqueza r\u00edtmica del land\u00f3 proviene de la organizaci\u00f3n de las acentuaciones que presenta su acompa\u00f1amiento basado en la superposici\u00f3n m\u00e9trica de estructuras binarias y ternarias (6\/4 y 12\/8), y del manejo de la temporalidad en el decir del canto. El instrumento m\u00e1s representativo del g\u00e9nero y de la m\u00fasica afroperuana en general es el <em>caj\u00f3n<\/em>, una caja de madera con la cara principal de madera laminada surgido a partir de la utilizaci\u00f3n de los cajones que usaban los espa\u00f1oles para transportar mercader\u00eda. Los esclavos africanos tra\u00eddos a Per\u00fa comenzaron a usarlos como instrumentos de percusi\u00f3n luego de la prohibici\u00f3n del uso de tambores africanos en el virreinato.<\/p>\n\n\n\n<p>C\u00e9sar Calvo escribi\u00f3 el poema <em>\u201cMar\u00eda Land\u00f3<\/em>\u201d para Chabuca Granda, quien le puso m\u00fasica y lo interpret\u00f3. El poema narra las penurias y los problemas que tiene que enfrentar una mujer trabajadora pobre. Se convirti\u00f3 en el land\u00f3 m\u00e1s popular, y fue grabado por numerosos artistas, entre los que se encuentran Mercedes Sosa, Pedro Aznar, Pablo Milan\u00e9s, Susana Baca, Ileana Cabra.<\/p>\n\n\n\n<p><strong>C\u00e1tedras participantes:<\/strong><strong><br><\/strong><em>M\u00fasica Latinoamericana<\/em>. Profesor Alejandro Pereira Ghiena<br>Profesorado en M\u00fasica (Orientaci\u00f3n Instrumento\/Canto Popular) y Profesorado en M\u00fasica (Orientaci\u00f3n Educaci\u00f3n Musical)<\/p>\n\n\n\n<p>M\u00fasicxs:<br>Florencia Lustanau (voz)<br>Sebasti\u00e1n Orellano (guitarra)<br>H\u00e9ctor Tapia (guitarra)<br>Ezequiel Sottile Baez (contrabajo)<br>Diego Barrientos (caj\u00f3n)<br>Hern\u00e1n Figueroa (tumbadoras)<br>Ismael Bozok (bong\u00f3)<br>Aixa Sanz (cencerro)<\/p>\n\n\n\n<p>Coordinaci\u00f3n musical: Florencia Lustanau<\/p>\n\n\n\n<p><em>Taller de Ilustraci\u00f3n III<\/em>. Profesora Paula Pellegrino\u00a0<br>Tecnicatura en Ilustraci\u00f3n<br>Federico Gastaminza (ilustraci\u00f3n)<\/p>\n\n\n\n<p><em>Grabaci\u00f3n<\/em>: Mat\u00edas Sellanes y Tulio Simeoni<br><em>Mezcla<\/em>: Mat\u00edas Sellanes<br><em>Edici\u00f3n de video<\/em>: Alejandro Pereira Ghiena<\/p>\n\n\n\n<div class=\"wp-block-media-text alignwide is-stacked-on-mobile\"><figure class=\"wp-block-media-text__media\"><img decoding=\"async\" loading=\"lazy\" width=\"1689\" height=\"1535\" src=\"https:\/\/eab-bue.infd.edu.ar\/sitio\/wp-content\/uploads\/2023\/12\/10-octubre-lando-peruano.png\" alt=\"\" class=\"wp-image-2300 size-full\" srcset=\"https:\/\/eab-bue.infd.edu.ar\/sitio\/wp-content\/uploads\/2023\/12\/10-octubre-lando-peruano.png 1689w, https:\/\/eab-bue.infd.edu.ar\/sitio\/wp-content\/uploads\/2023\/12\/10-octubre-lando-peruano-1000x909.png 1000w, https:\/\/eab-bue.infd.edu.ar\/sitio\/wp-content\/uploads\/2023\/12\/10-octubre-lando-peruano-768x698.png 768w, https:\/\/eab-bue.infd.edu.ar\/sitio\/wp-content\/uploads\/2023\/12\/10-octubre-lando-peruano-1536x1396.png 1536w\" sizes=\"(max-width: 1689px) 100vw, 1689px\" \/><\/figure><div class=\"wp-block-media-text__content\">\n<p><\/p>\n\n\n\n<p>Para realizar esta ilustraci\u00f3n tuve que investigar sobre el g\u00e9nero musical de la canci\u00f3n elegida. Este es un estilo musical y baile afroperuano.<\/p>\n\n\n\n<p>Tom\u00e9 elementos del g\u00e9nero como la guitarra, el caj\u00f3n peruano, la voz y la conga. Consider\u00e9 pertinente incluir la flor nacional peruana, la cantuta, como s\u00edmbolo de identidad.<\/p>\n\n\n\n<p>Las ondulaciones de las cl\u00e1sicas polleras funcionaron como fondo de la composici\u00f3n y espacio para ubicar los instrumentos. Para el color utilic\u00e9 rojos, naranjas, amarillos&#8230; generando un clima c\u00e1lido. (Federico Gastaminza)<\/p>\n<\/div><\/div>\n","protected":false},"excerpt":{"rendered":"<p>Calendario Interdisciplinario 2024 Tramas LatinoamericanasEscuela de Arte de Berisso Coordinadores: Paula Pellegrino y Alejandro Pereira Ghiena Mar\u00eda Land\u00f3. Land\u00f3 (Per\u00fa) El \u201cLand\u00f3\u201d es un g\u00e9nero musical y baile afroperuano. Una de las hip\u00f3tesis m\u00e1s aceptadas de su origen se\u00f1ala su procedencia del lund\u00fa angole\u00f1o, que lleg\u00f3 al Per\u00fa con la di\u00e1spora africana. All\u00ed se instal\u00f3 &#8230; <a title=\"Octubre 2024\" class=\"read-more\" href=\"https:\/\/eab-bue.infd.edu.ar\/sitio\/octubre-2024\/\" aria-label=\"More on Octubre 2024\">[+]<\/a><\/p>\n","protected":false},"author":24,"featured_media":0,"parent":0,"menu_order":0,"comment_status":"closed","ping_status":"closed","template":"","meta":[],"acf":[],"_links":{"self":[{"href":"https:\/\/eab-bue.infd.edu.ar\/sitio\/wp-json\/wp\/v2\/pages\/2022"}],"collection":[{"href":"https:\/\/eab-bue.infd.edu.ar\/sitio\/wp-json\/wp\/v2\/pages"}],"about":[{"href":"https:\/\/eab-bue.infd.edu.ar\/sitio\/wp-json\/wp\/v2\/types\/page"}],"author":[{"embeddable":true,"href":"https:\/\/eab-bue.infd.edu.ar\/sitio\/wp-json\/wp\/v2\/users\/24"}],"replies":[{"embeddable":true,"href":"https:\/\/eab-bue.infd.edu.ar\/sitio\/wp-json\/wp\/v2\/comments?post=2022"}],"version-history":[{"count":4,"href":"https:\/\/eab-bue.infd.edu.ar\/sitio\/wp-json\/wp\/v2\/pages\/2022\/revisions"}],"predecessor-version":[{"id":2301,"href":"https:\/\/eab-bue.infd.edu.ar\/sitio\/wp-json\/wp\/v2\/pages\/2022\/revisions\/2301"}],"wp:attachment":[{"href":"https:\/\/eab-bue.infd.edu.ar\/sitio\/wp-json\/wp\/v2\/media?parent=2022"}],"curies":[{"name":"wp","href":"https:\/\/api.w.org\/{rel}","templated":true}]}}