{"id":2020,"date":"2023-10-22T22:02:42","date_gmt":"2023-10-23T01:02:42","guid":{"rendered":"https:\/\/eab-bue.infd.edu.ar\/sitio\/?page_id=2020"},"modified":"2023-12-21T15:38:19","modified_gmt":"2023-12-21T18:38:19","slug":"septiembre-2024","status":"publish","type":"page","link":"https:\/\/eab-bue.infd.edu.ar\/sitio\/septiembre-2024\/","title":{"rendered":"Septiembre 2024"},"content":{"rendered":"\n<figure class=\"wp-block-embed is-type-video is-provider-youtube wp-block-embed-youtube wp-embed-aspect-16-9 wp-has-aspect-ratio\"><div class=\"wp-block-embed__wrapper\">\n<iframe loading=\"lazy\" title=\"Septiembre 2024. El cuarto de Tula. Son (Cuba)\" width=\"1200\" height=\"675\" src=\"https:\/\/www.youtube.com\/embed\/s2KW5KGaRyQ?feature=oembed\" frameborder=\"0\" allow=\"accelerometer; autoplay; clipboard-write; encrypted-media; gyroscope; picture-in-picture; web-share\" allowfullscreen><\/iframe>\n<\/div><figcaption class=\"wp-element-caption\"><strong>Calendario Interdisciplinario 2024 <em>Tramas Latinoamericanas<br><\/em><\/strong>Escuela de Arte de Berisso<br><br><strong>Coordinadores:<\/strong> Paula Pellegrino y Alejandro Pereira Ghiena<br><br><strong>El cuarto de Tula. Son (Cuba)<\/strong><br>Emblema de la m\u00fasica latinoamericana en el mundo, el <em>son cubano<\/em> es uno de los g\u00e9neros que m\u00e1s ha influido en las m\u00fasicas de Nuestra Am\u00e9rica. Si bien hay diferentes hip\u00f3tesis sobre su origen, hay cierto acuerdo de que naci\u00f3 en el oriente de Cuba a finales del siglo XIX, llegando a La Habana a principios del XX, donde se afianz\u00f3 como g\u00e9nero musical y se populariz\u00f3 dentro del pa\u00eds. A partir de la d\u00e9cada del 1930 y a ra\u00edz de la di\u00e1spora cubana, se difundi\u00f3 ampliamente por Latinoam\u00e9rica y el mundo, dando origen a una gran cantidad de m\u00fasicas y matizando otras con su \u201csabor\u201d.\u00a0<br><br>La formaci\u00f3n instrumental del son fue cambiando a lo largo de la historia, sin embargo, la m\u00e1s representativa est\u00e1 constituida por bong\u00f3, tres, guitarra, claves, maracas, tumbadoras, contrabajo y trompeta. Posee un ritmo binario caracterizado por la anticipaci\u00f3n arm\u00f3nica que genera la ejecuci\u00f3n adelantada del bajo, el \u201ctumbao\u201d. La organizaci\u00f3n r\u00edtmica est\u00e1 basada en la clave de 5 golpes a veces impl\u00edcita (2,3; o 3,2) generando una estabilidad r\u00edtmica variable y sumamente rica.<br><br><em>\u201cEl cuarto de Tula<\/em>\u201d fue compuesto por Sergio Siaba, m\u00fasico nacido en Espa\u00f1a y criado en Cuba. Gracias a la pel\u00edcula documental \u201cBuenavista Social Club\u201d y a las posteriores giras de la banda del film, este <em>son <\/em>recorri\u00f3 el mundo cobrando gran popularidad.<br><br><strong>C\u00e1tedras participantes:<br><\/strong><em>M\u00fasica Latinoamericana<\/em>. Profesor Alejandro Pereira Ghiena<br>Profesorado en M\u00fasica (Orientaci\u00f3n Instrumento\/Canto Popular) y Profesorado en M\u00fasica (Orientaci\u00f3n Educaci\u00f3n Musical)<br><br>M\u00fasicxs:<br>Ismael Bozok (voz)<br>Diego Barrientos (bong\u00f3 y coros)<br>Aixa Sanz (guitarra y coros)<br>Ezequiel Sottile Baez (contrabajo y coros)<br>Sebasti\u00e1n Orellano (timbales y coros)<br>Marcelo Herrera (viol\u00edn)<br>Hern\u00e1n Figueroa (tumbadoras)<br><br>Invitados:<br>Omar G\u00f3mez (guitarra y coros)<br>Jorge Delgado (trompeta)<br><br><em>Taller de Ilustraci\u00f3n III<\/em>. Profesora Paula Pellegrino\u00a0<br>Tecnicatura en Ilustraci\u00f3n<br>Diana Linde (ilustraci\u00f3n)<br><br><em>Grabaci\u00f3n<\/em>: Mat\u00edas Sellanes y Tulio Simeoni<br><em>Mezcla<\/em>: Mat\u00edas Sellanes<br><em>Edici\u00f3n de video<\/em>: Alejandro Pereira Ghiena<\/figcaption><\/figure>\n\n\n\n<div class=\"wp-block-media-text alignwide is-stacked-on-mobile\"><figure class=\"wp-block-media-text__media\"><img decoding=\"async\" loading=\"lazy\" width=\"1689\" height=\"1535\" src=\"https:\/\/eab-bue.infd.edu.ar\/sitio\/wp-content\/uploads\/2023\/12\/9-septiembre-son-cubano.png\" alt=\"\" class=\"wp-image-2275 size-full\" srcset=\"https:\/\/eab-bue.infd.edu.ar\/sitio\/wp-content\/uploads\/2023\/12\/9-septiembre-son-cubano.png 1689w, https:\/\/eab-bue.infd.edu.ar\/sitio\/wp-content\/uploads\/2023\/12\/9-septiembre-son-cubano-1000x909.png 1000w, https:\/\/eab-bue.infd.edu.ar\/sitio\/wp-content\/uploads\/2023\/12\/9-septiembre-son-cubano-768x698.png 768w, https:\/\/eab-bue.infd.edu.ar\/sitio\/wp-content\/uploads\/2023\/12\/9-septiembre-son-cubano-1536x1396.png 1536w\" sizes=\"(max-width: 1689px) 100vw, 1689px\" \/><\/figure><div class=\"wp-block-media-text__content\">\n<p><\/p>\n\n\n\n<p>Dado que el son cubano se caracteriza por su instrumentaci\u00f3n rica y distintiva, me inspir\u00e9 en ellos: el tres cubano, la tumbadora, el bong\u00f3, las maracas, la mar\u00edmbula, la botija y la clave que le da un patr\u00f3n r\u00edtmico fundamental al son.<\/p>\n\n\n\n<p>Tambi\u00e9n escog\u00ed la palmera real por ser el \u00e1rbol nacional de Cuba. <\/p>\n\n\n\n<p>La trama fue generada considerando el baile que es en\u00e9rgico y sensual, predominando los colores c\u00e1lidos que evocan alegr\u00eda y pasi\u00f3n. (Diana Linde)<\/p>\n<\/div><\/div>\n","protected":false},"excerpt":{"rendered":"<p>Dado que el son cubano se caracteriza por su instrumentaci\u00f3n rica y distintiva, me inspir\u00e9 en ellos: el tres cubano, la tumbadora, el bong\u00f3, las maracas, la mar\u00edmbula, la botija y la clave que le da un patr\u00f3n r\u00edtmico fundamental al son. Tambi\u00e9n escog\u00ed la palmera real por ser el \u00e1rbol nacional de Cuba. La &#8230; <a title=\"Septiembre 2024\" class=\"read-more\" href=\"https:\/\/eab-bue.infd.edu.ar\/sitio\/septiembre-2024\/\" aria-label=\"More on Septiembre 2024\">[+]<\/a><\/p>\n","protected":false},"author":24,"featured_media":0,"parent":0,"menu_order":0,"comment_status":"closed","ping_status":"closed","template":"","meta":[],"acf":[],"_links":{"self":[{"href":"https:\/\/eab-bue.infd.edu.ar\/sitio\/wp-json\/wp\/v2\/pages\/2020"}],"collection":[{"href":"https:\/\/eab-bue.infd.edu.ar\/sitio\/wp-json\/wp\/v2\/pages"}],"about":[{"href":"https:\/\/eab-bue.infd.edu.ar\/sitio\/wp-json\/wp\/v2\/types\/page"}],"author":[{"embeddable":true,"href":"https:\/\/eab-bue.infd.edu.ar\/sitio\/wp-json\/wp\/v2\/users\/24"}],"replies":[{"embeddable":true,"href":"https:\/\/eab-bue.infd.edu.ar\/sitio\/wp-json\/wp\/v2\/comments?post=2020"}],"version-history":[{"count":9,"href":"https:\/\/eab-bue.infd.edu.ar\/sitio\/wp-json\/wp\/v2\/pages\/2020\/revisions"}],"predecessor-version":[{"id":2287,"href":"https:\/\/eab-bue.infd.edu.ar\/sitio\/wp-json\/wp\/v2\/pages\/2020\/revisions\/2287"}],"wp:attachment":[{"href":"https:\/\/eab-bue.infd.edu.ar\/sitio\/wp-json\/wp\/v2\/media?parent=2020"}],"curies":[{"name":"wp","href":"https:\/\/api.w.org\/{rel}","templated":true}]}}