{"id":2018,"date":"2023-10-22T22:01:42","date_gmt":"2023-10-23T01:01:42","guid":{"rendered":"https:\/\/eab-bue.infd.edu.ar\/sitio\/?page_id=2018"},"modified":"2024-08-01T19:56:17","modified_gmt":"2024-08-01T22:56:17","slug":"agosto-2024","status":"publish","type":"page","link":"https:\/\/eab-bue.infd.edu.ar\/sitio\/agosto-2024\/","title":{"rendered":"Agosto 2024"},"content":{"rendered":"\n<figure class=\"wp-block-embed is-type-video is-provider-youtube wp-block-embed-youtube wp-embed-aspect-16-9 wp-has-aspect-ratio\"><div class=\"wp-block-embed__wrapper\">\n<iframe loading=\"lazy\" title=\"Agosto 2024. B\u00e9same mucho. Bolero (Cuba-M\u00e9xico)\" width=\"1200\" height=\"675\" src=\"https:\/\/www.youtube.com\/embed\/L2fIwkqFUyM?feature=oembed\" frameborder=\"0\" allow=\"accelerometer; autoplay; clipboard-write; encrypted-media; gyroscope; picture-in-picture; web-share\" referrerpolicy=\"strict-origin-when-cross-origin\" allowfullscreen><\/iframe>\n<\/div><\/figure>\n\n\n\n<p><\/p>\n\n\n\n<p><strong>Calendario Interdisciplinario 2024 <\/strong><strong><em>Tramas Latinoamericanas<\/em><\/strong><strong><em><br><\/em><\/strong>Escuela de Arte de Berisso<\/p>\n\n\n\n<p><strong>Coordinadores:<\/strong> Paula Pellegrino y Alejandro Pereira Ghiena<\/p>\n\n\n\n<h6 class=\"wp-block-heading\"><strong>B\u00e9same mucho. Bolero (Cuba-M\u00e9xico)<\/strong><\/h6>\n\n\n\n<p>El Bolero es un g\u00e9nero musical de origen cubano surgido de la hibridaci\u00f3n de elementos europeos y africanos. Se expandi\u00f3 por Latinoam\u00e9rica asent\u00e1ndose y desarroll\u00e1ndose ampliamente en M\u00e9xico.\u00a0 Las tem\u00e1ticas de las letras suelen estar vinculadas al amor y a los desenga\u00f1os amorosos.<br>Presenta una estructura m\u00e9trica binaria organizada en 4 tiempos con patrones r\u00edtmicos caracter\u00edsticos que acent\u00faan las relaciones binarias y los acentos sobre los tiempos.<\/p>\n\n\n\n<p>B\u00e9same mucho es una de las canciones m\u00e1s populares del repertorio latinoamericano. Fue compuesta por la mexicana Consuelo Vel\u00e1zquez en el a\u00f1o 1932, cuando ten\u00eda 16 a\u00f1os de edad, inspirada en la incertidumbre de las parejas que se separaron por la Segunda Guerra Mundial. Ella misma declar\u00f3 haber compuesto esta canci\u00f3n antes de ser besada por primera vez.<\/p>\n\n\n\n<p><strong>Participantes:<\/strong><strong><br><\/strong>Ensamble Orquestal de la Escuela de Arte de Berisso. Directora Mariela Ferenc<br>Formaci\u00f3n B\u00e1sica y Profesorados en M\u00fasica&nbsp;<\/p>\n\n\n\n<p>M\u00fasicxs:<br>Eduardo Sarmiento (guitarra electroac\u00fastica)<br>Luis Ledesma (guitarra el\u00e9ctrica)<br>Karen Mamani (saxo alto)<br>Rodrigo Carlos (percusi\u00f3n)<br>Sebasti\u00e1n Agarz\u00faa (bandone\u00f3n)<\/p>\n\n\n\n<p><em>Taller de Ilustraci\u00f3n III<\/em>. Profesora Paula Pellegrino&nbsp;<\/p>\n\n\n\n<p>Tecnicatura en Ilustraci\u00f3n<br>Sheila Clidas (ilustraci\u00f3n)<\/p>\n\n\n\n<p><em>Grabaci\u00f3n<\/em>: Mat\u00edas Sellanes y Tulio Simeoni<br><em>Mezcla<\/em>: Tulio Simeoni<br><em>Edici\u00f3n de video<\/em>: Alejandro Pereira Ghiena<\/p>\n\n\n\n<div class=\"wp-block-media-text alignwide is-stacked-on-mobile\"><figure class=\"wp-block-media-text__media\"><img decoding=\"async\" loading=\"lazy\" width=\"1900\" height=\"1900\" src=\"https:\/\/eab-bue.infd.edu.ar\/sitio\/wp-content\/uploads\/2023\/12\/Bolero-1900x1900.jpg\" alt=\"\" class=\"wp-image-2267 size-full\" srcset=\"https:\/\/eab-bue.infd.edu.ar\/sitio\/wp-content\/uploads\/2023\/12\/Bolero-1900x1900.jpg 1900w, https:\/\/eab-bue.infd.edu.ar\/sitio\/wp-content\/uploads\/2023\/12\/Bolero-1000x1000.jpg 1000w, https:\/\/eab-bue.infd.edu.ar\/sitio\/wp-content\/uploads\/2023\/12\/Bolero-500x500.jpg 500w, https:\/\/eab-bue.infd.edu.ar\/sitio\/wp-content\/uploads\/2023\/12\/Bolero-768x768.jpg 768w, https:\/\/eab-bue.infd.edu.ar\/sitio\/wp-content\/uploads\/2023\/12\/Bolero-1536x1536.jpg 1536w, https:\/\/eab-bue.infd.edu.ar\/sitio\/wp-content\/uploads\/2023\/12\/Bolero.jpg 2000w\" sizes=\"(max-width: 1900px) 100vw, 1900px\" \/><\/figure><div class=\"wp-block-media-text__content\">\n<p><\/p>\n\n\n\n<p>La trama est\u00e1 inspirada en la letra de la canci\u00f3n \u201cB\u00e9same mucho\u201d, por eso la presencia insistente de ojos y labios.<\/p>\n\n\n\n<p>El disco de pasta evoca la \u00e9poca en la que, siendo el bolero un g\u00e9nero fuertemente arraigado a la imagen de los hombres, irrumpe esta canci\u00f3n compuesta por Consuelo Vel\u00e1zquez quien posiciona a la mujer como persona libre de expresar lo que quiere en una relaci\u00f3n.<\/p>\n\n\n\n<p>Alterno los corazones de vinilo \u201csanos\u201d y \u201crotos\u201d manifestando amor y desamor. La paleta es predominantemente c\u00e1lida, con acento en los ojos color cielo. El rojo y el bord\u00f3 anuncian romance y pasi\u00f3n. (Sheila Clidas)<\/p>\n<\/div><\/div>\n","protected":false},"excerpt":{"rendered":"<p>Calendario Interdisciplinario 2024 Tramas LatinoamericanasEscuela de Arte de Berisso Coordinadores: Paula Pellegrino y Alejandro Pereira Ghiena B\u00e9same mucho. Bolero (Cuba-M\u00e9xico) El Bolero es un g\u00e9nero musical de origen cubano surgido de la hibridaci\u00f3n de elementos europeos y africanos. Se expandi\u00f3 por Latinoam\u00e9rica asent\u00e1ndose y desarroll\u00e1ndose ampliamente en M\u00e9xico.\u00a0 Las tem\u00e1ticas de las letras suelen estar &#8230; <a title=\"Agosto 2024\" class=\"read-more\" href=\"https:\/\/eab-bue.infd.edu.ar\/sitio\/agosto-2024\/\" aria-label=\"More on Agosto 2024\">[+]<\/a><\/p>\n","protected":false},"author":24,"featured_media":0,"parent":0,"menu_order":0,"comment_status":"closed","ping_status":"closed","template":"","meta":[],"acf":[],"_links":{"self":[{"href":"https:\/\/eab-bue.infd.edu.ar\/sitio\/wp-json\/wp\/v2\/pages\/2018"}],"collection":[{"href":"https:\/\/eab-bue.infd.edu.ar\/sitio\/wp-json\/wp\/v2\/pages"}],"about":[{"href":"https:\/\/eab-bue.infd.edu.ar\/sitio\/wp-json\/wp\/v2\/types\/page"}],"author":[{"embeddable":true,"href":"https:\/\/eab-bue.infd.edu.ar\/sitio\/wp-json\/wp\/v2\/users\/24"}],"replies":[{"embeddable":true,"href":"https:\/\/eab-bue.infd.edu.ar\/sitio\/wp-json\/wp\/v2\/comments?post=2018"}],"version-history":[{"count":5,"href":"https:\/\/eab-bue.infd.edu.ar\/sitio\/wp-json\/wp\/v2\/pages\/2018\/revisions"}],"predecessor-version":[{"id":2794,"href":"https:\/\/eab-bue.infd.edu.ar\/sitio\/wp-json\/wp\/v2\/pages\/2018\/revisions\/2794"}],"wp:attachment":[{"href":"https:\/\/eab-bue.infd.edu.ar\/sitio\/wp-json\/wp\/v2\/media?parent=2018"}],"curies":[{"name":"wp","href":"https:\/\/api.w.org\/{rel}","templated":true}]}}