{"id":2016,"date":"2023-10-22T22:00:42","date_gmt":"2023-10-23T01:00:42","guid":{"rendered":"https:\/\/eab-bue.infd.edu.ar\/sitio\/?page_id=2016"},"modified":"2023-12-21T14:16:05","modified_gmt":"2023-12-21T17:16:05","slug":"julio-2024","status":"publish","type":"page","link":"https:\/\/eab-bue.infd.edu.ar\/sitio\/julio-2024\/","title":{"rendered":"Julio 2024"},"content":{"rendered":"\n<figure class=\"wp-block-embed is-type-video is-provider-youtube wp-block-embed-youtube wp-embed-aspect-16-9 wp-has-aspect-ratio\"><div class=\"wp-block-embed__wrapper\">\n<iframe loading=\"lazy\" title=\"Julio 2024. El humahuaque\u00f1o. Carnavalito (Altiplano Andino)\" width=\"1200\" height=\"675\" src=\"https:\/\/www.youtube.com\/embed\/rVlTRhdywNg?feature=oembed\" frameborder=\"0\" allow=\"accelerometer; autoplay; clipboard-write; encrypted-media; gyroscope; picture-in-picture; web-share\" allowfullscreen><\/iframe>\n<\/div><\/figure>\n\n\n\n<p><strong>Calendario Interdisciplinario 2024 <\/strong><strong><em>Tramas Latinoamericanas<\/em><\/strong><strong><em><br><\/em><\/strong>Escuela de Arte de Berisso<\/p>\n\n\n\n<p><strong>Coordinadores:<\/strong> Paula Pellegrino y Alejandro Pereira Ghiena<\/p>\n\n\n\n<h6 class=\"wp-block-heading\"><strong>El humahuaque\u00f1o. Carnavalito (Altiplano Andino)<\/strong><\/h6>\n\n\n\n<p>El <em>\u201cCarnavalito\u201d<\/em> es una m\u00fasica proveniente del huayno andino que, al difundirse por diferentes regiones, fue tomando el color y el sabor local. Su surgimiento est\u00e1 asociado a la Quebrada de Humahuaca, pero ha tenido una amplia difusi\u00f3n en todo el territorio argentino. Posee ritmos binarios con patrones similares a los del huayno y sus melod\u00edas se desarrollan sobre la escala pentat\u00f3nica (cinco alturas). Su identidad se gesta en el paisaje quebrade\u00f1o y en el hacer musical colectivo.\u00a0<\/p>\n\n\n\n<p>\u00ab<em>El Humahuaque\u00f1o<\/em>\u00bb es uno de los carnavalitos m\u00e1s representativos del g\u00e9nero, y ha sido grabado en cincuenta idiomas y en infinidad de ocasiones. Fue compuesto por Edmundo Zald\u00edvar, m\u00fasico e investigador nacido en Buenos Aires ocupado en la difusi\u00f3n del folclore argentino. El d\u00eda de su fallecimiento (7 de febrero) se conmemora el \u201cd\u00eda del carnavalito\u201d en homenaje al compositor que le hizo dar la vuelta al mundo.<\/p>\n\n\n\n<p><strong>Participantes:<\/strong><strong><br><\/strong>Ensamble Orquestal de la Escuela de Arte de Berisso. Directora Mariela Ferenc<br>Formaci\u00f3n b\u00e1sica y Profesorados en M\u00fasica&nbsp;<\/p>\n\n\n\n<p>M\u00fasicxs:<br>Eduardo Sarmiento (guitarra electroac\u00fastica)<br>Luis Ledesma (guitarra el\u00e9ctrica)<br>Karen Mamani (saxo alto)<br>Rodrigo Carlos (percusi\u00f3n)<br>Sebasti\u00e1n Agarz\u00faa (bandone\u00f3n)<\/p>\n\n\n\n<p>Invitados:<br>Ricardo Cadenas (viol\u00edn)<br>Marina Demarco (violoncello)<br>Jos\u00e9 Zanek (viola)<\/p>\n\n\n\n<p><em>Taller de Ilustraci\u00f3n III<\/em>. Profesora Paula Pellegrino&nbsp;<br>Tecnicatura en Ilustraci\u00f3n<br>Sheila Clidas (ilustraci\u00f3n)<\/p>\n\n\n\n<p><em>Grabaci\u00f3n<\/em>: Mat\u00edas Sellanes y Tulio Simeoni<br><em>Edici\u00f3n de sonido<\/em>: Julio Caputo<br><em>Edici\u00f3n de video<\/em>: Alejandro Pereira Ghiena<\/p>\n\n\n\n<div class=\"wp-block-media-text alignwide is-stacked-on-mobile\"><figure class=\"wp-block-media-text__media\"><img decoding=\"async\" loading=\"lazy\" width=\"1891\" height=\"1900\" src=\"https:\/\/eab-bue.infd.edu.ar\/sitio\/wp-content\/uploads\/2023\/12\/Carnavalito-1891x1900.jpg\" alt=\"\" class=\"wp-image-2233 size-full\" srcset=\"https:\/\/eab-bue.infd.edu.ar\/sitio\/wp-content\/uploads\/2023\/12\/Carnavalito-1891x1900.jpg 1891w, https:\/\/eab-bue.infd.edu.ar\/sitio\/wp-content\/uploads\/2023\/12\/Carnavalito-995x1000.jpg 995w, https:\/\/eab-bue.infd.edu.ar\/sitio\/wp-content\/uploads\/2023\/12\/Carnavalito-768x772.jpg 768w, https:\/\/eab-bue.infd.edu.ar\/sitio\/wp-content\/uploads\/2023\/12\/Carnavalito-1529x1536.jpg 1529w, https:\/\/eab-bue.infd.edu.ar\/sitio\/wp-content\/uploads\/2023\/12\/Carnavalito-2038x2048.jpg 2038w\" sizes=\"(max-width: 1891px) 100vw, 1891px\" \/><\/figure><div class=\"wp-block-media-text__content\">\n<p><\/p>\n\n\n\n<p>La textura propia del telar, lenguaje ancestral andino, toma la forma del cactus y el cerro, el poncho, los pompones y el gorro colla. El cerro de los siete colores de Purmamarca define la paleta: ocres, naranjas, terrosos, verdes. La disposici\u00f3n de las guardas en sentido horizontal busca correspondencia con la geograf\u00eda de la regi\u00f3n. (Sheila Clidas)<\/p>\n<\/div><\/div>\n","protected":false},"excerpt":{"rendered":"<p>Calendario Interdisciplinario 2024 Tramas LatinoamericanasEscuela de Arte de Berisso Coordinadores: Paula Pellegrino y Alejandro Pereira Ghiena El humahuaque\u00f1o. Carnavalito (Altiplano Andino) El \u201cCarnavalito\u201d es una m\u00fasica proveniente del huayno andino que, al difundirse por diferentes regiones, fue tomando el color y el sabor local. Su surgimiento est\u00e1 asociado a la Quebrada de Humahuaca, pero ha &#8230; <a title=\"Julio 2024\" class=\"read-more\" href=\"https:\/\/eab-bue.infd.edu.ar\/sitio\/julio-2024\/\" aria-label=\"More on Julio 2024\">[+]<\/a><\/p>\n","protected":false},"author":24,"featured_media":0,"parent":0,"menu_order":0,"comment_status":"closed","ping_status":"closed","template":"","meta":[],"acf":[],"_links":{"self":[{"href":"https:\/\/eab-bue.infd.edu.ar\/sitio\/wp-json\/wp\/v2\/pages\/2016"}],"collection":[{"href":"https:\/\/eab-bue.infd.edu.ar\/sitio\/wp-json\/wp\/v2\/pages"}],"about":[{"href":"https:\/\/eab-bue.infd.edu.ar\/sitio\/wp-json\/wp\/v2\/types\/page"}],"author":[{"embeddable":true,"href":"https:\/\/eab-bue.infd.edu.ar\/sitio\/wp-json\/wp\/v2\/users\/24"}],"replies":[{"embeddable":true,"href":"https:\/\/eab-bue.infd.edu.ar\/sitio\/wp-json\/wp\/v2\/comments?post=2016"}],"version-history":[{"count":8,"href":"https:\/\/eab-bue.infd.edu.ar\/sitio\/wp-json\/wp\/v2\/pages\/2016\/revisions"}],"predecessor-version":[{"id":2285,"href":"https:\/\/eab-bue.infd.edu.ar\/sitio\/wp-json\/wp\/v2\/pages\/2016\/revisions\/2285"}],"wp:attachment":[{"href":"https:\/\/eab-bue.infd.edu.ar\/sitio\/wp-json\/wp\/v2\/media?parent=2016"}],"curies":[{"name":"wp","href":"https:\/\/api.w.org\/{rel}","templated":true}]}}