{"id":2014,"date":"2023-10-22T21:59:43","date_gmt":"2023-10-23T00:59:43","guid":{"rendered":"https:\/\/eab-bue.infd.edu.ar\/sitio\/?page_id=2014"},"modified":"2023-12-15T12:46:33","modified_gmt":"2023-12-15T15:46:33","slug":"junio-2024","status":"publish","type":"page","link":"https:\/\/eab-bue.infd.edu.ar\/sitio\/junio-2024\/","title":{"rendered":"Junio 2024"},"content":{"rendered":"\n<figure class=\"wp-block-embed is-type-video is-provider-youtube wp-block-embed-youtube wp-embed-aspect-16-9 wp-has-aspect-ratio\"><div class=\"wp-block-embed__wrapper\">\n<iframe loading=\"lazy\" title=\"Junio 2024. Pa&#039; todo el a\u00f1o. Ranchera (M\u00e9xico)\" width=\"1200\" height=\"675\" src=\"https:\/\/www.youtube.com\/embed\/fAjqTEaK5_w?feature=oembed\" frameborder=\"0\" allow=\"accelerometer; autoplay; clipboard-write; encrypted-media; gyroscope; picture-in-picture; web-share\" allowfullscreen><\/iframe>\n<\/div><\/figure>\n\n\n\n<p><strong>Calendario Interdisciplinario 2024 <\/strong><strong><em>Tramas Latinoamericanas<\/em><\/strong><strong><em><br><\/em><\/strong>Escuela de Arte de Berisso<\/p>\n\n\n\n<p><strong>Coordinadores:<\/strong> Paula Pellegrino y Alejandro Pereira Ghiena<\/p>\n\n\n\n<h6 class=\"wp-block-heading\"><strong>Pa&#8217; todo el a\u00f1o. Ranchera (M\u00e9xico)<\/strong><\/h6>\n\n\n\n<p>La Ranchera es una de los g\u00e9neros musicales m\u00e1s populares en M\u00e9xico. Sus or\u00edgenes datan del siglo XIX en los ranchos campesinos, pero fue desarrollado en el teatro nacionalista del per\u00edodo pos-revolucionario de 1910 y se convirti\u00f3 en el \u00edcono de la expresi\u00f3n popular del pa\u00eds. Presenta un tempo lento y se caracteriza por una estructura m\u00e9trica binaria en la cual el guitarr\u00f3n toca los graves marcando fundamental y quinta de cada acorde sobre el pulso, mientras la guitarra y la vihuela marcan los acordes en contratiempo. Tambi\u00e9n es t\u00edpico el uso de bronces y cuerdas en introducciones, interludios y en contrapunto con la voz principal.<\/p>\n\n\n\n<p>\u201cPa\u2019 todo el a\u00f1o\u201d es una ranchera compuesta por Jos\u00e9 Alfredo Jim\u00e9nez que cuenta las penas del desamor, uno de los temas t\u00edpicos m\u00e1s recurrentes en las letras del g\u00e9nero.<\/p>\n\n\n\n<p><strong>C\u00e1tedras participantes:<\/strong><strong><br><\/strong><em>M\u00fasica Latinoamericana<\/em>. Profesor Alejandro Pereira Ghiena<br>Profesorado en M\u00fasica (Orientaci\u00f3n Instrumento\/Canto Popular) y Profesorado en M\u00fasica (Orientaci\u00f3n Educaci\u00f3n Musical)<\/p>\n\n\n\n<p>M\u00fasicxs:<br>Aixa Sanz (voz)<br>Ezequiel Sottile Baez (voz y guitarr\u00f3n)<br>Sebasti\u00e1n Orellano (vihuela)<br>Marcelo Herrera (viol\u00edn)<br>H\u00e9ctor Tapia (guitarra)<br>Invitado: Jorge Delgado (trompeta)<\/p>\n\n\n\n<p>Coordinaci\u00f3n musical: Ezequiel Sottile Baez<\/p>\n\n\n\n<p><em>Taller de Ilustraci\u00f3n III<\/em>. Profesora Paula Pellegrino<br>Tecnicatura en Ilustraci\u00f3n<br>Andr\u00e9s Barrera (ilustraci\u00f3n)<\/p>\n\n\n\n<p><em>Grabaci\u00f3n<\/em>: Mat\u00edas Sellanes y Tulio Simeoni<br><em>Mezcla<\/em>: Mat\u00edas Sellanes<br><em>Edici\u00f3n de video<\/em>: Alejandro Pereira Ghiena<\/p>\n\n\n\n<div class=\"wp-block-media-text alignwide is-stacked-on-mobile\"><figure class=\"wp-block-media-text__media\"><img decoding=\"async\" loading=\"lazy\" width=\"1689\" height=\"1535\" src=\"https:\/\/eab-bue.infd.edu.ar\/sitio\/wp-content\/uploads\/2023\/12\/6-junio-ranchera-mexicana.png\" alt=\"\" class=\"wp-image-2229 size-full\" srcset=\"https:\/\/eab-bue.infd.edu.ar\/sitio\/wp-content\/uploads\/2023\/12\/6-junio-ranchera-mexicana.png 1689w, https:\/\/eab-bue.infd.edu.ar\/sitio\/wp-content\/uploads\/2023\/12\/6-junio-ranchera-mexicana-1000x909.png 1000w, https:\/\/eab-bue.infd.edu.ar\/sitio\/wp-content\/uploads\/2023\/12\/6-junio-ranchera-mexicana-768x698.png 768w, https:\/\/eab-bue.infd.edu.ar\/sitio\/wp-content\/uploads\/2023\/12\/6-junio-ranchera-mexicana-1536x1396.png 1536w\" sizes=\"(max-width: 1689px) 100vw, 1689px\" \/><\/figure><div class=\"wp-block-media-text__content\">\n<p><\/p>\n\n\n\n<p>El motivo o patr\u00f3n fue inspirado en el traje de los m\u00fasicos mariacheros que est\u00e1 adornado con millaret, por eso la disposici\u00f3n de la trama en sentido vertical.<\/p>\n\n\n\n<p>La catrina simboliza al D\u00eda de los muertos, celebraci\u00f3n tradicional de la cultura mexicana que sincretiza las costumbres cat\u00f3licas y las ind\u00edgenas. La rosa y sus arabescos vegetales aluden a las connotaciones rom\u00e1nticas de la letra de la canci\u00f3n. Los colores amarillo y naranja simulan el dorado de la ornamentaci\u00f3n del vestuario Mariachi y el negro hace lo propio con la tela. (Andr\u00e9s Barrera)<\/p>\n<\/div><\/div>\n","protected":false},"excerpt":{"rendered":"<p>Calendario Interdisciplinario 2024 Tramas LatinoamericanasEscuela de Arte de Berisso Coordinadores: Paula Pellegrino y Alejandro Pereira Ghiena Pa&#8217; todo el a\u00f1o. Ranchera (M\u00e9xico) La Ranchera es una de los g\u00e9neros musicales m\u00e1s populares en M\u00e9xico. Sus or\u00edgenes datan del siglo XIX en los ranchos campesinos, pero fue desarrollado en el teatro nacionalista del per\u00edodo pos-revolucionario de &#8230; <a title=\"Junio 2024\" class=\"read-more\" href=\"https:\/\/eab-bue.infd.edu.ar\/sitio\/junio-2024\/\" aria-label=\"More on Junio 2024\">[+]<\/a><\/p>\n","protected":false},"author":24,"featured_media":0,"parent":0,"menu_order":0,"comment_status":"closed","ping_status":"closed","template":"","meta":[],"acf":[],"_links":{"self":[{"href":"https:\/\/eab-bue.infd.edu.ar\/sitio\/wp-json\/wp\/v2\/pages\/2014"}],"collection":[{"href":"https:\/\/eab-bue.infd.edu.ar\/sitio\/wp-json\/wp\/v2\/pages"}],"about":[{"href":"https:\/\/eab-bue.infd.edu.ar\/sitio\/wp-json\/wp\/v2\/types\/page"}],"author":[{"embeddable":true,"href":"https:\/\/eab-bue.infd.edu.ar\/sitio\/wp-json\/wp\/v2\/users\/24"}],"replies":[{"embeddable":true,"href":"https:\/\/eab-bue.infd.edu.ar\/sitio\/wp-json\/wp\/v2\/comments?post=2014"}],"version-history":[{"count":6,"href":"https:\/\/eab-bue.infd.edu.ar\/sitio\/wp-json\/wp\/v2\/pages\/2014\/revisions"}],"predecessor-version":[{"id":2251,"href":"https:\/\/eab-bue.infd.edu.ar\/sitio\/wp-json\/wp\/v2\/pages\/2014\/revisions\/2251"}],"wp:attachment":[{"href":"https:\/\/eab-bue.infd.edu.ar\/sitio\/wp-json\/wp\/v2\/media?parent=2014"}],"curies":[{"name":"wp","href":"https:\/\/api.w.org\/{rel}","templated":true}]}}