{"id":2012,"date":"2023-10-22T21:58:11","date_gmt":"2023-10-23T00:58:11","guid":{"rendered":"https:\/\/eab-bue.infd.edu.ar\/sitio\/?page_id=2012"},"modified":"2023-12-20T16:48:59","modified_gmt":"2023-12-20T19:48:59","slug":"mayo-2024","status":"publish","type":"page","link":"https:\/\/eab-bue.infd.edu.ar\/sitio\/mayo-2024\/","title":{"rendered":"Mayo 2024"},"content":{"rendered":"\n<figure class=\"wp-block-embed is-type-video is-provider-youtube wp-block-embed-youtube wp-embed-aspect-16-9 wp-has-aspect-ratio\"><div class=\"wp-block-embed__wrapper\">\n<iframe loading=\"lazy\" title=\"Mayo 2024. La consentida. Cueca (Chile)\" width=\"1200\" height=\"675\" src=\"https:\/\/www.youtube.com\/embed\/HgsJGK946Sw?feature=oembed\" frameborder=\"0\" allow=\"accelerometer; autoplay; clipboard-write; encrypted-media; gyroscope; picture-in-picture; web-share\" allowfullscreen><\/iframe>\n<\/div><\/figure>\n\n\n\n<p><strong>Calendario Interdisciplinario 2024 <\/strong><strong><em>Tramas Latinoamericanas<\/em><\/strong><strong><em><br><\/em><\/strong>Escuela de Arte de Berisso<\/p>\n\n\n\n<p><strong>Coordinadores:<\/strong> Paula Pellegrino y Alejandro Pereira Ghiena<\/p>\n\n\n\n<h6 class=\"wp-block-heading\"><strong>La consentida. Cueca (Chile)<\/strong><\/h6>\n\n\n\n<p>La cueca chilena es un g\u00e9nero musical y una danza de pareja cuyo origen sigue en discusi\u00f3n y presenta diferentes hip\u00f3tesis. Una de las versiones m\u00e1s aceptadas es que proviene de la zamacueca peruana, cuyos patrones r\u00edtmicos basados en la polimetr\u00eda 6\/8 \u00be&nbsp; resultan muy similares. En general, presentan un tempo r\u00e1pido y un car\u00e1cter festivo. Sin embargo existe diferentes y variados tipos de cuecas en el pa\u00eds. A partir de 1979, la cueca es la danza nacional de Chile.&nbsp;<\/p>\n\n\n\n<p>\u201cLa Consentida\u201d, compuesta por Jaime Atria Ram\u00edrez es una de las cuecas m\u00e1s populares del pa\u00eds trasandino y una cita obligada en los diferentes festivales y fiestas populares de Chile.<\/p>\n\n\n\n<p><strong>C\u00e1tedras participantes:<\/strong><strong><br><\/strong><em>M\u00fasica Latinoamericana<\/em>. Profesor Alejandro Pereira Ghiena<br>Profesorado en M\u00fasica (Orientaci\u00f3n Instrumento\/Canto Popular) y Profesorado en M\u00fasica (Orientaci\u00f3n Educaci\u00f3n Musical)<\/p>\n\n\n\n<p>M\u00fasicxs:<br>H\u00e9ctor Tapia (guitarra y voz)<br>Diego Barrientos (guitarra y coros)<br>Marcelo Herrera (viol\u00edn)<br>Ismael Bozok (bombo)<br>Hern\u00e1n Figueroa (pandero)<br>Coordinaci\u00f3n musical: H\u00e9ctor Tapia y Marcelo Herrera<\/p>\n\n\n\n<p><em>Taller de Ilustraci\u00f3n III<\/em>. Profesora Paula Pellegrino&nbsp;<br>Tecnicatura en Ilustraci\u00f3n<br>Sheila Clidas (ilustraci\u00f3n)<\/p>\n\n\n\n<p><em>Grabaci\u00f3n<\/em>: Mat\u00edas Sellanes y Tulio Simeoni<br><em>Mezcla<\/em>: Julio Caputo<br><em>Edici\u00f3n de video<\/em>: Alejandro Pereira Ghiena<\/p>\n\n\n\n<div class=\"wp-block-media-text alignwide is-stacked-on-mobile\"><figure class=\"wp-block-media-text__media\"><img decoding=\"async\" loading=\"lazy\" width=\"1748\" height=\"1654\" src=\"https:\/\/eab-bue.infd.edu.ar\/sitio\/wp-content\/uploads\/2023\/12\/Cueca.jpg\" alt=\"\" class=\"wp-image-2226 size-full\" srcset=\"https:\/\/eab-bue.infd.edu.ar\/sitio\/wp-content\/uploads\/2023\/12\/Cueca.jpg 1748w, https:\/\/eab-bue.infd.edu.ar\/sitio\/wp-content\/uploads\/2023\/12\/Cueca-1000x946.jpg 1000w, https:\/\/eab-bue.infd.edu.ar\/sitio\/wp-content\/uploads\/2023\/12\/Cueca-768x727.jpg 768w, https:\/\/eab-bue.infd.edu.ar\/sitio\/wp-content\/uploads\/2023\/12\/Cueca-1536x1453.jpg 1536w\" sizes=\"(max-width: 1748px) 100vw, 1748px\" \/><\/figure><div class=\"wp-block-media-text__content\">\n<p><\/p>\n\n\n\n<p>La cueca chilena recrea en la danza el cortejo del gallo y la gallina, los pa\u00f1uelos que usan los bailarines simbolizan las plumas de estas aves; por eso represent\u00e9 dos alas. <\/p>\n\n\n\n<p>Lapogeria es la flor nacional de Chile que se repite en la composici\u00f3n en sentido circular emulando las trayectorias de la coreograf\u00eda y generando ritmo. La estrella y los colores rojo, azul y blanco refieren a los elementos presentes en la bandera de este pa\u00eds. (Sheila Clidas)<\/p>\n<\/div><\/div>\n","protected":false},"excerpt":{"rendered":"<p>Calendario Interdisciplinario 2024 Tramas LatinoamericanasEscuela de Arte de Berisso Coordinadores: Paula Pellegrino y Alejandro Pereira Ghiena La consentida. Cueca (Chile) La cueca chilena es un g\u00e9nero musical y una danza de pareja cuyo origen sigue en discusi\u00f3n y presenta diferentes hip\u00f3tesis. Una de las versiones m\u00e1s aceptadas es que proviene de la zamacueca peruana, cuyos &#8230; <a title=\"Mayo 2024\" class=\"read-more\" href=\"https:\/\/eab-bue.infd.edu.ar\/sitio\/mayo-2024\/\" aria-label=\"More on Mayo 2024\">[+]<\/a><\/p>\n","protected":false},"author":24,"featured_media":0,"parent":0,"menu_order":0,"comment_status":"closed","ping_status":"closed","template":"","meta":[],"acf":[],"_links":{"self":[{"href":"https:\/\/eab-bue.infd.edu.ar\/sitio\/wp-json\/wp\/v2\/pages\/2012"}],"collection":[{"href":"https:\/\/eab-bue.infd.edu.ar\/sitio\/wp-json\/wp\/v2\/pages"}],"about":[{"href":"https:\/\/eab-bue.infd.edu.ar\/sitio\/wp-json\/wp\/v2\/types\/page"}],"author":[{"embeddable":true,"href":"https:\/\/eab-bue.infd.edu.ar\/sitio\/wp-json\/wp\/v2\/users\/24"}],"replies":[{"embeddable":true,"href":"https:\/\/eab-bue.infd.edu.ar\/sitio\/wp-json\/wp\/v2\/comments?post=2012"}],"version-history":[{"count":4,"href":"https:\/\/eab-bue.infd.edu.ar\/sitio\/wp-json\/wp\/v2\/pages\/2012\/revisions"}],"predecessor-version":[{"id":2273,"href":"https:\/\/eab-bue.infd.edu.ar\/sitio\/wp-json\/wp\/v2\/pages\/2012\/revisions\/2273"}],"wp:attachment":[{"href":"https:\/\/eab-bue.infd.edu.ar\/sitio\/wp-json\/wp\/v2\/media?parent=2012"}],"curies":[{"name":"wp","href":"https:\/\/api.w.org\/{rel}","templated":true}]}}