{"id":2008,"date":"2023-10-22T21:55:27","date_gmt":"2023-10-23T00:55:27","guid":{"rendered":"https:\/\/eab-bue.infd.edu.ar\/sitio\/?page_id=2008"},"modified":"2023-12-18T09:20:55","modified_gmt":"2023-12-18T12:20:55","slug":"marzo-2024","status":"publish","type":"page","link":"https:\/\/eab-bue.infd.edu.ar\/sitio\/marzo-2024\/","title":{"rendered":"Marzo 2024"},"content":{"rendered":"\n<figure class=\"wp-block-embed is-type-video is-provider-youtube wp-block-embed-youtube wp-embed-aspect-16-9 wp-has-aspect-ratio\"><div class=\"wp-block-embed__wrapper\">\n<iframe loading=\"lazy\" title=\"Marzo 2024. Madalena do Juc\u00fa. Samba Carioca (Brasil)\" width=\"1200\" height=\"675\" src=\"https:\/\/www.youtube.com\/embed\/jnf15KifipQ?feature=oembed\" frameborder=\"0\" allow=\"accelerometer; autoplay; clipboard-write; encrypted-media; gyroscope; picture-in-picture; web-share\" allowfullscreen><\/iframe>\n<\/div><\/figure>\n\n\n\n<p><strong>Calendario Interdisciplinario 2024 <\/strong><strong><em>Tramas Latinoamericanas<\/em><\/strong><strong><em><br><\/em><\/strong>Escuela de Arte de Berisso<\/p>\n\n\n\n<p><strong>Coordinadores:<\/strong> Paula Pellegrino y Alejandro Pereira Ghiena<\/p>\n\n\n\n<h6 class=\"wp-block-heading\"><strong>Madalena do Juc\u00fa. Samba Carioca (Brasil)<\/strong><\/h6>\n\n\n\n<p>El samba carioca es un g\u00e9nero musical y una manifestaci\u00f3n cultural que surgi\u00f3 a principios de SXX en la ciudad de Rio de Janeiro, Brasil, cuyos antecedentes se remontan a las formas de hibridaci\u00f3n y mestizaje ocurridas durante el proceso conocido como di\u00e1spora africana que hace referencia a las personas afrodescendientes dispersas por todo el mundo. <\/p>\n\n\n\n<p>Emblema del carnaval brasile\u00f1o y de la cultura popular, ha acompa\u00f1ado los diferentes procesos hist\u00f3ricos y ha permanecido como uno de los g\u00e9neros m\u00e1s difundidos del Brasil, impulsado por las escolas de samba y por los compositores de los barrios populares que encontraron su expresi\u00f3n en el decir del samba. <\/p>\n\n\n\n<p>\u00abMadalena do Juc\u00fa\u00bb (1989) es un samba del compositor Martinho da Vila. Inspirado en una tem\u00e1tica y melod\u00edas de las Bandas de Congo, manifestaci\u00f3n tradicional del estado Esp\u00edrito Santo, presenta a este personaje del imaginario popular: Madalena, una hermosa mujer que enamora los corazones. Es una canci\u00f3n muy difundida dentro de la cultura popular brasilera y casi obligada su inclusi\u00f3n en el repertorio de las rodas de samba.<\/p>\n\n\n\n<p><strong>C\u00e1tedras participantes:<\/strong><strong><br><\/strong><em>M\u00fasica Latinoamericana<\/em>. Profesor Alejandro Pereira Ghiena<br>Profesorado en M\u00fasica (Orientaci\u00f3n Instrumento\/Canto Popular) y Profesorado en M\u00fasica (Orientaci\u00f3n Educaci\u00f3n Musical)<\/p>\n\n\n\n<p>M\u00fasicxs:<br>Ismael Bozok (voz)<br>Hern\u00e1n Figueroa (guitarra y coros)<br>Sebasti\u00e1n Orellano (tamborim)<br>Ezequiel Sottile Baez (bajo)<br>Diego Barrientos (pandeiro)<br>Marcelo Herrera (surdo)<br>H\u00e9ctor Tapia (guitarra)<\/p>\n\n\n\n<p>Coordinaci\u00f3n musical: Hern\u00e1n Figueroa<\/p>\n\n\n\n<p><em>Taller de Ilustraci\u00f3n III<\/em>. Profesora Paula Pellegrino<br>Tecnicatura en Ilustraci\u00f3n<br>Tob\u00edas Predovan (ilustraci\u00f3n)<\/p>\n\n\n\n<p><em>Grabaci\u00f3n<\/em>: Mat\u00edas Sellanes y Tulio Simeoni<br><em>Mezcla<\/em>: Tulio Simeoni<br><em>Edici\u00f3n de video<\/em>:\u00a0Alejandro Pereira Ghiena<\/p>\n\n\n\n<div class=\"wp-block-media-text alignwide is-stacked-on-mobile\"><figure class=\"wp-block-media-text__media\"><img decoding=\"async\" loading=\"lazy\" width=\"1900\" height=\"1900\" src=\"https:\/\/eab-bue.infd.edu.ar\/sitio\/wp-content\/uploads\/2023\/12\/Samba-1900x1900.png\" alt=\"\" class=\"wp-image-2218 size-full\" srcset=\"https:\/\/eab-bue.infd.edu.ar\/sitio\/wp-content\/uploads\/2023\/12\/Samba-1900x1900.png 1900w, https:\/\/eab-bue.infd.edu.ar\/sitio\/wp-content\/uploads\/2023\/12\/Samba-1000x1000.png 1000w, https:\/\/eab-bue.infd.edu.ar\/sitio\/wp-content\/uploads\/2023\/12\/Samba-500x500.png 500w, https:\/\/eab-bue.infd.edu.ar\/sitio\/wp-content\/uploads\/2023\/12\/Samba-768x768.png 768w, https:\/\/eab-bue.infd.edu.ar\/sitio\/wp-content\/uploads\/2023\/12\/Samba-1536x1536.png 1536w, https:\/\/eab-bue.infd.edu.ar\/sitio\/wp-content\/uploads\/2023\/12\/Samba.png 2000w\" sizes=\"(max-width: 1900px) 100vw, 1900px\" \/><\/figure><div class=\"wp-block-media-text__content\">\n<p><\/p>\n\n\n\n<p>Comenc\u00e9 bas\u00e1ndome en la vestimenta de las \u201cgarotas\u201d en los carnavales y en la letra de la canci\u00f3n.&nbsp;<\/p>\n\n\n\n<p>Las plumas y estrellas est\u00e1n inspiradas en los trajes de las bailarinas de samba; siendo adem\u00e1s las estrellas un componente principal en el escudo del estado brasile\u00f1o de Esp\u00edrito Santo al que refiere la canci\u00f3n.<\/p>\n\n\n\n<p>Utilic\u00e9 los colores verde, amarillo y azul de la bandera de Brasil. El rojo pinta la gema en forma de coraz\u00f3n. Las plumas y sus colores est\u00e1n inspiradas en las aves nativas de Brasil. El mar est\u00e1 presente en los azules. (Tob\u00edas Predovan)<\/p>\n<\/div><\/div>\n","protected":false},"excerpt":{"rendered":"<p>Calendario Interdisciplinario 2024 Tramas LatinoamericanasEscuela de Arte de Berisso Coordinadores: Paula Pellegrino y Alejandro Pereira Ghiena Madalena do Juc\u00fa. Samba Carioca (Brasil) El samba carioca es un g\u00e9nero musical y una manifestaci\u00f3n cultural que surgi\u00f3 a principios de SXX en la ciudad de Rio de Janeiro, Brasil, cuyos antecedentes se remontan a las formas de &#8230; <a title=\"Marzo 2024\" class=\"read-more\" href=\"https:\/\/eab-bue.infd.edu.ar\/sitio\/marzo-2024\/\" aria-label=\"More on Marzo 2024\">[+]<\/a><\/p>\n","protected":false},"author":24,"featured_media":0,"parent":0,"menu_order":0,"comment_status":"closed","ping_status":"closed","template":"","meta":[],"acf":[],"_links":{"self":[{"href":"https:\/\/eab-bue.infd.edu.ar\/sitio\/wp-json\/wp\/v2\/pages\/2008"}],"collection":[{"href":"https:\/\/eab-bue.infd.edu.ar\/sitio\/wp-json\/wp\/v2\/pages"}],"about":[{"href":"https:\/\/eab-bue.infd.edu.ar\/sitio\/wp-json\/wp\/v2\/types\/page"}],"author":[{"embeddable":true,"href":"https:\/\/eab-bue.infd.edu.ar\/sitio\/wp-json\/wp\/v2\/users\/24"}],"replies":[{"embeddable":true,"href":"https:\/\/eab-bue.infd.edu.ar\/sitio\/wp-json\/wp\/v2\/comments?post=2008"}],"version-history":[{"count":8,"href":"https:\/\/eab-bue.infd.edu.ar\/sitio\/wp-json\/wp\/v2\/pages\/2008\/revisions"}],"predecessor-version":[{"id":2265,"href":"https:\/\/eab-bue.infd.edu.ar\/sitio\/wp-json\/wp\/v2\/pages\/2008\/revisions\/2265"}],"wp:attachment":[{"href":"https:\/\/eab-bue.infd.edu.ar\/sitio\/wp-json\/wp\/v2\/media?parent=2008"}],"curies":[{"name":"wp","href":"https:\/\/api.w.org\/{rel}","templated":true}]}}