{"id":2004,"date":"2023-10-22T14:45:43","date_gmt":"2023-10-22T17:45:43","guid":{"rendered":"https:\/\/eab-bue.infd.edu.ar\/sitio\/?page_id=2004"},"modified":"2023-12-14T23:47:27","modified_gmt":"2023-12-15T02:47:27","slug":"enero-2024","status":"publish","type":"page","link":"https:\/\/eab-bue.infd.edu.ar\/sitio\/enero-2024\/","title":{"rendered":"Enero 2024"},"content":{"rendered":"\n<figure class=\"wp-block-embed is-type-video is-provider-youtube wp-block-embed-youtube wp-embed-aspect-16-9 wp-has-aspect-ratio\"><div class=\"wp-block-embed__wrapper\">\n<iframe loading=\"lazy\" title=\"Enero 2024. Cacharpaya del indio. Huayno-Sikuri (Altiplano Andino)\" width=\"1200\" height=\"675\" src=\"https:\/\/www.youtube.com\/embed\/y87VCMHeQrI?feature=oembed\" frameborder=\"0\" allow=\"accelerometer; autoplay; clipboard-write; encrypted-media; gyroscope; picture-in-picture; web-share\" allowfullscreen><\/iframe>\n<\/div><\/figure>\n\n\n\n<p><strong>Calendario Interdisciplinario 2024 <em>Tramas Latinoamericanas<\/em><\/strong> <br>Escuela de Arte de Berisso <\/p>\n\n\n\n<p><strong>Coordinadores:<\/strong> Paula Pellegrino y Alejandro Pereira Ghiena<\/p>\n\n\n\n<h6 class=\"wp-block-heading\">Cacharpaya del indio. Huayno-Sikuri (Altiplano andino)<\/h6>\n\n\n\n<p>\u201cCacharpaya del indio\u201d tiene las caracter\u00edsticas del huayno como g\u00e9nero musical, por su melod\u00eda y su acompa\u00f1amiento. Pero en nuestra versi\u00f3n se trata de un huayno \u2013 sikuri, ya que hemos utilizado la t\u00e9cnica de la sikuriada para tocar la melod\u00eda. Cada ejecutante de siku tiene la mitad del instrumento y, por lo tanto, dispone solamente de la mitad de las notas de la escala. Nadie puede tocar la melod\u00eda completa solo\/a, porque necesita las notas de la otra mitad para completarla. As\u00ed, los sikuris van intercalando sus notas en un di\u00e1logo musical en el cual el otro\/a es parte indispensable.<\/p>\n\n\n\n<p>Hay indicios de la existencia de esta t\u00e9cnica dialogal desde tiempos pre\u2013incaicos (cultura Moche, siglos II a VII d. C.) y la misma se sigue utilizando actualmente en bandas de sikuris.&nbsp;&nbsp; Tanto la t\u00e9cnica de la sikuriada como el huayno (o m\u00fasicas emparentadas con \u00e9ste) tienen una importante presencia en el \u00e1rea andina de Sudam\u00e9rica sobre la que se extend\u00eda el Tahuantinsuyu (Imperio Incaico): sur de Colombia, Ecuador, Per\u00fa, Bolivia, norte de Chile y noroeste argentino.<\/p>\n\n\n\n<p><strong>C\u00e1tedras participantes: <\/strong><br><em>Elementos T\u00e9cnicos del G\u00e9nero II<\/em> Profesor Mart\u00edn Sessa <br>Profesorado en M\u00fasica (Orientaci\u00f3n Instrumento\/Canto Popular) <\/p>\n\n\n\n<p>M\u00fasicxs:<br>Leonardo Barrasso (siku)<br>Ismael Bozok (siku)<br>Juliana P\u00e9rez Wilson (siku)<br>Aixa Sanz (siku) <br>Edgardo Osvaldo Torres (siku)<br>Javier Larra\u00f1aga (bombo)<br>Daiana Riveros (charango) <br>Mart\u00edn Sessa (guitarra)<\/p>\n\n\n\n<p><em>Taller de Ilustraci\u00f3n III<\/em> Profesora Paula Pellegrino <br>Tecnicatura en Ilustraci\u00f3n <br>Sof\u00eda Garc\u00eda (ilustraci\u00f3n)<\/p>\n\n\n\n<p><em>Grabaci\u00f3n<\/em>: Mat\u00edas Sellanes y Tulio Simeoni <br><em>Mezcla<\/em>: Tulio Simeoni<br><em>Edici\u00f3n de video:<\/em> Alejandro Pereira Ghiena<\/p>\n\n\n\n<div class=\"wp-block-media-text alignwide is-stacked-on-mobile\"><figure class=\"wp-block-media-text__media\"><img decoding=\"async\" loading=\"lazy\" width=\"1900\" height=\"1900\" src=\"https:\/\/eab-bue.infd.edu.ar\/sitio\/wp-content\/uploads\/2023\/12\/01-Sikus-1900x1900.png\" alt=\"\" class=\"wp-image-2167 size-full\" srcset=\"https:\/\/eab-bue.infd.edu.ar\/sitio\/wp-content\/uploads\/2023\/12\/01-Sikus-1900x1900.png 1900w, https:\/\/eab-bue.infd.edu.ar\/sitio\/wp-content\/uploads\/2023\/12\/01-Sikus-1000x1000.png 1000w, https:\/\/eab-bue.infd.edu.ar\/sitio\/wp-content\/uploads\/2023\/12\/01-Sikus-500x500.png 500w, https:\/\/eab-bue.infd.edu.ar\/sitio\/wp-content\/uploads\/2023\/12\/01-Sikus-768x768.png 768w, https:\/\/eab-bue.infd.edu.ar\/sitio\/wp-content\/uploads\/2023\/12\/01-Sikus-1536x1536.png 1536w, https:\/\/eab-bue.infd.edu.ar\/sitio\/wp-content\/uploads\/2023\/12\/01-Sikus-2048x2048.png 2048w\" sizes=\"(max-width: 1900px) 100vw, 1900px\" \/><\/figure><div class=\"wp-block-media-text__content\">\n<p><\/p>\n\n\n\n<p>Tom\u00e9 el Huayno &#8211; Sikuri, canci\u00f3n e instrumento populares en el Altiplano Andino, siendo el sikus principal representante de la cosmovisi\u00f3n de los Andes y los pueblos, a trav\u00e9s de las melod\u00edas de ca\u00f1a de az\u00facar.<\/p>\n\n\n\n<p>As\u00ed como las ca\u00f1as se alinean y repiten, es como fluye la composici\u00f3n misma dentro de la ilustraci\u00f3n, utilizando una paleta que al ser mayormente c\u00e1lida hace referencia directa al clima de la zona donde el Huayno Sikuri originalmente hace su aparici\u00f3n.<\/p>\n\n\n\n<p>Para finalizar la ilustraci\u00f3n hice uso de la Guarda Pampa, derivado de los antiguos pobladores de las regiones andinas, culminando as\u00ed el sistema de s\u00edmbolos que componen la obra. (Sof\u00eda Garc\u00eda)<\/p>\n<\/div><\/div>\n","protected":false},"excerpt":{"rendered":"<p>Calendario Interdisciplinario 2024 Tramas Latinoamericanas Escuela de Arte de Berisso Coordinadores: Paula Pellegrino y Alejandro Pereira Ghiena Cacharpaya del indio. Huayno-Sikuri (Altiplano andino) \u201cCacharpaya del indio\u201d tiene las caracter\u00edsticas del huayno como g\u00e9nero musical, por su melod\u00eda y su acompa\u00f1amiento. Pero en nuestra versi\u00f3n se trata de un huayno \u2013 sikuri, ya que hemos utilizado &#8230; <a title=\"Enero 2024\" class=\"read-more\" href=\"https:\/\/eab-bue.infd.edu.ar\/sitio\/enero-2024\/\" aria-label=\"More on Enero 2024\">[+]<\/a><\/p>\n","protected":false},"author":4,"featured_media":0,"parent":0,"menu_order":0,"comment_status":"closed","ping_status":"closed","template":"","meta":[],"acf":[],"_links":{"self":[{"href":"https:\/\/eab-bue.infd.edu.ar\/sitio\/wp-json\/wp\/v2\/pages\/2004"}],"collection":[{"href":"https:\/\/eab-bue.infd.edu.ar\/sitio\/wp-json\/wp\/v2\/pages"}],"about":[{"href":"https:\/\/eab-bue.infd.edu.ar\/sitio\/wp-json\/wp\/v2\/types\/page"}],"author":[{"embeddable":true,"href":"https:\/\/eab-bue.infd.edu.ar\/sitio\/wp-json\/wp\/v2\/users\/4"}],"replies":[{"embeddable":true,"href":"https:\/\/eab-bue.infd.edu.ar\/sitio\/wp-json\/wp\/v2\/comments?post=2004"}],"version-history":[{"count":14,"href":"https:\/\/eab-bue.infd.edu.ar\/sitio\/wp-json\/wp\/v2\/pages\/2004\/revisions"}],"predecessor-version":[{"id":2214,"href":"https:\/\/eab-bue.infd.edu.ar\/sitio\/wp-json\/wp\/v2\/pages\/2004\/revisions\/2214"}],"wp:attachment":[{"href":"https:\/\/eab-bue.infd.edu.ar\/sitio\/wp-json\/wp\/v2\/media?parent=2004"}],"curies":[{"name":"wp","href":"https:\/\/api.w.org\/{rel}","templated":true}]}}