{"id":1977,"date":"2023-10-17T11:46:23","date_gmt":"2023-10-17T14:46:23","guid":{"rendered":"https:\/\/eab-bue.infd.edu.ar\/sitio\/?page_id=1977"},"modified":"2024-08-15T09:24:16","modified_gmt":"2024-08-15T12:24:16","slug":"calendario-2024","status":"publish","type":"page","link":"https:\/\/eab-bue.infd.edu.ar\/sitio\/calendario-2024\/","title":{"rendered":"Calendario 2024: Tramas Latinoamericanas"},"content":{"rendered":"\n<p>El Calendario Institucional 2024 de la Escuela de Arte de Berisso toma la voz y el color de las m\u00fasicas latinoamericanas, adentr\u00e1ndonos en un fecundo entramado pluricultural atravesado por lo originario, lo europeo, lo africano y lo mestizo.&nbsp;<\/p>\n\n\n\n<p>Los estudiantes de M\u00fasica e Ilustraci\u00f3n nos convocan a un encuentro interdisciplinario de tramas latinoamericanas: latidos de la tierra que se impregnan de colores, formas que danzan gritos de libertad.&nbsp;<\/p>\n\n\n\n<p>Coordinadores del Proyecto:<strong> <\/strong>profesores Paula Pellegrino y Alejandro Pereira Ghiena<\/p>\n\n\n\n<p>Colaboradores: EMATPs Julio Caputo, Mat\u00edas Sellanes y Tulio Simeoni. Profesores Ciro Morales y Mart\u00edn Sessa. Ensamble Orquestal, directora Mariela Ferenc y Orquesta Ensamble de Tango, director Ricardo Zapiola.<\/p>\n\n\n\n<p>Dise\u00f1o: Proyecto de Extensi\u00f3n Taller de Producci\u00f3n Gr\u00e1fica y Multimedia, profesores Jos\u00e9 Grosso y Daniel Mart\u00ednez.<\/p>\n\n\n\n<p><\/p>\n\n\n\n<p><em><strong>Clic en la imagen de cada mes para acceder al video musical y a la informaci\u00f3n del g\u00e9nero y la trama<\/strong><\/em><\/p>\n\n\n\n<p><\/p>\n\n\n\n<figure class=\"wp-block-image size-full\"><a href=\"https:\/\/eab-bue.infd.edu.ar\/sitio\/enero-2024\" target=\"_blank\" rel=\"noreferrer noopener\"><img decoding=\"async\" loading=\"lazy\" width=\"1600\" height=\"900\" src=\"https:\/\/eab-bue.infd.edu.ar\/sitio\/wp-content\/uploads\/2024\/07\/01.enero_.jpg\" alt=\"\" class=\"wp-image-2735\" srcset=\"https:\/\/eab-bue.infd.edu.ar\/sitio\/wp-content\/uploads\/2024\/07\/01.enero_.jpg 1600w, https:\/\/eab-bue.infd.edu.ar\/sitio\/wp-content\/uploads\/2024\/07\/01.enero_-1000x563.jpg 1000w, https:\/\/eab-bue.infd.edu.ar\/sitio\/wp-content\/uploads\/2024\/07\/01.enero_-768x432.jpg 768w, https:\/\/eab-bue.infd.edu.ar\/sitio\/wp-content\/uploads\/2024\/07\/01.enero_-1536x864.jpg 1536w\" sizes=\"(max-width: 1600px) 100vw, 1600px\" \/><\/a><\/figure>\n\n\n\n<p class=\"has-text-align-center\"><em>Clic en la imagen<\/em><\/p>\n\n\n\n<figure class=\"wp-block-image size-full\"><a href=\"https:\/\/eab-bue.infd.edu.ar\/sitio\/febrero-2024\" target=\"_blank\" rel=\"noreferrer noopener\"><img decoding=\"async\" loading=\"lazy\" width=\"1600\" height=\"899\" src=\"https:\/\/eab-bue.infd.edu.ar\/sitio\/wp-content\/uploads\/2024\/07\/02.febrero.jpg\" alt=\"\" class=\"wp-image-2737\" srcset=\"https:\/\/eab-bue.infd.edu.ar\/sitio\/wp-content\/uploads\/2024\/07\/02.febrero.jpg 1600w, https:\/\/eab-bue.infd.edu.ar\/sitio\/wp-content\/uploads\/2024\/07\/02.febrero-1000x562.jpg 1000w, https:\/\/eab-bue.infd.edu.ar\/sitio\/wp-content\/uploads\/2024\/07\/02.febrero-768x432.jpg 768w, https:\/\/eab-bue.infd.edu.ar\/sitio\/wp-content\/uploads\/2024\/07\/02.febrero-1536x863.jpg 1536w\" sizes=\"(max-width: 1600px) 100vw, 1600px\" \/><\/a><\/figure>\n\n\n\n<p class=\"has-text-align-center\"><em>Clic en la imagen<\/em><\/p>\n\n\n\n<figure class=\"wp-block-image size-full\"><a href=\"https:\/\/eab-bue.infd.edu.ar\/sitio\/marzo-2024\" target=\"_blank\" rel=\"noreferrer noopener\"><img decoding=\"async\" loading=\"lazy\" width=\"1600\" height=\"904\" src=\"https:\/\/eab-bue.infd.edu.ar\/sitio\/wp-content\/uploads\/2024\/07\/03.samba_.jpg\" alt=\"\" class=\"wp-image-2738\" srcset=\"https:\/\/eab-bue.infd.edu.ar\/sitio\/wp-content\/uploads\/2024\/07\/03.samba_.jpg 1600w, https:\/\/eab-bue.infd.edu.ar\/sitio\/wp-content\/uploads\/2024\/07\/03.samba_-1000x565.jpg 1000w, https:\/\/eab-bue.infd.edu.ar\/sitio\/wp-content\/uploads\/2024\/07\/03.samba_-768x434.jpg 768w, https:\/\/eab-bue.infd.edu.ar\/sitio\/wp-content\/uploads\/2024\/07\/03.samba_-1536x868.jpg 1536w\" sizes=\"(max-width: 1600px) 100vw, 1600px\" \/><\/a><\/figure>\n\n\n\n<p class=\"has-text-align-center\"><em>Clic en la imagen<\/em><\/p>\n\n\n\n<figure class=\"wp-block-image size-full\"><a href=\"https:\/\/eab-bue.infd.edu.ar\/sitio\/abril-2024\" target=\"_blank\" rel=\"noreferrer noopener\"><img decoding=\"async\" loading=\"lazy\" width=\"1600\" height=\"899\" src=\"https:\/\/eab-bue.infd.edu.ar\/sitio\/wp-content\/uploads\/2024\/07\/04.zamba_.jpg\" alt=\"\" class=\"wp-image-2739\" srcset=\"https:\/\/eab-bue.infd.edu.ar\/sitio\/wp-content\/uploads\/2024\/07\/04.zamba_.jpg 1600w, https:\/\/eab-bue.infd.edu.ar\/sitio\/wp-content\/uploads\/2024\/07\/04.zamba_-1000x562.jpg 1000w, https:\/\/eab-bue.infd.edu.ar\/sitio\/wp-content\/uploads\/2024\/07\/04.zamba_-768x432.jpg 768w, https:\/\/eab-bue.infd.edu.ar\/sitio\/wp-content\/uploads\/2024\/07\/04.zamba_-1536x863.jpg 1536w\" sizes=\"(max-width: 1600px) 100vw, 1600px\" \/><\/a><\/figure>\n\n\n\n<p class=\"has-text-align-center\"><em>Clic en la imagen<\/em><\/p>\n\n\n\n<figure class=\"wp-block-image size-full\"><a href=\"https:\/\/eab-bue.infd.edu.ar\/sitio\/mayo-2024\" target=\"_blank\" rel=\"noreferrer noopener\"><img decoding=\"async\" loading=\"lazy\" width=\"1600\" height=\"899\" src=\"https:\/\/eab-bue.infd.edu.ar\/sitio\/wp-content\/uploads\/2024\/07\/05.Cueca_.jpg\" alt=\"\" class=\"wp-image-2740\" srcset=\"https:\/\/eab-bue.infd.edu.ar\/sitio\/wp-content\/uploads\/2024\/07\/05.Cueca_.jpg 1600w, https:\/\/eab-bue.infd.edu.ar\/sitio\/wp-content\/uploads\/2024\/07\/05.Cueca_-1000x562.jpg 1000w, https:\/\/eab-bue.infd.edu.ar\/sitio\/wp-content\/uploads\/2024\/07\/05.Cueca_-768x432.jpg 768w, https:\/\/eab-bue.infd.edu.ar\/sitio\/wp-content\/uploads\/2024\/07\/05.Cueca_-1536x863.jpg 1536w\" sizes=\"(max-width: 1600px) 100vw, 1600px\" \/><\/a><\/figure>\n\n\n\n<p class=\"has-text-align-center\"><em>Clic en la imagen<\/em><\/p>\n\n\n\n<figure class=\"wp-block-image size-full\"><a href=\"https:\/\/eab-bue.infd.edu.ar\/sitio\/junio-2024\" target=\"_blank\" rel=\"noreferrer noopener\"><img decoding=\"async\" loading=\"lazy\" width=\"1600\" height=\"902\" src=\"https:\/\/eab-bue.infd.edu.ar\/sitio\/wp-content\/uploads\/2024\/07\/06.Ranchera.jpg\" alt=\"\" class=\"wp-image-2741\" srcset=\"https:\/\/eab-bue.infd.edu.ar\/sitio\/wp-content\/uploads\/2024\/07\/06.Ranchera.jpg 1600w, https:\/\/eab-bue.infd.edu.ar\/sitio\/wp-content\/uploads\/2024\/07\/06.Ranchera-1000x564.jpg 1000w, https:\/\/eab-bue.infd.edu.ar\/sitio\/wp-content\/uploads\/2024\/07\/06.Ranchera-768x433.jpg 768w, https:\/\/eab-bue.infd.edu.ar\/sitio\/wp-content\/uploads\/2024\/07\/06.Ranchera-1536x866.jpg 1536w\" sizes=\"(max-width: 1600px) 100vw, 1600px\" \/><\/a><\/figure>\n\n\n\n<p class=\"has-text-align-center\"><em>Clic en la imagen<\/em><\/p>\n\n\n\n<figure class=\"wp-block-image size-full\"><a href=\"https:\/\/eab-bue.infd.edu.ar\/sitio\/julio-2024\" target=\"_blank\" rel=\"noreferrer noopener\"><img decoding=\"async\" loading=\"lazy\" width=\"1600\" height=\"899\" src=\"https:\/\/eab-bue.infd.edu.ar\/sitio\/wp-content\/uploads\/2024\/07\/07.Carnavalito.jpg\" alt=\"\" class=\"wp-image-2742\" srcset=\"https:\/\/eab-bue.infd.edu.ar\/sitio\/wp-content\/uploads\/2024\/07\/07.Carnavalito.jpg 1600w, https:\/\/eab-bue.infd.edu.ar\/sitio\/wp-content\/uploads\/2024\/07\/07.Carnavalito-1000x562.jpg 1000w, https:\/\/eab-bue.infd.edu.ar\/sitio\/wp-content\/uploads\/2024\/07\/07.Carnavalito-768x432.jpg 768w, https:\/\/eab-bue.infd.edu.ar\/sitio\/wp-content\/uploads\/2024\/07\/07.Carnavalito-1536x863.jpg 1536w\" sizes=\"(max-width: 1600px) 100vw, 1600px\" \/><\/a><\/figure>\n\n\n\n<p><em>Clic en la imagen<\/em><\/p>\n\n\n\n<figure class=\"wp-block-image size-full\"><a href=\"https:\/\/eab-bue.infd.edu.ar\/sitio\/agosto-2024\" target=\"_blank\" rel=\"noreferrer noopener\"><img decoding=\"async\" loading=\"lazy\" width=\"1600\" height=\"900\" src=\"https:\/\/eab-bue.infd.edu.ar\/sitio\/wp-content\/uploads\/2024\/07\/08.bolero-1.jpg\" alt=\"\" class=\"wp-image-2744\" srcset=\"https:\/\/eab-bue.infd.edu.ar\/sitio\/wp-content\/uploads\/2024\/07\/08.bolero-1.jpg 1600w, https:\/\/eab-bue.infd.edu.ar\/sitio\/wp-content\/uploads\/2024\/07\/08.bolero-1-1000x563.jpg 1000w, https:\/\/eab-bue.infd.edu.ar\/sitio\/wp-content\/uploads\/2024\/07\/08.bolero-1-768x432.jpg 768w, https:\/\/eab-bue.infd.edu.ar\/sitio\/wp-content\/uploads\/2024\/07\/08.bolero-1-1536x864.jpg 1536w\" sizes=\"(max-width: 1600px) 100vw, 1600px\" \/><\/a><\/figure>\n\n\n\n<p class=\"has-text-align-center\"><em>Clic en la imagen<\/em><\/p>\n\n\n\n<figure class=\"wp-block-image size-full\"><a href=\"https:\/\/eab-bue.infd.edu.ar\/sitio\/septiembre-2024\" target=\"_blank\" rel=\"noreferrer noopener\"><img decoding=\"async\" loading=\"lazy\" width=\"1600\" height=\"903\" src=\"https:\/\/eab-bue.infd.edu.ar\/sitio\/wp-content\/uploads\/2024\/07\/09.son_.jpg\" alt=\"\" class=\"wp-image-2745\" srcset=\"https:\/\/eab-bue.infd.edu.ar\/sitio\/wp-content\/uploads\/2024\/07\/09.son_.jpg 1600w, https:\/\/eab-bue.infd.edu.ar\/sitio\/wp-content\/uploads\/2024\/07\/09.son_-1000x564.jpg 1000w, https:\/\/eab-bue.infd.edu.ar\/sitio\/wp-content\/uploads\/2024\/07\/09.son_-768x433.jpg 768w, https:\/\/eab-bue.infd.edu.ar\/sitio\/wp-content\/uploads\/2024\/07\/09.son_-1536x867.jpg 1536w\" sizes=\"(max-width: 1600px) 100vw, 1600px\" \/><\/a><\/figure>\n\n\n\n<p class=\"has-text-align-center\"><em>Clic en la imagen<\/em><\/p>\n\n\n\n<figure class=\"wp-block-image size-full\"><a href=\"https:\/\/eab-bue.infd.edu.ar\/sitio\/octubre-2024\" target=\"_blank\" rel=\"noreferrer noopener\"><img decoding=\"async\" loading=\"lazy\" width=\"1600\" height=\"898\" src=\"https:\/\/eab-bue.infd.edu.ar\/sitio\/wp-content\/uploads\/2024\/07\/10.lando_.jpg\" alt=\"\" class=\"wp-image-2746\" srcset=\"https:\/\/eab-bue.infd.edu.ar\/sitio\/wp-content\/uploads\/2024\/07\/10.lando_.jpg 1600w, https:\/\/eab-bue.infd.edu.ar\/sitio\/wp-content\/uploads\/2024\/07\/10.lando_-1000x561.jpg 1000w, https:\/\/eab-bue.infd.edu.ar\/sitio\/wp-content\/uploads\/2024\/07\/10.lando_-768x431.jpg 768w, https:\/\/eab-bue.infd.edu.ar\/sitio\/wp-content\/uploads\/2024\/07\/10.lando_-1536x862.jpg 1536w\" sizes=\"(max-width: 1600px) 100vw, 1600px\" \/><\/a><\/figure>\n\n\n\n<p class=\"has-text-align-center\"><em>Clic en la imagen<\/em><\/p>\n\n\n\n<figure class=\"wp-block-image size-full\"><a href=\"https:\/\/eab-bue.infd.edu.ar\/sitio\/noviembre-2024\" target=\"_blank\" rel=\"noreferrer noopener\"><img decoding=\"async\" loading=\"lazy\" width=\"1600\" height=\"898\" src=\"https:\/\/eab-bue.infd.edu.ar\/sitio\/wp-content\/uploads\/2024\/07\/11.cumbia.jpg\" alt=\"\" class=\"wp-image-2747\" srcset=\"https:\/\/eab-bue.infd.edu.ar\/sitio\/wp-content\/uploads\/2024\/07\/11.cumbia.jpg 1600w, https:\/\/eab-bue.infd.edu.ar\/sitio\/wp-content\/uploads\/2024\/07\/11.cumbia-1000x561.jpg 1000w, https:\/\/eab-bue.infd.edu.ar\/sitio\/wp-content\/uploads\/2024\/07\/11.cumbia-768x431.jpg 768w, https:\/\/eab-bue.infd.edu.ar\/sitio\/wp-content\/uploads\/2024\/07\/11.cumbia-1536x862.jpg 1536w\" sizes=\"(max-width: 1600px) 100vw, 1600px\" \/><\/a><\/figure>\n\n\n\n<p class=\"has-text-align-center\"><em>Clic en la imagen<\/em><\/p>\n\n\n\n<figure class=\"wp-block-image size-full\"><a href=\"https:\/\/eab-bue.infd.edu.ar\/sitio\/diciembre-2024\" target=\"_blank\" rel=\"noreferrer noopener\"><img decoding=\"async\" loading=\"lazy\" width=\"1600\" height=\"900\" src=\"https:\/\/eab-bue.infd.edu.ar\/sitio\/wp-content\/uploads\/2024\/07\/12.tango_.jpg\" alt=\"\" class=\"wp-image-2748\" srcset=\"https:\/\/eab-bue.infd.edu.ar\/sitio\/wp-content\/uploads\/2024\/07\/12.tango_.jpg 1600w, https:\/\/eab-bue.infd.edu.ar\/sitio\/wp-content\/uploads\/2024\/07\/12.tango_-1000x563.jpg 1000w, https:\/\/eab-bue.infd.edu.ar\/sitio\/wp-content\/uploads\/2024\/07\/12.tango_-768x432.jpg 768w, https:\/\/eab-bue.infd.edu.ar\/sitio\/wp-content\/uploads\/2024\/07\/12.tango_-1536x864.jpg 1536w\" sizes=\"(max-width: 1600px) 100vw, 1600px\" \/><\/a><\/figure>\n\n\n\n<p class=\"has-text-align-center\"><em>Clic en la imagen<\/em><\/p>\n\n\n\n<p><\/p>\n\n\n\n<p><strong>Bonus track: Back stage y difusi\u00f3n<\/strong><\/p>\n\n\n\n<figure class=\"wp-block-embed is-type-video is-provider-youtube wp-block-embed-youtube wp-embed-aspect-16-9 wp-has-aspect-ratio\"><div class=\"wp-block-embed__wrapper\">\n<iframe loading=\"lazy\" title=\"Calendario 2024 Tramas Latinoamericanas\" width=\"1200\" height=\"675\" src=\"https:\/\/www.youtube.com\/embed\/rkogXEfeYpA?feature=oembed\" frameborder=\"0\" allow=\"accelerometer; autoplay; clipboard-write; encrypted-media; gyroscope; picture-in-picture; web-share\" referrerpolicy=\"strict-origin-when-cross-origin\" allowfullscreen><\/iframe>\n<\/div><\/figure>\n\n\n\n<p><\/p>\n","protected":false},"excerpt":{"rendered":"<p>El Calendario Institucional 2024 de la Escuela de Arte de Berisso toma la voz y el color de las m\u00fasicas latinoamericanas, adentr\u00e1ndonos en un fecundo entramado pluricultural atravesado por lo originario, lo europeo, lo africano y lo mestizo.&nbsp; Los estudiantes de M\u00fasica e Ilustraci\u00f3n nos convocan a un encuentro interdisciplinario de tramas latinoamericanas: latidos de &#8230; <a title=\"Calendario 2024: Tramas Latinoamericanas\" class=\"read-more\" href=\"https:\/\/eab-bue.infd.edu.ar\/sitio\/calendario-2024\/\" aria-label=\"More on Calendario 2024: Tramas Latinoamericanas\">[+]<\/a><\/p>\n","protected":false},"author":4,"featured_media":0,"parent":0,"menu_order":0,"comment_status":"closed","ping_status":"closed","template":"","meta":[],"acf":[],"_links":{"self":[{"href":"https:\/\/eab-bue.infd.edu.ar\/sitio\/wp-json\/wp\/v2\/pages\/1977"}],"collection":[{"href":"https:\/\/eab-bue.infd.edu.ar\/sitio\/wp-json\/wp\/v2\/pages"}],"about":[{"href":"https:\/\/eab-bue.infd.edu.ar\/sitio\/wp-json\/wp\/v2\/types\/page"}],"author":[{"embeddable":true,"href":"https:\/\/eab-bue.infd.edu.ar\/sitio\/wp-json\/wp\/v2\/users\/4"}],"replies":[{"embeddable":true,"href":"https:\/\/eab-bue.infd.edu.ar\/sitio\/wp-json\/wp\/v2\/comments?post=1977"}],"version-history":[{"count":6,"href":"https:\/\/eab-bue.infd.edu.ar\/sitio\/wp-json\/wp\/v2\/pages\/1977\/revisions"}],"predecessor-version":[{"id":2756,"href":"https:\/\/eab-bue.infd.edu.ar\/sitio\/wp-json\/wp\/v2\/pages\/1977\/revisions\/2756"}],"wp:attachment":[{"href":"https:\/\/eab-bue.infd.edu.ar\/sitio\/wp-json\/wp\/v2\/media?parent=1977"}],"curies":[{"name":"wp","href":"https:\/\/api.w.org\/{rel}","templated":true}]}}