{"id":1135,"date":"2022-09-08T11:09:45","date_gmt":"2022-09-08T14:09:45","guid":{"rendered":"https:\/\/eab-bue.infd.edu.ar\/sitio\/?page_id=1135"},"modified":"2026-03-16T17:12:11","modified_gmt":"2026-03-16T20:12:11","slug":"artes-visuales-p-a-v","status":"publish","type":"page","link":"https:\/\/eab-bue.infd.edu.ar\/sitio\/artes-visuales-p-a-v\/","title":{"rendered":"Artes visuales P.A.V"},"content":{"rendered":"\n<p class=\"has-luminous-vivid-amber-to-luminous-vivid-orange-gradient-background has-background has-medium-font-size\"><strong>PROFESORADOS:<\/strong><\/p>\n\n\n\n<p class=\"has-base-background-color has-background has-medium-font-size\">&#x1f449;<a href=\"https:\/\/drive.google.com\/file\/d\/1sGXskD2PDGbx8OUUc8LrSbSB5CgjsH6-\/view?usp=sharing\" target=\"_blank\" rel=\"noreferrer noopener\">Profesorado de Artes Visuales&nbsp; (Orientaci\u00f3n en Pintura\/Grabado\/Escultura)<\/a><br>&#x1f449;<a href=\"https:\/\/drive.google.com\/file\/d\/1xEKSmgyEWz3X9V1zHzQ770rOuRbczfKl\/view?usp=sharing\" target=\"_blank\" rel=\"noreferrer noopener\">Profesorado de Artes Visuales (Orientaci\u00f3n en Cer\u00e1mica)<\/a><\/p>\n\n\n\n<p class=\"has-light-green-cyan-to-vivid-green-cyan-gradient-background has-background\"><strong>TECNICATURAS:<\/strong><\/p>\n\n\n\n<p class=\"has-base-background-color has-background has-medium-font-size\">&#x1f449;<a href=\"https:\/\/drive.google.com\/file\/d\/1PnluV69ljM7HKca8lq1Erwo0pGYJYaCd\/view?usp=sharing\" target=\"_blank\" rel=\"noreferrer noopener\">Tecnicatura en Vitral<\/a><br>&#x1f449;<a href=\"https:\/\/drive.google.com\/file\/d\/1QgGet9R4jCETJDV06_c6JqbuwbZEAvq6\/view?usp=sharing\" target=\"_blank\" rel=\"noreferrer noopener\">Tecnicatura en Dise\u00f1o Gr\u00e1fico<\/a><br>&#x1f449;<a href=\"https:\/\/drive.google.com\/file\/d\/1jBx2ltFa-fkl0jwlvNw-dJYK-ec2HYZ8\/view?usp=sharing\" target=\"_blank\" rel=\"noreferrer noopener\">Tecnicatura en Ilustraci\u00f3n<\/a><\/p>\n\n\n\n<figure class=\"wp-block-gallery has-nested-images columns-default is-cropped wp-block-gallery-1 is-layout-flex\"><\/figure>\n\n\n\n<figure class=\"wp-block-gallery has-nested-images columns-default is-cropped wp-block-gallery-3 is-layout-flex\"><\/figure>\n","protected":false},"excerpt":{"rendered":"<p>PROFESORADOS: &#x1f449;Profesorado de Artes Visuales&nbsp; (Orientaci\u00f3n en Pintura\/Grabado\/Escultura)&#x1f449;Profesorado de Artes Visuales (Orientaci\u00f3n en Cer\u00e1mica) TECNICATURAS: &#x1f449;Tecnicatura en Vitral&#x1f449;Tecnicatura en Dise\u00f1o Gr\u00e1fico&#x1f449;Tecnicatura en Ilustraci\u00f3n<\/p>\n","protected":false},"author":4,"featured_media":0,"parent":0,"menu_order":0,"comment_status":"closed","ping_status":"closed","template":"","meta":[],"acf":[],"_links":{"self":[{"href":"https:\/\/eab-bue.infd.edu.ar\/sitio\/wp-json\/wp\/v2\/pages\/1135"}],"collection":[{"href":"https:\/\/eab-bue.infd.edu.ar\/sitio\/wp-json\/wp\/v2\/pages"}],"about":[{"href":"https:\/\/eab-bue.infd.edu.ar\/sitio\/wp-json\/wp\/v2\/types\/page"}],"author":[{"embeddable":true,"href":"https:\/\/eab-bue.infd.edu.ar\/sitio\/wp-json\/wp\/v2\/users\/4"}],"replies":[{"embeddable":true,"href":"https:\/\/eab-bue.infd.edu.ar\/sitio\/wp-json\/wp\/v2\/comments?post=1135"}],"version-history":[{"count":29,"href":"https:\/\/eab-bue.infd.edu.ar\/sitio\/wp-json\/wp\/v2\/pages\/1135\/revisions"}],"predecessor-version":[{"id":4043,"href":"https:\/\/eab-bue.infd.edu.ar\/sitio\/wp-json\/wp\/v2\/pages\/1135\/revisions\/4043"}],"wp:attachment":[{"href":"https:\/\/eab-bue.infd.edu.ar\/sitio\/wp-json\/wp\/v2\/media?parent=1135"}],"curies":[{"name":"wp","href":"https:\/\/api.w.org\/{rel}","templated":true}]}}